{"id":388,"date":"2022-01-19T20:31:24","date_gmt":"2022-01-19T20:31:24","guid":{"rendered":"https:\/\/lubrimas.pe\/tienda\/?post_type=product&#038;p=388"},"modified":"2026-04-17T11:19:00","modified_gmt":"2026-04-17T16:19:00","slug":"mobil-1-5w30-100-sintetico","status":"publish","type":"product","link":"https:\/\/lubrimas.pe\/tienda\/aceite-de-motor\/mobil-1-5w30-100-sintetico\/","title":{"rendered":"MOBIL 1 5W30 &#8211; Aceite de Motor Full Sint\u00e9tico"},"content":{"rendered":"<div class=\"container-wrapper\">\n<p><strong>MOBIL 1 5W30 FULL SINT\u00c9TICO<\/strong> es un avanzado aceite para motores totalmente sinte\u0301tico disen\u0303ado para ofrecer una excelente proteccio\u0301n del motor con el fin de mantenerlo funcionando como nuevo y proteger las piezas cri\u0301ticas del motor hasta 10.000 millas entre cambios de aceite*. Mobil 1 5W-30 cumple o excede los esta\u0301ndares ma\u0301s exigentes de la industria y brinda un desempen\u0303o superior al de nuestras mezclas de aceites convencionales y sinte\u0301ticos. La tecnologi\u0301a Mobil 1 de aceites sinte\u0301ticos para motores viene como equipo esta\u0301ndar en muchos vehi\u0301culos diferentes, incluyendo ciertos vehi\u0301culos de alto desempen\u0303o.<\/p>\n<h5><strong>CARACTER\u00cdSTICAS PRINCIPALES<\/strong><\/h5>\n<ul>\n<li>Avanzada f\u00f3rmula completamente sint\u00e9tica<\/li>\n<li>Sobresaliente estabilidad t\u00e9rmica y ante la oxidaci\u00f3n<\/li>\n<li>Excepcionales capacidades a bajas temperaturas<\/li>\n<li>Agentes limpiadores activos<\/li>\n<li>Sistema de componentes aditivos precisamente balanceado<\/li>\n<li>Mantiene al motor funcionando como nuevo<\/li>\n<li>Protege hasta 10.000 millas entre cambios de aceite*.<\/li>\n<li>Arranque r\u00e1pido y una protecci\u00f3n r\u00e1pida en climas fr\u00edos ayuda a prolongar la vida del motor<\/li>\n<li>Dise\u00f1ado para limpiar el lodo dejado en su motor<\/li>\n<li>Protecci\u00f3n insuperable contra el desgaste<\/li>\n<\/ul>\n<h5><strong>APROBACIONES \/ ESPECIFICACIONES<\/strong><\/h5>\n<p>El aceite <strong>MOBIL 1 5W30 FULL SINT\u00c9TICO<\/strong> cuenta con las siguientes aprobaciones de fabricantes:<\/p>\n<p><em>HONDA\/ACURA HTO-06, GM DEXOS1 GEN 2, FORD WSS-M2C946-A, GM 4718M, GM 6094M, FORD WSS-M2C929-A, API CF, API SP, API SN PLUS, API SN, API SM, API SL, API SJ, ILSAC GF-6A, ACEA A5\/B5, FORD WSS-M2C961-A1, FORD WSS-M2C946-B1<\/em><\/p>\n<h5><strong>INFORMACI\u00d3N ADICIONAL<\/strong><\/h5>\n<div class=\"aditional-info-tecnical-lp\"><a href=\"https:\/\/lubrimas.pe\/tienda\/wp-content\/uploads\/sites\/3\/2022\/10\/FICHA-TECNICA-PDS-ACEITE-MOBIL1-5W30-SINTETICO-LUBRIMASPE-LOS-OLIVOS-LIMA-PERU.pdf\" target=\"_blank\" rel=\"noopener\">FICHA T\u00c9CNICA<\/a><br \/>\n<a href=\"https:\/\/mobil.pe\/autos\/mobil-1-5w-30\/\" target=\"_blank\" rel=\"noopener\">SITIO OFICIAL<\/a><\/div>\n<\/div>\n","protected":false},"excerpt":{"rendered":"<p>MOBIL 1 5W30 FULL SINT\u00c9TICO es un avanzado aceite para motores totalmente sinte\u0301tico disen\u0303ado para ofrecer una excelente proteccio\u0301n del motor con el fin de mantenerlo funcionando como nuevo y<\/p>\n","protected":false},"featured_media":11694,"template":"","meta":[],"product_brand":[],"product_cat":[16,22],"product_tag":[],"class_list":{"0":"post-388","1":"product","2":"type-product","3":"status-publish","4":"has-post-thumbnail","6":"product_cat-aceite-de-motor","7":"product_cat-motor-gasolina-gas","8":"pa_especificaciones-acea-a5-b5","9":"pa_especificaciones-ford-wss-m2c929-a","10":"pa_especificaciones-ford-wss-m2c946-a","11":"pa_especificaciones-ford-wss-m2c946-b1","12":"pa_especificaciones-ford-wss-m2c961-a1","13":"pa_especificaciones-gm-4718m","14":"pa_especificaciones-gm-6094m","15":"pa_especificaciones-gm-dexos-1-gen-2","16":"pa_especificaciones-honda-hto-06","17":"pa_especificaciones-ilsac-gf-6a","18":"pa_grado-5w30","19":"pa_marca-mobil-1","20":"pa_ofertas-cyber","22":"first","23":"instock","24":"shipping-taxable","25":"purchasable","26":"product-type-variable","27":"has-default-attributes"},"yoast_head":"<!-- This site is optimized with the Yoast SEO plugin v27.1.1 - https:\/\/yoast.com\/product\/yoast-seo-wordpress\/ -->\n<title>MOBIL 1 5W30 - Aceite de Motor Full Sint\u00e9tico | Lubrimas.pe<\/title>\n<meta name=\"description\" content=\"MOBIL 1 5W30 es un aceite de motor full sint\u00e9tico dise\u00f1ado para mantener su motor funcionando como nuevo al proporcionar un buen rendimiento.\" \/>\n<meta name=\"robots\" content=\"index, follow, max-snippet:-1, max-image-preview:large, max-video-preview:-1\" \/>\n<link rel=\"canonical\" href=\"https:\/\/lubrimas.pe\/tienda\/aceite-de-motor\/mobil-1-5w30-100-sintetico\/\" \/>\n<meta property=\"og:locale\" content=\"es_ES\" \/>\n<meta property=\"og:type\" content=\"article\" \/>\n<meta property=\"og:title\" content=\"MOBIL 1 5W30 - Aceite de Motor Full Sint\u00e9tico | Lubrimas.pe\" \/>\n<meta property=\"og:description\" content=\"MOBIL 1 5W30 es un aceite de motor full sint\u00e9tico dise\u00f1ado para mantener su motor funcionando como nuevo al proporcionar un buen rendimiento.\" \/>\n<meta property=\"og:url\" content=\"https:\/\/lubrimas.pe\/tienda\/aceite-de-motor\/mobil-1-5w30-100-sintetico\/\" \/>\n<meta property=\"og:site_name\" content=\"Lubrimas.pe | Tienda Online\" \/>\n<meta property=\"article:modified_time\" content=\"2026-04-17T16:19:00+00:00\" \/>\n<meta property=\"og:image\" content=\"https:\/\/lubrimas.pe\/tienda\/wp-content\/uploads\/sites\/3\/2022\/02\/lubrimasperu-aceite-de-motor-lubricante-mobil-1-5w30-sintetico-api-sp-cuarto-galon-4l-losolivos-lima-peru.webp\" \/>\n\t<meta property=\"og:image:width\" content=\"850\" \/>\n\t<meta property=\"og:image:height\" content=\"1000\" \/>\n\t<meta property=\"og:image:type\" content=\"image\/webp\" \/>\n<meta name=\"twitter:card\" content=\"summary_large_image\" \/>\n<meta name=\"twitter:label1\" content=\"Tiempo de lectura\" \/>\n\t<meta name=\"twitter:data1\" content=\"1 minuto\" \/>\n<script type=\"application\/ld+json\" class=\"yoast-schema-graph\">{\"@context\":\"https:\/\/schema.org\",\"@graph\":[{\"@type\":[\"WebPage\",\"ItemPage\"],\"@id\":\"https:\/\/lubrimas.pe\/tienda\/aceite-de-motor\/mobil-1-5w30-100-sintetico\/\",\"url\":\"https:\/\/lubrimas.pe\/tienda\/aceite-de-motor\/mobil-1-5w30-100-sintetico\/\",\"name\":\"MOBIL 1 5W30 - Aceite de Motor Full Sint\u00e9tico | Lubrimas.pe\",\"isPartOf\":{\"@id\":\"https:\/\/lubrimas.pe\/tienda\/#website\"},\"primaryImageOfPage\":{\"@id\":\"https:\/\/lubrimas.pe\/tienda\/aceite-de-motor\/mobil-1-5w30-100-sintetico\/#primaryimage\"},\"image\":{\"@id\":\"https:\/\/lubrimas.pe\/tienda\/aceite-de-motor\/mobil-1-5w30-100-sintetico\/#primaryimage\"},\"thumbnailUrl\":\"https:\/\/lubrimas.pe\/tienda\/wp-content\/uploads\/sites\/3\/2022\/02\/lubrimasperu-aceite-de-motor-lubricante-mobil-1-5w30-sintetico-api-sp-cuarto-galon-4l-losolivos-lima-peru.webp\",\"datePublished\":\"2022-01-19T20:31:24+00:00\",\"dateModified\":\"2026-04-17T16:19:00+00:00\",\"description\":\"MOBIL 1 5W30 es un aceite de motor full sint\u00e9tico dise\u00f1ado para mantener su motor funcionando como nuevo al proporcionar un buen rendimiento.\",\"breadcrumb\":{\"@id\":\"https:\/\/lubrimas.pe\/tienda\/aceite-de-motor\/mobil-1-5w30-100-sintetico\/#breadcrumb\"},\"inLanguage\":\"es\",\"potentialAction\":[{\"@type\":\"ReadAction\",\"target\":[\"https:\/\/lubrimas.pe\/tienda\/aceite-de-motor\/mobil-1-5w30-100-sintetico\/\"]}]},{\"@type\":\"ImageObject\",\"inLanguage\":\"es\",\"@id\":\"https:\/\/lubrimas.pe\/tienda\/aceite-de-motor\/mobil-1-5w30-100-sintetico\/#primaryimage\",\"url\":\"https:\/\/lubrimas.pe\/tienda\/wp-content\/uploads\/sites\/3\/2022\/02\/lubrimasperu-aceite-de-motor-lubricante-mobil-1-5w30-sintetico-api-sp-cuarto-galon-4l-losolivos-lima-peru.webp\",\"contentUrl\":\"https:\/\/lubrimas.pe\/tienda\/wp-content\/uploads\/sites\/3\/2022\/02\/lubrimasperu-aceite-de-motor-lubricante-mobil-1-5w30-sintetico-api-sp-cuarto-galon-4l-losolivos-lima-peru.webp\",\"width\":850,\"height\":1000},{\"@type\":\"BreadcrumbList\",\"@id\":\"https:\/\/lubrimas.pe\/tienda\/aceite-de-motor\/mobil-1-5w30-100-sintetico\/#breadcrumb\",\"itemListElement\":[{\"@type\":\"ListItem\",\"position\":1,\"name\":\"Portada\",\"item\":\"https:\/\/lubrimas.pe\/tienda\/\"},{\"@type\":\"ListItem\",\"position\":2,\"name\":\"Cat\u00e1logo\",\"item\":\"https:\/\/lubrimas.pe\/tienda\/productos\/\"},{\"@type\":\"ListItem\",\"position\":3,\"name\":\"MOBIL 1 5W30 &#8211; Aceite de Motor Full Sint\u00e9tico\"}]},{\"@type\":\"WebSite\",\"@id\":\"https:\/\/lubrimas.pe\/tienda\/#website\",\"url\":\"https:\/\/lubrimas.pe\/tienda\/\",\"name\":\"Lubrimas.pe | Tienda Online\",\"description\":\"Tus lubricantes favoritos al mejor precio!\",\"publisher\":{\"@id\":\"https:\/\/lubrimas.pe\/tienda\/#organization\"},\"potentialAction\":[{\"@type\":\"SearchAction\",\"target\":{\"@type\":\"EntryPoint\",\"urlTemplate\":\"https:\/\/lubrimas.pe\/tienda\/?s={search_term_string}\"},\"query-input\":{\"@type\":\"PropertyValueSpecification\",\"valueRequired\":true,\"valueName\":\"search_term_string\"}}],\"inLanguage\":\"es\"},{\"@type\":\"Organization\",\"@id\":\"https:\/\/lubrimas.pe\/tienda\/#organization\",\"name\":\"Lubrimas.pe\",\"url\":\"https:\/\/lubrimas.pe\/tienda\/\",\"logo\":{\"@type\":\"ImageObject\",\"inLanguage\":\"es\",\"@id\":\"https:\/\/lubrimas.pe\/tienda\/#\/schema\/logo\/image\/\",\"url\":\"https:\/\/lubrimas.pe\/tienda\/wp-content\/uploads\/sites\/3\/2022\/07\/BANNERS-PROMO-CYBER-WOW-LUBRIMASPE-2022-07.webp\",\"contentUrl\":\"https:\/\/lubrimas.pe\/tienda\/wp-content\/uploads\/sites\/3\/2022\/07\/BANNERS-PROMO-CYBER-WOW-LUBRIMASPE-2022-07.webp\",\"width\":500,\"height\":752,\"caption\":\"Lubrimas.pe\"},\"image\":{\"@id\":\"https:\/\/lubrimas.pe\/tienda\/#\/schema\/logo\/image\/\"}}]}<\/script>\n<!-- \/ Yoast SEO plugin. -->","yoast_head_json":{"title":"MOBIL 1 5W30 - Aceite de Motor Full Sint\u00e9tico | Lubrimas.pe","description":"MOBIL 1 5W30 es un aceite de motor full sint\u00e9tico dise\u00f1ado para mantener su motor funcionando como nuevo al proporcionar un buen rendimiento.","robots":{"index":"index","follow":"follow","max-snippet":"max-snippet:-1","max-image-preview":"max-image-preview:large","max-video-preview":"max-video-preview:-1"},"canonical":"https:\/\/lubrimas.pe\/tienda\/aceite-de-motor\/mobil-1-5w30-100-sintetico\/","og_locale":"es_ES","og_type":"article","og_title":"MOBIL 1 5W30 - Aceite de Motor Full Sint\u00e9tico | Lubrimas.pe","og_description":"MOBIL 1 5W30 es un aceite de motor full sint\u00e9tico dise\u00f1ado para mantener su motor funcionando como nuevo al proporcionar un buen rendimiento.","og_url":"https:\/\/lubrimas.pe\/tienda\/aceite-de-motor\/mobil-1-5w30-100-sintetico\/","og_site_name":"Lubrimas.pe | Tienda Online","article_modified_time":"2026-04-17T16:19:00+00:00","og_image":[{"width":850,"height":1000,"url":"https:\/\/lubrimas.pe\/tienda\/wp-content\/uploads\/sites\/3\/2022\/02\/lubrimasperu-aceite-de-motor-lubricante-mobil-1-5w30-sintetico-api-sp-cuarto-galon-4l-losolivos-lima-peru.webp","type":"image\/webp"}],"twitter_card":"summary_large_image","twitter_misc":{"Tiempo de lectura":"1 minuto"},"schema":{"@context":"https:\/\/schema.org","@graph":[{"@type":["WebPage","ItemPage"],"@id":"https:\/\/lubrimas.pe\/tienda\/aceite-de-motor\/mobil-1-5w30-100-sintetico\/","url":"https:\/\/lubrimas.pe\/tienda\/aceite-de-motor\/mobil-1-5w30-100-sintetico\/","name":"MOBIL 1 5W30 - Aceite de Motor Full Sint\u00e9tico | Lubrimas.pe","isPartOf":{"@id":"https:\/\/lubrimas.pe\/tienda\/#website"},"primaryImageOfPage":{"@id":"https:\/\/lubrimas.pe\/tienda\/aceite-de-motor\/mobil-1-5w30-100-sintetico\/#primaryimage"},"image":{"@id":"https:\/\/lubrimas.pe\/tienda\/aceite-de-motor\/mobil-1-5w30-100-sintetico\/#primaryimage"},"thumbnailUrl":"https:\/\/lubrimas.pe\/tienda\/wp-content\/uploads\/sites\/3\/2022\/02\/lubrimasperu-aceite-de-motor-lubricante-mobil-1-5w30-sintetico-api-sp-cuarto-galon-4l-losolivos-lima-peru.webp","datePublished":"2022-01-19T20:31:24+00:00","dateModified":"2026-04-17T16:19:00+00:00","description":"MOBIL 1 5W30 es un aceite de motor full sint\u00e9tico dise\u00f1ado para mantener su motor funcionando como nuevo al proporcionar un buen rendimiento.","breadcrumb":{"@id":"https:\/\/lubrimas.pe\/tienda\/aceite-de-motor\/mobil-1-5w30-100-sintetico\/#breadcrumb"},"inLanguage":"es","potentialAction":[{"@type":"ReadAction","target":["https:\/\/lubrimas.pe\/tienda\/aceite-de-motor\/mobil-1-5w30-100-sintetico\/"]}]},{"@type":"ImageObject","inLanguage":"es","@id":"https:\/\/lubrimas.pe\/tienda\/aceite-de-motor\/mobil-1-5w30-100-sintetico\/#primaryimage","url":"https:\/\/lubrimas.pe\/tienda\/wp-content\/uploads\/sites\/3\/2022\/02\/lubrimasperu-aceite-de-motor-lubricante-mobil-1-5w30-sintetico-api-sp-cuarto-galon-4l-losolivos-lima-peru.webp","contentUrl":"https:\/\/lubrimas.pe\/tienda\/wp-content\/uploads\/sites\/3\/2022\/02\/lubrimasperu-aceite-de-motor-lubricante-mobil-1-5w30-sintetico-api-sp-cuarto-galon-4l-losolivos-lima-peru.webp","width":850,"height":1000},{"@type":"BreadcrumbList","@id":"https:\/\/lubrimas.pe\/tienda\/aceite-de-motor\/mobil-1-5w30-100-sintetico\/#breadcrumb","itemListElement":[{"@type":"ListItem","position":1,"name":"Portada","item":"https:\/\/lubrimas.pe\/tienda\/"},{"@type":"ListItem","position":2,"name":"Cat\u00e1logo","item":"https:\/\/lubrimas.pe\/tienda\/productos\/"},{"@type":"ListItem","position":3,"name":"MOBIL 1 5W30 &#8211; Aceite de Motor Full Sint\u00e9tico"}]},{"@type":"WebSite","@id":"https:\/\/lubrimas.pe\/tienda\/#website","url":"https:\/\/lubrimas.pe\/tienda\/","name":"Lubrimas.pe | Tienda Online","description":"Tus lubricantes favoritos al mejor precio!","publisher":{"@id":"https:\/\/lubrimas.pe\/tienda\/#organization"},"potentialAction":[{"@type":"SearchAction","target":{"@type":"EntryPoint","urlTemplate":"https:\/\/lubrimas.pe\/tienda\/?s={search_term_string}"},"query-input":{"@type":"PropertyValueSpecification","valueRequired":true,"valueName":"search_term_string"}}],"inLanguage":"es"},{"@type":"Organization","@id":"https:\/\/lubrimas.pe\/tienda\/#organization","name":"Lubrimas.pe","url":"https:\/\/lubrimas.pe\/tienda\/","logo":{"@type":"ImageObject","inLanguage":"es","@id":"https:\/\/lubrimas.pe\/tienda\/#\/schema\/logo\/image\/","url":"https:\/\/lubrimas.pe\/tienda\/wp-content\/uploads\/sites\/3\/2022\/07\/BANNERS-PROMO-CYBER-WOW-LUBRIMASPE-2022-07.webp","contentUrl":"https:\/\/lubrimas.pe\/tienda\/wp-content\/uploads\/sites\/3\/2022\/07\/BANNERS-PROMO-CYBER-WOW-LUBRIMASPE-2022-07.webp","width":500,"height":752,"caption":"Lubrimas.pe"},"image":{"@id":"https:\/\/lubrimas.pe\/tienda\/#\/schema\/logo\/image\/"}}]}},"_links":{"self":[{"href":"https:\/\/lubrimas.pe\/tienda\/wp-json\/wp\/v2\/product\/388","targetHints":{"allow":["GET"]}}],"collection":[{"href":"https:\/\/lubrimas.pe\/tienda\/wp-json\/wp\/v2\/product"}],"about":[{"href":"https:\/\/lubrimas.pe\/tienda\/wp-json\/wp\/v2\/types\/product"}],"wp:featuredmedia":[{"embeddable":true,"href":"https:\/\/lubrimas.pe\/tienda\/wp-json\/wp\/v2\/media\/11694"}],"wp:attachment":[{"href":"https:\/\/lubrimas.pe\/tienda\/wp-json\/wp\/v2\/media?parent=388"}],"wp:term":[{"taxonomy":"product_brand","embeddable":true,"href":"https:\/\/lubrimas.pe\/tienda\/wp-json\/wp\/v2\/product_brand?post=388"},{"taxonomy":"product_cat","embeddable":true,"href":"https:\/\/lubrimas.pe\/tienda\/wp-json\/wp\/v2\/product_cat?post=388"},{"taxonomy":"product_tag","embeddable":true,"href":"https:\/\/lubrimas.pe\/tienda\/wp-json\/wp\/v2\/product_tag?post=388"}],"curies":[{"name":"wp","href":"https:\/\/api.w.org\/{rel}","templated":true}]}}