{"id":389,"date":"2022-01-19T20:31:25","date_gmt":"2022-01-19T20:31:25","guid":{"rendered":"https:\/\/lubrimas.pe\/tienda\/?post_type=product&#038;p=389"},"modified":"2026-01-07T09:57:25","modified_gmt":"2026-01-07T14:57:25","slug":"motul-5w30-8100-eco-lite-100-sintetico","status":"publish","type":"product","link":"https:\/\/lubrimas.pe\/tienda\/aceite-de-motor\/motul-5w30-8100-eco-lite-100-sintetico\/","title":{"rendered":"MOTUL 5W30 8100 ECO-LITE &#8211; FULL SINT\u00c9TICO"},"content":{"rendered":"<p><strong>MOTUL 5W30 8100 ECO-LITE FULL SINT\u00c9TICO<\/strong> es un aceite motor 100% sint\u00e9tico &#8220;Fuel Economy&#8221;\u00a0formulado espec\u00edficamente para los motores gasolina recientes, turbo o atmosf\u00e9ricos, inyecci\u00f3n directa o indirecta, dise\u00f1ados para utilizar aceites de baja fricci\u00f3n y baja viscosidad HTHS (High Temperature High Shear) \u2265 2.9 mPa.s.<br \/>\nRecomendado para motores gasolina en los que se solicita lubricante a la vez grado xW-30 y &#8220;Fuel Economy&#8221; con norma API SP y\/o ILSAC GF-6a.<br \/>\nHomologado para GM dexos1\u2122 GEN2 para todos los motores nuevos de GM de gasolina que exijan esta norma: BUICK, CADILLAC, CHEVROLET, GM, GMC, OPEL y VAUXHALL.<br \/>\nCompatible con catalizadores.<br \/>\nCiertos motores no pueden utilizar este tipo de lubricantes; antes de su utilizaci\u00f3n verificar siempre el manual de mantenimiento del veh\u00edculo.<\/p>\n<h5><strong>APROBACIONES \/ ESPECIFICACIONES OEM<\/strong><\/h5>\n<p><strong>OEM PERFORMANCES:\u00a0<\/strong>CHRYSLER MS 6395, FIAT 9.55535-CR1, FORD WSS-M2C929-A, FORD WSS-M2C946-A, FORD WSS-M2C946-B1, FORD WSS-M2C961-A1, GENERAL MOTORS GM DEXOS1 GEN3, GENERAL MOTORS GM 6094 M, GENERAL MOTORS GM 4718 M<\/p>\n<p><strong>OEM RECOMMENDATIONS:<\/strong> ACURA, CHRYSLER, DODGE, FORD, GENESIS, HONDA, HYUNDAI, INFINITI, KIA, LEXUS, MAZDA, MITSUBISHI, NISSAN, SUBARU, TOYOTA, FIAT<br \/>\nstrong&gt;REFERENCIA: 108212 ; 108213 ; 108214 ; 108228 ; 108229 ; 108230 ; 108595<\/p>\n<h5><strong>INFORMACI\u00d3N ADICIONAL<\/strong><\/h5>\n<div class=\"aditional-info-tecnical-lp\"><a href=\"https:\/\/azupim01.motul.com\/media\/motulData\/DO\/base\/8100_ECO-LITE_5W-30_es_ES_motul_20210329.pdf\" target=\"_blank\" rel=\"noopener\">FICHA T\u00c9CNICA<\/a><br \/>\n<a href=\"https:\/\/www.motul.com\/co\/es\/products\/8100-eco-lite-5w30\" target=\"_blank\" rel=\"noopener\">SITIO OFICIAL<\/a><\/div>\n","protected":false},"excerpt":{"rendered":"<p>MOTUL 5W30 8100 ECO-LITE FULL SINT\u00c9TICO es un aceite motor 100% sint\u00e9tico &#8220;Fuel Economy&#8221;\u00a0formulado espec\u00edficamente para los motores gasolina recientes, turbo o atmosf\u00e9ricos, inyecci\u00f3n directa o indirecta, dise\u00f1ados para utilizar<\/p>\n","protected":false},"featured_media":15190,"template":"","meta":[],"product_brand":[],"product_cat":[16,22],"product_tag":[],"class_list":{"0":"post-389","1":"product","2":"type-product","3":"status-publish","4":"has-post-thumbnail","6":"product_cat-aceite-de-motor","7":"product_cat-motor-gasolina-gas","8":"pa_grado-5w30","9":"pa_marca-motul","11":"first","12":"instock","13":"sale","14":"shipping-taxable","15":"purchasable","16":"product-type-variable","17":"has-default-attributes"},"yoast_head":"<!-- This site is optimized with the Yoast SEO plugin v27.1.1 - https:\/\/yoast.com\/product\/yoast-seo-wordpress\/ -->\n<title>MOTUL 5W30 8100 ECO-LITE - FULL SINT\u00c9TICO | Lubrimas.pe | Tienda Online<\/title>\n<meta name=\"robots\" content=\"index, follow, max-snippet:-1, max-image-preview:large, max-video-preview:-1\" \/>\n<link rel=\"canonical\" href=\"https:\/\/lubrimas.pe\/tienda\/aceite-de-motor\/motul-5w30-8100-eco-lite-100-sintetico\/\" \/>\n<meta property=\"og:locale\" content=\"es_ES\" \/>\n<meta property=\"og:type\" content=\"article\" \/>\n<meta property=\"og:title\" content=\"MOTUL 5W30 8100 ECO-LITE - FULL SINT\u00c9TICO | Lubrimas.pe | Tienda Online\" \/>\n<meta property=\"og:description\" content=\"MOTUL 5W30 8100 ECO-LITE FULL SINT\u00c9TICO es un aceite motor 100% sint\u00e9tico &#8220;Fuel Economy&#8221;\u00a0formulado espec\u00edficamente para los motores gasolina recientes, turbo o atmosf\u00e9ricos, inyecci\u00f3n directa o indirecta, dise\u00f1ados para utilizar\" \/>\n<meta property=\"og:url\" content=\"https:\/\/lubrimas.pe\/tienda\/aceite-de-motor\/motul-5w30-8100-eco-lite-100-sintetico\/\" \/>\n<meta property=\"og:site_name\" content=\"Lubrimas.pe | Tienda Online\" \/>\n<meta property=\"article:modified_time\" content=\"2026-01-07T14:57:25+00:00\" \/>\n<meta property=\"og:image\" content=\"https:\/\/lubrimas.pe\/tienda\/wp-content\/uploads\/sites\/3\/2022\/01\/MOTUL-5W30-8100-ECO-LITE-4L.webp\" \/>\n\t<meta property=\"og:image:width\" content=\"1771\" \/>\n\t<meta property=\"og:image:height\" content=\"2083\" \/>\n\t<meta property=\"og:image:type\" content=\"image\/webp\" \/>\n<meta name=\"twitter:card\" content=\"summary_large_image\" \/>\n<meta name=\"twitter:label1\" content=\"Tiempo de lectura\" \/>\n\t<meta name=\"twitter:data1\" content=\"1 minuto\" \/>\n<script type=\"application\/ld+json\" class=\"yoast-schema-graph\">{\"@context\":\"https:\/\/schema.org\",\"@graph\":[{\"@type\":[\"WebPage\",\"ItemPage\"],\"@id\":\"https:\/\/lubrimas.pe\/tienda\/aceite-de-motor\/motul-5w30-8100-eco-lite-100-sintetico\/\",\"url\":\"https:\/\/lubrimas.pe\/tienda\/aceite-de-motor\/motul-5w30-8100-eco-lite-100-sintetico\/\",\"name\":\"MOTUL 5W30 8100 ECO-LITE - FULL SINT\u00c9TICO | Lubrimas.pe | Tienda Online\",\"isPartOf\":{\"@id\":\"https:\/\/lubrimas.pe\/tienda\/#website\"},\"primaryImageOfPage\":{\"@id\":\"https:\/\/lubrimas.pe\/tienda\/aceite-de-motor\/motul-5w30-8100-eco-lite-100-sintetico\/#primaryimage\"},\"image\":{\"@id\":\"https:\/\/lubrimas.pe\/tienda\/aceite-de-motor\/motul-5w30-8100-eco-lite-100-sintetico\/#primaryimage\"},\"thumbnailUrl\":\"https:\/\/lubrimas.pe\/tienda\/wp-content\/uploads\/sites\/3\/2022\/01\/MOTUL-5W30-8100-ECO-LITE-4L.webp\",\"datePublished\":\"2022-01-19T20:31:25+00:00\",\"dateModified\":\"2026-01-07T14:57:25+00:00\",\"breadcrumb\":{\"@id\":\"https:\/\/lubrimas.pe\/tienda\/aceite-de-motor\/motul-5w30-8100-eco-lite-100-sintetico\/#breadcrumb\"},\"inLanguage\":\"es\",\"potentialAction\":[{\"@type\":\"ReadAction\",\"target\":[\"https:\/\/lubrimas.pe\/tienda\/aceite-de-motor\/motul-5w30-8100-eco-lite-100-sintetico\/\"]}]},{\"@type\":\"ImageObject\",\"inLanguage\":\"es\",\"@id\":\"https:\/\/lubrimas.pe\/tienda\/aceite-de-motor\/motul-5w30-8100-eco-lite-100-sintetico\/#primaryimage\",\"url\":\"https:\/\/lubrimas.pe\/tienda\/wp-content\/uploads\/sites\/3\/2022\/01\/MOTUL-5W30-8100-ECO-LITE-4L.webp\",\"contentUrl\":\"https:\/\/lubrimas.pe\/tienda\/wp-content\/uploads\/sites\/3\/2022\/01\/MOTUL-5W30-8100-ECO-LITE-4L.webp\",\"width\":1771,\"height\":2083},{\"@type\":\"BreadcrumbList\",\"@id\":\"https:\/\/lubrimas.pe\/tienda\/aceite-de-motor\/motul-5w30-8100-eco-lite-100-sintetico\/#breadcrumb\",\"itemListElement\":[{\"@type\":\"ListItem\",\"position\":1,\"name\":\"Portada\",\"item\":\"https:\/\/lubrimas.pe\/tienda\/\"},{\"@type\":\"ListItem\",\"position\":2,\"name\":\"Cat\u00e1logo\",\"item\":\"https:\/\/lubrimas.pe\/tienda\/productos\/\"},{\"@type\":\"ListItem\",\"position\":3,\"name\":\"MOTUL 5W30 8100 ECO-LITE &#8211; FULL SINT\u00c9TICO\"}]},{\"@type\":\"WebSite\",\"@id\":\"https:\/\/lubrimas.pe\/tienda\/#website\",\"url\":\"https:\/\/lubrimas.pe\/tienda\/\",\"name\":\"Lubrimas.pe | Tienda Online\",\"description\":\"Tus lubricantes favoritos al mejor precio!\",\"publisher\":{\"@id\":\"https:\/\/lubrimas.pe\/tienda\/#organization\"},\"potentialAction\":[{\"@type\":\"SearchAction\",\"target\":{\"@type\":\"EntryPoint\",\"urlTemplate\":\"https:\/\/lubrimas.pe\/tienda\/?s={search_term_string}\"},\"query-input\":{\"@type\":\"PropertyValueSpecification\",\"valueRequired\":true,\"valueName\":\"search_term_string\"}}],\"inLanguage\":\"es\"},{\"@type\":\"Organization\",\"@id\":\"https:\/\/lubrimas.pe\/tienda\/#organization\",\"name\":\"Lubrimas.pe\",\"url\":\"https:\/\/lubrimas.pe\/tienda\/\",\"logo\":{\"@type\":\"ImageObject\",\"inLanguage\":\"es\",\"@id\":\"https:\/\/lubrimas.pe\/tienda\/#\/schema\/logo\/image\/\",\"url\":\"https:\/\/lubrimas.pe\/tienda\/wp-content\/uploads\/sites\/3\/2022\/07\/BANNERS-PROMO-CYBER-WOW-LUBRIMASPE-2022-07.webp\",\"contentUrl\":\"https:\/\/lubrimas.pe\/tienda\/wp-content\/uploads\/sites\/3\/2022\/07\/BANNERS-PROMO-CYBER-WOW-LUBRIMASPE-2022-07.webp\",\"width\":500,\"height\":752,\"caption\":\"Lubrimas.pe\"},\"image\":{\"@id\":\"https:\/\/lubrimas.pe\/tienda\/#\/schema\/logo\/image\/\"}}]}<\/script>\n<!-- \/ Yoast SEO plugin. -->","yoast_head_json":{"title":"MOTUL 5W30 8100 ECO-LITE - FULL SINT\u00c9TICO | Lubrimas.pe | Tienda Online","robots":{"index":"index","follow":"follow","max-snippet":"max-snippet:-1","max-image-preview":"max-image-preview:large","max-video-preview":"max-video-preview:-1"},"canonical":"https:\/\/lubrimas.pe\/tienda\/aceite-de-motor\/motul-5w30-8100-eco-lite-100-sintetico\/","og_locale":"es_ES","og_type":"article","og_title":"MOTUL 5W30 8100 ECO-LITE - FULL SINT\u00c9TICO | Lubrimas.pe | Tienda Online","og_description":"MOTUL 5W30 8100 ECO-LITE FULL SINT\u00c9TICO es un aceite motor 100% sint\u00e9tico &#8220;Fuel Economy&#8221;\u00a0formulado espec\u00edficamente para los motores gasolina recientes, turbo o atmosf\u00e9ricos, inyecci\u00f3n directa o indirecta, dise\u00f1ados para utilizar","og_url":"https:\/\/lubrimas.pe\/tienda\/aceite-de-motor\/motul-5w30-8100-eco-lite-100-sintetico\/","og_site_name":"Lubrimas.pe | Tienda Online","article_modified_time":"2026-01-07T14:57:25+00:00","og_image":[{"width":1771,"height":2083,"url":"https:\/\/lubrimas.pe\/tienda\/wp-content\/uploads\/sites\/3\/2022\/01\/MOTUL-5W30-8100-ECO-LITE-4L.webp","type":"image\/webp"}],"twitter_card":"summary_large_image","twitter_misc":{"Tiempo de lectura":"1 minuto"},"schema":{"@context":"https:\/\/schema.org","@graph":[{"@type":["WebPage","ItemPage"],"@id":"https:\/\/lubrimas.pe\/tienda\/aceite-de-motor\/motul-5w30-8100-eco-lite-100-sintetico\/","url":"https:\/\/lubrimas.pe\/tienda\/aceite-de-motor\/motul-5w30-8100-eco-lite-100-sintetico\/","name":"MOTUL 5W30 8100 ECO-LITE - FULL SINT\u00c9TICO | Lubrimas.pe | Tienda Online","isPartOf":{"@id":"https:\/\/lubrimas.pe\/tienda\/#website"},"primaryImageOfPage":{"@id":"https:\/\/lubrimas.pe\/tienda\/aceite-de-motor\/motul-5w30-8100-eco-lite-100-sintetico\/#primaryimage"},"image":{"@id":"https:\/\/lubrimas.pe\/tienda\/aceite-de-motor\/motul-5w30-8100-eco-lite-100-sintetico\/#primaryimage"},"thumbnailUrl":"https:\/\/lubrimas.pe\/tienda\/wp-content\/uploads\/sites\/3\/2022\/01\/MOTUL-5W30-8100-ECO-LITE-4L.webp","datePublished":"2022-01-19T20:31:25+00:00","dateModified":"2026-01-07T14:57:25+00:00","breadcrumb":{"@id":"https:\/\/lubrimas.pe\/tienda\/aceite-de-motor\/motul-5w30-8100-eco-lite-100-sintetico\/#breadcrumb"},"inLanguage":"es","potentialAction":[{"@type":"ReadAction","target":["https:\/\/lubrimas.pe\/tienda\/aceite-de-motor\/motul-5w30-8100-eco-lite-100-sintetico\/"]}]},{"@type":"ImageObject","inLanguage":"es","@id":"https:\/\/lubrimas.pe\/tienda\/aceite-de-motor\/motul-5w30-8100-eco-lite-100-sintetico\/#primaryimage","url":"https:\/\/lubrimas.pe\/tienda\/wp-content\/uploads\/sites\/3\/2022\/01\/MOTUL-5W30-8100-ECO-LITE-4L.webp","contentUrl":"https:\/\/lubrimas.pe\/tienda\/wp-content\/uploads\/sites\/3\/2022\/01\/MOTUL-5W30-8100-ECO-LITE-4L.webp","width":1771,"height":2083},{"@type":"BreadcrumbList","@id":"https:\/\/lubrimas.pe\/tienda\/aceite-de-motor\/motul-5w30-8100-eco-lite-100-sintetico\/#breadcrumb","itemListElement":[{"@type":"ListItem","position":1,"name":"Portada","item":"https:\/\/lubrimas.pe\/tienda\/"},{"@type":"ListItem","position":2,"name":"Cat\u00e1logo","item":"https:\/\/lubrimas.pe\/tienda\/productos\/"},{"@type":"ListItem","position":3,"name":"MOTUL 5W30 8100 ECO-LITE &#8211; FULL SINT\u00c9TICO"}]},{"@type":"WebSite","@id":"https:\/\/lubrimas.pe\/tienda\/#website","url":"https:\/\/lubrimas.pe\/tienda\/","name":"Lubrimas.pe | Tienda Online","description":"Tus lubricantes favoritos al mejor precio!","publisher":{"@id":"https:\/\/lubrimas.pe\/tienda\/#organization"},"potentialAction":[{"@type":"SearchAction","target":{"@type":"EntryPoint","urlTemplate":"https:\/\/lubrimas.pe\/tienda\/?s={search_term_string}"},"query-input":{"@type":"PropertyValueSpecification","valueRequired":true,"valueName":"search_term_string"}}],"inLanguage":"es"},{"@type":"Organization","@id":"https:\/\/lubrimas.pe\/tienda\/#organization","name":"Lubrimas.pe","url":"https:\/\/lubrimas.pe\/tienda\/","logo":{"@type":"ImageObject","inLanguage":"es","@id":"https:\/\/lubrimas.pe\/tienda\/#\/schema\/logo\/image\/","url":"https:\/\/lubrimas.pe\/tienda\/wp-content\/uploads\/sites\/3\/2022\/07\/BANNERS-PROMO-CYBER-WOW-LUBRIMASPE-2022-07.webp","contentUrl":"https:\/\/lubrimas.pe\/tienda\/wp-content\/uploads\/sites\/3\/2022\/07\/BANNERS-PROMO-CYBER-WOW-LUBRIMASPE-2022-07.webp","width":500,"height":752,"caption":"Lubrimas.pe"},"image":{"@id":"https:\/\/lubrimas.pe\/tienda\/#\/schema\/logo\/image\/"}}]}},"_links":{"self":[{"href":"https:\/\/lubrimas.pe\/tienda\/wp-json\/wp\/v2\/product\/389","targetHints":{"allow":["GET"]}}],"collection":[{"href":"https:\/\/lubrimas.pe\/tienda\/wp-json\/wp\/v2\/product"}],"about":[{"href":"https:\/\/lubrimas.pe\/tienda\/wp-json\/wp\/v2\/types\/product"}],"wp:featuredmedia":[{"embeddable":true,"href":"https:\/\/lubrimas.pe\/tienda\/wp-json\/wp\/v2\/media\/15190"}],"wp:attachment":[{"href":"https:\/\/lubrimas.pe\/tienda\/wp-json\/wp\/v2\/media?parent=389"}],"wp:term":[{"taxonomy":"product_brand","embeddable":true,"href":"https:\/\/lubrimas.pe\/tienda\/wp-json\/wp\/v2\/product_brand?post=389"},{"taxonomy":"product_cat","embeddable":true,"href":"https:\/\/lubrimas.pe\/tienda\/wp-json\/wp\/v2\/product_cat?post=389"},{"taxonomy":"product_tag","embeddable":true,"href":"https:\/\/lubrimas.pe\/tienda\/wp-json\/wp\/v2\/product_tag?post=389"}],"curies":[{"name":"wp","href":"https:\/\/api.w.org\/{rel}","templated":true}]}}