{"id":401,"date":"2022-01-19T20:31:26","date_gmt":"2022-01-19T20:31:26","guid":{"rendered":"https:\/\/lubrimas.pe\/tienda\/?post_type=product&#038;p=401"},"modified":"2025-11-28T09:39:05","modified_gmt":"2025-11-28T14:39:05","slug":"valvoline-premium-protection-sae-10w30-full-synthetic","status":"publish","type":"product","link":"https:\/\/lubrimas.pe\/tienda\/aceite-de-motor\/valvoline-premium-protection-sae-10w30-full-synthetic\/","title":{"rendered":"VALVOLINE PREMIUM PROTECTION SAE 10W30 FULL SYNTHETIC"},"content":{"rendered":"<p>En comparaci\u00f3n con los aceites normales, Valvoline\u2122 Premium Protection\u2122 Full Synthetic ofrece una protecci\u00f3n superior al lodo y al barniz, una protecci\u00f3n superior a altas y bajas temperaturas que reduce la fricci\u00f3n del motor y un sistema antidesgaste duradero dise\u00f1ado para reducir el desgaste del motor. Con Premium Protection\u2122 Full Synthetic de Valvoline los conductores obtienen mejor rendimiento y una protecci\u00f3n de motor superior a un precio atractivo.<\/p>\n","protected":false},"excerpt":{"rendered":"<p>En comparaci\u00f3n con los aceites normales, Valvoline\u2122 Premium Protection\u2122 Full Synthetic ofrece una protecci\u00f3n superior al lodo y al barniz, una protecci\u00f3n superior a altas y bajas temperaturas que reduce<\/p>\n","protected":false},"featured_media":14781,"template":"","meta":[],"product_brand":[],"product_cat":[16,22],"product_tag":[],"class_list":{"0":"post-401","1":"product","2":"type-product","3":"status-publish","4":"has-post-thumbnail","6":"product_cat-aceite-de-motor","7":"product_cat-motor-gasolina-gas","8":"pa_envio-envio-gratis","9":"pa_grado-10w30","10":"pa_marca-valvoline","11":"pa_ofertas-cyber","13":"first","14":"instock","15":"shipping-taxable","16":"purchasable","17":"product-type-variable","18":"has-default-attributes"},"yoast_head":"<!-- This site is optimized with the Yoast SEO plugin v27.1.1 - https:\/\/yoast.com\/product\/yoast-seo-wordpress\/ -->\n<title>VALVOLINE PREMIUM PROTECTION SAE 10W30 FULL SYNTHETIC | Lubrimas.pe | Tienda Online<\/title>\n<meta name=\"robots\" content=\"index, follow, max-snippet:-1, max-image-preview:large, max-video-preview:-1\" \/>\n<link rel=\"canonical\" href=\"https:\/\/lubrimas.pe\/tienda\/aceite-de-motor\/valvoline-premium-protection-sae-10w30-full-synthetic\/\" \/>\n<meta property=\"og:locale\" content=\"es_ES\" \/>\n<meta property=\"og:type\" content=\"article\" \/>\n<meta property=\"og:title\" content=\"VALVOLINE PREMIUM PROTECTION SAE 10W30 FULL SYNTHETIC | Lubrimas.pe | Tienda Online\" \/>\n<meta property=\"og:description\" content=\"En comparaci\u00f3n con los aceites normales, Valvoline\u2122 Premium Protection\u2122 Full Synthetic ofrece una protecci\u00f3n superior al lodo y al barniz, una protecci\u00f3n superior a altas y bajas temperaturas que reduce\" \/>\n<meta property=\"og:url\" content=\"https:\/\/lubrimas.pe\/tienda\/aceite-de-motor\/valvoline-premium-protection-sae-10w30-full-synthetic\/\" \/>\n<meta property=\"og:site_name\" content=\"Lubrimas.pe | Tienda Online\" \/>\n<meta property=\"article:modified_time\" content=\"2025-11-28T14:39:05+00:00\" \/>\n<meta property=\"og:image\" content=\"https:\/\/lubrimas.pe\/tienda\/wp-content\/uploads\/sites\/3\/2022\/06\/valvoline-premium-protection-10w30-galon.webp\" \/>\n\t<meta property=\"og:image:width\" content=\"850\" \/>\n\t<meta property=\"og:image:height\" content=\"1000\" \/>\n\t<meta property=\"og:image:type\" content=\"image\/webp\" \/>\n<meta name=\"twitter:card\" content=\"summary_large_image\" \/>\n<script type=\"application\/ld+json\" class=\"yoast-schema-graph\">{\"@context\":\"https:\/\/schema.org\",\"@graph\":[{\"@type\":[\"WebPage\",\"ItemPage\"],\"@id\":\"https:\/\/lubrimas.pe\/tienda\/aceite-de-motor\/valvoline-premium-protection-sae-10w30-full-synthetic\/\",\"url\":\"https:\/\/lubrimas.pe\/tienda\/aceite-de-motor\/valvoline-premium-protection-sae-10w30-full-synthetic\/\",\"name\":\"VALVOLINE PREMIUM PROTECTION SAE 10W30 FULL SYNTHETIC | Lubrimas.pe | Tienda Online\",\"isPartOf\":{\"@id\":\"https:\/\/lubrimas.pe\/tienda\/#website\"},\"primaryImageOfPage\":{\"@id\":\"https:\/\/lubrimas.pe\/tienda\/aceite-de-motor\/valvoline-premium-protection-sae-10w30-full-synthetic\/#primaryimage\"},\"image\":{\"@id\":\"https:\/\/lubrimas.pe\/tienda\/aceite-de-motor\/valvoline-premium-protection-sae-10w30-full-synthetic\/#primaryimage\"},\"thumbnailUrl\":\"https:\/\/lubrimas.pe\/tienda\/wp-content\/uploads\/sites\/3\/2022\/06\/valvoline-premium-protection-10w30-galon.webp\",\"datePublished\":\"2022-01-19T20:31:26+00:00\",\"dateModified\":\"2025-11-28T14:39:05+00:00\",\"breadcrumb\":{\"@id\":\"https:\/\/lubrimas.pe\/tienda\/aceite-de-motor\/valvoline-premium-protection-sae-10w30-full-synthetic\/#breadcrumb\"},\"inLanguage\":\"es\",\"potentialAction\":[{\"@type\":\"ReadAction\",\"target\":[\"https:\/\/lubrimas.pe\/tienda\/aceite-de-motor\/valvoline-premium-protection-sae-10w30-full-synthetic\/\"]}]},{\"@type\":\"ImageObject\",\"inLanguage\":\"es\",\"@id\":\"https:\/\/lubrimas.pe\/tienda\/aceite-de-motor\/valvoline-premium-protection-sae-10w30-full-synthetic\/#primaryimage\",\"url\":\"https:\/\/lubrimas.pe\/tienda\/wp-content\/uploads\/sites\/3\/2022\/06\/valvoline-premium-protection-10w30-galon.webp\",\"contentUrl\":\"https:\/\/lubrimas.pe\/tienda\/wp-content\/uploads\/sites\/3\/2022\/06\/valvoline-premium-protection-10w30-galon.webp\",\"width\":850,\"height\":1000},{\"@type\":\"BreadcrumbList\",\"@id\":\"https:\/\/lubrimas.pe\/tienda\/aceite-de-motor\/valvoline-premium-protection-sae-10w30-full-synthetic\/#breadcrumb\",\"itemListElement\":[{\"@type\":\"ListItem\",\"position\":1,\"name\":\"Portada\",\"item\":\"https:\/\/lubrimas.pe\/tienda\/\"},{\"@type\":\"ListItem\",\"position\":2,\"name\":\"Cat\u00e1logo\",\"item\":\"https:\/\/lubrimas.pe\/tienda\/productos\/\"},{\"@type\":\"ListItem\",\"position\":3,\"name\":\"VALVOLINE PREMIUM PROTECTION SAE 10W30 FULL SYNTHETIC\"}]},{\"@type\":\"WebSite\",\"@id\":\"https:\/\/lubrimas.pe\/tienda\/#website\",\"url\":\"https:\/\/lubrimas.pe\/tienda\/\",\"name\":\"Lubrimas.pe | Tienda Online\",\"description\":\"Tus lubricantes favoritos al mejor precio!\",\"publisher\":{\"@id\":\"https:\/\/lubrimas.pe\/tienda\/#organization\"},\"potentialAction\":[{\"@type\":\"SearchAction\",\"target\":{\"@type\":\"EntryPoint\",\"urlTemplate\":\"https:\/\/lubrimas.pe\/tienda\/?s={search_term_string}\"},\"query-input\":{\"@type\":\"PropertyValueSpecification\",\"valueRequired\":true,\"valueName\":\"search_term_string\"}}],\"inLanguage\":\"es\"},{\"@type\":\"Organization\",\"@id\":\"https:\/\/lubrimas.pe\/tienda\/#organization\",\"name\":\"Lubrimas.pe\",\"url\":\"https:\/\/lubrimas.pe\/tienda\/\",\"logo\":{\"@type\":\"ImageObject\",\"inLanguage\":\"es\",\"@id\":\"https:\/\/lubrimas.pe\/tienda\/#\/schema\/logo\/image\/\",\"url\":\"https:\/\/lubrimas.pe\/tienda\/wp-content\/uploads\/sites\/3\/2022\/07\/BANNERS-PROMO-CYBER-WOW-LUBRIMASPE-2022-07.webp\",\"contentUrl\":\"https:\/\/lubrimas.pe\/tienda\/wp-content\/uploads\/sites\/3\/2022\/07\/BANNERS-PROMO-CYBER-WOW-LUBRIMASPE-2022-07.webp\",\"width\":500,\"height\":752,\"caption\":\"Lubrimas.pe\"},\"image\":{\"@id\":\"https:\/\/lubrimas.pe\/tienda\/#\/schema\/logo\/image\/\"}}]}<\/script>\n<!-- \/ Yoast SEO plugin. -->","yoast_head_json":{"title":"VALVOLINE PREMIUM PROTECTION SAE 10W30 FULL SYNTHETIC | Lubrimas.pe | Tienda Online","robots":{"index":"index","follow":"follow","max-snippet":"max-snippet:-1","max-image-preview":"max-image-preview:large","max-video-preview":"max-video-preview:-1"},"canonical":"https:\/\/lubrimas.pe\/tienda\/aceite-de-motor\/valvoline-premium-protection-sae-10w30-full-synthetic\/","og_locale":"es_ES","og_type":"article","og_title":"VALVOLINE PREMIUM PROTECTION SAE 10W30 FULL SYNTHETIC | Lubrimas.pe | Tienda Online","og_description":"En comparaci\u00f3n con los aceites normales, Valvoline\u2122 Premium Protection\u2122 Full Synthetic ofrece una protecci\u00f3n superior al lodo y al barniz, una protecci\u00f3n superior a altas y bajas temperaturas que reduce","og_url":"https:\/\/lubrimas.pe\/tienda\/aceite-de-motor\/valvoline-premium-protection-sae-10w30-full-synthetic\/","og_site_name":"Lubrimas.pe | Tienda Online","article_modified_time":"2025-11-28T14:39:05+00:00","og_image":[{"width":850,"height":1000,"url":"https:\/\/lubrimas.pe\/tienda\/wp-content\/uploads\/sites\/3\/2022\/06\/valvoline-premium-protection-10w30-galon.webp","type":"image\/webp"}],"twitter_card":"summary_large_image","schema":{"@context":"https:\/\/schema.org","@graph":[{"@type":["WebPage","ItemPage"],"@id":"https:\/\/lubrimas.pe\/tienda\/aceite-de-motor\/valvoline-premium-protection-sae-10w30-full-synthetic\/","url":"https:\/\/lubrimas.pe\/tienda\/aceite-de-motor\/valvoline-premium-protection-sae-10w30-full-synthetic\/","name":"VALVOLINE PREMIUM PROTECTION SAE 10W30 FULL SYNTHETIC | Lubrimas.pe | Tienda Online","isPartOf":{"@id":"https:\/\/lubrimas.pe\/tienda\/#website"},"primaryImageOfPage":{"@id":"https:\/\/lubrimas.pe\/tienda\/aceite-de-motor\/valvoline-premium-protection-sae-10w30-full-synthetic\/#primaryimage"},"image":{"@id":"https:\/\/lubrimas.pe\/tienda\/aceite-de-motor\/valvoline-premium-protection-sae-10w30-full-synthetic\/#primaryimage"},"thumbnailUrl":"https:\/\/lubrimas.pe\/tienda\/wp-content\/uploads\/sites\/3\/2022\/06\/valvoline-premium-protection-10w30-galon.webp","datePublished":"2022-01-19T20:31:26+00:00","dateModified":"2025-11-28T14:39:05+00:00","breadcrumb":{"@id":"https:\/\/lubrimas.pe\/tienda\/aceite-de-motor\/valvoline-premium-protection-sae-10w30-full-synthetic\/#breadcrumb"},"inLanguage":"es","potentialAction":[{"@type":"ReadAction","target":["https:\/\/lubrimas.pe\/tienda\/aceite-de-motor\/valvoline-premium-protection-sae-10w30-full-synthetic\/"]}]},{"@type":"ImageObject","inLanguage":"es","@id":"https:\/\/lubrimas.pe\/tienda\/aceite-de-motor\/valvoline-premium-protection-sae-10w30-full-synthetic\/#primaryimage","url":"https:\/\/lubrimas.pe\/tienda\/wp-content\/uploads\/sites\/3\/2022\/06\/valvoline-premium-protection-10w30-galon.webp","contentUrl":"https:\/\/lubrimas.pe\/tienda\/wp-content\/uploads\/sites\/3\/2022\/06\/valvoline-premium-protection-10w30-galon.webp","width":850,"height":1000},{"@type":"BreadcrumbList","@id":"https:\/\/lubrimas.pe\/tienda\/aceite-de-motor\/valvoline-premium-protection-sae-10w30-full-synthetic\/#breadcrumb","itemListElement":[{"@type":"ListItem","position":1,"name":"Portada","item":"https:\/\/lubrimas.pe\/tienda\/"},{"@type":"ListItem","position":2,"name":"Cat\u00e1logo","item":"https:\/\/lubrimas.pe\/tienda\/productos\/"},{"@type":"ListItem","position":3,"name":"VALVOLINE PREMIUM PROTECTION SAE 10W30 FULL SYNTHETIC"}]},{"@type":"WebSite","@id":"https:\/\/lubrimas.pe\/tienda\/#website","url":"https:\/\/lubrimas.pe\/tienda\/","name":"Lubrimas.pe | Tienda Online","description":"Tus lubricantes favoritos al mejor precio!","publisher":{"@id":"https:\/\/lubrimas.pe\/tienda\/#organization"},"potentialAction":[{"@type":"SearchAction","target":{"@type":"EntryPoint","urlTemplate":"https:\/\/lubrimas.pe\/tienda\/?s={search_term_string}"},"query-input":{"@type":"PropertyValueSpecification","valueRequired":true,"valueName":"search_term_string"}}],"inLanguage":"es"},{"@type":"Organization","@id":"https:\/\/lubrimas.pe\/tienda\/#organization","name":"Lubrimas.pe","url":"https:\/\/lubrimas.pe\/tienda\/","logo":{"@type":"ImageObject","inLanguage":"es","@id":"https:\/\/lubrimas.pe\/tienda\/#\/schema\/logo\/image\/","url":"https:\/\/lubrimas.pe\/tienda\/wp-content\/uploads\/sites\/3\/2022\/07\/BANNERS-PROMO-CYBER-WOW-LUBRIMASPE-2022-07.webp","contentUrl":"https:\/\/lubrimas.pe\/tienda\/wp-content\/uploads\/sites\/3\/2022\/07\/BANNERS-PROMO-CYBER-WOW-LUBRIMASPE-2022-07.webp","width":500,"height":752,"caption":"Lubrimas.pe"},"image":{"@id":"https:\/\/lubrimas.pe\/tienda\/#\/schema\/logo\/image\/"}}]}},"_links":{"self":[{"href":"https:\/\/lubrimas.pe\/tienda\/wp-json\/wp\/v2\/product\/401","targetHints":{"allow":["GET"]}}],"collection":[{"href":"https:\/\/lubrimas.pe\/tienda\/wp-json\/wp\/v2\/product"}],"about":[{"href":"https:\/\/lubrimas.pe\/tienda\/wp-json\/wp\/v2\/types\/product"}],"wp:featuredmedia":[{"embeddable":true,"href":"https:\/\/lubrimas.pe\/tienda\/wp-json\/wp\/v2\/media\/14781"}],"wp:attachment":[{"href":"https:\/\/lubrimas.pe\/tienda\/wp-json\/wp\/v2\/media?parent=401"}],"wp:term":[{"taxonomy":"product_brand","embeddable":true,"href":"https:\/\/lubrimas.pe\/tienda\/wp-json\/wp\/v2\/product_brand?post=401"},{"taxonomy":"product_cat","embeddable":true,"href":"https:\/\/lubrimas.pe\/tienda\/wp-json\/wp\/v2\/product_cat?post=401"},{"taxonomy":"product_tag","embeddable":true,"href":"https:\/\/lubrimas.pe\/tienda\/wp-json\/wp\/v2\/product_tag?post=401"}],"curies":[{"name":"wp","href":"https:\/\/api.w.org\/{rel}","templated":true}]}}