{"id":432,"date":"2022-01-19T20:31:50","date_gmt":"2022-01-19T20:31:50","guid":{"rendered":"https:\/\/lubrimas.pe\/tienda\/?post_type=product&#038;p=432"},"modified":"2024-04-20T14:17:12","modified_gmt":"2024-04-20T19:17:12","slug":"castrol-axle-80w90","status":"publish","type":"product","link":"https:\/\/lubrimas.pe\/tienda\/aceite-de-caja\/castrol-axle-80w90\/","title":{"rendered":"CASTROL AXLE 80W90"},"content":{"rendered":"<p><strong>Castrol Axle Limited Slip<\/strong> es un aceite multigrado para engranes que proporciona un excelente desempe\u00f1o en transmisiones manuales no sincronizadas y en diferenciales de camiones de servicio pesado. Proporciona excelente protecci\u00f3n contra el desgaste de engranes rectos e hipoidales provocado por alta carga y alta temperatura de operaci\u00f3n; y adem\u00e1s, brinda protecci\u00f3n contra la generaci\u00f3n de herrumbre dentro de la transmisi\u00f3n y contra el incremento de viscosidad causado por oxidaci\u00f3n.<\/p>\n","protected":false},"excerpt":{"rendered":"<p>Castrol Axle Limited Slip es un aceite multigrado para engranes que proporciona un excelente desempe\u00f1o en transmisiones manuales no sincronizadas y en diferenciales de camiones de servicio pesado. Proporciona excelente<\/p>\n","protected":false},"featured_media":11438,"template":"","meta":[],"product_brand":[],"product_cat":[27,28],"product_tag":[31,21,30,19],"class_list":{"0":"post-432","1":"product","2":"type-product","3":"status-publish","4":"has-post-thumbnail","6":"product_cat-aceite-de-caja","7":"product_cat-caja-manual-mecanica","8":"product_tag-80w90","9":"product_tag-automotriz","10":"product_tag-castrol","11":"product_tag-lubricantes","12":"pa_grado-80w90","13":"pa_marca-castrol","15":"first","16":"outofstock","17":"sale","18":"shipping-taxable","19":"purchasable","20":"product-type-variable","21":"has-default-attributes"},"yoast_head":"<!-- This site is optimized with the Yoast SEO plugin v27.1.1 - https:\/\/yoast.com\/product\/yoast-seo-wordpress\/ -->\n<title>CASTROL AXLE 80W90 | Lubrimas.pe | Tienda Online<\/title>\n<meta name=\"robots\" content=\"index, follow, max-snippet:-1, max-image-preview:large, max-video-preview:-1\" \/>\n<link rel=\"canonical\" href=\"https:\/\/lubrimas.pe\/tienda\/aceite-de-caja\/castrol-axle-80w90\/\" \/>\n<meta property=\"og:locale\" content=\"es_ES\" \/>\n<meta property=\"og:type\" content=\"article\" \/>\n<meta property=\"og:title\" content=\"CASTROL AXLE 80W90 | Lubrimas.pe | Tienda Online\" \/>\n<meta property=\"og:description\" content=\"Castrol Axle Limited Slip es un aceite multigrado para engranes que proporciona un excelente desempe\u00f1o en transmisiones manuales no sincronizadas y en diferenciales de camiones de servicio pesado. Proporciona excelente\" \/>\n<meta property=\"og:url\" content=\"https:\/\/lubrimas.pe\/tienda\/aceite-de-caja\/castrol-axle-80w90\/\" \/>\n<meta property=\"og:site_name\" content=\"Lubrimas.pe | Tienda Online\" \/>\n<meta property=\"article:modified_time\" content=\"2024-04-20T19:17:12+00:00\" \/>\n<meta property=\"og:image\" content=\"https:\/\/lubrimas.pe\/tienda\/wp-content\/uploads\/sites\/3\/2022\/02\/lubrimas_pe-lubrimasperu-aceite-castrol-axle-gear-oil-engranajes-api-gl5-80w90-multigrado-litro-losolivos-lima-peru.webp\" \/>\n\t<meta property=\"og:image:width\" content=\"850\" \/>\n\t<meta property=\"og:image:height\" content=\"1000\" \/>\n\t<meta property=\"og:image:type\" content=\"image\/webp\" \/>\n<meta name=\"twitter:card\" content=\"summary_large_image\" \/>\n<script type=\"application\/ld+json\" class=\"yoast-schema-graph\">{\"@context\":\"https:\/\/schema.org\",\"@graph\":[{\"@type\":[\"WebPage\",\"ItemPage\"],\"@id\":\"https:\/\/lubrimas.pe\/tienda\/aceite-de-caja\/castrol-axle-80w90\/\",\"url\":\"https:\/\/lubrimas.pe\/tienda\/aceite-de-caja\/castrol-axle-80w90\/\",\"name\":\"CASTROL AXLE 80W90 | Lubrimas.pe | Tienda Online\",\"isPartOf\":{\"@id\":\"https:\/\/lubrimas.pe\/tienda\/#website\"},\"primaryImageOfPage\":{\"@id\":\"https:\/\/lubrimas.pe\/tienda\/aceite-de-caja\/castrol-axle-80w90\/#primaryimage\"},\"image\":{\"@id\":\"https:\/\/lubrimas.pe\/tienda\/aceite-de-caja\/castrol-axle-80w90\/#primaryimage\"},\"thumbnailUrl\":\"https:\/\/lubrimas.pe\/tienda\/wp-content\/uploads\/sites\/3\/2022\/02\/lubrimas_pe-lubrimasperu-aceite-castrol-axle-gear-oil-engranajes-api-gl5-80w90-multigrado-litro-losolivos-lima-peru.webp\",\"datePublished\":\"2022-01-19T20:31:50+00:00\",\"dateModified\":\"2024-04-20T19:17:12+00:00\",\"breadcrumb\":{\"@id\":\"https:\/\/lubrimas.pe\/tienda\/aceite-de-caja\/castrol-axle-80w90\/#breadcrumb\"},\"inLanguage\":\"es\",\"potentialAction\":[{\"@type\":\"ReadAction\",\"target\":[\"https:\/\/lubrimas.pe\/tienda\/aceite-de-caja\/castrol-axle-80w90\/\"]}]},{\"@type\":\"ImageObject\",\"inLanguage\":\"es\",\"@id\":\"https:\/\/lubrimas.pe\/tienda\/aceite-de-caja\/castrol-axle-80w90\/#primaryimage\",\"url\":\"https:\/\/lubrimas.pe\/tienda\/wp-content\/uploads\/sites\/3\/2022\/02\/lubrimas_pe-lubrimasperu-aceite-castrol-axle-gear-oil-engranajes-api-gl5-80w90-multigrado-litro-losolivos-lima-peru.webp\",\"contentUrl\":\"https:\/\/lubrimas.pe\/tienda\/wp-content\/uploads\/sites\/3\/2022\/02\/lubrimas_pe-lubrimasperu-aceite-castrol-axle-gear-oil-engranajes-api-gl5-80w90-multigrado-litro-losolivos-lima-peru.webp\",\"width\":850,\"height\":1000},{\"@type\":\"BreadcrumbList\",\"@id\":\"https:\/\/lubrimas.pe\/tienda\/aceite-de-caja\/castrol-axle-80w90\/#breadcrumb\",\"itemListElement\":[{\"@type\":\"ListItem\",\"position\":1,\"name\":\"Portada\",\"item\":\"https:\/\/lubrimas.pe\/tienda\/\"},{\"@type\":\"ListItem\",\"position\":2,\"name\":\"Cat\u00e1logo\",\"item\":\"https:\/\/lubrimas.pe\/tienda\/productos\/\"},{\"@type\":\"ListItem\",\"position\":3,\"name\":\"CASTROL AXLE 80W90\"}]},{\"@type\":\"WebSite\",\"@id\":\"https:\/\/lubrimas.pe\/tienda\/#website\",\"url\":\"https:\/\/lubrimas.pe\/tienda\/\",\"name\":\"Lubrimas.pe | Tienda Online\",\"description\":\"Tus lubricantes favoritos al mejor precio!\",\"publisher\":{\"@id\":\"https:\/\/lubrimas.pe\/tienda\/#organization\"},\"potentialAction\":[{\"@type\":\"SearchAction\",\"target\":{\"@type\":\"EntryPoint\",\"urlTemplate\":\"https:\/\/lubrimas.pe\/tienda\/?s={search_term_string}\"},\"query-input\":{\"@type\":\"PropertyValueSpecification\",\"valueRequired\":true,\"valueName\":\"search_term_string\"}}],\"inLanguage\":\"es\"},{\"@type\":\"Organization\",\"@id\":\"https:\/\/lubrimas.pe\/tienda\/#organization\",\"name\":\"Lubrimas.pe\",\"url\":\"https:\/\/lubrimas.pe\/tienda\/\",\"logo\":{\"@type\":\"ImageObject\",\"inLanguage\":\"es\",\"@id\":\"https:\/\/lubrimas.pe\/tienda\/#\/schema\/logo\/image\/\",\"url\":\"https:\/\/lubrimas.pe\/tienda\/wp-content\/uploads\/sites\/3\/2022\/07\/BANNERS-PROMO-CYBER-WOW-LUBRIMASPE-2022-07.webp\",\"contentUrl\":\"https:\/\/lubrimas.pe\/tienda\/wp-content\/uploads\/sites\/3\/2022\/07\/BANNERS-PROMO-CYBER-WOW-LUBRIMASPE-2022-07.webp\",\"width\":500,\"height\":752,\"caption\":\"Lubrimas.pe\"},\"image\":{\"@id\":\"https:\/\/lubrimas.pe\/tienda\/#\/schema\/logo\/image\/\"}}]}<\/script>\n<!-- \/ Yoast SEO plugin. -->","yoast_head_json":{"title":"CASTROL AXLE 80W90 | Lubrimas.pe | Tienda Online","robots":{"index":"index","follow":"follow","max-snippet":"max-snippet:-1","max-image-preview":"max-image-preview:large","max-video-preview":"max-video-preview:-1"},"canonical":"https:\/\/lubrimas.pe\/tienda\/aceite-de-caja\/castrol-axle-80w90\/","og_locale":"es_ES","og_type":"article","og_title":"CASTROL AXLE 80W90 | Lubrimas.pe | Tienda Online","og_description":"Castrol Axle Limited Slip es un aceite multigrado para engranes que proporciona un excelente desempe\u00f1o en transmisiones manuales no sincronizadas y en diferenciales de camiones de servicio pesado. Proporciona excelente","og_url":"https:\/\/lubrimas.pe\/tienda\/aceite-de-caja\/castrol-axle-80w90\/","og_site_name":"Lubrimas.pe | Tienda Online","article_modified_time":"2024-04-20T19:17:12+00:00","og_image":[{"width":850,"height":1000,"url":"https:\/\/lubrimas.pe\/tienda\/wp-content\/uploads\/sites\/3\/2022\/02\/lubrimas_pe-lubrimasperu-aceite-castrol-axle-gear-oil-engranajes-api-gl5-80w90-multigrado-litro-losolivos-lima-peru.webp","type":"image\/webp"}],"twitter_card":"summary_large_image","schema":{"@context":"https:\/\/schema.org","@graph":[{"@type":["WebPage","ItemPage"],"@id":"https:\/\/lubrimas.pe\/tienda\/aceite-de-caja\/castrol-axle-80w90\/","url":"https:\/\/lubrimas.pe\/tienda\/aceite-de-caja\/castrol-axle-80w90\/","name":"CASTROL AXLE 80W90 | Lubrimas.pe | Tienda Online","isPartOf":{"@id":"https:\/\/lubrimas.pe\/tienda\/#website"},"primaryImageOfPage":{"@id":"https:\/\/lubrimas.pe\/tienda\/aceite-de-caja\/castrol-axle-80w90\/#primaryimage"},"image":{"@id":"https:\/\/lubrimas.pe\/tienda\/aceite-de-caja\/castrol-axle-80w90\/#primaryimage"},"thumbnailUrl":"https:\/\/lubrimas.pe\/tienda\/wp-content\/uploads\/sites\/3\/2022\/02\/lubrimas_pe-lubrimasperu-aceite-castrol-axle-gear-oil-engranajes-api-gl5-80w90-multigrado-litro-losolivos-lima-peru.webp","datePublished":"2022-01-19T20:31:50+00:00","dateModified":"2024-04-20T19:17:12+00:00","breadcrumb":{"@id":"https:\/\/lubrimas.pe\/tienda\/aceite-de-caja\/castrol-axle-80w90\/#breadcrumb"},"inLanguage":"es","potentialAction":[{"@type":"ReadAction","target":["https:\/\/lubrimas.pe\/tienda\/aceite-de-caja\/castrol-axle-80w90\/"]}]},{"@type":"ImageObject","inLanguage":"es","@id":"https:\/\/lubrimas.pe\/tienda\/aceite-de-caja\/castrol-axle-80w90\/#primaryimage","url":"https:\/\/lubrimas.pe\/tienda\/wp-content\/uploads\/sites\/3\/2022\/02\/lubrimas_pe-lubrimasperu-aceite-castrol-axle-gear-oil-engranajes-api-gl5-80w90-multigrado-litro-losolivos-lima-peru.webp","contentUrl":"https:\/\/lubrimas.pe\/tienda\/wp-content\/uploads\/sites\/3\/2022\/02\/lubrimas_pe-lubrimasperu-aceite-castrol-axle-gear-oil-engranajes-api-gl5-80w90-multigrado-litro-losolivos-lima-peru.webp","width":850,"height":1000},{"@type":"BreadcrumbList","@id":"https:\/\/lubrimas.pe\/tienda\/aceite-de-caja\/castrol-axle-80w90\/#breadcrumb","itemListElement":[{"@type":"ListItem","position":1,"name":"Portada","item":"https:\/\/lubrimas.pe\/tienda\/"},{"@type":"ListItem","position":2,"name":"Cat\u00e1logo","item":"https:\/\/lubrimas.pe\/tienda\/productos\/"},{"@type":"ListItem","position":3,"name":"CASTROL AXLE 80W90"}]},{"@type":"WebSite","@id":"https:\/\/lubrimas.pe\/tienda\/#website","url":"https:\/\/lubrimas.pe\/tienda\/","name":"Lubrimas.pe | Tienda Online","description":"Tus lubricantes favoritos al mejor precio!","publisher":{"@id":"https:\/\/lubrimas.pe\/tienda\/#organization"},"potentialAction":[{"@type":"SearchAction","target":{"@type":"EntryPoint","urlTemplate":"https:\/\/lubrimas.pe\/tienda\/?s={search_term_string}"},"query-input":{"@type":"PropertyValueSpecification","valueRequired":true,"valueName":"search_term_string"}}],"inLanguage":"es"},{"@type":"Organization","@id":"https:\/\/lubrimas.pe\/tienda\/#organization","name":"Lubrimas.pe","url":"https:\/\/lubrimas.pe\/tienda\/","logo":{"@type":"ImageObject","inLanguage":"es","@id":"https:\/\/lubrimas.pe\/tienda\/#\/schema\/logo\/image\/","url":"https:\/\/lubrimas.pe\/tienda\/wp-content\/uploads\/sites\/3\/2022\/07\/BANNERS-PROMO-CYBER-WOW-LUBRIMASPE-2022-07.webp","contentUrl":"https:\/\/lubrimas.pe\/tienda\/wp-content\/uploads\/sites\/3\/2022\/07\/BANNERS-PROMO-CYBER-WOW-LUBRIMASPE-2022-07.webp","width":500,"height":752,"caption":"Lubrimas.pe"},"image":{"@id":"https:\/\/lubrimas.pe\/tienda\/#\/schema\/logo\/image\/"}}]}},"_links":{"self":[{"href":"https:\/\/lubrimas.pe\/tienda\/wp-json\/wp\/v2\/product\/432","targetHints":{"allow":["GET"]}}],"collection":[{"href":"https:\/\/lubrimas.pe\/tienda\/wp-json\/wp\/v2\/product"}],"about":[{"href":"https:\/\/lubrimas.pe\/tienda\/wp-json\/wp\/v2\/types\/product"}],"wp:featuredmedia":[{"embeddable":true,"href":"https:\/\/lubrimas.pe\/tienda\/wp-json\/wp\/v2\/media\/11438"}],"wp:attachment":[{"href":"https:\/\/lubrimas.pe\/tienda\/wp-json\/wp\/v2\/media?parent=432"}],"wp:term":[{"taxonomy":"product_brand","embeddable":true,"href":"https:\/\/lubrimas.pe\/tienda\/wp-json\/wp\/v2\/product_brand?post=432"},{"taxonomy":"product_cat","embeddable":true,"href":"https:\/\/lubrimas.pe\/tienda\/wp-json\/wp\/v2\/product_cat?post=432"},{"taxonomy":"product_tag","embeddable":true,"href":"https:\/\/lubrimas.pe\/tienda\/wp-json\/wp\/v2\/product_tag?post=432"}],"curies":[{"name":"wp","href":"https:\/\/api.w.org\/{rel}","templated":true}]}}