{"id":445,"date":"2022-01-19T20:32:11","date_gmt":"2022-01-19T20:32:11","guid":{"rendered":"https:\/\/lubrimas.pe\/tienda\/?post_type=product&#038;p=445"},"modified":"2026-01-07T10:13:52","modified_gmt":"2026-01-07T15:13:52","slug":"motul-ff-gear-competition-sae-75w140-api-gl-5-sintetico","status":"publish","type":"product","link":"https:\/\/lubrimas.pe\/tienda\/aceite-de-caja\/motul-ff-gear-competition-sae-75w140-api-gl-5-sintetico\/","title":{"rendered":"MOTUL FF GEAR COMPETITION SAE 75W140 API GL-5 SINT\u00c9TICO"},"content":{"rendered":"<p>Lubricante 100% Sint\u00e9tico Ester para transmisiones de engranajes de veh\u00edculos de competici\u00f3n con diferenciales de deslizamiento limitado. Para todos los grupos diferenciales hipoides autoblocantes, cajas de velocidades con diferenciales autoblocantes, trasnmisiones mec\u00e1nicas, cajas de velocidades sincronizadas o no, grupos de transferencia sometidos a golpes, cargas fuertes y baja velocidad o cargas moderadas y velocidades altas. Para todo tipo de competiciones.<\/p>\n<p>&nbsp;<\/p>\n","protected":false},"excerpt":{"rendered":"<p>Lubricante 100% Sint\u00e9tico Ester para transmisiones de engranajes de veh\u00edculos de competici\u00f3n con diferenciales de deslizamiento limitado. Para todos los grupos diferenciales hipoides autoblocantes, cajas de velocidades con diferenciales autoblocantes,<\/p>\n","protected":false},"featured_media":15192,"template":"","meta":[],"product_brand":[],"product_cat":[27,28],"product_tag":[],"class_list":{"0":"post-445","1":"product","2":"type-product","3":"status-publish","4":"has-post-thumbnail","6":"product_cat-aceite-de-caja","7":"product_cat-caja-manual-mecanica","8":"pa_engranaje-gl-5","9":"pa_grado-75w140","10":"pa_marca-motul","12":"first","13":"outofstock","14":"sale","15":"shipping-taxable","16":"purchasable","17":"product-type-variable","18":"has-default-attributes"},"yoast_head":"<!-- This site is optimized with the Yoast SEO plugin v27.4 - https:\/\/yoast.com\/product\/yoast-seo-wordpress\/ -->\n<title>MOTUL FF GEAR COMPETITION SAE 75W140 API GL-5 SINT\u00c9TICO | Lubrimas.pe | Tienda Online<\/title>\n<meta name=\"robots\" content=\"index, follow, max-snippet:-1, max-image-preview:large, max-video-preview:-1\" \/>\n<link rel=\"canonical\" href=\"https:\/\/lubrimas.pe\/tienda\/aceite-de-caja\/motul-ff-gear-competition-sae-75w140-api-gl-5-sintetico\/\" \/>\n<meta property=\"og:locale\" content=\"es_ES\" \/>\n<meta property=\"og:type\" content=\"article\" \/>\n<meta property=\"og:title\" content=\"MOTUL FF GEAR COMPETITION SAE 75W140 API GL-5 SINT\u00c9TICO | Lubrimas.pe | Tienda Online\" \/>\n<meta property=\"og:description\" content=\"Lubricante 100% Sint\u00e9tico Ester para transmisiones de engranajes de veh\u00edculos de competici\u00f3n con diferenciales de deslizamiento limitado. Para todos los grupos diferenciales hipoides autoblocantes, cajas de velocidades con diferenciales autoblocantes,\" \/>\n<meta property=\"og:url\" content=\"https:\/\/lubrimas.pe\/tienda\/aceite-de-caja\/motul-ff-gear-competition-sae-75w140-api-gl-5-sintetico\/\" \/>\n<meta property=\"og:site_name\" content=\"Lubrimas.pe | Tienda Online\" \/>\n<meta property=\"article:modified_time\" content=\"2026-01-07T15:13:52+00:00\" \/>\n<meta property=\"og:image\" content=\"https:\/\/lubrimas.pe\/tienda\/wp-content\/uploads\/sites\/3\/2022\/01\/MOTUL-FF-GEAR-COMPETITION-SAE-75W140.webp\" \/>\n\t<meta property=\"og:image:width\" content=\"1771\" \/>\n\t<meta property=\"og:image:height\" content=\"2083\" \/>\n\t<meta property=\"og:image:type\" content=\"image\/webp\" \/>\n<meta name=\"twitter:card\" content=\"summary_large_image\" \/>\n<script type=\"application\/ld+json\" class=\"yoast-schema-graph\">{\"@context\":\"https:\\\/\\\/schema.org\",\"@graph\":[{\"@type\":[\"WebPage\",\"ItemPage\"],\"@id\":\"https:\\\/\\\/lubrimas.pe\\\/tienda\\\/aceite-de-caja\\\/motul-ff-gear-competition-sae-75w140-api-gl-5-sintetico\\\/\",\"url\":\"https:\\\/\\\/lubrimas.pe\\\/tienda\\\/aceite-de-caja\\\/motul-ff-gear-competition-sae-75w140-api-gl-5-sintetico\\\/\",\"name\":\"MOTUL FF GEAR COMPETITION SAE 75W140 API GL-5 SINT\u00c9TICO | Lubrimas.pe | Tienda Online\",\"isPartOf\":{\"@id\":\"https:\\\/\\\/lubrimas.pe\\\/tienda\\\/#website\"},\"primaryImageOfPage\":{\"@id\":\"https:\\\/\\\/lubrimas.pe\\\/tienda\\\/aceite-de-caja\\\/motul-ff-gear-competition-sae-75w140-api-gl-5-sintetico\\\/#primaryimage\"},\"image\":{\"@id\":\"https:\\\/\\\/lubrimas.pe\\\/tienda\\\/aceite-de-caja\\\/motul-ff-gear-competition-sae-75w140-api-gl-5-sintetico\\\/#primaryimage\"},\"thumbnailUrl\":\"https:\\\/\\\/lubrimas.pe\\\/tienda\\\/wp-content\\\/uploads\\\/sites\\\/3\\\/2022\\\/01\\\/MOTUL-FF-GEAR-COMPETITION-SAE-75W140.webp\",\"datePublished\":\"2022-01-19T20:32:11+00:00\",\"dateModified\":\"2026-01-07T15:13:52+00:00\",\"breadcrumb\":{\"@id\":\"https:\\\/\\\/lubrimas.pe\\\/tienda\\\/aceite-de-caja\\\/motul-ff-gear-competition-sae-75w140-api-gl-5-sintetico\\\/#breadcrumb\"},\"inLanguage\":\"es\",\"potentialAction\":[{\"@type\":\"ReadAction\",\"target\":[\"https:\\\/\\\/lubrimas.pe\\\/tienda\\\/aceite-de-caja\\\/motul-ff-gear-competition-sae-75w140-api-gl-5-sintetico\\\/\"]}]},{\"@type\":\"ImageObject\",\"inLanguage\":\"es\",\"@id\":\"https:\\\/\\\/lubrimas.pe\\\/tienda\\\/aceite-de-caja\\\/motul-ff-gear-competition-sae-75w140-api-gl-5-sintetico\\\/#primaryimage\",\"url\":\"https:\\\/\\\/lubrimas.pe\\\/tienda\\\/wp-content\\\/uploads\\\/sites\\\/3\\\/2022\\\/01\\\/MOTUL-FF-GEAR-COMPETITION-SAE-75W140.webp\",\"contentUrl\":\"https:\\\/\\\/lubrimas.pe\\\/tienda\\\/wp-content\\\/uploads\\\/sites\\\/3\\\/2022\\\/01\\\/MOTUL-FF-GEAR-COMPETITION-SAE-75W140.webp\",\"width\":1771,\"height\":2083},{\"@type\":\"BreadcrumbList\",\"@id\":\"https:\\\/\\\/lubrimas.pe\\\/tienda\\\/aceite-de-caja\\\/motul-ff-gear-competition-sae-75w140-api-gl-5-sintetico\\\/#breadcrumb\",\"itemListElement\":[{\"@type\":\"ListItem\",\"position\":1,\"name\":\"Portada\",\"item\":\"https:\\\/\\\/lubrimas.pe\\\/tienda\\\/\"},{\"@type\":\"ListItem\",\"position\":2,\"name\":\"Cat\u00e1logo\",\"item\":\"https:\\\/\\\/lubrimas.pe\\\/tienda\\\/productos\\\/\"},{\"@type\":\"ListItem\",\"position\":3,\"name\":\"MOTUL FF GEAR COMPETITION SAE 75W140 API GL-5 SINT\u00c9TICO\"}]},{\"@type\":\"WebSite\",\"@id\":\"https:\\\/\\\/lubrimas.pe\\\/tienda\\\/#website\",\"url\":\"https:\\\/\\\/lubrimas.pe\\\/tienda\\\/\",\"name\":\"Lubrimas.pe | Tienda Online\",\"description\":\"Tus lubricantes favoritos al mejor precio!\",\"publisher\":{\"@id\":\"https:\\\/\\\/lubrimas.pe\\\/tienda\\\/#organization\"},\"potentialAction\":[{\"@type\":\"SearchAction\",\"target\":{\"@type\":\"EntryPoint\",\"urlTemplate\":\"https:\\\/\\\/lubrimas.pe\\\/tienda\\\/?s={search_term_string}\"},\"query-input\":{\"@type\":\"PropertyValueSpecification\",\"valueRequired\":true,\"valueName\":\"search_term_string\"}}],\"inLanguage\":\"es\"},{\"@type\":\"Organization\",\"@id\":\"https:\\\/\\\/lubrimas.pe\\\/tienda\\\/#organization\",\"name\":\"Lubrimas.pe\",\"url\":\"https:\\\/\\\/lubrimas.pe\\\/tienda\\\/\",\"logo\":{\"@type\":\"ImageObject\",\"inLanguage\":\"es\",\"@id\":\"https:\\\/\\\/lubrimas.pe\\\/tienda\\\/#\\\/schema\\\/logo\\\/image\\\/\",\"url\":\"https:\\\/\\\/lubrimas.pe\\\/tienda\\\/wp-content\\\/uploads\\\/sites\\\/3\\\/2022\\\/07\\\/BANNERS-PROMO-CYBER-WOW-LUBRIMASPE-2022-07.webp\",\"contentUrl\":\"https:\\\/\\\/lubrimas.pe\\\/tienda\\\/wp-content\\\/uploads\\\/sites\\\/3\\\/2022\\\/07\\\/BANNERS-PROMO-CYBER-WOW-LUBRIMASPE-2022-07.webp\",\"width\":500,\"height\":752,\"caption\":\"Lubrimas.pe\"},\"image\":{\"@id\":\"https:\\\/\\\/lubrimas.pe\\\/tienda\\\/#\\\/schema\\\/logo\\\/image\\\/\"}}]}<\/script>\n<!-- \/ Yoast SEO plugin. -->","yoast_head_json":{"title":"MOTUL FF GEAR COMPETITION SAE 75W140 API GL-5 SINT\u00c9TICO | Lubrimas.pe | Tienda Online","robots":{"index":"index","follow":"follow","max-snippet":"max-snippet:-1","max-image-preview":"max-image-preview:large","max-video-preview":"max-video-preview:-1"},"canonical":"https:\/\/lubrimas.pe\/tienda\/aceite-de-caja\/motul-ff-gear-competition-sae-75w140-api-gl-5-sintetico\/","og_locale":"es_ES","og_type":"article","og_title":"MOTUL FF GEAR COMPETITION SAE 75W140 API GL-5 SINT\u00c9TICO | Lubrimas.pe | Tienda Online","og_description":"Lubricante 100% Sint\u00e9tico Ester para transmisiones de engranajes de veh\u00edculos de competici\u00f3n con diferenciales de deslizamiento limitado. Para todos los grupos diferenciales hipoides autoblocantes, cajas de velocidades con diferenciales autoblocantes,","og_url":"https:\/\/lubrimas.pe\/tienda\/aceite-de-caja\/motul-ff-gear-competition-sae-75w140-api-gl-5-sintetico\/","og_site_name":"Lubrimas.pe | Tienda Online","article_modified_time":"2026-01-07T15:13:52+00:00","og_image":[{"width":1771,"height":2083,"url":"https:\/\/lubrimas.pe\/tienda\/wp-content\/uploads\/sites\/3\/2022\/01\/MOTUL-FF-GEAR-COMPETITION-SAE-75W140.webp","type":"image\/webp"}],"twitter_card":"summary_large_image","schema":{"@context":"https:\/\/schema.org","@graph":[{"@type":["WebPage","ItemPage"],"@id":"https:\/\/lubrimas.pe\/tienda\/aceite-de-caja\/motul-ff-gear-competition-sae-75w140-api-gl-5-sintetico\/","url":"https:\/\/lubrimas.pe\/tienda\/aceite-de-caja\/motul-ff-gear-competition-sae-75w140-api-gl-5-sintetico\/","name":"MOTUL FF GEAR COMPETITION SAE 75W140 API GL-5 SINT\u00c9TICO | Lubrimas.pe | Tienda Online","isPartOf":{"@id":"https:\/\/lubrimas.pe\/tienda\/#website"},"primaryImageOfPage":{"@id":"https:\/\/lubrimas.pe\/tienda\/aceite-de-caja\/motul-ff-gear-competition-sae-75w140-api-gl-5-sintetico\/#primaryimage"},"image":{"@id":"https:\/\/lubrimas.pe\/tienda\/aceite-de-caja\/motul-ff-gear-competition-sae-75w140-api-gl-5-sintetico\/#primaryimage"},"thumbnailUrl":"https:\/\/lubrimas.pe\/tienda\/wp-content\/uploads\/sites\/3\/2022\/01\/MOTUL-FF-GEAR-COMPETITION-SAE-75W140.webp","datePublished":"2022-01-19T20:32:11+00:00","dateModified":"2026-01-07T15:13:52+00:00","breadcrumb":{"@id":"https:\/\/lubrimas.pe\/tienda\/aceite-de-caja\/motul-ff-gear-competition-sae-75w140-api-gl-5-sintetico\/#breadcrumb"},"inLanguage":"es","potentialAction":[{"@type":"ReadAction","target":["https:\/\/lubrimas.pe\/tienda\/aceite-de-caja\/motul-ff-gear-competition-sae-75w140-api-gl-5-sintetico\/"]}]},{"@type":"ImageObject","inLanguage":"es","@id":"https:\/\/lubrimas.pe\/tienda\/aceite-de-caja\/motul-ff-gear-competition-sae-75w140-api-gl-5-sintetico\/#primaryimage","url":"https:\/\/lubrimas.pe\/tienda\/wp-content\/uploads\/sites\/3\/2022\/01\/MOTUL-FF-GEAR-COMPETITION-SAE-75W140.webp","contentUrl":"https:\/\/lubrimas.pe\/tienda\/wp-content\/uploads\/sites\/3\/2022\/01\/MOTUL-FF-GEAR-COMPETITION-SAE-75W140.webp","width":1771,"height":2083},{"@type":"BreadcrumbList","@id":"https:\/\/lubrimas.pe\/tienda\/aceite-de-caja\/motul-ff-gear-competition-sae-75w140-api-gl-5-sintetico\/#breadcrumb","itemListElement":[{"@type":"ListItem","position":1,"name":"Portada","item":"https:\/\/lubrimas.pe\/tienda\/"},{"@type":"ListItem","position":2,"name":"Cat\u00e1logo","item":"https:\/\/lubrimas.pe\/tienda\/productos\/"},{"@type":"ListItem","position":3,"name":"MOTUL FF GEAR COMPETITION SAE 75W140 API GL-5 SINT\u00c9TICO"}]},{"@type":"WebSite","@id":"https:\/\/lubrimas.pe\/tienda\/#website","url":"https:\/\/lubrimas.pe\/tienda\/","name":"Lubrimas.pe | Tienda Online","description":"Tus lubricantes favoritos al mejor precio!","publisher":{"@id":"https:\/\/lubrimas.pe\/tienda\/#organization"},"potentialAction":[{"@type":"SearchAction","target":{"@type":"EntryPoint","urlTemplate":"https:\/\/lubrimas.pe\/tienda\/?s={search_term_string}"},"query-input":{"@type":"PropertyValueSpecification","valueRequired":true,"valueName":"search_term_string"}}],"inLanguage":"es"},{"@type":"Organization","@id":"https:\/\/lubrimas.pe\/tienda\/#organization","name":"Lubrimas.pe","url":"https:\/\/lubrimas.pe\/tienda\/","logo":{"@type":"ImageObject","inLanguage":"es","@id":"https:\/\/lubrimas.pe\/tienda\/#\/schema\/logo\/image\/","url":"https:\/\/lubrimas.pe\/tienda\/wp-content\/uploads\/sites\/3\/2022\/07\/BANNERS-PROMO-CYBER-WOW-LUBRIMASPE-2022-07.webp","contentUrl":"https:\/\/lubrimas.pe\/tienda\/wp-content\/uploads\/sites\/3\/2022\/07\/BANNERS-PROMO-CYBER-WOW-LUBRIMASPE-2022-07.webp","width":500,"height":752,"caption":"Lubrimas.pe"},"image":{"@id":"https:\/\/lubrimas.pe\/tienda\/#\/schema\/logo\/image\/"}}]}},"_links":{"self":[{"href":"https:\/\/lubrimas.pe\/tienda\/wp-json\/wp\/v2\/product\/445","targetHints":{"allow":["GET"]}}],"collection":[{"href":"https:\/\/lubrimas.pe\/tienda\/wp-json\/wp\/v2\/product"}],"about":[{"href":"https:\/\/lubrimas.pe\/tienda\/wp-json\/wp\/v2\/types\/product"}],"wp:featuredmedia":[{"embeddable":true,"href":"https:\/\/lubrimas.pe\/tienda\/wp-json\/wp\/v2\/media\/15192"}],"wp:attachment":[{"href":"https:\/\/lubrimas.pe\/tienda\/wp-json\/wp\/v2\/media?parent=445"}],"wp:term":[{"taxonomy":"product_brand","embeddable":true,"href":"https:\/\/lubrimas.pe\/tienda\/wp-json\/wp\/v2\/product_brand?post=445"},{"taxonomy":"product_cat","embeddable":true,"href":"https:\/\/lubrimas.pe\/tienda\/wp-json\/wp\/v2\/product_cat?post=445"},{"taxonomy":"product_tag","embeddable":true,"href":"https:\/\/lubrimas.pe\/tienda\/wp-json\/wp\/v2\/product_tag?post=445"}],"curies":[{"name":"wp","href":"https:\/\/api.w.org\/{rel}","templated":true}]}}