{"id":452,"date":"2022-01-19T20:32:12","date_gmt":"2022-01-20T01:32:12","guid":{"rendered":"https:\/\/lubrimas.pe\/tienda\/?post_type=product&#038;p=452"},"modified":"2025-02-14T10:34:50","modified_gmt":"2025-02-14T15:34:50","slug":"hyundai-mobis-mtf-sae-75w-85w-gl-4","status":"publish","type":"product","link":"https:\/\/lubrimas.pe\/tienda\/aceite-de-caja\/hyundai-mobis-mtf-sae-75w-85w-gl-4\/","title":{"rendered":"HYUNDAI MOBIS MTF SAE 75W85 GL-4 &#8211; Aceite Original Hyundai \/ Kia"},"content":{"rendered":"<p>Aceite de engranajes para toda estaci\u00f3n, compatible con todos\u00a0materiales de sellado y materiales elast\u00f3meros, as\u00ed como con metales y aleaciones, Utilizado en las transmisiones de veh\u00edculos de\u00a0<b>HYUNDAI<\/b>\u00a0y de<b>\u00a0Kia<\/b>. Cuidadosamente seleccionados un paquete de aditivos altamente eficaz y una tecnolog\u00eda sint\u00e9tica para la producci\u00f3n de aceites de base permiten mantener una fluidez excepcional a bajas temperaturas y excelentes propiedades de sincronizaci\u00f3n en diferentes condiciones de funcionamiento, cambio de marcha f\u00e1cil. Tiene excelente propiedades de baja temperatura, garantiza la lubricaci\u00f3n de todos los pares de fricci\u00f3n incluso a temperaturas muy altas. bajas temperaturas. Las altas propiedades antioxidantes garantizan la limpieza de las partes transmisiones.<\/p>\n","protected":false},"excerpt":{"rendered":"<p>Aceite de engranajes para toda estaci\u00f3n, compatible con todos\u00a0materiales de sellado y materiales elast\u00f3meros, as\u00ed como con metales y aleaciones, Utilizado en las transmisiones de veh\u00edculos de\u00a0HYUNDAI\u00a0y de\u00a0Kia. Cuidadosamente seleccionados<\/p>\n","protected":false},"featured_media":12727,"template":"","meta":[],"product_brand":[],"product_cat":[27,28],"product_tag":[],"class_list":{"0":"post-452","1":"product","2":"type-product","3":"status-publish","4":"has-post-thumbnail","6":"product_cat-aceite-de-caja","7":"product_cat-caja-manual-mecanica","8":"pa_engranaje-gl-4","9":"pa_grado-75w85","10":"pa_marca-hyundai-mobis","11":"pa_transmision-mtf","13":"first","14":"instock","15":"shipping-taxable","16":"purchasable","17":"product-type-variable","18":"has-default-attributes"},"yoast_head":"<!-- This site is optimized with the Yoast SEO plugin v27.5 - https:\/\/yoast.com\/product\/yoast-seo-wordpress\/ -->\n<title>HYUNDAI MOBIS MTF SAE 75W85 GL-4 - Aceite Original Hyundai \/ Kia | Lubrimas.pe | Tienda Online<\/title>\n<meta name=\"robots\" content=\"index, follow, max-snippet:-1, max-image-preview:large, max-video-preview:-1\" \/>\n<link rel=\"canonical\" href=\"https:\/\/lubrimas.pe\/tienda\/aceite-de-caja\/hyundai-mobis-mtf-sae-75w-85w-gl-4\/\" \/>\n<meta property=\"og:locale\" content=\"es_ES\" \/>\n<meta property=\"og:type\" content=\"article\" \/>\n<meta property=\"og:title\" content=\"HYUNDAI MOBIS MTF SAE 75W85 GL-4 - Aceite Original Hyundai \/ Kia | Lubrimas.pe | Tienda Online\" \/>\n<meta property=\"og:description\" content=\"Aceite de engranajes para toda estaci\u00f3n, compatible con todos\u00a0materiales de sellado y materiales elast\u00f3meros, as\u00ed como con metales y aleaciones, Utilizado en las transmisiones de veh\u00edculos de\u00a0HYUNDAI\u00a0y de\u00a0Kia. Cuidadosamente seleccionados\" \/>\n<meta property=\"og:url\" content=\"https:\/\/lubrimas.pe\/tienda\/aceite-de-caja\/hyundai-mobis-mtf-sae-75w-85w-gl-4\/\" \/>\n<meta property=\"og:site_name\" content=\"Lubrimas.pe | Tienda Online\" \/>\n<meta property=\"article:modified_time\" content=\"2025-02-14T15:34:50+00:00\" \/>\n<meta property=\"og:image\" content=\"https:\/\/lubrimas.pe\/tienda\/wp-content\/uploads\/sites\/3\/2022\/10\/lubrimaspe-lubrimasperu-aceite-transmision-mecanica-manual-caja-corona-hyundai-mobis-api-gl5-75w85-litro-losolivos-lima-peru.webp\" \/>\n\t<meta property=\"og:image:width\" content=\"850\" \/>\n\t<meta property=\"og:image:height\" content=\"1000\" \/>\n\t<meta property=\"og:image:type\" content=\"image\/webp\" \/>\n<meta name=\"twitter:card\" content=\"summary_large_image\" \/>\n<meta name=\"twitter:label1\" content=\"Tiempo de lectura\" \/>\n\t<meta name=\"twitter:data1\" content=\"1 minuto\" \/>\n<script type=\"application\/ld+json\" class=\"yoast-schema-graph\">{\"@context\":\"https:\\\/\\\/schema.org\",\"@graph\":[{\"@type\":[\"WebPage\",\"ItemPage\"],\"@id\":\"https:\\\/\\\/lubrimas.pe\\\/tienda\\\/aceite-de-caja\\\/hyundai-mobis-mtf-sae-75w-85w-gl-4\\\/\",\"url\":\"https:\\\/\\\/lubrimas.pe\\\/tienda\\\/aceite-de-caja\\\/hyundai-mobis-mtf-sae-75w-85w-gl-4\\\/\",\"name\":\"HYUNDAI MOBIS MTF SAE 75W85 GL-4 - Aceite Original Hyundai \\\/ Kia | Lubrimas.pe | Tienda Online\",\"isPartOf\":{\"@id\":\"https:\\\/\\\/lubrimas.pe\\\/tienda\\\/#website\"},\"primaryImageOfPage\":{\"@id\":\"https:\\\/\\\/lubrimas.pe\\\/tienda\\\/aceite-de-caja\\\/hyundai-mobis-mtf-sae-75w-85w-gl-4\\\/#primaryimage\"},\"image\":{\"@id\":\"https:\\\/\\\/lubrimas.pe\\\/tienda\\\/aceite-de-caja\\\/hyundai-mobis-mtf-sae-75w-85w-gl-4\\\/#primaryimage\"},\"thumbnailUrl\":\"https:\\\/\\\/lubrimas.pe\\\/tienda\\\/wp-content\\\/uploads\\\/sites\\\/3\\\/2022\\\/10\\\/lubrimaspe-lubrimasperu-aceite-transmision-mecanica-manual-caja-corona-hyundai-mobis-api-gl5-75w85-litro-losolivos-lima-peru.webp\",\"datePublished\":\"2022-01-20T01:32:12+00:00\",\"dateModified\":\"2025-02-14T15:34:50+00:00\",\"breadcrumb\":{\"@id\":\"https:\\\/\\\/lubrimas.pe\\\/tienda\\\/aceite-de-caja\\\/hyundai-mobis-mtf-sae-75w-85w-gl-4\\\/#breadcrumb\"},\"inLanguage\":\"es\",\"potentialAction\":[{\"@type\":\"ReadAction\",\"target\":[\"https:\\\/\\\/lubrimas.pe\\\/tienda\\\/aceite-de-caja\\\/hyundai-mobis-mtf-sae-75w-85w-gl-4\\\/\"]}]},{\"@type\":\"ImageObject\",\"inLanguage\":\"es\",\"@id\":\"https:\\\/\\\/lubrimas.pe\\\/tienda\\\/aceite-de-caja\\\/hyundai-mobis-mtf-sae-75w-85w-gl-4\\\/#primaryimage\",\"url\":\"https:\\\/\\\/lubrimas.pe\\\/tienda\\\/wp-content\\\/uploads\\\/sites\\\/3\\\/2022\\\/10\\\/lubrimaspe-lubrimasperu-aceite-transmision-mecanica-manual-caja-corona-hyundai-mobis-api-gl5-75w85-litro-losolivos-lima-peru.webp\",\"contentUrl\":\"https:\\\/\\\/lubrimas.pe\\\/tienda\\\/wp-content\\\/uploads\\\/sites\\\/3\\\/2022\\\/10\\\/lubrimaspe-lubrimasperu-aceite-transmision-mecanica-manual-caja-corona-hyundai-mobis-api-gl5-75w85-litro-losolivos-lima-peru.webp\",\"width\":850,\"height\":1000},{\"@type\":\"BreadcrumbList\",\"@id\":\"https:\\\/\\\/lubrimas.pe\\\/tienda\\\/aceite-de-caja\\\/hyundai-mobis-mtf-sae-75w-85w-gl-4\\\/#breadcrumb\",\"itemListElement\":[{\"@type\":\"ListItem\",\"position\":1,\"name\":\"Portada\",\"item\":\"https:\\\/\\\/lubrimas.pe\\\/tienda\\\/\"},{\"@type\":\"ListItem\",\"position\":2,\"name\":\"Cat\u00e1logo\",\"item\":\"https:\\\/\\\/lubrimas.pe\\\/tienda\\\/productos\\\/\"},{\"@type\":\"ListItem\",\"position\":3,\"name\":\"HYUNDAI MOBIS MTF SAE 75W85 GL-4 &#8211; Aceite Original Hyundai \\\/ Kia\"}]},{\"@type\":\"WebSite\",\"@id\":\"https:\\\/\\\/lubrimas.pe\\\/tienda\\\/#website\",\"url\":\"https:\\\/\\\/lubrimas.pe\\\/tienda\\\/\",\"name\":\"Lubrimas.pe | Tienda Online\",\"description\":\"Tus lubricantes favoritos al mejor precio!\",\"publisher\":{\"@id\":\"https:\\\/\\\/lubrimas.pe\\\/tienda\\\/#organization\"},\"potentialAction\":[{\"@type\":\"SearchAction\",\"target\":{\"@type\":\"EntryPoint\",\"urlTemplate\":\"https:\\\/\\\/lubrimas.pe\\\/tienda\\\/?s={search_term_string}\"},\"query-input\":{\"@type\":\"PropertyValueSpecification\",\"valueRequired\":true,\"valueName\":\"search_term_string\"}}],\"inLanguage\":\"es\"},{\"@type\":\"Organization\",\"@id\":\"https:\\\/\\\/lubrimas.pe\\\/tienda\\\/#organization\",\"name\":\"Lubrimas.pe\",\"url\":\"https:\\\/\\\/lubrimas.pe\\\/tienda\\\/\",\"logo\":{\"@type\":\"ImageObject\",\"inLanguage\":\"es\",\"@id\":\"https:\\\/\\\/lubrimas.pe\\\/tienda\\\/#\\\/schema\\\/logo\\\/image\\\/\",\"url\":\"https:\\\/\\\/lubrimas.pe\\\/tienda\\\/wp-content\\\/uploads\\\/sites\\\/3\\\/2022\\\/07\\\/BANNERS-PROMO-CYBER-WOW-LUBRIMASPE-2022-07.webp\",\"contentUrl\":\"https:\\\/\\\/lubrimas.pe\\\/tienda\\\/wp-content\\\/uploads\\\/sites\\\/3\\\/2022\\\/07\\\/BANNERS-PROMO-CYBER-WOW-LUBRIMASPE-2022-07.webp\",\"width\":500,\"height\":752,\"caption\":\"Lubrimas.pe\"},\"image\":{\"@id\":\"https:\\\/\\\/lubrimas.pe\\\/tienda\\\/#\\\/schema\\\/logo\\\/image\\\/\"}}]}<\/script>\n<!-- \/ Yoast SEO plugin. -->","yoast_head_json":{"title":"HYUNDAI MOBIS MTF SAE 75W85 GL-4 - Aceite Original Hyundai \/ Kia | Lubrimas.pe | Tienda Online","robots":{"index":"index","follow":"follow","max-snippet":"max-snippet:-1","max-image-preview":"max-image-preview:large","max-video-preview":"max-video-preview:-1"},"canonical":"https:\/\/lubrimas.pe\/tienda\/aceite-de-caja\/hyundai-mobis-mtf-sae-75w-85w-gl-4\/","og_locale":"es_ES","og_type":"article","og_title":"HYUNDAI MOBIS MTF SAE 75W85 GL-4 - Aceite Original Hyundai \/ Kia | Lubrimas.pe | Tienda Online","og_description":"Aceite de engranajes para toda estaci\u00f3n, compatible con todos\u00a0materiales de sellado y materiales elast\u00f3meros, as\u00ed como con metales y aleaciones, Utilizado en las transmisiones de veh\u00edculos de\u00a0HYUNDAI\u00a0y de\u00a0Kia. Cuidadosamente seleccionados","og_url":"https:\/\/lubrimas.pe\/tienda\/aceite-de-caja\/hyundai-mobis-mtf-sae-75w-85w-gl-4\/","og_site_name":"Lubrimas.pe | Tienda Online","article_modified_time":"2025-02-14T15:34:50+00:00","og_image":[{"width":850,"height":1000,"url":"https:\/\/lubrimas.pe\/tienda\/wp-content\/uploads\/sites\/3\/2022\/10\/lubrimaspe-lubrimasperu-aceite-transmision-mecanica-manual-caja-corona-hyundai-mobis-api-gl5-75w85-litro-losolivos-lima-peru.webp","type":"image\/webp"}],"twitter_card":"summary_large_image","twitter_misc":{"Tiempo de lectura":"1 minuto"},"schema":{"@context":"https:\/\/schema.org","@graph":[{"@type":["WebPage","ItemPage"],"@id":"https:\/\/lubrimas.pe\/tienda\/aceite-de-caja\/hyundai-mobis-mtf-sae-75w-85w-gl-4\/","url":"https:\/\/lubrimas.pe\/tienda\/aceite-de-caja\/hyundai-mobis-mtf-sae-75w-85w-gl-4\/","name":"HYUNDAI MOBIS MTF SAE 75W85 GL-4 - Aceite Original Hyundai \/ Kia | Lubrimas.pe | Tienda Online","isPartOf":{"@id":"https:\/\/lubrimas.pe\/tienda\/#website"},"primaryImageOfPage":{"@id":"https:\/\/lubrimas.pe\/tienda\/aceite-de-caja\/hyundai-mobis-mtf-sae-75w-85w-gl-4\/#primaryimage"},"image":{"@id":"https:\/\/lubrimas.pe\/tienda\/aceite-de-caja\/hyundai-mobis-mtf-sae-75w-85w-gl-4\/#primaryimage"},"thumbnailUrl":"https:\/\/lubrimas.pe\/tienda\/wp-content\/uploads\/sites\/3\/2022\/10\/lubrimaspe-lubrimasperu-aceite-transmision-mecanica-manual-caja-corona-hyundai-mobis-api-gl5-75w85-litro-losolivos-lima-peru.webp","datePublished":"2022-01-20T01:32:12+00:00","dateModified":"2025-02-14T15:34:50+00:00","breadcrumb":{"@id":"https:\/\/lubrimas.pe\/tienda\/aceite-de-caja\/hyundai-mobis-mtf-sae-75w-85w-gl-4\/#breadcrumb"},"inLanguage":"es","potentialAction":[{"@type":"ReadAction","target":["https:\/\/lubrimas.pe\/tienda\/aceite-de-caja\/hyundai-mobis-mtf-sae-75w-85w-gl-4\/"]}]},{"@type":"ImageObject","inLanguage":"es","@id":"https:\/\/lubrimas.pe\/tienda\/aceite-de-caja\/hyundai-mobis-mtf-sae-75w-85w-gl-4\/#primaryimage","url":"https:\/\/lubrimas.pe\/tienda\/wp-content\/uploads\/sites\/3\/2022\/10\/lubrimaspe-lubrimasperu-aceite-transmision-mecanica-manual-caja-corona-hyundai-mobis-api-gl5-75w85-litro-losolivos-lima-peru.webp","contentUrl":"https:\/\/lubrimas.pe\/tienda\/wp-content\/uploads\/sites\/3\/2022\/10\/lubrimaspe-lubrimasperu-aceite-transmision-mecanica-manual-caja-corona-hyundai-mobis-api-gl5-75w85-litro-losolivos-lima-peru.webp","width":850,"height":1000},{"@type":"BreadcrumbList","@id":"https:\/\/lubrimas.pe\/tienda\/aceite-de-caja\/hyundai-mobis-mtf-sae-75w-85w-gl-4\/#breadcrumb","itemListElement":[{"@type":"ListItem","position":1,"name":"Portada","item":"https:\/\/lubrimas.pe\/tienda\/"},{"@type":"ListItem","position":2,"name":"Cat\u00e1logo","item":"https:\/\/lubrimas.pe\/tienda\/productos\/"},{"@type":"ListItem","position":3,"name":"HYUNDAI MOBIS MTF SAE 75W85 GL-4 &#8211; Aceite Original Hyundai \/ Kia"}]},{"@type":"WebSite","@id":"https:\/\/lubrimas.pe\/tienda\/#website","url":"https:\/\/lubrimas.pe\/tienda\/","name":"Lubrimas.pe | Tienda Online","description":"Tus lubricantes favoritos al mejor precio!","publisher":{"@id":"https:\/\/lubrimas.pe\/tienda\/#organization"},"potentialAction":[{"@type":"SearchAction","target":{"@type":"EntryPoint","urlTemplate":"https:\/\/lubrimas.pe\/tienda\/?s={search_term_string}"},"query-input":{"@type":"PropertyValueSpecification","valueRequired":true,"valueName":"search_term_string"}}],"inLanguage":"es"},{"@type":"Organization","@id":"https:\/\/lubrimas.pe\/tienda\/#organization","name":"Lubrimas.pe","url":"https:\/\/lubrimas.pe\/tienda\/","logo":{"@type":"ImageObject","inLanguage":"es","@id":"https:\/\/lubrimas.pe\/tienda\/#\/schema\/logo\/image\/","url":"https:\/\/lubrimas.pe\/tienda\/wp-content\/uploads\/sites\/3\/2022\/07\/BANNERS-PROMO-CYBER-WOW-LUBRIMASPE-2022-07.webp","contentUrl":"https:\/\/lubrimas.pe\/tienda\/wp-content\/uploads\/sites\/3\/2022\/07\/BANNERS-PROMO-CYBER-WOW-LUBRIMASPE-2022-07.webp","width":500,"height":752,"caption":"Lubrimas.pe"},"image":{"@id":"https:\/\/lubrimas.pe\/tienda\/#\/schema\/logo\/image\/"}}]}},"_links":{"self":[{"href":"https:\/\/lubrimas.pe\/tienda\/wp-json\/wp\/v2\/product\/452","targetHints":{"allow":["GET"]}}],"collection":[{"href":"https:\/\/lubrimas.pe\/tienda\/wp-json\/wp\/v2\/product"}],"about":[{"href":"https:\/\/lubrimas.pe\/tienda\/wp-json\/wp\/v2\/types\/product"}],"wp:featuredmedia":[{"embeddable":true,"href":"https:\/\/lubrimas.pe\/tienda\/wp-json\/wp\/v2\/media\/12727"}],"wp:attachment":[{"href":"https:\/\/lubrimas.pe\/tienda\/wp-json\/wp\/v2\/media?parent=452"}],"wp:term":[{"taxonomy":"product_brand","embeddable":true,"href":"https:\/\/lubrimas.pe\/tienda\/wp-json\/wp\/v2\/product_brand?post=452"},{"taxonomy":"product_cat","embeddable":true,"href":"https:\/\/lubrimas.pe\/tienda\/wp-json\/wp\/v2\/product_cat?post=452"},{"taxonomy":"product_tag","embeddable":true,"href":"https:\/\/lubrimas.pe\/tienda\/wp-json\/wp\/v2\/product_tag?post=452"}],"curies":[{"name":"wp","href":"https:\/\/api.w.org\/{rel}","templated":true}]}}