{"id":456,"date":"2022-01-19T20:32:12","date_gmt":"2022-01-19T20:32:12","guid":{"rendered":"https:\/\/lubrimas.pe\/tienda\/?post_type=product&#038;p=456"},"modified":"2026-01-15T08:46:14","modified_gmt":"2026-01-15T13:46:14","slug":"hyundai-mobis-atf-sp-iv","status":"publish","type":"product","link":"https:\/\/lubrimas.pe\/tienda\/aceite-de-caja\/hyundai-mobis-atf-sp-iv\/","title":{"rendered":"HYUNDAI MOBIS ATF SP-IV &#8211; Aceite de Transmisi\u00f3n Original OEM"},"content":{"rendered":"<p><span class=\"notranslate\"><strong>HYUNDAI MOBIS ATF SP-IV<\/strong> <\/span><span class=\"notranslate\"> (Hyundai \/ Kia Genuine Parts) est\u00e1 fabricado con los mismos altos est\u00e1ndares que su veh\u00edculo Hyundai \/ Kia. Es un fluido <strong>full sint\u00e9tico<\/strong> para transmisiones autom\u00e1ticas, exclusivo para su aplicaci\u00f3n en veh\u00edculos de la marca Hyundai y Kia. Producto Exclusivo de Importaci\u00f3n, calidad OEM (04500-00115).<\/span><\/p>\n<h5><strong>CARACETR\u00cdSTICAS PRINCIPALES<\/strong><\/h5>\n<ul>\n<li>Brinda una excelente resistencia a los dep\u00f3sitos de oxidaci\u00f3n, lodo y barniz a temperaturas extremas.<\/li>\n<li>Reduce el desgaste o rayado de engranajes, bandas de embrague y discos.<\/li>\n<li>Proporciona un excelente control de la fricci\u00f3n para cambios suaves y una transmisi\u00f3n m\u00e1s fr\u00eda.<\/li>\n<li>Permite el m\u00e1ximo rendimiento y protecci\u00f3n del motor en todas las temperaturas de funcionamiento.<\/li>\n<li>Especialmente formulado utilizando s\u00f3lo las mejores bases de aceites y un sistema de aditivos tecnol\u00f3gicamente avanzado.<\/li>\n<\/ul>\n<h5><strong>APROBACIONES \/ ESPECIFICACIONES PRINCIPALES<\/strong><\/h5>\n<p><em>Automatic Transmission Fluid SP-IV<\/em><\/p>\n<p><span class=\"notranslate\">HYUNDAI MOBIS ATF SP-IV es un a<\/span>ceite full sint\u00e9tico para transmisiones autom\u00e1ticas de 6 velocidades A6LF1\/2\/3, A6GF1, A6MF1\/2. Usado en Hyundai: Elantra UD 2011- L4 1.6L \u2013 A6GF, Elantra UD 2011- L4 2.0L \u2013 A6MF1, iX35 2004- L4 2.0 L 2.4L &#8211; A6MF1, Santa Fe 2009 &#8211; L4 2.0L 2.2L V6 3.5L &#8211; A6LF1 \/ 2\/3, Santa Fe 2011- L4 2.4L V6 3.5L &#8211; A6LF2, Sonata 2009 &#8211; L4 2.0L V6 3.5L &#8211; A6MF2, Sonata 2010- L4 2.4L \u2013 A6MF2, Tucson 2009- L4 2.0L \u2013 A6LF1\/2, Tucson 2009- L4 2.0L 2.4L \u2013 A6MF1, Veracruz 2011- V6 3.0 \u2013 A6LF3, Grandeur HG \/ Azera TG 2011- V6 3.3L 3.8 L A6LF1 \/ 2; KIA Sorento 2009- V6 3.3L 3.5L 3.8L \u2013 A6LF2 \/ A6MF2, Sportage 2010- L4 2.0L \u2013 A6LF2, Sportage 2010- L4 2.4L \u2013 A6MF1, Forte \/ Forte Koup 2010- L4 2.0L 2.4L \u2013 A6MF1, Optima TF HEV 2011- L4 2.4L \u2013 A6MF2H, Optima TF 2011- L4 2.0L \u2013 A6LF2, Optima TF 2011- L4 2.4L \u2013 A6MF2, Sedona VQ 2011- V6 3.5L \u2013 A6LF2, Sorento XM 2011 \u2013 L4 2.4L \u2013 A6MF2.<\/p>\n<blockquote><p>ACEITE, LUBRICANTE, FLUIDO, DE, PARA, TRANSMISI\u00d3N, CAJA, AUTOM\u00c1TICA, ATF, SP 4, SPIV, SP-IV, SP IV, FULL, TOTALMENTE, SINT\u00c9TICO, SYNTHETIC, ORIGINAL, GEUINE, OEM, HYUNDAI, KIA<\/p><\/blockquote>\n","protected":false},"excerpt":{"rendered":"<p>HYUNDAI MOBIS ATF SP-IV (Hyundai \/ Kia Genuine Parts) est\u00e1 fabricado con los mismos altos est\u00e1ndares que su veh\u00edculo Hyundai \/ Kia. Es un fluido full sint\u00e9tico para transmisiones autom\u00e1ticas,<\/p>\n","protected":false},"featured_media":11501,"template":"","meta":[],"product_brand":[],"product_cat":[27,32],"product_tag":[],"class_list":{"0":"post-456","1":"product","2":"type-product","3":"status-publish","4":"has-post-thumbnail","6":"product_cat-aceite-de-caja","7":"product_cat-caja-automatica","8":"pa_marca-hyundai-mobis","9":"pa_transmision-atf","10":"pa_transmision-atf-sp-iv","12":"first","13":"instock","14":"shipping-taxable","15":"purchasable","16":"product-type-variable","17":"has-default-attributes"},"yoast_head":"<!-- This site is optimized with the Yoast SEO plugin v27.5 - https:\/\/yoast.com\/product\/yoast-seo-wordpress\/ -->\n<title>HYUNDAI MOBIS ATF SP-IV (Original Hyundai \/ Kia) | Lubrimas.pe<\/title>\n<meta name=\"description\" content=\"HYUNDAI MOBIS ATF SP-IV (Hyundai \/ Kia Genuine Parts) es un aceite full sint\u00e9tico, exclusivo para transmisiones autom\u00e1ticas de calidad OEM (04500-00115).\" \/>\n<meta name=\"robots\" content=\"index, follow, max-snippet:-1, max-image-preview:large, max-video-preview:-1\" \/>\n<link rel=\"canonical\" href=\"https:\/\/lubrimas.pe\/tienda\/aceite-de-caja\/hyundai-mobis-atf-sp-iv\/\" \/>\n<meta property=\"og:locale\" content=\"es_ES\" \/>\n<meta property=\"og:type\" content=\"article\" \/>\n<meta property=\"og:title\" content=\"HYUNDAI MOBIS ATF SP-IV (Original Hyundai \/ Kia) | Lubrimas.pe\" \/>\n<meta property=\"og:description\" content=\"HYUNDAI MOBIS ATF SP-IV (Hyundai \/ Kia Genuine Parts) es un aceite full sint\u00e9tico, exclusivo para transmisiones autom\u00e1ticas de calidad OEM (04500-00115).\" \/>\n<meta property=\"og:url\" content=\"https:\/\/lubrimas.pe\/tienda\/aceite-de-caja\/hyundai-mobis-atf-sp-iv\/\" \/>\n<meta property=\"og:site_name\" content=\"Lubrimas.pe | Tienda Online\" \/>\n<meta property=\"article:modified_time\" content=\"2026-01-15T13:46:14+00:00\" \/>\n<meta property=\"og:image\" content=\"https:\/\/lubrimas.pe\/tienda\/wp-content\/uploads\/sites\/3\/2022\/01\/lubrimasperu-aceite-transmison-automatica-kia-hyundai-mobis-sp-iv-fullsintetico-1litro-hidrolina-losolivos-peru.webp\" \/>\n\t<meta property=\"og:image:width\" content=\"850\" \/>\n\t<meta property=\"og:image:height\" content=\"1000\" \/>\n\t<meta property=\"og:image:type\" content=\"image\/webp\" \/>\n<meta name=\"twitter:card\" content=\"summary_large_image\" \/>\n<meta name=\"twitter:label1\" content=\"Tiempo de lectura\" \/>\n\t<meta name=\"twitter:data1\" content=\"2 minutos\" \/>\n<script type=\"application\/ld+json\" class=\"yoast-schema-graph\">{\"@context\":\"https:\\\/\\\/schema.org\",\"@graph\":[{\"@type\":[\"WebPage\",\"ItemPage\"],\"@id\":\"https:\\\/\\\/lubrimas.pe\\\/tienda\\\/aceite-de-caja\\\/hyundai-mobis-atf-sp-iv\\\/\",\"url\":\"https:\\\/\\\/lubrimas.pe\\\/tienda\\\/aceite-de-caja\\\/hyundai-mobis-atf-sp-iv\\\/\",\"name\":\"HYUNDAI MOBIS ATF SP-IV (Original Hyundai \\\/ Kia) | Lubrimas.pe\",\"isPartOf\":{\"@id\":\"https:\\\/\\\/lubrimas.pe\\\/tienda\\\/#website\"},\"primaryImageOfPage\":{\"@id\":\"https:\\\/\\\/lubrimas.pe\\\/tienda\\\/aceite-de-caja\\\/hyundai-mobis-atf-sp-iv\\\/#primaryimage\"},\"image\":{\"@id\":\"https:\\\/\\\/lubrimas.pe\\\/tienda\\\/aceite-de-caja\\\/hyundai-mobis-atf-sp-iv\\\/#primaryimage\"},\"thumbnailUrl\":\"https:\\\/\\\/lubrimas.pe\\\/tienda\\\/wp-content\\\/uploads\\\/sites\\\/3\\\/2022\\\/01\\\/lubrimasperu-aceite-transmison-automatica-kia-hyundai-mobis-sp-iv-fullsintetico-1litro-hidrolina-losolivos-peru.webp\",\"datePublished\":\"2022-01-19T20:32:12+00:00\",\"dateModified\":\"2026-01-15T13:46:14+00:00\",\"description\":\"HYUNDAI MOBIS ATF SP-IV (Hyundai \\\/ Kia Genuine Parts) es un aceite full sint\u00e9tico, exclusivo para transmisiones autom\u00e1ticas de calidad OEM (04500-00115).\",\"breadcrumb\":{\"@id\":\"https:\\\/\\\/lubrimas.pe\\\/tienda\\\/aceite-de-caja\\\/hyundai-mobis-atf-sp-iv\\\/#breadcrumb\"},\"inLanguage\":\"es\",\"potentialAction\":[{\"@type\":\"ReadAction\",\"target\":[\"https:\\\/\\\/lubrimas.pe\\\/tienda\\\/aceite-de-caja\\\/hyundai-mobis-atf-sp-iv\\\/\"]}]},{\"@type\":\"ImageObject\",\"inLanguage\":\"es\",\"@id\":\"https:\\\/\\\/lubrimas.pe\\\/tienda\\\/aceite-de-caja\\\/hyundai-mobis-atf-sp-iv\\\/#primaryimage\",\"url\":\"https:\\\/\\\/lubrimas.pe\\\/tienda\\\/wp-content\\\/uploads\\\/sites\\\/3\\\/2022\\\/01\\\/lubrimasperu-aceite-transmison-automatica-kia-hyundai-mobis-sp-iv-fullsintetico-1litro-hidrolina-losolivos-peru.webp\",\"contentUrl\":\"https:\\\/\\\/lubrimas.pe\\\/tienda\\\/wp-content\\\/uploads\\\/sites\\\/3\\\/2022\\\/01\\\/lubrimasperu-aceite-transmison-automatica-kia-hyundai-mobis-sp-iv-fullsintetico-1litro-hidrolina-losolivos-peru.webp\",\"width\":850,\"height\":1000,\"caption\":\"hyundai mobis atf sp iv\"},{\"@type\":\"BreadcrumbList\",\"@id\":\"https:\\\/\\\/lubrimas.pe\\\/tienda\\\/aceite-de-caja\\\/hyundai-mobis-atf-sp-iv\\\/#breadcrumb\",\"itemListElement\":[{\"@type\":\"ListItem\",\"position\":1,\"name\":\"Portada\",\"item\":\"https:\\\/\\\/lubrimas.pe\\\/tienda\\\/\"},{\"@type\":\"ListItem\",\"position\":2,\"name\":\"Cat\u00e1logo\",\"item\":\"https:\\\/\\\/lubrimas.pe\\\/tienda\\\/productos\\\/\"},{\"@type\":\"ListItem\",\"position\":3,\"name\":\"HYUNDAI MOBIS ATF SP-IV &#8211; Aceite de Transmisi\u00f3n Original OEM\"}]},{\"@type\":\"WebSite\",\"@id\":\"https:\\\/\\\/lubrimas.pe\\\/tienda\\\/#website\",\"url\":\"https:\\\/\\\/lubrimas.pe\\\/tienda\\\/\",\"name\":\"Lubrimas.pe | Tienda Online\",\"description\":\"Tus lubricantes favoritos al mejor precio!\",\"publisher\":{\"@id\":\"https:\\\/\\\/lubrimas.pe\\\/tienda\\\/#organization\"},\"potentialAction\":[{\"@type\":\"SearchAction\",\"target\":{\"@type\":\"EntryPoint\",\"urlTemplate\":\"https:\\\/\\\/lubrimas.pe\\\/tienda\\\/?s={search_term_string}\"},\"query-input\":{\"@type\":\"PropertyValueSpecification\",\"valueRequired\":true,\"valueName\":\"search_term_string\"}}],\"inLanguage\":\"es\"},{\"@type\":\"Organization\",\"@id\":\"https:\\\/\\\/lubrimas.pe\\\/tienda\\\/#organization\",\"name\":\"Lubrimas.pe\",\"url\":\"https:\\\/\\\/lubrimas.pe\\\/tienda\\\/\",\"logo\":{\"@type\":\"ImageObject\",\"inLanguage\":\"es\",\"@id\":\"https:\\\/\\\/lubrimas.pe\\\/tienda\\\/#\\\/schema\\\/logo\\\/image\\\/\",\"url\":\"https:\\\/\\\/lubrimas.pe\\\/tienda\\\/wp-content\\\/uploads\\\/sites\\\/3\\\/2022\\\/07\\\/BANNERS-PROMO-CYBER-WOW-LUBRIMASPE-2022-07.webp\",\"contentUrl\":\"https:\\\/\\\/lubrimas.pe\\\/tienda\\\/wp-content\\\/uploads\\\/sites\\\/3\\\/2022\\\/07\\\/BANNERS-PROMO-CYBER-WOW-LUBRIMASPE-2022-07.webp\",\"width\":500,\"height\":752,\"caption\":\"Lubrimas.pe\"},\"image\":{\"@id\":\"https:\\\/\\\/lubrimas.pe\\\/tienda\\\/#\\\/schema\\\/logo\\\/image\\\/\"}}]}<\/script>\n<!-- \/ Yoast SEO plugin. -->","yoast_head_json":{"title":"HYUNDAI MOBIS ATF SP-IV (Original Hyundai \/ Kia) | Lubrimas.pe","description":"HYUNDAI MOBIS ATF SP-IV (Hyundai \/ Kia Genuine Parts) es un aceite full sint\u00e9tico, exclusivo para transmisiones autom\u00e1ticas de calidad OEM (04500-00115).","robots":{"index":"index","follow":"follow","max-snippet":"max-snippet:-1","max-image-preview":"max-image-preview:large","max-video-preview":"max-video-preview:-1"},"canonical":"https:\/\/lubrimas.pe\/tienda\/aceite-de-caja\/hyundai-mobis-atf-sp-iv\/","og_locale":"es_ES","og_type":"article","og_title":"HYUNDAI MOBIS ATF SP-IV (Original Hyundai \/ Kia) | Lubrimas.pe","og_description":"HYUNDAI MOBIS ATF SP-IV (Hyundai \/ Kia Genuine Parts) es un aceite full sint\u00e9tico, exclusivo para transmisiones autom\u00e1ticas de calidad OEM (04500-00115).","og_url":"https:\/\/lubrimas.pe\/tienda\/aceite-de-caja\/hyundai-mobis-atf-sp-iv\/","og_site_name":"Lubrimas.pe | Tienda Online","article_modified_time":"2026-01-15T13:46:14+00:00","og_image":[{"width":850,"height":1000,"url":"https:\/\/lubrimas.pe\/tienda\/wp-content\/uploads\/sites\/3\/2022\/01\/lubrimasperu-aceite-transmison-automatica-kia-hyundai-mobis-sp-iv-fullsintetico-1litro-hidrolina-losolivos-peru.webp","type":"image\/webp"}],"twitter_card":"summary_large_image","twitter_misc":{"Tiempo de lectura":"2 minutos"},"schema":{"@context":"https:\/\/schema.org","@graph":[{"@type":["WebPage","ItemPage"],"@id":"https:\/\/lubrimas.pe\/tienda\/aceite-de-caja\/hyundai-mobis-atf-sp-iv\/","url":"https:\/\/lubrimas.pe\/tienda\/aceite-de-caja\/hyundai-mobis-atf-sp-iv\/","name":"HYUNDAI MOBIS ATF SP-IV (Original Hyundai \/ Kia) | Lubrimas.pe","isPartOf":{"@id":"https:\/\/lubrimas.pe\/tienda\/#website"},"primaryImageOfPage":{"@id":"https:\/\/lubrimas.pe\/tienda\/aceite-de-caja\/hyundai-mobis-atf-sp-iv\/#primaryimage"},"image":{"@id":"https:\/\/lubrimas.pe\/tienda\/aceite-de-caja\/hyundai-mobis-atf-sp-iv\/#primaryimage"},"thumbnailUrl":"https:\/\/lubrimas.pe\/tienda\/wp-content\/uploads\/sites\/3\/2022\/01\/lubrimasperu-aceite-transmison-automatica-kia-hyundai-mobis-sp-iv-fullsintetico-1litro-hidrolina-losolivos-peru.webp","datePublished":"2022-01-19T20:32:12+00:00","dateModified":"2026-01-15T13:46:14+00:00","description":"HYUNDAI MOBIS ATF SP-IV (Hyundai \/ Kia Genuine Parts) es un aceite full sint\u00e9tico, exclusivo para transmisiones autom\u00e1ticas de calidad OEM (04500-00115).","breadcrumb":{"@id":"https:\/\/lubrimas.pe\/tienda\/aceite-de-caja\/hyundai-mobis-atf-sp-iv\/#breadcrumb"},"inLanguage":"es","potentialAction":[{"@type":"ReadAction","target":["https:\/\/lubrimas.pe\/tienda\/aceite-de-caja\/hyundai-mobis-atf-sp-iv\/"]}]},{"@type":"ImageObject","inLanguage":"es","@id":"https:\/\/lubrimas.pe\/tienda\/aceite-de-caja\/hyundai-mobis-atf-sp-iv\/#primaryimage","url":"https:\/\/lubrimas.pe\/tienda\/wp-content\/uploads\/sites\/3\/2022\/01\/lubrimasperu-aceite-transmison-automatica-kia-hyundai-mobis-sp-iv-fullsintetico-1litro-hidrolina-losolivos-peru.webp","contentUrl":"https:\/\/lubrimas.pe\/tienda\/wp-content\/uploads\/sites\/3\/2022\/01\/lubrimasperu-aceite-transmison-automatica-kia-hyundai-mobis-sp-iv-fullsintetico-1litro-hidrolina-losolivos-peru.webp","width":850,"height":1000,"caption":"hyundai mobis atf sp iv"},{"@type":"BreadcrumbList","@id":"https:\/\/lubrimas.pe\/tienda\/aceite-de-caja\/hyundai-mobis-atf-sp-iv\/#breadcrumb","itemListElement":[{"@type":"ListItem","position":1,"name":"Portada","item":"https:\/\/lubrimas.pe\/tienda\/"},{"@type":"ListItem","position":2,"name":"Cat\u00e1logo","item":"https:\/\/lubrimas.pe\/tienda\/productos\/"},{"@type":"ListItem","position":3,"name":"HYUNDAI MOBIS ATF SP-IV &#8211; Aceite de Transmisi\u00f3n Original OEM"}]},{"@type":"WebSite","@id":"https:\/\/lubrimas.pe\/tienda\/#website","url":"https:\/\/lubrimas.pe\/tienda\/","name":"Lubrimas.pe | Tienda Online","description":"Tus lubricantes favoritos al mejor precio!","publisher":{"@id":"https:\/\/lubrimas.pe\/tienda\/#organization"},"potentialAction":[{"@type":"SearchAction","target":{"@type":"EntryPoint","urlTemplate":"https:\/\/lubrimas.pe\/tienda\/?s={search_term_string}"},"query-input":{"@type":"PropertyValueSpecification","valueRequired":true,"valueName":"search_term_string"}}],"inLanguage":"es"},{"@type":"Organization","@id":"https:\/\/lubrimas.pe\/tienda\/#organization","name":"Lubrimas.pe","url":"https:\/\/lubrimas.pe\/tienda\/","logo":{"@type":"ImageObject","inLanguage":"es","@id":"https:\/\/lubrimas.pe\/tienda\/#\/schema\/logo\/image\/","url":"https:\/\/lubrimas.pe\/tienda\/wp-content\/uploads\/sites\/3\/2022\/07\/BANNERS-PROMO-CYBER-WOW-LUBRIMASPE-2022-07.webp","contentUrl":"https:\/\/lubrimas.pe\/tienda\/wp-content\/uploads\/sites\/3\/2022\/07\/BANNERS-PROMO-CYBER-WOW-LUBRIMASPE-2022-07.webp","width":500,"height":752,"caption":"Lubrimas.pe"},"image":{"@id":"https:\/\/lubrimas.pe\/tienda\/#\/schema\/logo\/image\/"}}]}},"_links":{"self":[{"href":"https:\/\/lubrimas.pe\/tienda\/wp-json\/wp\/v2\/product\/456","targetHints":{"allow":["GET"]}}],"collection":[{"href":"https:\/\/lubrimas.pe\/tienda\/wp-json\/wp\/v2\/product"}],"about":[{"href":"https:\/\/lubrimas.pe\/tienda\/wp-json\/wp\/v2\/types\/product"}],"wp:featuredmedia":[{"embeddable":true,"href":"https:\/\/lubrimas.pe\/tienda\/wp-json\/wp\/v2\/media\/11501"}],"wp:attachment":[{"href":"https:\/\/lubrimas.pe\/tienda\/wp-json\/wp\/v2\/media?parent=456"}],"wp:term":[{"taxonomy":"product_brand","embeddable":true,"href":"https:\/\/lubrimas.pe\/tienda\/wp-json\/wp\/v2\/product_brand?post=456"},{"taxonomy":"product_cat","embeddable":true,"href":"https:\/\/lubrimas.pe\/tienda\/wp-json\/wp\/v2\/product_cat?post=456"},{"taxonomy":"product_tag","embeddable":true,"href":"https:\/\/lubrimas.pe\/tienda\/wp-json\/wp\/v2\/product_tag?post=456"}],"curies":[{"name":"wp","href":"https:\/\/api.w.org\/{rel}","templated":true}]}}