{"id":460,"date":"2022-01-19T20:32:13","date_gmt":"2022-01-19T20:32:13","guid":{"rendered":"https:\/\/lubrimas.pe\/tienda\/?post_type=product&#038;p=460"},"modified":"2025-12-03T16:35:59","modified_gmt":"2025-12-03T21:35:59","slug":"valvoline-atf-max-life-full-sintetico","status":"publish","type":"product","link":"https:\/\/lubrimas.pe\/tienda\/caja-automatica\/valvoline-atf-max-life-full-sintetico\/","title":{"rendered":"VALVOLINE ATF MAX LIFE MULTI VEH\u00cdCULO"},"content":{"rendered":"<p><strong>Valvoline ATF MaxLife Multi-Vehicle <\/strong>\u00a0contiene una mezcla de aceites base superior y un paquete \u00fanico de aditivos para ayudar a extender la vida \u00fatil de las transmisiones con m\u00e1s de 100,000 kil\u00f3metros. El fluido de transmisi\u00f3n Valvoline MaxLife DEX\/MERC ATF es compatible con las transmisiones nuevas y reconstruidas sin anular las garant\u00edas de los veh\u00edculos nuevos.<\/p>\n<table class=\"product-detail-table-data\">\n<tbody>\n<tr>\n<td>Adecuado para utilizar en: Allison TES 389*, C-4, Audi\/VW G-055-025-A2, G-052-162-A1\/A2, G-052-990-A2, G-055-005-A2, G-055-162-A6, G-055-540-A2, G-060-162-A2, G-052-025-A2, G-052-162-A1, BMW LT71141, LA2634, M-1375.4, ATF 3.0, 7045E, ETL 8072B, Chrysler Diamond SP-III, NAG-1, 3403 M115, Ford MERCON\u00ae* (California use Valvoline Dex\/Merc), Ford MERCON\u00ae V*, FNR5*, XT-9-AMMF5*, (California use Valvoline MERCON V), Ford MERCON\u00ae SP*, MERCON\u00ae LV, GM 9986195, GM DEXRON\u00ae II, III and VI, GM Autotrak II, Honda\/Acura ATF-Z1, DW1 (excepto en CVTs), Hyundai SP-II, SP-III, SP-IV, SPH-IV, SP4-M, SP-IV-RR, JWS 3309, JASO 1A, KIA SP-II and SP-III Fluids, Red 1, Mazda M-V, FZ, Mercedes Benz MB236.1, MB236.6, MB236.7, MB236.9, MB236.10, MB236.12*, MB 236.14*, MB 236.15*, Mercedes Benz NAG-1, MOPAR AS68RC ATF, Miscellaneous OEMs \u2013 M1375.4, M1375.6, L12108, LT 71141, ETL-7045E, ETL-8072B, 3403 M115, N402, AW-1, Mitsubishi Diamond SP-II, SP-III, ATF-J3, Dia Queen ATF-PA, Nissan Matic-D, Matic-J, Matic-K, Matic-S, Matic W, Saab 93 165 147, Subaru ATF, Subaru ATF-HP, Toyota \/ Lexus Type T, T-III and T-IV, Toyota WS, Volvo 1161521, 1161540, STD 1273.41, 97340, VW TL52162, LT71141, ZF TE-ML-14B, 16L, 17C, ZF Life guard fluid 8.<\/td>\n<\/tr>\n<\/tbody>\n<\/table>\n","protected":false},"excerpt":{"rendered":"<p>Valvoline ATF MaxLife Multi-Vehicle \u00a0contiene una mezcla de aceites base superior y un paquete \u00fanico de aditivos para ayudar a extender la vida \u00fatil de las transmisiones con m\u00e1s de<\/p>\n","protected":false},"featured_media":14778,"template":"","meta":[],"product_brand":[],"product_cat":[27,32],"product_tag":[],"class_list":{"0":"post-460","1":"product","2":"type-product","3":"status-publish","4":"has-post-thumbnail","6":"product_cat-aceite-de-caja","7":"product_cat-caja-automatica","8":"pa_envio-envio-gratis","9":"pa_marca-valvoline","10":"pa_ofertas-cyber","11":"pa_transmision-atf","13":"first","14":"instock","15":"sale","16":"shipping-taxable","17":"purchasable","18":"product-type-variable","19":"has-default-attributes"},"yoast_head":"<!-- This site is optimized with the Yoast SEO plugin v27.5 - https:\/\/yoast.com\/product\/yoast-seo-wordpress\/ -->\n<title>VALVOLINE ATF MAX LIFE MULTI VEH\u00cdCULO | Lubrimas.pe | Tienda Online<\/title>\n<meta name=\"robots\" content=\"index, follow, max-snippet:-1, max-image-preview:large, max-video-preview:-1\" \/>\n<link rel=\"canonical\" href=\"https:\/\/lubrimas.pe\/tienda\/caja-automatica\/valvoline-atf-max-life-full-sintetico\/\" \/>\n<meta property=\"og:locale\" content=\"es_ES\" \/>\n<meta property=\"og:type\" content=\"article\" \/>\n<meta property=\"og:title\" content=\"VALVOLINE ATF MAX LIFE MULTI VEH\u00cdCULO | Lubrimas.pe | Tienda Online\" \/>\n<meta property=\"og:description\" content=\"Valvoline ATF MaxLife Multi-Vehicle \u00a0contiene una mezcla de aceites base superior y un paquete \u00fanico de aditivos para ayudar a extender la vida \u00fatil de las transmisiones con m\u00e1s de\" \/>\n<meta property=\"og:url\" content=\"https:\/\/lubrimas.pe\/tienda\/caja-automatica\/valvoline-atf-max-life-full-sintetico\/\" \/>\n<meta property=\"og:site_name\" content=\"Lubrimas.pe | Tienda Online\" \/>\n<meta property=\"article:modified_time\" content=\"2025-12-03T21:35:59+00:00\" \/>\n<meta property=\"og:image\" content=\"https:\/\/lubrimas.pe\/tienda\/wp-content\/uploads\/sites\/3\/2022\/01\/valvoline-atf-max-life.webp\" \/>\n\t<meta property=\"og:image:width\" content=\"850\" \/>\n\t<meta property=\"og:image:height\" content=\"1000\" \/>\n\t<meta property=\"og:image:type\" content=\"image\/webp\" \/>\n<meta name=\"twitter:card\" content=\"summary_large_image\" \/>\n<meta name=\"twitter:label1\" content=\"Tiempo de lectura\" \/>\n\t<meta name=\"twitter:data1\" content=\"2 minutos\" \/>\n<script type=\"application\/ld+json\" class=\"yoast-schema-graph\">{\"@context\":\"https:\\\/\\\/schema.org\",\"@graph\":[{\"@type\":[\"WebPage\",\"ItemPage\"],\"@id\":\"https:\\\/\\\/lubrimas.pe\\\/tienda\\\/caja-automatica\\\/valvoline-atf-max-life-full-sintetico\\\/\",\"url\":\"https:\\\/\\\/lubrimas.pe\\\/tienda\\\/caja-automatica\\\/valvoline-atf-max-life-full-sintetico\\\/\",\"name\":\"VALVOLINE ATF MAX LIFE MULTI VEH\u00cdCULO | Lubrimas.pe | Tienda Online\",\"isPartOf\":{\"@id\":\"https:\\\/\\\/lubrimas.pe\\\/tienda\\\/#website\"},\"primaryImageOfPage\":{\"@id\":\"https:\\\/\\\/lubrimas.pe\\\/tienda\\\/caja-automatica\\\/valvoline-atf-max-life-full-sintetico\\\/#primaryimage\"},\"image\":{\"@id\":\"https:\\\/\\\/lubrimas.pe\\\/tienda\\\/caja-automatica\\\/valvoline-atf-max-life-full-sintetico\\\/#primaryimage\"},\"thumbnailUrl\":\"https:\\\/\\\/lubrimas.pe\\\/tienda\\\/wp-content\\\/uploads\\\/sites\\\/3\\\/2022\\\/01\\\/valvoline-atf-max-life.webp\",\"datePublished\":\"2022-01-19T20:32:13+00:00\",\"dateModified\":\"2025-12-03T21:35:59+00:00\",\"breadcrumb\":{\"@id\":\"https:\\\/\\\/lubrimas.pe\\\/tienda\\\/caja-automatica\\\/valvoline-atf-max-life-full-sintetico\\\/#breadcrumb\"},\"inLanguage\":\"es\",\"potentialAction\":[{\"@type\":\"ReadAction\",\"target\":[\"https:\\\/\\\/lubrimas.pe\\\/tienda\\\/caja-automatica\\\/valvoline-atf-max-life-full-sintetico\\\/\"]}]},{\"@type\":\"ImageObject\",\"inLanguage\":\"es\",\"@id\":\"https:\\\/\\\/lubrimas.pe\\\/tienda\\\/caja-automatica\\\/valvoline-atf-max-life-full-sintetico\\\/#primaryimage\",\"url\":\"https:\\\/\\\/lubrimas.pe\\\/tienda\\\/wp-content\\\/uploads\\\/sites\\\/3\\\/2022\\\/01\\\/valvoline-atf-max-life.webp\",\"contentUrl\":\"https:\\\/\\\/lubrimas.pe\\\/tienda\\\/wp-content\\\/uploads\\\/sites\\\/3\\\/2022\\\/01\\\/valvoline-atf-max-life.webp\",\"width\":850,\"height\":1000},{\"@type\":\"BreadcrumbList\",\"@id\":\"https:\\\/\\\/lubrimas.pe\\\/tienda\\\/caja-automatica\\\/valvoline-atf-max-life-full-sintetico\\\/#breadcrumb\",\"itemListElement\":[{\"@type\":\"ListItem\",\"position\":1,\"name\":\"Portada\",\"item\":\"https:\\\/\\\/lubrimas.pe\\\/tienda\\\/\"},{\"@type\":\"ListItem\",\"position\":2,\"name\":\"Cat\u00e1logo\",\"item\":\"https:\\\/\\\/lubrimas.pe\\\/tienda\\\/productos\\\/\"},{\"@type\":\"ListItem\",\"position\":3,\"name\":\"VALVOLINE ATF MAX LIFE MULTI VEH\u00cdCULO\"}]},{\"@type\":\"WebSite\",\"@id\":\"https:\\\/\\\/lubrimas.pe\\\/tienda\\\/#website\",\"url\":\"https:\\\/\\\/lubrimas.pe\\\/tienda\\\/\",\"name\":\"Lubrimas.pe | Tienda Online\",\"description\":\"Tus lubricantes favoritos al mejor precio!\",\"publisher\":{\"@id\":\"https:\\\/\\\/lubrimas.pe\\\/tienda\\\/#organization\"},\"potentialAction\":[{\"@type\":\"SearchAction\",\"target\":{\"@type\":\"EntryPoint\",\"urlTemplate\":\"https:\\\/\\\/lubrimas.pe\\\/tienda\\\/?s={search_term_string}\"},\"query-input\":{\"@type\":\"PropertyValueSpecification\",\"valueRequired\":true,\"valueName\":\"search_term_string\"}}],\"inLanguage\":\"es\"},{\"@type\":\"Organization\",\"@id\":\"https:\\\/\\\/lubrimas.pe\\\/tienda\\\/#organization\",\"name\":\"Lubrimas.pe\",\"url\":\"https:\\\/\\\/lubrimas.pe\\\/tienda\\\/\",\"logo\":{\"@type\":\"ImageObject\",\"inLanguage\":\"es\",\"@id\":\"https:\\\/\\\/lubrimas.pe\\\/tienda\\\/#\\\/schema\\\/logo\\\/image\\\/\",\"url\":\"https:\\\/\\\/lubrimas.pe\\\/tienda\\\/wp-content\\\/uploads\\\/sites\\\/3\\\/2022\\\/07\\\/BANNERS-PROMO-CYBER-WOW-LUBRIMASPE-2022-07.webp\",\"contentUrl\":\"https:\\\/\\\/lubrimas.pe\\\/tienda\\\/wp-content\\\/uploads\\\/sites\\\/3\\\/2022\\\/07\\\/BANNERS-PROMO-CYBER-WOW-LUBRIMASPE-2022-07.webp\",\"width\":500,\"height\":752,\"caption\":\"Lubrimas.pe\"},\"image\":{\"@id\":\"https:\\\/\\\/lubrimas.pe\\\/tienda\\\/#\\\/schema\\\/logo\\\/image\\\/\"}}]}<\/script>\n<!-- \/ Yoast SEO plugin. -->","yoast_head_json":{"title":"VALVOLINE ATF MAX LIFE MULTI VEH\u00cdCULO | Lubrimas.pe | Tienda Online","robots":{"index":"index","follow":"follow","max-snippet":"max-snippet:-1","max-image-preview":"max-image-preview:large","max-video-preview":"max-video-preview:-1"},"canonical":"https:\/\/lubrimas.pe\/tienda\/caja-automatica\/valvoline-atf-max-life-full-sintetico\/","og_locale":"es_ES","og_type":"article","og_title":"VALVOLINE ATF MAX LIFE MULTI VEH\u00cdCULO | Lubrimas.pe | Tienda Online","og_description":"Valvoline ATF MaxLife Multi-Vehicle \u00a0contiene una mezcla de aceites base superior y un paquete \u00fanico de aditivos para ayudar a extender la vida \u00fatil de las transmisiones con m\u00e1s de","og_url":"https:\/\/lubrimas.pe\/tienda\/caja-automatica\/valvoline-atf-max-life-full-sintetico\/","og_site_name":"Lubrimas.pe | Tienda Online","article_modified_time":"2025-12-03T21:35:59+00:00","og_image":[{"width":850,"height":1000,"url":"https:\/\/lubrimas.pe\/tienda\/wp-content\/uploads\/sites\/3\/2022\/01\/valvoline-atf-max-life.webp","type":"image\/webp"}],"twitter_card":"summary_large_image","twitter_misc":{"Tiempo de lectura":"2 minutos"},"schema":{"@context":"https:\/\/schema.org","@graph":[{"@type":["WebPage","ItemPage"],"@id":"https:\/\/lubrimas.pe\/tienda\/caja-automatica\/valvoline-atf-max-life-full-sintetico\/","url":"https:\/\/lubrimas.pe\/tienda\/caja-automatica\/valvoline-atf-max-life-full-sintetico\/","name":"VALVOLINE ATF MAX LIFE MULTI VEH\u00cdCULO | Lubrimas.pe | Tienda Online","isPartOf":{"@id":"https:\/\/lubrimas.pe\/tienda\/#website"},"primaryImageOfPage":{"@id":"https:\/\/lubrimas.pe\/tienda\/caja-automatica\/valvoline-atf-max-life-full-sintetico\/#primaryimage"},"image":{"@id":"https:\/\/lubrimas.pe\/tienda\/caja-automatica\/valvoline-atf-max-life-full-sintetico\/#primaryimage"},"thumbnailUrl":"https:\/\/lubrimas.pe\/tienda\/wp-content\/uploads\/sites\/3\/2022\/01\/valvoline-atf-max-life.webp","datePublished":"2022-01-19T20:32:13+00:00","dateModified":"2025-12-03T21:35:59+00:00","breadcrumb":{"@id":"https:\/\/lubrimas.pe\/tienda\/caja-automatica\/valvoline-atf-max-life-full-sintetico\/#breadcrumb"},"inLanguage":"es","potentialAction":[{"@type":"ReadAction","target":["https:\/\/lubrimas.pe\/tienda\/caja-automatica\/valvoline-atf-max-life-full-sintetico\/"]}]},{"@type":"ImageObject","inLanguage":"es","@id":"https:\/\/lubrimas.pe\/tienda\/caja-automatica\/valvoline-atf-max-life-full-sintetico\/#primaryimage","url":"https:\/\/lubrimas.pe\/tienda\/wp-content\/uploads\/sites\/3\/2022\/01\/valvoline-atf-max-life.webp","contentUrl":"https:\/\/lubrimas.pe\/tienda\/wp-content\/uploads\/sites\/3\/2022\/01\/valvoline-atf-max-life.webp","width":850,"height":1000},{"@type":"BreadcrumbList","@id":"https:\/\/lubrimas.pe\/tienda\/caja-automatica\/valvoline-atf-max-life-full-sintetico\/#breadcrumb","itemListElement":[{"@type":"ListItem","position":1,"name":"Portada","item":"https:\/\/lubrimas.pe\/tienda\/"},{"@type":"ListItem","position":2,"name":"Cat\u00e1logo","item":"https:\/\/lubrimas.pe\/tienda\/productos\/"},{"@type":"ListItem","position":3,"name":"VALVOLINE ATF MAX LIFE MULTI VEH\u00cdCULO"}]},{"@type":"WebSite","@id":"https:\/\/lubrimas.pe\/tienda\/#website","url":"https:\/\/lubrimas.pe\/tienda\/","name":"Lubrimas.pe | Tienda Online","description":"Tus lubricantes favoritos al mejor precio!","publisher":{"@id":"https:\/\/lubrimas.pe\/tienda\/#organization"},"potentialAction":[{"@type":"SearchAction","target":{"@type":"EntryPoint","urlTemplate":"https:\/\/lubrimas.pe\/tienda\/?s={search_term_string}"},"query-input":{"@type":"PropertyValueSpecification","valueRequired":true,"valueName":"search_term_string"}}],"inLanguage":"es"},{"@type":"Organization","@id":"https:\/\/lubrimas.pe\/tienda\/#organization","name":"Lubrimas.pe","url":"https:\/\/lubrimas.pe\/tienda\/","logo":{"@type":"ImageObject","inLanguage":"es","@id":"https:\/\/lubrimas.pe\/tienda\/#\/schema\/logo\/image\/","url":"https:\/\/lubrimas.pe\/tienda\/wp-content\/uploads\/sites\/3\/2022\/07\/BANNERS-PROMO-CYBER-WOW-LUBRIMASPE-2022-07.webp","contentUrl":"https:\/\/lubrimas.pe\/tienda\/wp-content\/uploads\/sites\/3\/2022\/07\/BANNERS-PROMO-CYBER-WOW-LUBRIMASPE-2022-07.webp","width":500,"height":752,"caption":"Lubrimas.pe"},"image":{"@id":"https:\/\/lubrimas.pe\/tienda\/#\/schema\/logo\/image\/"}}]}},"_links":{"self":[{"href":"https:\/\/lubrimas.pe\/tienda\/wp-json\/wp\/v2\/product\/460","targetHints":{"allow":["GET"]}}],"collection":[{"href":"https:\/\/lubrimas.pe\/tienda\/wp-json\/wp\/v2\/product"}],"about":[{"href":"https:\/\/lubrimas.pe\/tienda\/wp-json\/wp\/v2\/types\/product"}],"wp:featuredmedia":[{"embeddable":true,"href":"https:\/\/lubrimas.pe\/tienda\/wp-json\/wp\/v2\/media\/14778"}],"wp:attachment":[{"href":"https:\/\/lubrimas.pe\/tienda\/wp-json\/wp\/v2\/media?parent=460"}],"wp:term":[{"taxonomy":"product_brand","embeddable":true,"href":"https:\/\/lubrimas.pe\/tienda\/wp-json\/wp\/v2\/product_brand?post=460"},{"taxonomy":"product_cat","embeddable":true,"href":"https:\/\/lubrimas.pe\/tienda\/wp-json\/wp\/v2\/product_cat?post=460"},{"taxonomy":"product_tag","embeddable":true,"href":"https:\/\/lubrimas.pe\/tienda\/wp-json\/wp\/v2\/product_tag?post=460"}],"curies":[{"name":"wp","href":"https:\/\/api.w.org\/{rel}","templated":true}]}}