{"id":469,"date":"2022-01-19T20:32:14","date_gmt":"2022-01-19T20:32:14","guid":{"rendered":"https:\/\/lubrimas.pe\/tienda\/?post_type=product&#038;p=469"},"modified":"2025-11-26T13:57:38","modified_gmt":"2025-11-26T18:57:38","slug":"valvoline-cvt-full-sintetico","status":"publish","type":"product","link":"https:\/\/lubrimas.pe\/tienda\/aceite-de-caja\/valvoline-cvt-full-sintetico\/","title":{"rendered":"VALVOLINE CVT FULL SINT\u00c9TICO"},"content":{"rendered":"<p><em>Fluido 100% sint\u00e9tico especialmente dise\u00f1ado para trasnmisiones continuamente variables (CVT)<\/em><\/p>\n<div id=\"overview\" class=\"snglTab clearfix\">\n<div class=\"tabCnt\">\n<p class=\"rtejustify\"><strong>Valvoline\u2122 CVT Full Synthetic Fluid<\/strong> est\u00e1 espec\u00edficamente formulado para las sofisticadas transmisiones variables continuas. Est\u00e1 formulado con aceites base sint\u00e9ticos de primera calidad, modificadores de fricci\u00f3n duraderos, aditivos antidesgaste especiales y modificadores de viscosidad que brindan estabilidad frente al cizallamiento. Recomendado en la mayor\u00eda de las transmisiones variables continuas de correa o cadena.<\/p>\n<p><strong>APLICACIONES RECOMENDADAS:<\/strong><\/p>\n<p><strong>AUDI \/ VW<\/strong>: G 052 180, G 052 516, <strong>MERCEDES BENZ<\/strong>: EM-CVT, MB-Approval 236.20, <strong>BMW, MINI COOPER<\/strong>: EZL 799A, 8322 0 136 376, 8322 0 429 154, <strong>MITSUBISHI<\/strong>: Dia Queen CVTF J1, Dia Queen CVTF J4,<strong> DAIHATSU<\/strong>: Ammix CVTF-DC, Ammix CVTF-DFE, <strong>NISSAN<\/strong>: NS-1(NS1), NS-2(NS2), NS-3(NS3), <strong>CHRYSLER\/ DODGE \/JEEP<\/strong>: CVTF +4, NS-2, <strong>SHELL GREEN 1V<\/strong>: Shell Green 1V, <strong>FORD<\/strong>: Mercon C, WSS-M2C933-A, WSS-M2C928-A, <strong>GM( GENERAL MOTORS)<\/strong>: DEX-CVT (AC Delco 15234609, 15250985, 15231847, 22688912), CVT (GM 19260800, 19299096), Dexron HP CVT, GM 19355873\/ GM 19355874, <strong>HONDA<\/strong>: Genuine CVTF\/ Multi-matic Fluid (HMMF), HCF2, <strong>HYUNDAI\/KIA<\/strong>: SP CVT-1, IVTF-SP-CVT-1, <strong>MAZDA<\/strong>: CVTF 3320 (JWS3320),<strong> SUBARU<\/strong>: e-CVTF, CV-30, Lineartronic CVTF (PN K0425Y0710), Lineartronic CVTF-II, Lineartronic CVTF-III, High Torque CVTF, High Torque CVTF LV, i-CVT F, i-CVT FG,\u00a0SUZUKI: CVT Fluid Green1, CVT Fluid Green2, CVT 3320 (JWS3320), <strong>TOYOTA<\/strong>: TC, FE<\/p>\n<h4>Informacion Adicional<\/h4>\n<ol>\n<li><a href=\"https:\/\/lubrimas.pe\/tienda\/wp-content\/uploads\/sites\/3\/2022\/07\/FICHA-TECNICA-VALVOLINE-CVT-LUBRIMASPERU-LUBRIMASPE.pdf\">Ficha T\u00e9cnica del Producto<\/a><\/li>\n<li><a href=\"https:\/\/latam.valvoline.com\/es\/productos\/valvoline-continuously-variable-transmission-fluid\">Sitio Oficial del Fabricante<\/a><\/li>\n<\/ol>\n<\/div>\n<\/div>\n","protected":false},"excerpt":{"rendered":"<p>Fluido 100% sint\u00e9tico especialmente dise\u00f1ado para trasnmisiones continuamente variables (CVT) Valvoline\u2122 CVT Full Synthetic Fluid est\u00e1 espec\u00edficamente formulado para las sofisticadas transmisiones variables continuas. Est\u00e1 formulado con aceites base sint\u00e9ticos<\/p>\n","protected":false},"featured_media":14777,"template":"","meta":[],"product_brand":[],"product_cat":[27,32],"product_tag":[],"class_list":{"0":"post-469","1":"product","2":"type-product","3":"status-publish","4":"has-post-thumbnail","6":"product_cat-aceite-de-caja","7":"product_cat-caja-automatica","8":"pa_envio-envio-gratis","9":"pa_marca-valvoline","10":"pa_ofertas-cyber","11":"pa_transmision-cvt","13":"first","14":"instock","15":"shipping-taxable","16":"purchasable","17":"product-type-variable","18":"has-default-attributes"},"yoast_head":"<!-- This site is optimized with the Yoast SEO plugin v27.4 - https:\/\/yoast.com\/product\/yoast-seo-wordpress\/ -->\n<title>VALVOLINE CVT FULL SINT\u00c9TICO | Lubrimas.pe | Tienda Online<\/title>\n<meta name=\"robots\" content=\"index, follow, max-snippet:-1, max-image-preview:large, max-video-preview:-1\" \/>\n<link rel=\"canonical\" href=\"https:\/\/lubrimas.pe\/tienda\/aceite-de-caja\/valvoline-cvt-full-sintetico\/\" \/>\n<meta property=\"og:locale\" content=\"es_ES\" \/>\n<meta property=\"og:type\" content=\"article\" \/>\n<meta property=\"og:title\" content=\"VALVOLINE CVT FULL SINT\u00c9TICO | Lubrimas.pe | Tienda Online\" \/>\n<meta property=\"og:description\" content=\"Fluido 100% sint\u00e9tico especialmente dise\u00f1ado para trasnmisiones continuamente variables (CVT) Valvoline\u2122 CVT Full Synthetic Fluid est\u00e1 espec\u00edficamente formulado para las sofisticadas transmisiones variables continuas. Est\u00e1 formulado con aceites base sint\u00e9ticos\" \/>\n<meta property=\"og:url\" content=\"https:\/\/lubrimas.pe\/tienda\/aceite-de-caja\/valvoline-cvt-full-sintetico\/\" \/>\n<meta property=\"og:site_name\" content=\"Lubrimas.pe | Tienda Online\" \/>\n<meta property=\"article:modified_time\" content=\"2025-11-26T18:57:38+00:00\" \/>\n<meta property=\"og:image\" content=\"https:\/\/lubrimas.pe\/tienda\/wp-content\/uploads\/sites\/3\/2022\/01\/valvoline-cvt-1.webp\" \/>\n\t<meta property=\"og:image:width\" content=\"850\" \/>\n\t<meta property=\"og:image:height\" content=\"1000\" \/>\n\t<meta property=\"og:image:type\" content=\"image\/webp\" \/>\n<meta name=\"twitter:card\" content=\"summary_large_image\" \/>\n<meta name=\"twitter:label1\" content=\"Tiempo de lectura\" \/>\n\t<meta name=\"twitter:data1\" content=\"1 minuto\" \/>\n<script type=\"application\/ld+json\" class=\"yoast-schema-graph\">{\"@context\":\"https:\\\/\\\/schema.org\",\"@graph\":[{\"@type\":[\"WebPage\",\"ItemPage\"],\"@id\":\"https:\\\/\\\/lubrimas.pe\\\/tienda\\\/aceite-de-caja\\\/valvoline-cvt-full-sintetico\\\/\",\"url\":\"https:\\\/\\\/lubrimas.pe\\\/tienda\\\/aceite-de-caja\\\/valvoline-cvt-full-sintetico\\\/\",\"name\":\"VALVOLINE CVT FULL SINT\u00c9TICO | Lubrimas.pe | Tienda Online\",\"isPartOf\":{\"@id\":\"https:\\\/\\\/lubrimas.pe\\\/tienda\\\/#website\"},\"primaryImageOfPage\":{\"@id\":\"https:\\\/\\\/lubrimas.pe\\\/tienda\\\/aceite-de-caja\\\/valvoline-cvt-full-sintetico\\\/#primaryimage\"},\"image\":{\"@id\":\"https:\\\/\\\/lubrimas.pe\\\/tienda\\\/aceite-de-caja\\\/valvoline-cvt-full-sintetico\\\/#primaryimage\"},\"thumbnailUrl\":\"https:\\\/\\\/lubrimas.pe\\\/tienda\\\/wp-content\\\/uploads\\\/sites\\\/3\\\/2022\\\/01\\\/valvoline-cvt-1.webp\",\"datePublished\":\"2022-01-19T20:32:14+00:00\",\"dateModified\":\"2025-11-26T18:57:38+00:00\",\"breadcrumb\":{\"@id\":\"https:\\\/\\\/lubrimas.pe\\\/tienda\\\/aceite-de-caja\\\/valvoline-cvt-full-sintetico\\\/#breadcrumb\"},\"inLanguage\":\"es\",\"potentialAction\":[{\"@type\":\"ReadAction\",\"target\":[\"https:\\\/\\\/lubrimas.pe\\\/tienda\\\/aceite-de-caja\\\/valvoline-cvt-full-sintetico\\\/\"]}]},{\"@type\":\"ImageObject\",\"inLanguage\":\"es\",\"@id\":\"https:\\\/\\\/lubrimas.pe\\\/tienda\\\/aceite-de-caja\\\/valvoline-cvt-full-sintetico\\\/#primaryimage\",\"url\":\"https:\\\/\\\/lubrimas.pe\\\/tienda\\\/wp-content\\\/uploads\\\/sites\\\/3\\\/2022\\\/01\\\/valvoline-cvt-1.webp\",\"contentUrl\":\"https:\\\/\\\/lubrimas.pe\\\/tienda\\\/wp-content\\\/uploads\\\/sites\\\/3\\\/2022\\\/01\\\/valvoline-cvt-1.webp\",\"width\":850,\"height\":1000},{\"@type\":\"BreadcrumbList\",\"@id\":\"https:\\\/\\\/lubrimas.pe\\\/tienda\\\/aceite-de-caja\\\/valvoline-cvt-full-sintetico\\\/#breadcrumb\",\"itemListElement\":[{\"@type\":\"ListItem\",\"position\":1,\"name\":\"Portada\",\"item\":\"https:\\\/\\\/lubrimas.pe\\\/tienda\\\/\"},{\"@type\":\"ListItem\",\"position\":2,\"name\":\"Cat\u00e1logo\",\"item\":\"https:\\\/\\\/lubrimas.pe\\\/tienda\\\/productos\\\/\"},{\"@type\":\"ListItem\",\"position\":3,\"name\":\"VALVOLINE CVT FULL SINT\u00c9TICO\"}]},{\"@type\":\"WebSite\",\"@id\":\"https:\\\/\\\/lubrimas.pe\\\/tienda\\\/#website\",\"url\":\"https:\\\/\\\/lubrimas.pe\\\/tienda\\\/\",\"name\":\"Lubrimas.pe | Tienda Online\",\"description\":\"Tus lubricantes favoritos al mejor precio!\",\"publisher\":{\"@id\":\"https:\\\/\\\/lubrimas.pe\\\/tienda\\\/#organization\"},\"potentialAction\":[{\"@type\":\"SearchAction\",\"target\":{\"@type\":\"EntryPoint\",\"urlTemplate\":\"https:\\\/\\\/lubrimas.pe\\\/tienda\\\/?s={search_term_string}\"},\"query-input\":{\"@type\":\"PropertyValueSpecification\",\"valueRequired\":true,\"valueName\":\"search_term_string\"}}],\"inLanguage\":\"es\"},{\"@type\":\"Organization\",\"@id\":\"https:\\\/\\\/lubrimas.pe\\\/tienda\\\/#organization\",\"name\":\"Lubrimas.pe\",\"url\":\"https:\\\/\\\/lubrimas.pe\\\/tienda\\\/\",\"logo\":{\"@type\":\"ImageObject\",\"inLanguage\":\"es\",\"@id\":\"https:\\\/\\\/lubrimas.pe\\\/tienda\\\/#\\\/schema\\\/logo\\\/image\\\/\",\"url\":\"https:\\\/\\\/lubrimas.pe\\\/tienda\\\/wp-content\\\/uploads\\\/sites\\\/3\\\/2022\\\/07\\\/BANNERS-PROMO-CYBER-WOW-LUBRIMASPE-2022-07.webp\",\"contentUrl\":\"https:\\\/\\\/lubrimas.pe\\\/tienda\\\/wp-content\\\/uploads\\\/sites\\\/3\\\/2022\\\/07\\\/BANNERS-PROMO-CYBER-WOW-LUBRIMASPE-2022-07.webp\",\"width\":500,\"height\":752,\"caption\":\"Lubrimas.pe\"},\"image\":{\"@id\":\"https:\\\/\\\/lubrimas.pe\\\/tienda\\\/#\\\/schema\\\/logo\\\/image\\\/\"}}]}<\/script>\n<!-- \/ Yoast SEO plugin. -->","yoast_head_json":{"title":"VALVOLINE CVT FULL SINT\u00c9TICO | Lubrimas.pe | Tienda Online","robots":{"index":"index","follow":"follow","max-snippet":"max-snippet:-1","max-image-preview":"max-image-preview:large","max-video-preview":"max-video-preview:-1"},"canonical":"https:\/\/lubrimas.pe\/tienda\/aceite-de-caja\/valvoline-cvt-full-sintetico\/","og_locale":"es_ES","og_type":"article","og_title":"VALVOLINE CVT FULL SINT\u00c9TICO | Lubrimas.pe | Tienda Online","og_description":"Fluido 100% sint\u00e9tico especialmente dise\u00f1ado para trasnmisiones continuamente variables (CVT) Valvoline\u2122 CVT Full Synthetic Fluid est\u00e1 espec\u00edficamente formulado para las sofisticadas transmisiones variables continuas. Est\u00e1 formulado con aceites base sint\u00e9ticos","og_url":"https:\/\/lubrimas.pe\/tienda\/aceite-de-caja\/valvoline-cvt-full-sintetico\/","og_site_name":"Lubrimas.pe | Tienda Online","article_modified_time":"2025-11-26T18:57:38+00:00","og_image":[{"width":850,"height":1000,"url":"https:\/\/lubrimas.pe\/tienda\/wp-content\/uploads\/sites\/3\/2022\/01\/valvoline-cvt-1.webp","type":"image\/webp"}],"twitter_card":"summary_large_image","twitter_misc":{"Tiempo de lectura":"1 minuto"},"schema":{"@context":"https:\/\/schema.org","@graph":[{"@type":["WebPage","ItemPage"],"@id":"https:\/\/lubrimas.pe\/tienda\/aceite-de-caja\/valvoline-cvt-full-sintetico\/","url":"https:\/\/lubrimas.pe\/tienda\/aceite-de-caja\/valvoline-cvt-full-sintetico\/","name":"VALVOLINE CVT FULL SINT\u00c9TICO | Lubrimas.pe | Tienda Online","isPartOf":{"@id":"https:\/\/lubrimas.pe\/tienda\/#website"},"primaryImageOfPage":{"@id":"https:\/\/lubrimas.pe\/tienda\/aceite-de-caja\/valvoline-cvt-full-sintetico\/#primaryimage"},"image":{"@id":"https:\/\/lubrimas.pe\/tienda\/aceite-de-caja\/valvoline-cvt-full-sintetico\/#primaryimage"},"thumbnailUrl":"https:\/\/lubrimas.pe\/tienda\/wp-content\/uploads\/sites\/3\/2022\/01\/valvoline-cvt-1.webp","datePublished":"2022-01-19T20:32:14+00:00","dateModified":"2025-11-26T18:57:38+00:00","breadcrumb":{"@id":"https:\/\/lubrimas.pe\/tienda\/aceite-de-caja\/valvoline-cvt-full-sintetico\/#breadcrumb"},"inLanguage":"es","potentialAction":[{"@type":"ReadAction","target":["https:\/\/lubrimas.pe\/tienda\/aceite-de-caja\/valvoline-cvt-full-sintetico\/"]}]},{"@type":"ImageObject","inLanguage":"es","@id":"https:\/\/lubrimas.pe\/tienda\/aceite-de-caja\/valvoline-cvt-full-sintetico\/#primaryimage","url":"https:\/\/lubrimas.pe\/tienda\/wp-content\/uploads\/sites\/3\/2022\/01\/valvoline-cvt-1.webp","contentUrl":"https:\/\/lubrimas.pe\/tienda\/wp-content\/uploads\/sites\/3\/2022\/01\/valvoline-cvt-1.webp","width":850,"height":1000},{"@type":"BreadcrumbList","@id":"https:\/\/lubrimas.pe\/tienda\/aceite-de-caja\/valvoline-cvt-full-sintetico\/#breadcrumb","itemListElement":[{"@type":"ListItem","position":1,"name":"Portada","item":"https:\/\/lubrimas.pe\/tienda\/"},{"@type":"ListItem","position":2,"name":"Cat\u00e1logo","item":"https:\/\/lubrimas.pe\/tienda\/productos\/"},{"@type":"ListItem","position":3,"name":"VALVOLINE CVT FULL SINT\u00c9TICO"}]},{"@type":"WebSite","@id":"https:\/\/lubrimas.pe\/tienda\/#website","url":"https:\/\/lubrimas.pe\/tienda\/","name":"Lubrimas.pe | Tienda Online","description":"Tus lubricantes favoritos al mejor precio!","publisher":{"@id":"https:\/\/lubrimas.pe\/tienda\/#organization"},"potentialAction":[{"@type":"SearchAction","target":{"@type":"EntryPoint","urlTemplate":"https:\/\/lubrimas.pe\/tienda\/?s={search_term_string}"},"query-input":{"@type":"PropertyValueSpecification","valueRequired":true,"valueName":"search_term_string"}}],"inLanguage":"es"},{"@type":"Organization","@id":"https:\/\/lubrimas.pe\/tienda\/#organization","name":"Lubrimas.pe","url":"https:\/\/lubrimas.pe\/tienda\/","logo":{"@type":"ImageObject","inLanguage":"es","@id":"https:\/\/lubrimas.pe\/tienda\/#\/schema\/logo\/image\/","url":"https:\/\/lubrimas.pe\/tienda\/wp-content\/uploads\/sites\/3\/2022\/07\/BANNERS-PROMO-CYBER-WOW-LUBRIMASPE-2022-07.webp","contentUrl":"https:\/\/lubrimas.pe\/tienda\/wp-content\/uploads\/sites\/3\/2022\/07\/BANNERS-PROMO-CYBER-WOW-LUBRIMASPE-2022-07.webp","width":500,"height":752,"caption":"Lubrimas.pe"},"image":{"@id":"https:\/\/lubrimas.pe\/tienda\/#\/schema\/logo\/image\/"}}]}},"_links":{"self":[{"href":"https:\/\/lubrimas.pe\/tienda\/wp-json\/wp\/v2\/product\/469","targetHints":{"allow":["GET"]}}],"collection":[{"href":"https:\/\/lubrimas.pe\/tienda\/wp-json\/wp\/v2\/product"}],"about":[{"href":"https:\/\/lubrimas.pe\/tienda\/wp-json\/wp\/v2\/types\/product"}],"wp:featuredmedia":[{"embeddable":true,"href":"https:\/\/lubrimas.pe\/tienda\/wp-json\/wp\/v2\/media\/14777"}],"wp:attachment":[{"href":"https:\/\/lubrimas.pe\/tienda\/wp-json\/wp\/v2\/media?parent=469"}],"wp:term":[{"taxonomy":"product_brand","embeddable":true,"href":"https:\/\/lubrimas.pe\/tienda\/wp-json\/wp\/v2\/product_brand?post=469"},{"taxonomy":"product_cat","embeddable":true,"href":"https:\/\/lubrimas.pe\/tienda\/wp-json\/wp\/v2\/product_cat?post=469"},{"taxonomy":"product_tag","embeddable":true,"href":"https:\/\/lubrimas.pe\/tienda\/wp-json\/wp\/v2\/product_tag?post=469"}],"curies":[{"name":"wp","href":"https:\/\/api.w.org\/{rel}","templated":true}]}}