{"id":471,"date":"2022-01-19T20:32:14","date_gmt":"2022-01-19T20:32:14","guid":{"rendered":"https:\/\/lubrimas.pe\/tienda\/?post_type=product&#038;p=471"},"modified":"2025-12-03T16:35:45","modified_gmt":"2025-12-03T21:35:45","slug":"motul-multi-cvtf","status":"publish","type":"product","link":"https:\/\/lubrimas.pe\/tienda\/aceite-de-caja\/motul-multi-cvtf\/","title":{"rendered":"MOTUL MULTI CVTF &#8211; Lubricante de Transmisi\u00f3n CVT"},"content":{"rendered":"<p><strong>MOTUL MULTI CVTF<\/strong> es lubricante sint\u00e9tico<strong><em> (Technosynthese\u00ae &#8211; Tecnolog\u00eda Sint\u00e9tica) <\/em><\/strong>, de altas de prestaciones, especialmente dise\u00f1ado para las cajas de velocidades de variador continuo (CVT \u2013 Continuous Variable Transmission).<\/p>\n<p>Recomendado para la gran mayor\u00eda de veh\u00edculos equipados con CVT, tanto CVT de correa como CVT de cadena. Particularmente adaptado para las cajas de velocidades CVT de los fabricantees Americanos GM, FORD, CHRYSLER, Asi\u00e1ticos HONDA, HYUNDAI, KIA, MITSUBISHI, TOYOTA, NISSAN, SUBARU, TOYOTA, o Europeos AUDI, BMW, CITRO\u00cbN, MERCEDES, PEUGEOT, RENAULT.<\/p>\n<h5><strong>Caracter\u00edsticas Principales\u00a0<\/strong><\/h5>\n<p>MOTUL MULTI CVTF es un fluido CVT multi-marca, de alta tecnolog\u00eda, utilizable en la gran mayor\u00eda de CVT, tanto para<br \/>\nsistemas de CVT de cadena como de correa. Gracias a su formulaci\u00f3n, exclusivo y dedicado, MULTI CVTF:<\/p>\n<ul>\n<li>Permite reducir el consumo de combustible en los veh\u00edculos equipados con cajas de velocidades autom\u00e1ticas CVT optimizando la fricci\u00f3n metal\/metal entre correa o cadena y poleas.<\/li>\n<li>Evita el fen\u00f3meno de \u201cpegado ocasional\u201d del embrague en las fases de acoplamiento de los discos reduciendo las vibraciones en el volante motor y mejorando el confort.<\/li>\n<li>Protege los engranajes, cada vez m\u00e1s compactos y cargados.<\/li>\n<li>Proporciona un paso de las velocidades m\u00e1s suave y r\u00e1pido.<\/li>\n<li>Mejor funcionamiento en frio de las cajas de velocidades autom\u00e1ticas CVT.<\/li>\n<li>Aumenta la vida util gracias a su mayor resistencia a la oxidaci\u00f3n y una estabilidad de la pel\u00edcula del aceite a altas<br \/>\ntemperaturas.<\/li>\n<li>Mayor protecci\u00f3n anti-desgaste para las cadenas, correas y poleas.<\/li>\n<li>Anti-corrosi\u00f3n, Anti-espuma.<\/li>\n<\/ul>\n<h5><strong>APROBACIONES Y ESPECIFICACIONES COMPATIBLES<\/strong><\/h5>\n<p>AUDI (G 052 180, G 052 516, Multitronic, TL 52 116, TL 52 180, TL 52 516), BMW (83 22 0 136 376, 83 22 0 429 154, EZL 799, EZL 799 A), CHERY (CVT), CHRYSLER (CVTF+4, NS-2), CITRO\u00cbN (9735 EF, Elfmatic CVT, Elfmatic CVT MV), DAIHATSU (AMMIX CVTF DFE, AMMIX CVT Fluid DC, AMMIX CVT, Fluid DFE, CVTF 3320, CVT Fluid DFC, Fluid TC), DODGE (05191184AA, CVTF+4, NS-2), DS ((CAPSA) 9735 EF, Elfmatic CVT, Elfmatic CVT MV), FIAT (Tutela Car CVT N.G), FORD (CVT23, CVT30, MERCON C, WSS-M2C928-A, WSSM2C933-A, XT-7QCFT), GENERAL MOTORS (1940713, 1940714, DEX-CVT), HONDA (08200-9006, 08200-HCF-2, 0826099905HE, 087009006, HMMF (Honda Multi Matic Fluid) for CVT models only, without wet starting clutch, CVT-F, Genuine CVT Fluid, HCF-2, Z-1 (CVT models only, without starting clutch, not for Honda Jazz &amp; Fit MY 2001-2007)), HYUNDAI (CVT-1, Genuine CVTF, SP-CVT 1, SP III (CVT models only)), INFINITI (NS-1, NS-2, NS-3), JEEP (05191184AA, CVTF+4, NS-2, VTF), KIA (CVT-1, SP-CVT 1, SP III (CVT models only)), LEXUS (CVTF 3320, CVT FE, Fluid FE, Fluid TC), LIFAN (CVT), MAZDA (CVTF 3320, JWS 3320), MERCEDES-BENZ (A 001 989 46 03, MB 236.20), MG (EM-CVTF), MINI (83 22 0 136 376, 83 22 0 429 154, COOPER EZL 799 A, EZL 799, ZF CVT V1), MITSUBISHI (CVTF ECO J4, Dia Queen CVTF-J1 (MMC Diaqueen CVT Fluid J1), Dia Queen CVTF-J4, Dia Queen CVTF-J4+ (MMC Diaqueen CVT Fluid J4 and J4+), MZ313973, SP III (CVT models only)), NISSAN (999MP-NS200P, KTF-1, N-CVT, NS-1, NS-2, NS-2V, NS-3), PEUGEOT (9735 EF, Elfmatic CVT, Elfmatic CVT MV), RENAULT (CVT CK\/SK\/FK, Elfmatic CVT, Elfmatic CVT MV), ROVER (EM-CVTF, Unipart Transmatic ATF), SATURN (22688912, DEX-CVT), SEAT (G 052 180, G 052 516), SUBARU (CV30, CVT III Fluid, CVT TR580, CVT TR690, ECVT, High, Torque CVT, iCVTF, i-CVTF FG, K0421Y0700, K0425Y0710, K0425Y0711, Lineartronic chain CVT 3 Fluid, Lineartronic chain CVT and CVT II Fluid, Lineartronic CVTF, Lineartronic High Torque (HT) CVT Fluid, Lineartronic II, NS-2), SUZUKI (CVTF 3320, CVTF 4401, CVTF TC, CVT Green 1, CVT Green 1V, CVT Green 2, NS-2), TOYOTA (CVTF 3320, CVTF FE, TC), VOLVO (CVTF 4959), VW (G 052 180, G 052 516), ZOTYE (RDCF01, RDCF02, CVTs), ELF (matic CVT, matic CVT MV), ESSO (EZL 799, FN1975), FUJIJYUKO (i-CVTF FG), IDEMITSU (CVTF-EX1), MOBIL (CVTF 3320), MOPAR PARTS (CVTF+4, CVTplus4), PSA (Groupe 9735 EF, Elfmatic CVT, Elfmatic CVT MV), PUNCH (CVTF-EX1), SHELL (Green 1V)<\/p>\n<h5><strong>Recomendaciones<\/strong><\/h5>\n<p>Pude ser mezclado \u00fanicamente con aceites de su mismo tipo. Intervalo de mantenimiento: Seg\u00fan recomendaci\u00f3n del fabricante y adaptado a su propia utilizaci\u00f3n. No recomendable para los CVT de veh\u00edculos h\u00edbridos. Antes de su utilizaci\u00f3n y en caso de duda, siempre consultar el manual de mantenimiento del veh\u00edculo.<\/p>\n<h5><strong>INFORMACI\u00d3N ADICIONAL<\/strong><\/h5>\n<div class=\"aditional-info-tecnical-lp\"><a href=\"https:\/\/azupim01.motul.com\/media\/motulData\/DO\/base\/MULTI_CVTF_es_ES_motul_45610_20220126.pdf\" target=\"_blank\" rel=\"noopener\">FICHA T\u00c9CNICA<\/a><br \/>\n<a href=\"https:\/\/www.motul.com\/es\/es\/products\/multi-cvtf\" target=\"_blank\" rel=\"noopener\">SITIO OFICIAL<\/a><\/div>\n","protected":false},"excerpt":{"rendered":"<p>MOTUL MULTI CVTF es lubricante sint\u00e9tico (Technosynthese\u00ae &#8211; Tecnolog\u00eda Sint\u00e9tica) , de altas de prestaciones, especialmente dise\u00f1ado para las cajas de velocidades de variador continuo (CVT \u2013 Continuous Variable Transmission).<\/p>\n","protected":false},"featured_media":14959,"template":"","meta":[],"product_brand":[],"product_cat":[27,32],"product_tag":[],"class_list":{"0":"post-471","1":"product","2":"type-product","3":"status-publish","4":"has-post-thumbnail","6":"product_cat-aceite-de-caja","7":"product_cat-caja-automatica","8":"pa_marca-motul","9":"pa_transmision-cvt","10":"pa_transmision-cvtf4","11":"pa_transmision-multi-cvtf","12":"pa_transmision-ns-3","14":"first","15":"instock","16":"shipping-taxable","17":"purchasable","18":"product-type-variable","19":"has-default-attributes"},"yoast_head":"<!-- This site is optimized with the Yoast SEO plugin v27.5 - https:\/\/yoast.com\/product\/yoast-seo-wordpress\/ -->\n<title>MOTUL MULTI CVTF - Lubricante de Transmisi\u00f3n CVT | Lubrimas.pe | Tienda Online<\/title>\n<meta name=\"robots\" content=\"index, follow, max-snippet:-1, max-image-preview:large, max-video-preview:-1\" \/>\n<link rel=\"canonical\" href=\"https:\/\/lubrimas.pe\/tienda\/aceite-de-caja\/motul-multi-cvtf\/\" \/>\n<meta property=\"og:locale\" content=\"es_ES\" \/>\n<meta property=\"og:type\" content=\"article\" \/>\n<meta property=\"og:title\" content=\"MOTUL MULTI CVTF - Lubricante de Transmisi\u00f3n CVT | Lubrimas.pe | Tienda Online\" \/>\n<meta property=\"og:description\" content=\"MOTUL MULTI CVTF es lubricante sint\u00e9tico (Technosynthese\u00ae &#8211; Tecnolog\u00eda Sint\u00e9tica) , de altas de prestaciones, especialmente dise\u00f1ado para las cajas de velocidades de variador continuo (CVT \u2013 Continuous Variable Transmission).\" \/>\n<meta property=\"og:url\" content=\"https:\/\/lubrimas.pe\/tienda\/aceite-de-caja\/motul-multi-cvtf\/\" \/>\n<meta property=\"og:site_name\" content=\"Lubrimas.pe | Tienda Online\" \/>\n<meta property=\"article:modified_time\" content=\"2025-12-03T21:35:45+00:00\" \/>\n<meta property=\"og:image\" content=\"https:\/\/lubrimas.pe\/tienda\/wp-content\/uploads\/sites\/3\/2022\/01\/MOTUL-MULTI-CVTF.webp\" \/>\n\t<meta property=\"og:image:width\" content=\"850\" \/>\n\t<meta property=\"og:image:height\" content=\"1000\" \/>\n\t<meta property=\"og:image:type\" content=\"image\/webp\" \/>\n<meta name=\"twitter:card\" content=\"summary_large_image\" \/>\n<meta name=\"twitter:label1\" content=\"Tiempo de lectura\" \/>\n\t<meta name=\"twitter:data1\" content=\"3 minutos\" \/>\n<script type=\"application\/ld+json\" class=\"yoast-schema-graph\">{\"@context\":\"https:\\\/\\\/schema.org\",\"@graph\":[{\"@type\":[\"WebPage\",\"ItemPage\"],\"@id\":\"https:\\\/\\\/lubrimas.pe\\\/tienda\\\/aceite-de-caja\\\/motul-multi-cvtf\\\/\",\"url\":\"https:\\\/\\\/lubrimas.pe\\\/tienda\\\/aceite-de-caja\\\/motul-multi-cvtf\\\/\",\"name\":\"MOTUL MULTI CVTF - Lubricante de Transmisi\u00f3n CVT | Lubrimas.pe | Tienda Online\",\"isPartOf\":{\"@id\":\"https:\\\/\\\/lubrimas.pe\\\/tienda\\\/#website\"},\"primaryImageOfPage\":{\"@id\":\"https:\\\/\\\/lubrimas.pe\\\/tienda\\\/aceite-de-caja\\\/motul-multi-cvtf\\\/#primaryimage\"},\"image\":{\"@id\":\"https:\\\/\\\/lubrimas.pe\\\/tienda\\\/aceite-de-caja\\\/motul-multi-cvtf\\\/#primaryimage\"},\"thumbnailUrl\":\"https:\\\/\\\/lubrimas.pe\\\/tienda\\\/wp-content\\\/uploads\\\/sites\\\/3\\\/2022\\\/01\\\/MOTUL-MULTI-CVTF.webp\",\"datePublished\":\"2022-01-19T20:32:14+00:00\",\"dateModified\":\"2025-12-03T21:35:45+00:00\",\"breadcrumb\":{\"@id\":\"https:\\\/\\\/lubrimas.pe\\\/tienda\\\/aceite-de-caja\\\/motul-multi-cvtf\\\/#breadcrumb\"},\"inLanguage\":\"es\",\"potentialAction\":[{\"@type\":\"ReadAction\",\"target\":[\"https:\\\/\\\/lubrimas.pe\\\/tienda\\\/aceite-de-caja\\\/motul-multi-cvtf\\\/\"]}]},{\"@type\":\"ImageObject\",\"inLanguage\":\"es\",\"@id\":\"https:\\\/\\\/lubrimas.pe\\\/tienda\\\/aceite-de-caja\\\/motul-multi-cvtf\\\/#primaryimage\",\"url\":\"https:\\\/\\\/lubrimas.pe\\\/tienda\\\/wp-content\\\/uploads\\\/sites\\\/3\\\/2022\\\/01\\\/MOTUL-MULTI-CVTF.webp\",\"contentUrl\":\"https:\\\/\\\/lubrimas.pe\\\/tienda\\\/wp-content\\\/uploads\\\/sites\\\/3\\\/2022\\\/01\\\/MOTUL-MULTI-CVTF.webp\",\"width\":850,\"height\":1000},{\"@type\":\"BreadcrumbList\",\"@id\":\"https:\\\/\\\/lubrimas.pe\\\/tienda\\\/aceite-de-caja\\\/motul-multi-cvtf\\\/#breadcrumb\",\"itemListElement\":[{\"@type\":\"ListItem\",\"position\":1,\"name\":\"Portada\",\"item\":\"https:\\\/\\\/lubrimas.pe\\\/tienda\\\/\"},{\"@type\":\"ListItem\",\"position\":2,\"name\":\"Cat\u00e1logo\",\"item\":\"https:\\\/\\\/lubrimas.pe\\\/tienda\\\/productos\\\/\"},{\"@type\":\"ListItem\",\"position\":3,\"name\":\"MOTUL MULTI CVTF &#8211; Lubricante de Transmisi\u00f3n CVT\"}]},{\"@type\":\"WebSite\",\"@id\":\"https:\\\/\\\/lubrimas.pe\\\/tienda\\\/#website\",\"url\":\"https:\\\/\\\/lubrimas.pe\\\/tienda\\\/\",\"name\":\"Lubrimas.pe | Tienda Online\",\"description\":\"Tus lubricantes favoritos al mejor precio!\",\"publisher\":{\"@id\":\"https:\\\/\\\/lubrimas.pe\\\/tienda\\\/#organization\"},\"potentialAction\":[{\"@type\":\"SearchAction\",\"target\":{\"@type\":\"EntryPoint\",\"urlTemplate\":\"https:\\\/\\\/lubrimas.pe\\\/tienda\\\/?s={search_term_string}\"},\"query-input\":{\"@type\":\"PropertyValueSpecification\",\"valueRequired\":true,\"valueName\":\"search_term_string\"}}],\"inLanguage\":\"es\"},{\"@type\":\"Organization\",\"@id\":\"https:\\\/\\\/lubrimas.pe\\\/tienda\\\/#organization\",\"name\":\"Lubrimas.pe\",\"url\":\"https:\\\/\\\/lubrimas.pe\\\/tienda\\\/\",\"logo\":{\"@type\":\"ImageObject\",\"inLanguage\":\"es\",\"@id\":\"https:\\\/\\\/lubrimas.pe\\\/tienda\\\/#\\\/schema\\\/logo\\\/image\\\/\",\"url\":\"https:\\\/\\\/lubrimas.pe\\\/tienda\\\/wp-content\\\/uploads\\\/sites\\\/3\\\/2022\\\/07\\\/BANNERS-PROMO-CYBER-WOW-LUBRIMASPE-2022-07.webp\",\"contentUrl\":\"https:\\\/\\\/lubrimas.pe\\\/tienda\\\/wp-content\\\/uploads\\\/sites\\\/3\\\/2022\\\/07\\\/BANNERS-PROMO-CYBER-WOW-LUBRIMASPE-2022-07.webp\",\"width\":500,\"height\":752,\"caption\":\"Lubrimas.pe\"},\"image\":{\"@id\":\"https:\\\/\\\/lubrimas.pe\\\/tienda\\\/#\\\/schema\\\/logo\\\/image\\\/\"}}]}<\/script>\n<!-- \/ Yoast SEO plugin. -->","yoast_head_json":{"title":"MOTUL MULTI CVTF - Lubricante de Transmisi\u00f3n CVT | Lubrimas.pe | Tienda Online","robots":{"index":"index","follow":"follow","max-snippet":"max-snippet:-1","max-image-preview":"max-image-preview:large","max-video-preview":"max-video-preview:-1"},"canonical":"https:\/\/lubrimas.pe\/tienda\/aceite-de-caja\/motul-multi-cvtf\/","og_locale":"es_ES","og_type":"article","og_title":"MOTUL MULTI CVTF - Lubricante de Transmisi\u00f3n CVT | Lubrimas.pe | Tienda Online","og_description":"MOTUL MULTI CVTF es lubricante sint\u00e9tico (Technosynthese\u00ae &#8211; Tecnolog\u00eda Sint\u00e9tica) , de altas de prestaciones, especialmente dise\u00f1ado para las cajas de velocidades de variador continuo (CVT \u2013 Continuous Variable Transmission).","og_url":"https:\/\/lubrimas.pe\/tienda\/aceite-de-caja\/motul-multi-cvtf\/","og_site_name":"Lubrimas.pe | Tienda Online","article_modified_time":"2025-12-03T21:35:45+00:00","og_image":[{"width":850,"height":1000,"url":"https:\/\/lubrimas.pe\/tienda\/wp-content\/uploads\/sites\/3\/2022\/01\/MOTUL-MULTI-CVTF.webp","type":"image\/webp"}],"twitter_card":"summary_large_image","twitter_misc":{"Tiempo de lectura":"3 minutos"},"schema":{"@context":"https:\/\/schema.org","@graph":[{"@type":["WebPage","ItemPage"],"@id":"https:\/\/lubrimas.pe\/tienda\/aceite-de-caja\/motul-multi-cvtf\/","url":"https:\/\/lubrimas.pe\/tienda\/aceite-de-caja\/motul-multi-cvtf\/","name":"MOTUL MULTI CVTF - Lubricante de Transmisi\u00f3n CVT | Lubrimas.pe | Tienda Online","isPartOf":{"@id":"https:\/\/lubrimas.pe\/tienda\/#website"},"primaryImageOfPage":{"@id":"https:\/\/lubrimas.pe\/tienda\/aceite-de-caja\/motul-multi-cvtf\/#primaryimage"},"image":{"@id":"https:\/\/lubrimas.pe\/tienda\/aceite-de-caja\/motul-multi-cvtf\/#primaryimage"},"thumbnailUrl":"https:\/\/lubrimas.pe\/tienda\/wp-content\/uploads\/sites\/3\/2022\/01\/MOTUL-MULTI-CVTF.webp","datePublished":"2022-01-19T20:32:14+00:00","dateModified":"2025-12-03T21:35:45+00:00","breadcrumb":{"@id":"https:\/\/lubrimas.pe\/tienda\/aceite-de-caja\/motul-multi-cvtf\/#breadcrumb"},"inLanguage":"es","potentialAction":[{"@type":"ReadAction","target":["https:\/\/lubrimas.pe\/tienda\/aceite-de-caja\/motul-multi-cvtf\/"]}]},{"@type":"ImageObject","inLanguage":"es","@id":"https:\/\/lubrimas.pe\/tienda\/aceite-de-caja\/motul-multi-cvtf\/#primaryimage","url":"https:\/\/lubrimas.pe\/tienda\/wp-content\/uploads\/sites\/3\/2022\/01\/MOTUL-MULTI-CVTF.webp","contentUrl":"https:\/\/lubrimas.pe\/tienda\/wp-content\/uploads\/sites\/3\/2022\/01\/MOTUL-MULTI-CVTF.webp","width":850,"height":1000},{"@type":"BreadcrumbList","@id":"https:\/\/lubrimas.pe\/tienda\/aceite-de-caja\/motul-multi-cvtf\/#breadcrumb","itemListElement":[{"@type":"ListItem","position":1,"name":"Portada","item":"https:\/\/lubrimas.pe\/tienda\/"},{"@type":"ListItem","position":2,"name":"Cat\u00e1logo","item":"https:\/\/lubrimas.pe\/tienda\/productos\/"},{"@type":"ListItem","position":3,"name":"MOTUL MULTI CVTF &#8211; Lubricante de Transmisi\u00f3n CVT"}]},{"@type":"WebSite","@id":"https:\/\/lubrimas.pe\/tienda\/#website","url":"https:\/\/lubrimas.pe\/tienda\/","name":"Lubrimas.pe | Tienda Online","description":"Tus lubricantes favoritos al mejor precio!","publisher":{"@id":"https:\/\/lubrimas.pe\/tienda\/#organization"},"potentialAction":[{"@type":"SearchAction","target":{"@type":"EntryPoint","urlTemplate":"https:\/\/lubrimas.pe\/tienda\/?s={search_term_string}"},"query-input":{"@type":"PropertyValueSpecification","valueRequired":true,"valueName":"search_term_string"}}],"inLanguage":"es"},{"@type":"Organization","@id":"https:\/\/lubrimas.pe\/tienda\/#organization","name":"Lubrimas.pe","url":"https:\/\/lubrimas.pe\/tienda\/","logo":{"@type":"ImageObject","inLanguage":"es","@id":"https:\/\/lubrimas.pe\/tienda\/#\/schema\/logo\/image\/","url":"https:\/\/lubrimas.pe\/tienda\/wp-content\/uploads\/sites\/3\/2022\/07\/BANNERS-PROMO-CYBER-WOW-LUBRIMASPE-2022-07.webp","contentUrl":"https:\/\/lubrimas.pe\/tienda\/wp-content\/uploads\/sites\/3\/2022\/07\/BANNERS-PROMO-CYBER-WOW-LUBRIMASPE-2022-07.webp","width":500,"height":752,"caption":"Lubrimas.pe"},"image":{"@id":"https:\/\/lubrimas.pe\/tienda\/#\/schema\/logo\/image\/"}}]}},"_links":{"self":[{"href":"https:\/\/lubrimas.pe\/tienda\/wp-json\/wp\/v2\/product\/471","targetHints":{"allow":["GET"]}}],"collection":[{"href":"https:\/\/lubrimas.pe\/tienda\/wp-json\/wp\/v2\/product"}],"about":[{"href":"https:\/\/lubrimas.pe\/tienda\/wp-json\/wp\/v2\/types\/product"}],"wp:featuredmedia":[{"embeddable":true,"href":"https:\/\/lubrimas.pe\/tienda\/wp-json\/wp\/v2\/media\/14959"}],"wp:attachment":[{"href":"https:\/\/lubrimas.pe\/tienda\/wp-json\/wp\/v2\/media?parent=471"}],"wp:term":[{"taxonomy":"product_brand","embeddable":true,"href":"https:\/\/lubrimas.pe\/tienda\/wp-json\/wp\/v2\/product_brand?post=471"},{"taxonomy":"product_cat","embeddable":true,"href":"https:\/\/lubrimas.pe\/tienda\/wp-json\/wp\/v2\/product_cat?post=471"},{"taxonomy":"product_tag","embeddable":true,"href":"https:\/\/lubrimas.pe\/tienda\/wp-json\/wp\/v2\/product_tag?post=471"}],"curies":[{"name":"wp","href":"https:\/\/api.w.org\/{rel}","templated":true}]}}