{"id":485,"date":"2022-01-19T20:32:24","date_gmt":"2022-01-19T20:32:24","guid":{"rendered":"https:\/\/lubrimas.pe\/tienda\/?post_type=product&#038;p=485"},"modified":"2024-04-06T10:12:40","modified_gmt":"2024-04-06T15:12:40","slug":"peak-antifreezecoolant-33","status":"publish","type":"product","link":"https:\/\/lubrimas.pe\/tienda\/refrigerantes\/peak-antifreezecoolant-33\/","title":{"rendered":"REFRIGERANTE PEAK 33% CLIMATIZADO &#8211; Antifreeze + Coolant"},"content":{"rendered":"<p><strong>REFRIGERANTE PEAK 33% CLIMATIZADO<\/strong> es un anticongelante y refrigerante convencional, a base de etilenglicol (33%), formulados para utilizar en automotores y veh\u00edculos ligeros. M\u00e1xima protecci\u00f3n contra el congelamiento -18\u00b0C (0\u00b0F) y la ebullici\u00f3n 126\u00b0C (259\u00b0F). Incorpora inhibidores inorg\u00e1nicos de la corrosi\u00f3n para proporcionar una protecci\u00f3n de 6 v\u00edas.<\/p>\n<h5><strong>CARACTER\u00cdSTICAS PRINCIPALES<\/strong><\/h5>\n<ul>\n<li>Climatizado, no necesita agregarse agua.<\/li>\n<li>Protege todos los metales incluyendo el aluminio, adem\u00e1s de ser antioxidante.<\/li>\n<li>Evita la acumulaci\u00f3n de sarro que da\u00f1a prematuramente el sistema de refrigeraci\u00f3n.<\/li>\n<li>Bajo contenido de Silicato.<\/li>\n<li>Contiene Mono Etilen glicol.<\/li>\n<li>Esta formulado para uso en autom\u00f3viles, camionetas y camiones de todas las marcas y modelos de fabricaci\u00f3n Americana, Europea y Asi\u00e1tica.<\/li>\n<li>Aumenta el punto de ebullici\u00f3n hasta 123\u00b0 C y disminuye el punto de congelamiento hasta -20\u00b0C.<\/li>\n<li>Cumple o excede normas ASTM y SAE de protecci\u00f3n y rendimiento.<\/li>\n<li>Formula patentada de color verde.<\/li>\n<\/ul>\n<h5><strong>APROBACIONES \/ ESPECIFICACIONES<\/strong><\/h5>\n<ul>\n<li>ASTM D-3306, Ford ESE &#8211; M97B44-A, ASTM D-4985, General Motors 1899 M, ASTM D-4340, General Motors 1825 M, TMC RP-302B, John Deere H24B1\/C1, Chrysler MS 7170, British Standard 6580, 2010,\u00a0Cummins\u00a090T8-4<\/li>\n<\/ul>\n<p><em>Cubre los requisitos &#8220;libre de fosfato&#8221; de fabricantes de equipos europeos y <\/em><em>japoneses OEMs.<\/em><\/p>\n<h5><strong>INFORMACI\u00d3N ADICIONAL<\/strong><\/h5>\n<div class=\"aditional-info-tecnical-lp\"><a href=\"https:\/\/lubrimas.pe\/tienda\/wp-content\/uploads\/sites\/3\/2022\/10\/FICHA-TECNICA-PDS-REFRIGERANTE-PEAK-33-ANTICONGELANTE-CLIMATIZADO-LUBRIMASPE-LOS-OLIVOS-LIMA-PERU.pdf\" target=\"_blank\" rel=\"noopener\">FICHA T\u00c9CNICA<\/a><br \/>\n<a href=\"https:\/\/www.owi.com\/retail\/brands\/peak-auto\/antifreeze-coolant\/conventional-antifreeze-and-coolant\/peak-conventional\" target=\"_blank\" rel=\"noopener\">SITIO OFICIAL<\/a><\/div>\n<p>&nbsp;<\/p>\n<blockquote><p>PEAK REFRIGERANTE CLIMATIZADO, ANTICONGELANTE, LISTO PARA USAR, CONCENTRADO 33%, VERDE<\/p><\/blockquote>\n","protected":false},"excerpt":{"rendered":"<p>REFRIGERANTE PEAK 33% CLIMATIZADO es un anticongelante y refrigerante convencional, a base de etilenglicol (33%), formulados para utilizar en automotores y veh\u00edculos ligeros. M\u00e1xima protecci\u00f3n contra el congelamiento -18\u00b0C (0\u00b0F)<\/p>\n","protected":false},"featured_media":12824,"template":"","meta":[],"product_brand":[],"product_cat":[38],"product_tag":[],"class_list":{"0":"post-485","1":"product","2":"type-product","3":"status-publish","4":"has-post-thumbnail","6":"product_cat-refrigerantes","7":"pa_concentrado-155","8":"pa_especificaciones-astm-d-3306","9":"pa_especificaciones-astm-d-4340","10":"pa_especificaciones-astm-d-4985","11":"pa_especificaciones-british-standard-6580","12":"pa_especificaciones-chrysler-ms-7170","13":"pa_especificaciones-cummins-ces-90t8-4","14":"pa_especificaciones-ford-ese-m97b44-a","15":"pa_especificaciones-gm-1825m","16":"pa_especificaciones-gm-1899m","17":"pa_especificaciones-john-deere-h24b1-c1","18":"pa_especificaciones-tmc-rp-302b","19":"pa_marca-peak","20":"pa_ofertas-cyber","22":"first","23":"instock","24":"shipping-taxable","25":"purchasable","26":"product-type-variable","27":"has-default-attributes"},"yoast_head":"<!-- This site is optimized with the Yoast SEO plugin v27.4 - https:\/\/yoast.com\/product\/yoast-seo-wordpress\/ -->\n<title>REFRIGERANTE PEAK 33% CLIMATIZADO - Antifreeze + Coolant | Lubrimas.pe | Tienda Online<\/title>\n<meta name=\"robots\" content=\"index, follow, max-snippet:-1, max-image-preview:large, max-video-preview:-1\" \/>\n<link rel=\"canonical\" href=\"https:\/\/lubrimas.pe\/tienda\/refrigerantes\/peak-antifreezecoolant-33\/\" \/>\n<meta property=\"og:locale\" content=\"es_ES\" \/>\n<meta property=\"og:type\" content=\"article\" \/>\n<meta property=\"og:title\" content=\"REFRIGERANTE PEAK 33% CLIMATIZADO - Antifreeze + Coolant | Lubrimas.pe | Tienda Online\" \/>\n<meta property=\"og:description\" content=\"REFRIGERANTE PEAK 33% CLIMATIZADO es un anticongelante y refrigerante convencional, a base de etilenglicol (33%), formulados para utilizar en automotores y veh\u00edculos ligeros. M\u00e1xima protecci\u00f3n contra el congelamiento -18\u00b0C (0\u00b0F)\" \/>\n<meta property=\"og:url\" content=\"https:\/\/lubrimas.pe\/tienda\/refrigerantes\/peak-antifreezecoolant-33\/\" \/>\n<meta property=\"og:site_name\" content=\"Lubrimas.pe | Tienda Online\" \/>\n<meta property=\"article:modified_time\" content=\"2024-04-06T15:12:40+00:00\" \/>\n<meta property=\"og:image\" content=\"https:\/\/lubrimas.pe\/tienda\/wp-content\/uploads\/sites\/3\/2022\/11\/lubrimaspe-lubrimasperu-refrigerante-anticongelante-peak-33-climatizado-listo-para-usar-los-olivos-lima-peru.webp.webp\" \/>\n\t<meta property=\"og:image:width\" content=\"850\" \/>\n\t<meta property=\"og:image:height\" content=\"1000\" \/>\n\t<meta property=\"og:image:type\" content=\"image\/webp\" \/>\n<meta name=\"twitter:card\" content=\"summary_large_image\" \/>\n<meta name=\"twitter:label1\" content=\"Tiempo de lectura\" \/>\n\t<meta name=\"twitter:data1\" content=\"1 minuto\" \/>\n<script type=\"application\/ld+json\" class=\"yoast-schema-graph\">{\"@context\":\"https:\\\/\\\/schema.org\",\"@graph\":[{\"@type\":[\"WebPage\",\"ItemPage\"],\"@id\":\"https:\\\/\\\/lubrimas.pe\\\/tienda\\\/refrigerantes\\\/peak-antifreezecoolant-33\\\/\",\"url\":\"https:\\\/\\\/lubrimas.pe\\\/tienda\\\/refrigerantes\\\/peak-antifreezecoolant-33\\\/\",\"name\":\"REFRIGERANTE PEAK 33% CLIMATIZADO - Antifreeze + Coolant | Lubrimas.pe | Tienda Online\",\"isPartOf\":{\"@id\":\"https:\\\/\\\/lubrimas.pe\\\/tienda\\\/#website\"},\"primaryImageOfPage\":{\"@id\":\"https:\\\/\\\/lubrimas.pe\\\/tienda\\\/refrigerantes\\\/peak-antifreezecoolant-33\\\/#primaryimage\"},\"image\":{\"@id\":\"https:\\\/\\\/lubrimas.pe\\\/tienda\\\/refrigerantes\\\/peak-antifreezecoolant-33\\\/#primaryimage\"},\"thumbnailUrl\":\"https:\\\/\\\/lubrimas.pe\\\/tienda\\\/wp-content\\\/uploads\\\/sites\\\/3\\\/2022\\\/11\\\/lubrimaspe-lubrimasperu-refrigerante-anticongelante-peak-33-climatizado-listo-para-usar-los-olivos-lima-peru.webp.webp\",\"datePublished\":\"2022-01-19T20:32:24+00:00\",\"dateModified\":\"2024-04-06T15:12:40+00:00\",\"breadcrumb\":{\"@id\":\"https:\\\/\\\/lubrimas.pe\\\/tienda\\\/refrigerantes\\\/peak-antifreezecoolant-33\\\/#breadcrumb\"},\"inLanguage\":\"es\",\"potentialAction\":[{\"@type\":\"ReadAction\",\"target\":[\"https:\\\/\\\/lubrimas.pe\\\/tienda\\\/refrigerantes\\\/peak-antifreezecoolant-33\\\/\"]}]},{\"@type\":\"ImageObject\",\"inLanguage\":\"es\",\"@id\":\"https:\\\/\\\/lubrimas.pe\\\/tienda\\\/refrigerantes\\\/peak-antifreezecoolant-33\\\/#primaryimage\",\"url\":\"https:\\\/\\\/lubrimas.pe\\\/tienda\\\/wp-content\\\/uploads\\\/sites\\\/3\\\/2022\\\/11\\\/lubrimaspe-lubrimasperu-refrigerante-anticongelante-peak-33-climatizado-listo-para-usar-los-olivos-lima-peru.webp.webp\",\"contentUrl\":\"https:\\\/\\\/lubrimas.pe\\\/tienda\\\/wp-content\\\/uploads\\\/sites\\\/3\\\/2022\\\/11\\\/lubrimaspe-lubrimasperu-refrigerante-anticongelante-peak-33-climatizado-listo-para-usar-los-olivos-lima-peru.webp.webp\",\"width\":850,\"height\":1000},{\"@type\":\"BreadcrumbList\",\"@id\":\"https:\\\/\\\/lubrimas.pe\\\/tienda\\\/refrigerantes\\\/peak-antifreezecoolant-33\\\/#breadcrumb\",\"itemListElement\":[{\"@type\":\"ListItem\",\"position\":1,\"name\":\"Portada\",\"item\":\"https:\\\/\\\/lubrimas.pe\\\/tienda\\\/\"},{\"@type\":\"ListItem\",\"position\":2,\"name\":\"Cat\u00e1logo\",\"item\":\"https:\\\/\\\/lubrimas.pe\\\/tienda\\\/productos\\\/\"},{\"@type\":\"ListItem\",\"position\":3,\"name\":\"REFRIGERANTE PEAK 33% CLIMATIZADO &#8211; Antifreeze + Coolant\"}]},{\"@type\":\"WebSite\",\"@id\":\"https:\\\/\\\/lubrimas.pe\\\/tienda\\\/#website\",\"url\":\"https:\\\/\\\/lubrimas.pe\\\/tienda\\\/\",\"name\":\"Lubrimas.pe | Tienda Online\",\"description\":\"Tus lubricantes favoritos al mejor precio!\",\"publisher\":{\"@id\":\"https:\\\/\\\/lubrimas.pe\\\/tienda\\\/#organization\"},\"potentialAction\":[{\"@type\":\"SearchAction\",\"target\":{\"@type\":\"EntryPoint\",\"urlTemplate\":\"https:\\\/\\\/lubrimas.pe\\\/tienda\\\/?s={search_term_string}\"},\"query-input\":{\"@type\":\"PropertyValueSpecification\",\"valueRequired\":true,\"valueName\":\"search_term_string\"}}],\"inLanguage\":\"es\"},{\"@type\":\"Organization\",\"@id\":\"https:\\\/\\\/lubrimas.pe\\\/tienda\\\/#organization\",\"name\":\"Lubrimas.pe\",\"url\":\"https:\\\/\\\/lubrimas.pe\\\/tienda\\\/\",\"logo\":{\"@type\":\"ImageObject\",\"inLanguage\":\"es\",\"@id\":\"https:\\\/\\\/lubrimas.pe\\\/tienda\\\/#\\\/schema\\\/logo\\\/image\\\/\",\"url\":\"https:\\\/\\\/lubrimas.pe\\\/tienda\\\/wp-content\\\/uploads\\\/sites\\\/3\\\/2022\\\/07\\\/BANNERS-PROMO-CYBER-WOW-LUBRIMASPE-2022-07.webp\",\"contentUrl\":\"https:\\\/\\\/lubrimas.pe\\\/tienda\\\/wp-content\\\/uploads\\\/sites\\\/3\\\/2022\\\/07\\\/BANNERS-PROMO-CYBER-WOW-LUBRIMASPE-2022-07.webp\",\"width\":500,\"height\":752,\"caption\":\"Lubrimas.pe\"},\"image\":{\"@id\":\"https:\\\/\\\/lubrimas.pe\\\/tienda\\\/#\\\/schema\\\/logo\\\/image\\\/\"}}]}<\/script>\n<!-- \/ Yoast SEO plugin. -->","yoast_head_json":{"title":"REFRIGERANTE PEAK 33% CLIMATIZADO - Antifreeze + Coolant | Lubrimas.pe | Tienda Online","robots":{"index":"index","follow":"follow","max-snippet":"max-snippet:-1","max-image-preview":"max-image-preview:large","max-video-preview":"max-video-preview:-1"},"canonical":"https:\/\/lubrimas.pe\/tienda\/refrigerantes\/peak-antifreezecoolant-33\/","og_locale":"es_ES","og_type":"article","og_title":"REFRIGERANTE PEAK 33% CLIMATIZADO - Antifreeze + Coolant | Lubrimas.pe | Tienda Online","og_description":"REFRIGERANTE PEAK 33% CLIMATIZADO es un anticongelante y refrigerante convencional, a base de etilenglicol (33%), formulados para utilizar en automotores y veh\u00edculos ligeros. M\u00e1xima protecci\u00f3n contra el congelamiento -18\u00b0C (0\u00b0F)","og_url":"https:\/\/lubrimas.pe\/tienda\/refrigerantes\/peak-antifreezecoolant-33\/","og_site_name":"Lubrimas.pe | Tienda Online","article_modified_time":"2024-04-06T15:12:40+00:00","og_image":[{"width":850,"height":1000,"url":"https:\/\/lubrimas.pe\/tienda\/wp-content\/uploads\/sites\/3\/2022\/11\/lubrimaspe-lubrimasperu-refrigerante-anticongelante-peak-33-climatizado-listo-para-usar-los-olivos-lima-peru.webp.webp","type":"image\/webp"}],"twitter_card":"summary_large_image","twitter_misc":{"Tiempo de lectura":"1 minuto"},"schema":{"@context":"https:\/\/schema.org","@graph":[{"@type":["WebPage","ItemPage"],"@id":"https:\/\/lubrimas.pe\/tienda\/refrigerantes\/peak-antifreezecoolant-33\/","url":"https:\/\/lubrimas.pe\/tienda\/refrigerantes\/peak-antifreezecoolant-33\/","name":"REFRIGERANTE PEAK 33% CLIMATIZADO - Antifreeze + Coolant | Lubrimas.pe | Tienda Online","isPartOf":{"@id":"https:\/\/lubrimas.pe\/tienda\/#website"},"primaryImageOfPage":{"@id":"https:\/\/lubrimas.pe\/tienda\/refrigerantes\/peak-antifreezecoolant-33\/#primaryimage"},"image":{"@id":"https:\/\/lubrimas.pe\/tienda\/refrigerantes\/peak-antifreezecoolant-33\/#primaryimage"},"thumbnailUrl":"https:\/\/lubrimas.pe\/tienda\/wp-content\/uploads\/sites\/3\/2022\/11\/lubrimaspe-lubrimasperu-refrigerante-anticongelante-peak-33-climatizado-listo-para-usar-los-olivos-lima-peru.webp.webp","datePublished":"2022-01-19T20:32:24+00:00","dateModified":"2024-04-06T15:12:40+00:00","breadcrumb":{"@id":"https:\/\/lubrimas.pe\/tienda\/refrigerantes\/peak-antifreezecoolant-33\/#breadcrumb"},"inLanguage":"es","potentialAction":[{"@type":"ReadAction","target":["https:\/\/lubrimas.pe\/tienda\/refrigerantes\/peak-antifreezecoolant-33\/"]}]},{"@type":"ImageObject","inLanguage":"es","@id":"https:\/\/lubrimas.pe\/tienda\/refrigerantes\/peak-antifreezecoolant-33\/#primaryimage","url":"https:\/\/lubrimas.pe\/tienda\/wp-content\/uploads\/sites\/3\/2022\/11\/lubrimaspe-lubrimasperu-refrigerante-anticongelante-peak-33-climatizado-listo-para-usar-los-olivos-lima-peru.webp.webp","contentUrl":"https:\/\/lubrimas.pe\/tienda\/wp-content\/uploads\/sites\/3\/2022\/11\/lubrimaspe-lubrimasperu-refrigerante-anticongelante-peak-33-climatizado-listo-para-usar-los-olivos-lima-peru.webp.webp","width":850,"height":1000},{"@type":"BreadcrumbList","@id":"https:\/\/lubrimas.pe\/tienda\/refrigerantes\/peak-antifreezecoolant-33\/#breadcrumb","itemListElement":[{"@type":"ListItem","position":1,"name":"Portada","item":"https:\/\/lubrimas.pe\/tienda\/"},{"@type":"ListItem","position":2,"name":"Cat\u00e1logo","item":"https:\/\/lubrimas.pe\/tienda\/productos\/"},{"@type":"ListItem","position":3,"name":"REFRIGERANTE PEAK 33% CLIMATIZADO &#8211; Antifreeze + Coolant"}]},{"@type":"WebSite","@id":"https:\/\/lubrimas.pe\/tienda\/#website","url":"https:\/\/lubrimas.pe\/tienda\/","name":"Lubrimas.pe | Tienda Online","description":"Tus lubricantes favoritos al mejor precio!","publisher":{"@id":"https:\/\/lubrimas.pe\/tienda\/#organization"},"potentialAction":[{"@type":"SearchAction","target":{"@type":"EntryPoint","urlTemplate":"https:\/\/lubrimas.pe\/tienda\/?s={search_term_string}"},"query-input":{"@type":"PropertyValueSpecification","valueRequired":true,"valueName":"search_term_string"}}],"inLanguage":"es"},{"@type":"Organization","@id":"https:\/\/lubrimas.pe\/tienda\/#organization","name":"Lubrimas.pe","url":"https:\/\/lubrimas.pe\/tienda\/","logo":{"@type":"ImageObject","inLanguage":"es","@id":"https:\/\/lubrimas.pe\/tienda\/#\/schema\/logo\/image\/","url":"https:\/\/lubrimas.pe\/tienda\/wp-content\/uploads\/sites\/3\/2022\/07\/BANNERS-PROMO-CYBER-WOW-LUBRIMASPE-2022-07.webp","contentUrl":"https:\/\/lubrimas.pe\/tienda\/wp-content\/uploads\/sites\/3\/2022\/07\/BANNERS-PROMO-CYBER-WOW-LUBRIMASPE-2022-07.webp","width":500,"height":752,"caption":"Lubrimas.pe"},"image":{"@id":"https:\/\/lubrimas.pe\/tienda\/#\/schema\/logo\/image\/"}}]}},"_links":{"self":[{"href":"https:\/\/lubrimas.pe\/tienda\/wp-json\/wp\/v2\/product\/485","targetHints":{"allow":["GET"]}}],"collection":[{"href":"https:\/\/lubrimas.pe\/tienda\/wp-json\/wp\/v2\/product"}],"about":[{"href":"https:\/\/lubrimas.pe\/tienda\/wp-json\/wp\/v2\/types\/product"}],"wp:featuredmedia":[{"embeddable":true,"href":"https:\/\/lubrimas.pe\/tienda\/wp-json\/wp\/v2\/media\/12824"}],"wp:attachment":[{"href":"https:\/\/lubrimas.pe\/tienda\/wp-json\/wp\/v2\/media?parent=485"}],"wp:term":[{"taxonomy":"product_brand","embeddable":true,"href":"https:\/\/lubrimas.pe\/tienda\/wp-json\/wp\/v2\/product_brand?post=485"},{"taxonomy":"product_cat","embeddable":true,"href":"https:\/\/lubrimas.pe\/tienda\/wp-json\/wp\/v2\/product_cat?post=485"},{"taxonomy":"product_tag","embeddable":true,"href":"https:\/\/lubrimas.pe\/tienda\/wp-json\/wp\/v2\/product_tag?post=485"}],"curies":[{"name":"wp","href":"https:\/\/api.w.org\/{rel}","templated":true}]}}