{"id":486,"date":"2022-01-19T20:32:24","date_gmt":"2022-01-19T20:32:24","guid":{"rendered":"https:\/\/lubrimas.pe\/tienda\/?post_type=product&#038;p=486"},"modified":"2025-12-23T09:33:15","modified_gmt":"2025-12-23T14:33:15","slug":"prestone-coomand-heavy-duty-antifreeze-coolant-50-50","status":"publish","type":"product","link":"https:\/\/lubrimas.pe\/tienda\/refrigerantes\/prestone-coomand-heavy-duty-antifreeze-coolant-50-50\/","title":{"rendered":"PRESTONE COMMAND RED HEAVY DUTY ANTIFREEZE + COOLANT 50\/50 &#8211; Listo para usar"},"content":{"rendered":"<div class=\"description\">\n<p><strong>PRESTONE COMMAND RED HEAVY DUTY NITRITED ANTIFREEZE + COOLANT 50\/50, <\/strong>el anticongelante+refrigerante Prestone Command <sup>\u00ae<\/sup>\u00a0Nitrited Extended Life (ELC) (listo para usar) est\u00e1 dise\u00f1ado para funcionar con todos los veh\u00edculos Clase 6-8.\u00a0En comparaci\u00f3n con ESI y convencional con bajo contenido de silicato, est\u00e1 dise\u00f1ado para ayudar a reducir los costos de mantenimiento y mejorar la vida \u00fatil de la bomba de agua.<\/p>\n<h5><strong>CARACTER\u00cdSTICAS PRINCIPALES<\/strong><\/h5>\n<ul>\n<li>Formulado para veh\u00edculos pesados<\/li>\n<li>La f\u00f3rmula nitritada proporciona una excelente protecci\u00f3n para el aluminio y todos los dem\u00e1s metales del motor.<\/li>\n<li>Protege contra las protecciones contra la corrosi\u00f3n y las picaduras del revestimiento.<\/li>\n<li>Vida \u00fatil 750 000 millas\/15 000 horas con el uso del extensor a 300 000 millas o 6000 horas<\/li>\n<\/ul>\n<h5><strong>APROBACIONES Y ESPECIFICACIONES OEM<\/strong><\/h5>\n<p>Aprobaciones\/registros de OEM: este producto cumple con Cummins\u00ae Eng.\u00a0Est\u00e1ndar\u00a0CES14439<\/p>\n<p><strong>Cumple o supera los est\u00e1ndares gubernamentales y de la industria:<\/strong> ASTM D4340 TMC RP329A TMC RP338A TMC RP364 TMC RP351 SAE J1034 SAE J1<\/p>\n<p><strong>Cumple o supera los requisitos de rendimiento del OEM:<\/strong> CAT EC-1 Paccar Cummins CES 14439 Kenworth International Peterbilt Volvo New Holland Mack Waukesha Freightliner John Deere H24\/H24 C1 Navistar CEMS B-1, Type III John Deere JDS-G135<\/p>\n<\/div>\n<div class=\"extra-description\">\n<h5><strong>INFORMACI\u00d3N ADICIONAL<\/strong><\/h5>\n<div class=\"aditional-info-tecnical-lp\"><a href=\"https:\/\/prestone.com\/wp-content\/uploads\/2020\/11\/AFC11000-11100_PA1950-1.pdf\" target=\"_blank\" rel=\"noopener\">FICHA T\u00c9CNICA<\/a><br \/>\n<a href=\"https:\/\/prestone.com\/product\/prestone-command-nitrited-extended-life-antifreezecoolant\/\" target=\"_blank\" rel=\"noopener\">SITIO OFICIAL<\/a><\/div>\n<\/div>\n","protected":false},"excerpt":{"rendered":"<p>PRESTONE COMMAND RED HEAVY DUTY NITRITED ANTIFREEZE + COOLANT 50\/50, el anticongelante+refrigerante Prestone Command \u00ae\u00a0Nitrited Extended Life (ELC) (listo para usar) est\u00e1 dise\u00f1ado para funcionar con todos los veh\u00edculos Clase<\/p>\n","protected":false},"featured_media":13425,"template":"","meta":[],"product_brand":[],"product_cat":[38],"product_tag":[],"class_list":{"0":"post-486","1":"product","2":"type-product","3":"status-publish","4":"has-post-thumbnail","6":"product_cat-refrigerantes","7":"pa_concentrado-154","8":"pa_especificaciones-7se298","9":"pa_especificaciones-93k217","10":"pa_especificaciones-astm-d6210","11":"pa_especificaciones-ces-14603","12":"pa_especificaciones-ces-90t8-4","13":"pa_especificaciones-d3306","14":"pa_especificaciones-d4985","15":"pa_especificaciones-rp338a","16":"pa_especificaciones-tmc-rp329a","17":"pa_marca-prestone","18":"pa_ofertas-cyber","20":"first","21":"instock","22":"shipping-taxable","23":"purchasable","24":"product-type-variable","25":"has-default-attributes"},"yoast_head":"<!-- This site is optimized with the Yoast SEO plugin v27.1.1 - https:\/\/yoast.com\/product\/yoast-seo-wordpress\/ -->\n<title>PRESTONE COMMAND RED HEAVY DUTY ANTIFREEZE + COOLANT 50\/50 - Listo para usar | Lubrimas.pe | Tienda Online<\/title>\n<meta name=\"robots\" content=\"index, follow, max-snippet:-1, max-image-preview:large, max-video-preview:-1\" \/>\n<link rel=\"canonical\" href=\"https:\/\/lubrimas.pe\/tienda\/refrigerantes\/prestone-coomand-heavy-duty-antifreeze-coolant-50-50\/\" \/>\n<meta property=\"og:locale\" content=\"es_ES\" \/>\n<meta property=\"og:type\" content=\"article\" \/>\n<meta property=\"og:title\" content=\"PRESTONE COMMAND RED HEAVY DUTY ANTIFREEZE + COOLANT 50\/50 - Listo para usar | Lubrimas.pe | Tienda Online\" \/>\n<meta property=\"og:description\" content=\"PRESTONE COMMAND RED HEAVY DUTY NITRITED ANTIFREEZE + COOLANT 50\/50, el anticongelante+refrigerante Prestone Command \u00ae\u00a0Nitrited Extended Life (ELC) (listo para usar) est\u00e1 dise\u00f1ado para funcionar con todos los veh\u00edculos Clase\" \/>\n<meta property=\"og:url\" content=\"https:\/\/lubrimas.pe\/tienda\/refrigerantes\/prestone-coomand-heavy-duty-antifreeze-coolant-50-50\/\" \/>\n<meta property=\"og:site_name\" content=\"Lubrimas.pe | Tienda Online\" \/>\n<meta property=\"article:modified_time\" content=\"2025-12-23T14:33:15+00:00\" \/>\n<meta property=\"og:image\" content=\"https:\/\/lubrimas.pe\/tienda\/wp-content\/uploads\/sites\/3\/2022\/01\/lubrimaspe-lubrimasperu-refrigerante-prestone-command-heavy-duty-nitrited-extended-llife-50-50-gl-3.78l-losolivos-lima-peru.webp.webp\" \/>\n\t<meta property=\"og:image:width\" content=\"850\" \/>\n\t<meta property=\"og:image:height\" content=\"1000\" \/>\n\t<meta property=\"og:image:type\" content=\"image\/webp\" \/>\n<meta name=\"twitter:card\" content=\"summary_large_image\" \/>\n<meta name=\"twitter:label1\" content=\"Tiempo de lectura\" \/>\n\t<meta name=\"twitter:data1\" content=\"1 minuto\" \/>\n<script type=\"application\/ld+json\" class=\"yoast-schema-graph\">{\"@context\":\"https:\/\/schema.org\",\"@graph\":[{\"@type\":[\"WebPage\",\"ItemPage\"],\"@id\":\"https:\/\/lubrimas.pe\/tienda\/refrigerantes\/prestone-coomand-heavy-duty-antifreeze-coolant-50-50\/\",\"url\":\"https:\/\/lubrimas.pe\/tienda\/refrigerantes\/prestone-coomand-heavy-duty-antifreeze-coolant-50-50\/\",\"name\":\"PRESTONE COMMAND RED HEAVY DUTY ANTIFREEZE + COOLANT 50\/50 - Listo para usar | Lubrimas.pe | Tienda Online\",\"isPartOf\":{\"@id\":\"https:\/\/lubrimas.pe\/tienda\/#website\"},\"primaryImageOfPage\":{\"@id\":\"https:\/\/lubrimas.pe\/tienda\/refrigerantes\/prestone-coomand-heavy-duty-antifreeze-coolant-50-50\/#primaryimage\"},\"image\":{\"@id\":\"https:\/\/lubrimas.pe\/tienda\/refrigerantes\/prestone-coomand-heavy-duty-antifreeze-coolant-50-50\/#primaryimage\"},\"thumbnailUrl\":\"https:\/\/lubrimas.pe\/tienda\/wp-content\/uploads\/sites\/3\/2022\/01\/lubrimaspe-lubrimasperu-refrigerante-prestone-command-heavy-duty-nitrited-extended-llife-50-50-gl-3.78l-losolivos-lima-peru.webp.webp\",\"datePublished\":\"2022-01-19T20:32:24+00:00\",\"dateModified\":\"2025-12-23T14:33:15+00:00\",\"breadcrumb\":{\"@id\":\"https:\/\/lubrimas.pe\/tienda\/refrigerantes\/prestone-coomand-heavy-duty-antifreeze-coolant-50-50\/#breadcrumb\"},\"inLanguage\":\"es\",\"potentialAction\":[{\"@type\":\"ReadAction\",\"target\":[\"https:\/\/lubrimas.pe\/tienda\/refrigerantes\/prestone-coomand-heavy-duty-antifreeze-coolant-50-50\/\"]}]},{\"@type\":\"ImageObject\",\"inLanguage\":\"es\",\"@id\":\"https:\/\/lubrimas.pe\/tienda\/refrigerantes\/prestone-coomand-heavy-duty-antifreeze-coolant-50-50\/#primaryimage\",\"url\":\"https:\/\/lubrimas.pe\/tienda\/wp-content\/uploads\/sites\/3\/2022\/01\/lubrimaspe-lubrimasperu-refrigerante-prestone-command-heavy-duty-nitrited-extended-llife-50-50-gl-3.78l-losolivos-lima-peru.webp.webp\",\"contentUrl\":\"https:\/\/lubrimas.pe\/tienda\/wp-content\/uploads\/sites\/3\/2022\/01\/lubrimaspe-lubrimasperu-refrigerante-prestone-command-heavy-duty-nitrited-extended-llife-50-50-gl-3.78l-losolivos-lima-peru.webp.webp\",\"width\":850,\"height\":1000},{\"@type\":\"BreadcrumbList\",\"@id\":\"https:\/\/lubrimas.pe\/tienda\/refrigerantes\/prestone-coomand-heavy-duty-antifreeze-coolant-50-50\/#breadcrumb\",\"itemListElement\":[{\"@type\":\"ListItem\",\"position\":1,\"name\":\"Portada\",\"item\":\"https:\/\/lubrimas.pe\/tienda\/\"},{\"@type\":\"ListItem\",\"position\":2,\"name\":\"Cat\u00e1logo\",\"item\":\"https:\/\/lubrimas.pe\/tienda\/productos\/\"},{\"@type\":\"ListItem\",\"position\":3,\"name\":\"PRESTONE COMMAND RED HEAVY DUTY ANTIFREEZE + COOLANT 50\/50 &#8211; Listo para usar\"}]},{\"@type\":\"WebSite\",\"@id\":\"https:\/\/lubrimas.pe\/tienda\/#website\",\"url\":\"https:\/\/lubrimas.pe\/tienda\/\",\"name\":\"Lubrimas.pe | Tienda Online\",\"description\":\"Tus lubricantes favoritos al mejor precio!\",\"publisher\":{\"@id\":\"https:\/\/lubrimas.pe\/tienda\/#organization\"},\"potentialAction\":[{\"@type\":\"SearchAction\",\"target\":{\"@type\":\"EntryPoint\",\"urlTemplate\":\"https:\/\/lubrimas.pe\/tienda\/?s={search_term_string}\"},\"query-input\":{\"@type\":\"PropertyValueSpecification\",\"valueRequired\":true,\"valueName\":\"search_term_string\"}}],\"inLanguage\":\"es\"},{\"@type\":\"Organization\",\"@id\":\"https:\/\/lubrimas.pe\/tienda\/#organization\",\"name\":\"Lubrimas.pe\",\"url\":\"https:\/\/lubrimas.pe\/tienda\/\",\"logo\":{\"@type\":\"ImageObject\",\"inLanguage\":\"es\",\"@id\":\"https:\/\/lubrimas.pe\/tienda\/#\/schema\/logo\/image\/\",\"url\":\"https:\/\/lubrimas.pe\/tienda\/wp-content\/uploads\/sites\/3\/2022\/07\/BANNERS-PROMO-CYBER-WOW-LUBRIMASPE-2022-07.webp\",\"contentUrl\":\"https:\/\/lubrimas.pe\/tienda\/wp-content\/uploads\/sites\/3\/2022\/07\/BANNERS-PROMO-CYBER-WOW-LUBRIMASPE-2022-07.webp\",\"width\":500,\"height\":752,\"caption\":\"Lubrimas.pe\"},\"image\":{\"@id\":\"https:\/\/lubrimas.pe\/tienda\/#\/schema\/logo\/image\/\"}}]}<\/script>\n<!-- \/ Yoast SEO plugin. -->","yoast_head_json":{"title":"PRESTONE COMMAND RED HEAVY DUTY ANTIFREEZE + COOLANT 50\/50 - Listo para usar | Lubrimas.pe | Tienda Online","robots":{"index":"index","follow":"follow","max-snippet":"max-snippet:-1","max-image-preview":"max-image-preview:large","max-video-preview":"max-video-preview:-1"},"canonical":"https:\/\/lubrimas.pe\/tienda\/refrigerantes\/prestone-coomand-heavy-duty-antifreeze-coolant-50-50\/","og_locale":"es_ES","og_type":"article","og_title":"PRESTONE COMMAND RED HEAVY DUTY ANTIFREEZE + COOLANT 50\/50 - Listo para usar | Lubrimas.pe | Tienda Online","og_description":"PRESTONE COMMAND RED HEAVY DUTY NITRITED ANTIFREEZE + COOLANT 50\/50, el anticongelante+refrigerante Prestone Command \u00ae\u00a0Nitrited Extended Life (ELC) (listo para usar) est\u00e1 dise\u00f1ado para funcionar con todos los veh\u00edculos Clase","og_url":"https:\/\/lubrimas.pe\/tienda\/refrigerantes\/prestone-coomand-heavy-duty-antifreeze-coolant-50-50\/","og_site_name":"Lubrimas.pe | Tienda Online","article_modified_time":"2025-12-23T14:33:15+00:00","og_image":[{"width":850,"height":1000,"url":"https:\/\/lubrimas.pe\/tienda\/wp-content\/uploads\/sites\/3\/2022\/01\/lubrimaspe-lubrimasperu-refrigerante-prestone-command-heavy-duty-nitrited-extended-llife-50-50-gl-3.78l-losolivos-lima-peru.webp.webp","type":"image\/webp"}],"twitter_card":"summary_large_image","twitter_misc":{"Tiempo de lectura":"1 minuto"},"schema":{"@context":"https:\/\/schema.org","@graph":[{"@type":["WebPage","ItemPage"],"@id":"https:\/\/lubrimas.pe\/tienda\/refrigerantes\/prestone-coomand-heavy-duty-antifreeze-coolant-50-50\/","url":"https:\/\/lubrimas.pe\/tienda\/refrigerantes\/prestone-coomand-heavy-duty-antifreeze-coolant-50-50\/","name":"PRESTONE COMMAND RED HEAVY DUTY ANTIFREEZE + COOLANT 50\/50 - Listo para usar | Lubrimas.pe | Tienda Online","isPartOf":{"@id":"https:\/\/lubrimas.pe\/tienda\/#website"},"primaryImageOfPage":{"@id":"https:\/\/lubrimas.pe\/tienda\/refrigerantes\/prestone-coomand-heavy-duty-antifreeze-coolant-50-50\/#primaryimage"},"image":{"@id":"https:\/\/lubrimas.pe\/tienda\/refrigerantes\/prestone-coomand-heavy-duty-antifreeze-coolant-50-50\/#primaryimage"},"thumbnailUrl":"https:\/\/lubrimas.pe\/tienda\/wp-content\/uploads\/sites\/3\/2022\/01\/lubrimaspe-lubrimasperu-refrigerante-prestone-command-heavy-duty-nitrited-extended-llife-50-50-gl-3.78l-losolivos-lima-peru.webp.webp","datePublished":"2022-01-19T20:32:24+00:00","dateModified":"2025-12-23T14:33:15+00:00","breadcrumb":{"@id":"https:\/\/lubrimas.pe\/tienda\/refrigerantes\/prestone-coomand-heavy-duty-antifreeze-coolant-50-50\/#breadcrumb"},"inLanguage":"es","potentialAction":[{"@type":"ReadAction","target":["https:\/\/lubrimas.pe\/tienda\/refrigerantes\/prestone-coomand-heavy-duty-antifreeze-coolant-50-50\/"]}]},{"@type":"ImageObject","inLanguage":"es","@id":"https:\/\/lubrimas.pe\/tienda\/refrigerantes\/prestone-coomand-heavy-duty-antifreeze-coolant-50-50\/#primaryimage","url":"https:\/\/lubrimas.pe\/tienda\/wp-content\/uploads\/sites\/3\/2022\/01\/lubrimaspe-lubrimasperu-refrigerante-prestone-command-heavy-duty-nitrited-extended-llife-50-50-gl-3.78l-losolivos-lima-peru.webp.webp","contentUrl":"https:\/\/lubrimas.pe\/tienda\/wp-content\/uploads\/sites\/3\/2022\/01\/lubrimaspe-lubrimasperu-refrigerante-prestone-command-heavy-duty-nitrited-extended-llife-50-50-gl-3.78l-losolivos-lima-peru.webp.webp","width":850,"height":1000},{"@type":"BreadcrumbList","@id":"https:\/\/lubrimas.pe\/tienda\/refrigerantes\/prestone-coomand-heavy-duty-antifreeze-coolant-50-50\/#breadcrumb","itemListElement":[{"@type":"ListItem","position":1,"name":"Portada","item":"https:\/\/lubrimas.pe\/tienda\/"},{"@type":"ListItem","position":2,"name":"Cat\u00e1logo","item":"https:\/\/lubrimas.pe\/tienda\/productos\/"},{"@type":"ListItem","position":3,"name":"PRESTONE COMMAND RED HEAVY DUTY ANTIFREEZE + COOLANT 50\/50 &#8211; Listo para usar"}]},{"@type":"WebSite","@id":"https:\/\/lubrimas.pe\/tienda\/#website","url":"https:\/\/lubrimas.pe\/tienda\/","name":"Lubrimas.pe | Tienda Online","description":"Tus lubricantes favoritos al mejor precio!","publisher":{"@id":"https:\/\/lubrimas.pe\/tienda\/#organization"},"potentialAction":[{"@type":"SearchAction","target":{"@type":"EntryPoint","urlTemplate":"https:\/\/lubrimas.pe\/tienda\/?s={search_term_string}"},"query-input":{"@type":"PropertyValueSpecification","valueRequired":true,"valueName":"search_term_string"}}],"inLanguage":"es"},{"@type":"Organization","@id":"https:\/\/lubrimas.pe\/tienda\/#organization","name":"Lubrimas.pe","url":"https:\/\/lubrimas.pe\/tienda\/","logo":{"@type":"ImageObject","inLanguage":"es","@id":"https:\/\/lubrimas.pe\/tienda\/#\/schema\/logo\/image\/","url":"https:\/\/lubrimas.pe\/tienda\/wp-content\/uploads\/sites\/3\/2022\/07\/BANNERS-PROMO-CYBER-WOW-LUBRIMASPE-2022-07.webp","contentUrl":"https:\/\/lubrimas.pe\/tienda\/wp-content\/uploads\/sites\/3\/2022\/07\/BANNERS-PROMO-CYBER-WOW-LUBRIMASPE-2022-07.webp","width":500,"height":752,"caption":"Lubrimas.pe"},"image":{"@id":"https:\/\/lubrimas.pe\/tienda\/#\/schema\/logo\/image\/"}}]}},"_links":{"self":[{"href":"https:\/\/lubrimas.pe\/tienda\/wp-json\/wp\/v2\/product\/486","targetHints":{"allow":["GET"]}}],"collection":[{"href":"https:\/\/lubrimas.pe\/tienda\/wp-json\/wp\/v2\/product"}],"about":[{"href":"https:\/\/lubrimas.pe\/tienda\/wp-json\/wp\/v2\/types\/product"}],"wp:featuredmedia":[{"embeddable":true,"href":"https:\/\/lubrimas.pe\/tienda\/wp-json\/wp\/v2\/media\/13425"}],"wp:attachment":[{"href":"https:\/\/lubrimas.pe\/tienda\/wp-json\/wp\/v2\/media?parent=486"}],"wp:term":[{"taxonomy":"product_brand","embeddable":true,"href":"https:\/\/lubrimas.pe\/tienda\/wp-json\/wp\/v2\/product_brand?post=486"},{"taxonomy":"product_cat","embeddable":true,"href":"https:\/\/lubrimas.pe\/tienda\/wp-json\/wp\/v2\/product_cat?post=486"},{"taxonomy":"product_tag","embeddable":true,"href":"https:\/\/lubrimas.pe\/tienda\/wp-json\/wp\/v2\/product_tag?post=486"}],"curies":[{"name":"wp","href":"https:\/\/api.w.org\/{rel}","templated":true}]}}