{"id":487,"date":"2022-01-19T20:32:24","date_gmt":"2022-01-19T20:32:24","guid":{"rendered":"https:\/\/lubrimas.pe\/tienda\/?post_type=product&#038;p=487"},"modified":"2025-10-31T11:01:36","modified_gmt":"2025-10-31T16:01:36","slug":"peak-antifreezecoolant-50-50","status":"publish","type":"product","link":"https:\/\/lubrimas.pe\/tienda\/refrigerantes\/peak-antifreezecoolant-50-50\/","title":{"rendered":"REFRIGERANTE PEAK 50\/50 LONG LIFE &#8211; Antifreeze+Coolant"},"content":{"rendered":"<p><strong>REFRIGERANTE PEAK 50\/50 ANTIFREEZE+COOLANT LONG LIFE<\/strong> es un anticongelante y refrigerante a base de glicol etileno (etilenglicol) , libre de fosfato, silicato, nitrito, borato y amina que se diluye previamente 50\/50 con agua desionizada y est\u00e1 listo para usar.<\/p>\n<p>REFRIGERANTE PEAK 50\/50 ANTIFREEZE+COOLANT LONG LIFE est\u00e1 formulado con inhibidores de corrosi\u00f3n org\u00e1nicos para proporcionar 241.000 kil\u00f3metros o 5 a\u00f1os de la m\u00e1xima protecci\u00f3n contra las heladas, la corrosi\u00f3n y el sobrecalentamiento en todos los autom\u00f3viles y camiones ligeros, cada vez que se realiza un cambio de sistema de enfriamiento completo.<\/p>\n<h5><strong>CARACTER\u00cdSTICAS PRINCIPALES<\/strong><\/h5>\n<ul>\n<li>Proporciona excepcional protecci\u00f3n contra la corrosi\u00f3n en todos los autom\u00f3viles europeos, asi\u00e1ticos y americanos y camiones ligeros, especialmente motores de aluminio muy cargados.<\/li>\n<li>Compatible con refrigerantes anteriores que contienen silicato que cumplen con los est\u00e1ndares VW TL774B o C.<\/li>\n<li>F\u00f3rmula libre de fosfato que reduce los dep\u00f3sitos de sarro producidos por el agua dura.<\/li>\n<li>Se puede utilizar para rellenar un veh\u00edculo con cualquier color de anticongelante\/ refrigerante. Sin embargo, para darse cuenta de los 241.000 kil\u00f3metros o 5 a\u00f1os de protecci\u00f3n del sistema de refrigeraci\u00f3n, un cambio completo del sistema de enfriamiento es requerido.<\/li>\n<\/ul>\n<h5><strong>APROBACIONES \/ ESPECIFICACIONES<\/strong><\/h5>\n<p><strong>REFRIGERANTE PEAK 50\/50 ANTIFREEZE+COOLANT LONG LIFE<\/strong> est\u00e1 formulado para su uso en todos los autom\u00f3viles y camiones ligeros en todo el mundo, sin importar la marca, modelo, a\u00f1o o el color del anticongelante original. Recomendado para los autom\u00f3viles con las siguientes especificaciones anticongelantes:<\/p>\n<ul>\n<li><em>MAN 324 SNF, Audi TL 774-D\/F, Seat TL 774-D\/F, Saab GM 6277M, Skoda TL 774-D\/F, VW TL 774-D\/F, General Motors GM 6277M, Mini Cooper D, Opel\/Vauxhall B 040 1065, Porsche, Citroen, Peugeot, Renault, Honda, Mitsubishi, Toyota.<\/em><\/li>\n<\/ul>\n<p><em>Cubre los requisitos &#8220;libre de fosfato&#8221; de fabricantes de equipos europeos y <\/em><em>japoneses OEMs.<\/em><\/p>\n<h5><strong>INFORMACI\u00d3N ADICIONAL<\/strong><\/h5>\n<div class=\"aditional-info-tecnical-lp\"><a href=\"https:\/\/lubrimas.pe\/tienda\/wp-content\/uploads\/sites\/3\/2022\/09\/FICHA-TECNICA-PDS-REFRIGERANTE-PEAK-50-ANTICONGELANTE-PREDILUIDO-LONG-LIFE-LUBRIMASPE-LOS-OLIVOS-LIMA-PERU.pdf\" target=\"_blank\" rel=\"noopener\">FICHA T\u00c9CNICA<\/a><br \/>\n<a href=\"https:\/\/www.owi.com\/retail\/brands\/peak-auto\/antifreeze-coolant\/conventional-antifreeze-and-coolant\/peak-conventional\" target=\"_blank\" rel=\"noopener\">SITIO OFICIAL<\/a><\/div>\n<p>&nbsp;<\/p>\n<blockquote><p>PEAK REFRIGERANTE LONG LIFE, LARGA DURACI\u00d3N, ANTICONGELANTE, LISTO PARA USAR, CONCENTRADO 50\/50, 50%, ROJO<\/p><\/blockquote>\n","protected":false},"excerpt":{"rendered":"<p>REFRIGERANTE PEAK 50\/50 ANTIFREEZE+COOLANT LONG LIFE es un anticongelante y refrigerante a base de glicol etileno (etilenglicol) , libre de fosfato, silicato, nitrito, borato y amina que se diluye previamente<\/p>\n","protected":false},"featured_media":12825,"template":"","meta":[],"product_brand":[],"product_cat":[38],"product_tag":[],"class_list":{"0":"post-487","1":"product","2":"type-product","3":"status-publish","4":"has-post-thumbnail","6":"product_cat-refrigerantes","7":"pa_concentrado-154","8":"pa_marca-peak","9":"pa_ofertas-cyber","11":"first","12":"instock","13":"featured","14":"shipping-taxable","15":"purchasable","16":"product-type-variable","17":"has-default-attributes"},"yoast_head":"<!-- This site is optimized with the Yoast SEO plugin v27.1.1 - https:\/\/yoast.com\/product\/yoast-seo-wordpress\/ -->\n<title>REFRIGERANTE PEAK 50\/50 LONG LIFE - Antifreeze+Coolant | Lubrimas.pe | Tienda Online<\/title>\n<meta name=\"description\" content=\"REFRIGERANTE PEAK 50\/50 cuenta con una tecnolog\u00eda de refrigerante de larga duraci\u00f3n que es compatible para su uso en todos los autom\u00f3viles.\" \/>\n<meta name=\"robots\" content=\"index, follow, max-snippet:-1, max-image-preview:large, max-video-preview:-1\" \/>\n<link rel=\"canonical\" href=\"https:\/\/lubrimas.pe\/tienda\/refrigerantes\/peak-antifreezecoolant-50-50\/\" \/>\n<meta property=\"og:locale\" content=\"es_ES\" \/>\n<meta property=\"og:type\" content=\"article\" \/>\n<meta property=\"og:title\" content=\"REFRIGERANTE PEAK 50\/50 LONG LIFE - Antifreeze+Coolant | Lubrimas.pe | Tienda Online\" \/>\n<meta property=\"og:description\" content=\"REFRIGERANTE PEAK 50\/50 cuenta con una tecnolog\u00eda de refrigerante de larga duraci\u00f3n que es compatible para su uso en todos los autom\u00f3viles.\" \/>\n<meta property=\"og:url\" content=\"https:\/\/lubrimas.pe\/tienda\/refrigerantes\/peak-antifreezecoolant-50-50\/\" \/>\n<meta property=\"og:site_name\" content=\"Lubrimas.pe | Tienda Online\" \/>\n<meta property=\"article:modified_time\" content=\"2025-10-31T16:01:36+00:00\" \/>\n<meta property=\"og:image\" content=\"https:\/\/lubrimas.pe\/tienda\/wp-content\/uploads\/sites\/3\/2022\/11\/lubrimaspe-lubrimasperu-refrigerante-anticongelante-peak-50_50-long-life-listo-para-usar-lima-peru.webp\" \/>\n\t<meta property=\"og:image:width\" content=\"850\" \/>\n\t<meta property=\"og:image:height\" content=\"1000\" \/>\n\t<meta property=\"og:image:type\" content=\"image\/webp\" \/>\n<meta name=\"twitter:card\" content=\"summary_large_image\" \/>\n<meta name=\"twitter:label1\" content=\"Tiempo de lectura\" \/>\n\t<meta name=\"twitter:data1\" content=\"2 minutos\" \/>\n<script type=\"application\/ld+json\" class=\"yoast-schema-graph\">{\"@context\":\"https:\/\/schema.org\",\"@graph\":[{\"@type\":[\"WebPage\",\"ItemPage\"],\"@id\":\"https:\/\/lubrimas.pe\/tienda\/refrigerantes\/peak-antifreezecoolant-50-50\/\",\"url\":\"https:\/\/lubrimas.pe\/tienda\/refrigerantes\/peak-antifreezecoolant-50-50\/\",\"name\":\"REFRIGERANTE PEAK 50\/50 LONG LIFE - Antifreeze+Coolant | Lubrimas.pe | Tienda Online\",\"isPartOf\":{\"@id\":\"https:\/\/lubrimas.pe\/tienda\/#website\"},\"primaryImageOfPage\":{\"@id\":\"https:\/\/lubrimas.pe\/tienda\/refrigerantes\/peak-antifreezecoolant-50-50\/#primaryimage\"},\"image\":{\"@id\":\"https:\/\/lubrimas.pe\/tienda\/refrigerantes\/peak-antifreezecoolant-50-50\/#primaryimage\"},\"thumbnailUrl\":\"https:\/\/lubrimas.pe\/tienda\/wp-content\/uploads\/sites\/3\/2022\/11\/lubrimaspe-lubrimasperu-refrigerante-anticongelante-peak-50_50-long-life-listo-para-usar-lima-peru.webp\",\"datePublished\":\"2022-01-19T20:32:24+00:00\",\"dateModified\":\"2025-10-31T16:01:36+00:00\",\"description\":\"REFRIGERANTE PEAK 50\/50 cuenta con una tecnolog\u00eda de refrigerante de larga duraci\u00f3n que es compatible para su uso en todos los autom\u00f3viles.\",\"breadcrumb\":{\"@id\":\"https:\/\/lubrimas.pe\/tienda\/refrigerantes\/peak-antifreezecoolant-50-50\/#breadcrumb\"},\"inLanguage\":\"es\",\"potentialAction\":[{\"@type\":\"ReadAction\",\"target\":[\"https:\/\/lubrimas.pe\/tienda\/refrigerantes\/peak-antifreezecoolant-50-50\/\"]}]},{\"@type\":\"ImageObject\",\"inLanguage\":\"es\",\"@id\":\"https:\/\/lubrimas.pe\/tienda\/refrigerantes\/peak-antifreezecoolant-50-50\/#primaryimage\",\"url\":\"https:\/\/lubrimas.pe\/tienda\/wp-content\/uploads\/sites\/3\/2022\/11\/lubrimaspe-lubrimasperu-refrigerante-anticongelante-peak-50_50-long-life-listo-para-usar-lima-peru.webp\",\"contentUrl\":\"https:\/\/lubrimas.pe\/tienda\/wp-content\/uploads\/sites\/3\/2022\/11\/lubrimaspe-lubrimasperu-refrigerante-anticongelante-peak-50_50-long-life-listo-para-usar-lima-peru.webp\",\"width\":850,\"height\":1000},{\"@type\":\"BreadcrumbList\",\"@id\":\"https:\/\/lubrimas.pe\/tienda\/refrigerantes\/peak-antifreezecoolant-50-50\/#breadcrumb\",\"itemListElement\":[{\"@type\":\"ListItem\",\"position\":1,\"name\":\"Portada\",\"item\":\"https:\/\/lubrimas.pe\/tienda\/\"},{\"@type\":\"ListItem\",\"position\":2,\"name\":\"Cat\u00e1logo\",\"item\":\"https:\/\/lubrimas.pe\/tienda\/productos\/\"},{\"@type\":\"ListItem\",\"position\":3,\"name\":\"REFRIGERANTE PEAK 50\/50 LONG LIFE &#8211; Antifreeze+Coolant\"}]},{\"@type\":\"WebSite\",\"@id\":\"https:\/\/lubrimas.pe\/tienda\/#website\",\"url\":\"https:\/\/lubrimas.pe\/tienda\/\",\"name\":\"Lubrimas.pe | Tienda Online\",\"description\":\"Tus lubricantes favoritos al mejor precio!\",\"publisher\":{\"@id\":\"https:\/\/lubrimas.pe\/tienda\/#organization\"},\"potentialAction\":[{\"@type\":\"SearchAction\",\"target\":{\"@type\":\"EntryPoint\",\"urlTemplate\":\"https:\/\/lubrimas.pe\/tienda\/?s={search_term_string}\"},\"query-input\":{\"@type\":\"PropertyValueSpecification\",\"valueRequired\":true,\"valueName\":\"search_term_string\"}}],\"inLanguage\":\"es\"},{\"@type\":\"Organization\",\"@id\":\"https:\/\/lubrimas.pe\/tienda\/#organization\",\"name\":\"Lubrimas.pe\",\"url\":\"https:\/\/lubrimas.pe\/tienda\/\",\"logo\":{\"@type\":\"ImageObject\",\"inLanguage\":\"es\",\"@id\":\"https:\/\/lubrimas.pe\/tienda\/#\/schema\/logo\/image\/\",\"url\":\"https:\/\/lubrimas.pe\/tienda\/wp-content\/uploads\/sites\/3\/2022\/07\/BANNERS-PROMO-CYBER-WOW-LUBRIMASPE-2022-07.webp\",\"contentUrl\":\"https:\/\/lubrimas.pe\/tienda\/wp-content\/uploads\/sites\/3\/2022\/07\/BANNERS-PROMO-CYBER-WOW-LUBRIMASPE-2022-07.webp\",\"width\":500,\"height\":752,\"caption\":\"Lubrimas.pe\"},\"image\":{\"@id\":\"https:\/\/lubrimas.pe\/tienda\/#\/schema\/logo\/image\/\"}}]}<\/script>\n<!-- \/ Yoast SEO plugin. -->","yoast_head_json":{"title":"REFRIGERANTE PEAK 50\/50 LONG LIFE - Antifreeze+Coolant | Lubrimas.pe | Tienda Online","description":"REFRIGERANTE PEAK 50\/50 cuenta con una tecnolog\u00eda de refrigerante de larga duraci\u00f3n que es compatible para su uso en todos los autom\u00f3viles.","robots":{"index":"index","follow":"follow","max-snippet":"max-snippet:-1","max-image-preview":"max-image-preview:large","max-video-preview":"max-video-preview:-1"},"canonical":"https:\/\/lubrimas.pe\/tienda\/refrigerantes\/peak-antifreezecoolant-50-50\/","og_locale":"es_ES","og_type":"article","og_title":"REFRIGERANTE PEAK 50\/50 LONG LIFE - Antifreeze+Coolant | Lubrimas.pe | Tienda Online","og_description":"REFRIGERANTE PEAK 50\/50 cuenta con una tecnolog\u00eda de refrigerante de larga duraci\u00f3n que es compatible para su uso en todos los autom\u00f3viles.","og_url":"https:\/\/lubrimas.pe\/tienda\/refrigerantes\/peak-antifreezecoolant-50-50\/","og_site_name":"Lubrimas.pe | Tienda Online","article_modified_time":"2025-10-31T16:01:36+00:00","og_image":[{"width":850,"height":1000,"url":"https:\/\/lubrimas.pe\/tienda\/wp-content\/uploads\/sites\/3\/2022\/11\/lubrimaspe-lubrimasperu-refrigerante-anticongelante-peak-50_50-long-life-listo-para-usar-lima-peru.webp","type":"image\/webp"}],"twitter_card":"summary_large_image","twitter_misc":{"Tiempo de lectura":"2 minutos"},"schema":{"@context":"https:\/\/schema.org","@graph":[{"@type":["WebPage","ItemPage"],"@id":"https:\/\/lubrimas.pe\/tienda\/refrigerantes\/peak-antifreezecoolant-50-50\/","url":"https:\/\/lubrimas.pe\/tienda\/refrigerantes\/peak-antifreezecoolant-50-50\/","name":"REFRIGERANTE PEAK 50\/50 LONG LIFE - Antifreeze+Coolant | Lubrimas.pe | Tienda Online","isPartOf":{"@id":"https:\/\/lubrimas.pe\/tienda\/#website"},"primaryImageOfPage":{"@id":"https:\/\/lubrimas.pe\/tienda\/refrigerantes\/peak-antifreezecoolant-50-50\/#primaryimage"},"image":{"@id":"https:\/\/lubrimas.pe\/tienda\/refrigerantes\/peak-antifreezecoolant-50-50\/#primaryimage"},"thumbnailUrl":"https:\/\/lubrimas.pe\/tienda\/wp-content\/uploads\/sites\/3\/2022\/11\/lubrimaspe-lubrimasperu-refrigerante-anticongelante-peak-50_50-long-life-listo-para-usar-lima-peru.webp","datePublished":"2022-01-19T20:32:24+00:00","dateModified":"2025-10-31T16:01:36+00:00","description":"REFRIGERANTE PEAK 50\/50 cuenta con una tecnolog\u00eda de refrigerante de larga duraci\u00f3n que es compatible para su uso en todos los autom\u00f3viles.","breadcrumb":{"@id":"https:\/\/lubrimas.pe\/tienda\/refrigerantes\/peak-antifreezecoolant-50-50\/#breadcrumb"},"inLanguage":"es","potentialAction":[{"@type":"ReadAction","target":["https:\/\/lubrimas.pe\/tienda\/refrigerantes\/peak-antifreezecoolant-50-50\/"]}]},{"@type":"ImageObject","inLanguage":"es","@id":"https:\/\/lubrimas.pe\/tienda\/refrigerantes\/peak-antifreezecoolant-50-50\/#primaryimage","url":"https:\/\/lubrimas.pe\/tienda\/wp-content\/uploads\/sites\/3\/2022\/11\/lubrimaspe-lubrimasperu-refrigerante-anticongelante-peak-50_50-long-life-listo-para-usar-lima-peru.webp","contentUrl":"https:\/\/lubrimas.pe\/tienda\/wp-content\/uploads\/sites\/3\/2022\/11\/lubrimaspe-lubrimasperu-refrigerante-anticongelante-peak-50_50-long-life-listo-para-usar-lima-peru.webp","width":850,"height":1000},{"@type":"BreadcrumbList","@id":"https:\/\/lubrimas.pe\/tienda\/refrigerantes\/peak-antifreezecoolant-50-50\/#breadcrumb","itemListElement":[{"@type":"ListItem","position":1,"name":"Portada","item":"https:\/\/lubrimas.pe\/tienda\/"},{"@type":"ListItem","position":2,"name":"Cat\u00e1logo","item":"https:\/\/lubrimas.pe\/tienda\/productos\/"},{"@type":"ListItem","position":3,"name":"REFRIGERANTE PEAK 50\/50 LONG LIFE &#8211; Antifreeze+Coolant"}]},{"@type":"WebSite","@id":"https:\/\/lubrimas.pe\/tienda\/#website","url":"https:\/\/lubrimas.pe\/tienda\/","name":"Lubrimas.pe | Tienda Online","description":"Tus lubricantes favoritos al mejor precio!","publisher":{"@id":"https:\/\/lubrimas.pe\/tienda\/#organization"},"potentialAction":[{"@type":"SearchAction","target":{"@type":"EntryPoint","urlTemplate":"https:\/\/lubrimas.pe\/tienda\/?s={search_term_string}"},"query-input":{"@type":"PropertyValueSpecification","valueRequired":true,"valueName":"search_term_string"}}],"inLanguage":"es"},{"@type":"Organization","@id":"https:\/\/lubrimas.pe\/tienda\/#organization","name":"Lubrimas.pe","url":"https:\/\/lubrimas.pe\/tienda\/","logo":{"@type":"ImageObject","inLanguage":"es","@id":"https:\/\/lubrimas.pe\/tienda\/#\/schema\/logo\/image\/","url":"https:\/\/lubrimas.pe\/tienda\/wp-content\/uploads\/sites\/3\/2022\/07\/BANNERS-PROMO-CYBER-WOW-LUBRIMASPE-2022-07.webp","contentUrl":"https:\/\/lubrimas.pe\/tienda\/wp-content\/uploads\/sites\/3\/2022\/07\/BANNERS-PROMO-CYBER-WOW-LUBRIMASPE-2022-07.webp","width":500,"height":752,"caption":"Lubrimas.pe"},"image":{"@id":"https:\/\/lubrimas.pe\/tienda\/#\/schema\/logo\/image\/"}}]}},"_links":{"self":[{"href":"https:\/\/lubrimas.pe\/tienda\/wp-json\/wp\/v2\/product\/487","targetHints":{"allow":["GET"]}}],"collection":[{"href":"https:\/\/lubrimas.pe\/tienda\/wp-json\/wp\/v2\/product"}],"about":[{"href":"https:\/\/lubrimas.pe\/tienda\/wp-json\/wp\/v2\/types\/product"}],"wp:featuredmedia":[{"embeddable":true,"href":"https:\/\/lubrimas.pe\/tienda\/wp-json\/wp\/v2\/media\/12825"}],"wp:attachment":[{"href":"https:\/\/lubrimas.pe\/tienda\/wp-json\/wp\/v2\/media?parent=487"}],"wp:term":[{"taxonomy":"product_brand","embeddable":true,"href":"https:\/\/lubrimas.pe\/tienda\/wp-json\/wp\/v2\/product_brand?post=487"},{"taxonomy":"product_cat","embeddable":true,"href":"https:\/\/lubrimas.pe\/tienda\/wp-json\/wp\/v2\/product_cat?post=487"},{"taxonomy":"product_tag","embeddable":true,"href":"https:\/\/lubrimas.pe\/tienda\/wp-json\/wp\/v2\/product_tag?post=487"}],"curies":[{"name":"wp","href":"https:\/\/api.w.org\/{rel}","templated":true}]}}