{"id":530,"date":"2022-01-19T20:33:08","date_gmt":"2022-01-19T20:33:08","guid":{"rendered":"https:\/\/lubrimas.pe\/tienda\/?post_type=product&#038;p=530"},"modified":"2025-11-28T12:46:47","modified_gmt":"2025-11-28T17:46:47","slug":"motul-multi-atf","status":"publish","type":"product","link":"https:\/\/lubrimas.pe\/tienda\/aceite-de-caja\/motul-multi-atf\/","title":{"rendered":"MOTUL MULTI ATF &#8211; Aceite de Transmisi\u00f3n"},"content":{"rendered":"<p><strong>MOTUL MULTI ATF<\/strong> es un lubricante 100% sint\u00e9tico de alto rendimiento especialmente dise\u00f1ado para la mayor\u00eda de las cajas de transmisi\u00f3n autom\u00e1ticas modernas (modo manual, modo secuencial, controlado electr\u00f3nicamente) con o sin embrague de bloqueo de deslizamiento. Especialmente recomendado para su uso en cajas de cambios autom\u00e1ticas de los fabricantes de autom\u00f3viles Americanos GM, FORD, CHRYSLER\u2026, fabricantes de autom\u00f3viles asi\u00e1ticos HYUNDAI, KIA, MITSUBISHI, NISSAN, SSANGYONG, SUBARU, TOYOTA &#8230;, o fabricantes de autom\u00f3viles europeos como BMW, CITRO\u00cbN, FIAT, MB, PEUGEOT, RENAULT<\/p>\n<h5><strong>CARACTER\u00cdSTICAS PRINCIPALES<\/strong><\/h5>\n<p>MOTUL MULTI ATF es un lubricante 100% sint\u00e9tico de alta tecnolog\u00eda con unas prestaciones sobresalientes con respecto a los requisitos de las normas DEXRON III y MERCON.<br \/>\nGracias a su f\u00f3rmula exclusiva y dedicada, MOTUL MULTI ATF:<\/p>\n<ul>\n<li>Permite el ahorro de combustible para autom\u00f3viles equipados con cajas de cambios autom\u00e1ticas al reducir la fricci\u00f3n de los trenes de engranajes epic\u00edcloidales.<\/li>\n<li>Evita las vibraciones causadas por el deslizamiento irregular del embrague de bloqueo del convertidor de Par.<\/li>\n<li>Amplia Protecci\u00f3n a todo el conjunto altamente denso de engranajes sobrecargados.<\/li>\n<li>Ofrece una respuesta superior de la transmisi\u00f3n autom\u00e1tica: sensaci\u00f3n de cambio de marchas suave y r\u00e1pida, reduciendo la demora en el proceso.<\/li>\n<li>Excelente reacci\u00f3n de la operaci\u00f3n de cambio a bajas temperaturas.<\/li>\n<li>Mayor vida \u00fatil, mejor estabilidad al cizallamiento a elevadas temperaturas y excelente resistencia a la oxidaci\u00f3n.<\/li>\n<li>Antidesgaste, anticorrosi\u00f3n, antiespuma.<\/li>\n<\/ul>\n<h5><strong>APROBACIONES \/ ESPECIFICACIONES OEM<\/strong><\/h5>\n<p>ACURA (ATF Z1 (except CVTs), ALLISON TRANSMISSION (C-4, TES-295), AUDI (G 052 025, G 052 162, G 052 990, G 055 005, G 055 025, Tip-tronic), BENTLEY (PY112995PA), BMW (81 22 9 400 272, 83 22 0 026 922, 83 22 0 142 516, 83 22 0 402 413, 83 22 2 305 396 (ATF2), 83 22 9 407 765, 83 22 9 407 807, ATF2, ETL 7045E, ETL 8072B, LA2634, LT 71141), CHRYSLER (ATF+, ATF+2, ATF+3, ATF+4, MS 7176, MS 7176D, MS 7176E, MS 9602), CITRO\u00cbN (9730 AC, 9735-EJ, JWS 3309, Z 000169756), DAIMLER (ATF+3, ATF+4), DS (CAPSA) (9730 AC, 9735-EJ, JWS 3309, Z 000169756), FIAT (9.55550-AV1, 9.55550-AV2, 9.55550-AV4), FORD (M2C138-CJ, MERCON, MERCON SP, MERCON V, WSAM2C195-A, WSS-M2C924-A, XT-2-QDX, XT-5-QM, XT-6-QSP, XT-8-QAW, XT-9-QMM5), FUCHS (TITAN 3353, TITAN ATF 4400), GENERAL MOTORS (19256039, 1940771, 88861950, 88861951, 88900925, GM DEXRON II D, GM DEXRON II E, GM DEXRON III G, GM DEXRON III H), HONDA (082000-9001, ATF DW-1 (except CVTs), ATF Z1 (except CVTs)), HYUNDAI (040000C90SG, ATF 9638, Red-1, SP II, SP III), INFINITI (ATF FMS, MATIC D, MATIC J, MATIC K, MATIC S, MATIC W), ISUZU ATF Z1 ((except CVTs), H50235, SCS), JAGUAR (Fluid 8432, JLM 20237, JLM 20238, M-1375.4), KIA (ATF SP-3, Red-1, SP III, UM040 CH020), LAND ROVER (M-1375.4, STC 4863, TYK500050), LEXUS (ATF Type T-IV, ATF WS, JWS 3324, NWS 9638), MASERATI (231603), MAZDA (6-sp AT, ATF F-1, ATF M-V, JWS 3317), MERCEDES-BENZ (A 001 989 22 03, MB 236.10, MB 236.11, MB 236.12, MB 236.3, MB 236.5, MB 236.7, MB 236.9), MINI (83 22 0 402 413, ASW 3309), MITSUBISHI (ATF-J2, ATF-J3, ATF-PA, AYC Fluid, Diamond (USA) \/ Dia Queen PSF, PSF 3, SP II, SP III), NISSAN (ATF D3M, ATF FMS, MATIC D, MATIC J, MATIC K, MATIC S, MATIC W), PEUGEOT (9730 AC, 9735-EJ, JWS 3309, Z 000169756), PORSCHE (043 205 28, 999 917 547 00 (A2)), RENAULT (DP0, Elfmatic J6, matic D2, matic D3), ROLLS-ROYCE (PL 31493PA), SAAB (93 165 147, JWS 3309), SATURN (22686186, T-IV), SUBARU (ATF HP, KO410Y0700, SKU: SOA868V9241), SUZUKI (JWS 2384K, JWS 3314, JWS 3317), TOYOTA (08886-00405, 08886-81015, ATF D-III, ATF Type T, ATF Type T-II, ATF Type T-III, ATF Type T-IV, ATF WS, JWS 2312D, JWS 3309, JWS 3324, LF), VOITH (G607 (H55.6335xx)), VOLVO (1161521, 1161540, 97340, 97342), VW (G 052 025, G 052 162, G 052 990, G 055 005, G 055 025, TL 52 162), ZF (Lifeguard 5, Lifeguard 6, S671 090 170, S671 090 255, TEML 03D, TE-ML 04D, TE-ML 09, TE-ML 14A, TE-ML 14B, TE-ML 16L, TE-ML 17C), AISIN (AW-F21, CLIP, FF ATF, JWS 2312D, JWS 3309), AML (4G4319A509 \/ AA \/ S), APPOLLOIL (ATF Red-1K), CASTROL (Transmax J, Transmax Z), ESSO (ATF LT 71141, JWS 3314), IDEMITSU (ATF HP, K17), JATCO (1A, JF613E), MOBIL (ATF 3309, ATF 3317), PETRONAS LUBRICANTS (Tutela GI-V, Tutela GI-VI, Tutela Transmission Force4), PSA Groupe (9730 AC, 9735-EJ, JWS 3309, Z 000169756), SHELL (3403(-M115), ATF 3353, LA2634, M-1375.4), TEXACO (ETL 7045E, ETL 8072B, N402), TOTAL (ATF H50235, Fluide AT 42), ZF (Lifeguard 5, Lifeguard 6, S671 090 170, S671 090 255, TEML 03D, TE-ML 04D, TE-ML 09, TE-ML 14A, TE-ML 14B, TE-ML 16L, TE-ML 17C)<\/p>\n<h5><strong>INFORMACI\u00d3N ADICIONAL<\/strong><\/h5>\n<div class=\"aditional-info-tecnical-lp\"><a href=\"https:\/\/lubrimas.pe\/tienda\/wp-content\/uploads\/sites\/3\/2022\/11\/FICHA-TECNICA-ACEITE-DE-TRANSMISION-AUTOMATICA-MOTUL-MULTI-ATF-LUBRIMASPE-LOS-OLIVOS-LIMA-PERU.pdf\" target=\"_blank\" rel=\"noopener\">FICHA T\u00c9CNICA<\/a><br \/>\n<a href=\"https:\/\/www.motul.com\/es\/es\/products\/multi-atf\" target=\"_blank\" rel=\"noopener\">SITIO OFICIAL<\/a><\/div>\n<p>&nbsp;<\/p>\n<blockquote><p>HIDROLINA, ACEITE DE CAJA, TRANSMISI\u00d3N AUTOM\u00c1TICA, AUTOMATIC TRANSMISSION FLUID, ATF, MOTUL<\/p><\/blockquote>\n","protected":false},"excerpt":{"rendered":"<p>MOTUL MULTI ATF es un lubricante 100% sint\u00e9tico de alto rendimiento especialmente dise\u00f1ado para la mayor\u00eda de las cajas de transmisi\u00f3n autom\u00e1ticas modernas (modo manual, modo secuencial, controlado electr\u00f3nicamente) con<\/p>\n","protected":false},"featured_media":12830,"template":"","meta":[],"product_brand":[],"product_cat":[27,32],"product_tag":[],"class_list":{"0":"post-530","1":"product","2":"type-product","3":"status-publish","4":"has-post-thumbnail","6":"product_cat-aceite-de-caja","7":"product_cat-caja-automatica","8":"pa_marca-motul","9":"pa_transmision-atf","10":"pa_transmision-multi-atf","12":"first","13":"instock","14":"shipping-taxable","15":"purchasable","16":"product-type-variable","17":"has-default-attributes"},"yoast_head":"<!-- This site is optimized with the Yoast SEO plugin v27.5 - https:\/\/yoast.com\/product\/yoast-seo-wordpress\/ -->\n<title>MOTUL MULTI ATF - Aceite de Transmisi\u00f3n | Lubrimas.pe<\/title>\n<meta name=\"description\" content=\"MOTUL MULTI ATF es un lubricante 100% sint\u00e9tico de alta tecnolog\u00eda con prestaciones sobresalientes, especialmente dise\u00f1ado para transmisi\u00f3n autom\u00e1ticas.\" \/>\n<meta name=\"robots\" content=\"index, follow, max-snippet:-1, max-image-preview:large, max-video-preview:-1\" \/>\n<link rel=\"canonical\" href=\"https:\/\/lubrimas.pe\/tienda\/aceite-de-caja\/motul-multi-atf\/\" \/>\n<meta property=\"og:locale\" content=\"es_ES\" \/>\n<meta property=\"og:type\" content=\"article\" \/>\n<meta property=\"og:title\" content=\"MOTUL MULTI ATF - Aceite de Transmisi\u00f3n | Lubrimas.pe\" \/>\n<meta property=\"og:description\" content=\"MOTUL MULTI ATF es un lubricante 100% sint\u00e9tico de alta tecnolog\u00eda con prestaciones sobresalientes, especialmente dise\u00f1ado para transmisi\u00f3n autom\u00e1ticas.\" \/>\n<meta property=\"og:url\" content=\"https:\/\/lubrimas.pe\/tienda\/aceite-de-caja\/motul-multi-atf\/\" \/>\n<meta property=\"og:site_name\" content=\"Lubrimas.pe | Tienda Online\" \/>\n<meta property=\"article:modified_time\" content=\"2025-11-28T17:46:47+00:00\" \/>\n<meta property=\"og:image\" content=\"https:\/\/lubrimas.pe\/tienda\/wp-content\/uploads\/sites\/3\/2022\/11\/lubrimaspe-lubrimasperu-aceite-transmision-automatica-motul-multi-atf-hidrolina-quarto-peru-delivery-degalon-1lt-losolivos-lima-peru.webp.webp\" \/>\n\t<meta property=\"og:image:width\" content=\"835\" \/>\n\t<meta property=\"og:image:height\" content=\"1000\" \/>\n\t<meta property=\"og:image:type\" content=\"image\/webp\" \/>\n<meta name=\"twitter:card\" content=\"summary_large_image\" \/>\n<meta name=\"twitter:label1\" content=\"Tiempo de lectura\" \/>\n\t<meta name=\"twitter:data1\" content=\"3 minutos\" \/>\n<script type=\"application\/ld+json\" class=\"yoast-schema-graph\">{\"@context\":\"https:\\\/\\\/schema.org\",\"@graph\":[{\"@type\":[\"WebPage\",\"ItemPage\"],\"@id\":\"https:\\\/\\\/lubrimas.pe\\\/tienda\\\/aceite-de-caja\\\/motul-multi-atf\\\/\",\"url\":\"https:\\\/\\\/lubrimas.pe\\\/tienda\\\/aceite-de-caja\\\/motul-multi-atf\\\/\",\"name\":\"MOTUL MULTI ATF - Aceite de Transmisi\u00f3n | Lubrimas.pe\",\"isPartOf\":{\"@id\":\"https:\\\/\\\/lubrimas.pe\\\/tienda\\\/#website\"},\"primaryImageOfPage\":{\"@id\":\"https:\\\/\\\/lubrimas.pe\\\/tienda\\\/aceite-de-caja\\\/motul-multi-atf\\\/#primaryimage\"},\"image\":{\"@id\":\"https:\\\/\\\/lubrimas.pe\\\/tienda\\\/aceite-de-caja\\\/motul-multi-atf\\\/#primaryimage\"},\"thumbnailUrl\":\"https:\\\/\\\/lubrimas.pe\\\/tienda\\\/wp-content\\\/uploads\\\/sites\\\/3\\\/2022\\\/11\\\/lubrimaspe-lubrimasperu-aceite-transmision-automatica-motul-multi-atf-hidrolina-quarto-peru-delivery-degalon-1lt-losolivos-lima-peru.webp.webp\",\"datePublished\":\"2022-01-19T20:33:08+00:00\",\"dateModified\":\"2025-11-28T17:46:47+00:00\",\"description\":\"MOTUL MULTI ATF es un lubricante 100% sint\u00e9tico de alta tecnolog\u00eda con prestaciones sobresalientes, especialmente dise\u00f1ado para transmisi\u00f3n autom\u00e1ticas.\",\"breadcrumb\":{\"@id\":\"https:\\\/\\\/lubrimas.pe\\\/tienda\\\/aceite-de-caja\\\/motul-multi-atf\\\/#breadcrumb\"},\"inLanguage\":\"es\",\"potentialAction\":[{\"@type\":\"ReadAction\",\"target\":[\"https:\\\/\\\/lubrimas.pe\\\/tienda\\\/aceite-de-caja\\\/motul-multi-atf\\\/\"]}]},{\"@type\":\"ImageObject\",\"inLanguage\":\"es\",\"@id\":\"https:\\\/\\\/lubrimas.pe\\\/tienda\\\/aceite-de-caja\\\/motul-multi-atf\\\/#primaryimage\",\"url\":\"https:\\\/\\\/lubrimas.pe\\\/tienda\\\/wp-content\\\/uploads\\\/sites\\\/3\\\/2022\\\/11\\\/lubrimaspe-lubrimasperu-aceite-transmision-automatica-motul-multi-atf-hidrolina-quarto-peru-delivery-degalon-1lt-losolivos-lima-peru.webp.webp\",\"contentUrl\":\"https:\\\/\\\/lubrimas.pe\\\/tienda\\\/wp-content\\\/uploads\\\/sites\\\/3\\\/2022\\\/11\\\/lubrimaspe-lubrimasperu-aceite-transmision-automatica-motul-multi-atf-hidrolina-quarto-peru-delivery-degalon-1lt-losolivos-lima-peru.webp.webp\",\"width\":835,\"height\":1000},{\"@type\":\"BreadcrumbList\",\"@id\":\"https:\\\/\\\/lubrimas.pe\\\/tienda\\\/aceite-de-caja\\\/motul-multi-atf\\\/#breadcrumb\",\"itemListElement\":[{\"@type\":\"ListItem\",\"position\":1,\"name\":\"Portada\",\"item\":\"https:\\\/\\\/lubrimas.pe\\\/tienda\\\/\"},{\"@type\":\"ListItem\",\"position\":2,\"name\":\"Cat\u00e1logo\",\"item\":\"https:\\\/\\\/lubrimas.pe\\\/tienda\\\/productos\\\/\"},{\"@type\":\"ListItem\",\"position\":3,\"name\":\"MOTUL MULTI ATF &#8211; Aceite de Transmisi\u00f3n\"}]},{\"@type\":\"WebSite\",\"@id\":\"https:\\\/\\\/lubrimas.pe\\\/tienda\\\/#website\",\"url\":\"https:\\\/\\\/lubrimas.pe\\\/tienda\\\/\",\"name\":\"Lubrimas.pe | Tienda Online\",\"description\":\"Tus lubricantes favoritos al mejor precio!\",\"publisher\":{\"@id\":\"https:\\\/\\\/lubrimas.pe\\\/tienda\\\/#organization\"},\"potentialAction\":[{\"@type\":\"SearchAction\",\"target\":{\"@type\":\"EntryPoint\",\"urlTemplate\":\"https:\\\/\\\/lubrimas.pe\\\/tienda\\\/?s={search_term_string}\"},\"query-input\":{\"@type\":\"PropertyValueSpecification\",\"valueRequired\":true,\"valueName\":\"search_term_string\"}}],\"inLanguage\":\"es\"},{\"@type\":\"Organization\",\"@id\":\"https:\\\/\\\/lubrimas.pe\\\/tienda\\\/#organization\",\"name\":\"Lubrimas.pe\",\"url\":\"https:\\\/\\\/lubrimas.pe\\\/tienda\\\/\",\"logo\":{\"@type\":\"ImageObject\",\"inLanguage\":\"es\",\"@id\":\"https:\\\/\\\/lubrimas.pe\\\/tienda\\\/#\\\/schema\\\/logo\\\/image\\\/\",\"url\":\"https:\\\/\\\/lubrimas.pe\\\/tienda\\\/wp-content\\\/uploads\\\/sites\\\/3\\\/2022\\\/07\\\/BANNERS-PROMO-CYBER-WOW-LUBRIMASPE-2022-07.webp\",\"contentUrl\":\"https:\\\/\\\/lubrimas.pe\\\/tienda\\\/wp-content\\\/uploads\\\/sites\\\/3\\\/2022\\\/07\\\/BANNERS-PROMO-CYBER-WOW-LUBRIMASPE-2022-07.webp\",\"width\":500,\"height\":752,\"caption\":\"Lubrimas.pe\"},\"image\":{\"@id\":\"https:\\\/\\\/lubrimas.pe\\\/tienda\\\/#\\\/schema\\\/logo\\\/image\\\/\"}}]}<\/script>\n<!-- \/ Yoast SEO plugin. -->","yoast_head_json":{"title":"MOTUL MULTI ATF - Aceite de Transmisi\u00f3n | Lubrimas.pe","description":"MOTUL MULTI ATF es un lubricante 100% sint\u00e9tico de alta tecnolog\u00eda con prestaciones sobresalientes, especialmente dise\u00f1ado para transmisi\u00f3n autom\u00e1ticas.","robots":{"index":"index","follow":"follow","max-snippet":"max-snippet:-1","max-image-preview":"max-image-preview:large","max-video-preview":"max-video-preview:-1"},"canonical":"https:\/\/lubrimas.pe\/tienda\/aceite-de-caja\/motul-multi-atf\/","og_locale":"es_ES","og_type":"article","og_title":"MOTUL MULTI ATF - Aceite de Transmisi\u00f3n | Lubrimas.pe","og_description":"MOTUL MULTI ATF es un lubricante 100% sint\u00e9tico de alta tecnolog\u00eda con prestaciones sobresalientes, especialmente dise\u00f1ado para transmisi\u00f3n autom\u00e1ticas.","og_url":"https:\/\/lubrimas.pe\/tienda\/aceite-de-caja\/motul-multi-atf\/","og_site_name":"Lubrimas.pe | Tienda Online","article_modified_time":"2025-11-28T17:46:47+00:00","og_image":[{"width":835,"height":1000,"url":"https:\/\/lubrimas.pe\/tienda\/wp-content\/uploads\/sites\/3\/2022\/11\/lubrimaspe-lubrimasperu-aceite-transmision-automatica-motul-multi-atf-hidrolina-quarto-peru-delivery-degalon-1lt-losolivos-lima-peru.webp.webp","type":"image\/webp"}],"twitter_card":"summary_large_image","twitter_misc":{"Tiempo de lectura":"3 minutos"},"schema":{"@context":"https:\/\/schema.org","@graph":[{"@type":["WebPage","ItemPage"],"@id":"https:\/\/lubrimas.pe\/tienda\/aceite-de-caja\/motul-multi-atf\/","url":"https:\/\/lubrimas.pe\/tienda\/aceite-de-caja\/motul-multi-atf\/","name":"MOTUL MULTI ATF - Aceite de Transmisi\u00f3n | Lubrimas.pe","isPartOf":{"@id":"https:\/\/lubrimas.pe\/tienda\/#website"},"primaryImageOfPage":{"@id":"https:\/\/lubrimas.pe\/tienda\/aceite-de-caja\/motul-multi-atf\/#primaryimage"},"image":{"@id":"https:\/\/lubrimas.pe\/tienda\/aceite-de-caja\/motul-multi-atf\/#primaryimage"},"thumbnailUrl":"https:\/\/lubrimas.pe\/tienda\/wp-content\/uploads\/sites\/3\/2022\/11\/lubrimaspe-lubrimasperu-aceite-transmision-automatica-motul-multi-atf-hidrolina-quarto-peru-delivery-degalon-1lt-losolivos-lima-peru.webp.webp","datePublished":"2022-01-19T20:33:08+00:00","dateModified":"2025-11-28T17:46:47+00:00","description":"MOTUL MULTI ATF es un lubricante 100% sint\u00e9tico de alta tecnolog\u00eda con prestaciones sobresalientes, especialmente dise\u00f1ado para transmisi\u00f3n autom\u00e1ticas.","breadcrumb":{"@id":"https:\/\/lubrimas.pe\/tienda\/aceite-de-caja\/motul-multi-atf\/#breadcrumb"},"inLanguage":"es","potentialAction":[{"@type":"ReadAction","target":["https:\/\/lubrimas.pe\/tienda\/aceite-de-caja\/motul-multi-atf\/"]}]},{"@type":"ImageObject","inLanguage":"es","@id":"https:\/\/lubrimas.pe\/tienda\/aceite-de-caja\/motul-multi-atf\/#primaryimage","url":"https:\/\/lubrimas.pe\/tienda\/wp-content\/uploads\/sites\/3\/2022\/11\/lubrimaspe-lubrimasperu-aceite-transmision-automatica-motul-multi-atf-hidrolina-quarto-peru-delivery-degalon-1lt-losolivos-lima-peru.webp.webp","contentUrl":"https:\/\/lubrimas.pe\/tienda\/wp-content\/uploads\/sites\/3\/2022\/11\/lubrimaspe-lubrimasperu-aceite-transmision-automatica-motul-multi-atf-hidrolina-quarto-peru-delivery-degalon-1lt-losolivos-lima-peru.webp.webp","width":835,"height":1000},{"@type":"BreadcrumbList","@id":"https:\/\/lubrimas.pe\/tienda\/aceite-de-caja\/motul-multi-atf\/#breadcrumb","itemListElement":[{"@type":"ListItem","position":1,"name":"Portada","item":"https:\/\/lubrimas.pe\/tienda\/"},{"@type":"ListItem","position":2,"name":"Cat\u00e1logo","item":"https:\/\/lubrimas.pe\/tienda\/productos\/"},{"@type":"ListItem","position":3,"name":"MOTUL MULTI ATF &#8211; Aceite de Transmisi\u00f3n"}]},{"@type":"WebSite","@id":"https:\/\/lubrimas.pe\/tienda\/#website","url":"https:\/\/lubrimas.pe\/tienda\/","name":"Lubrimas.pe | Tienda Online","description":"Tus lubricantes favoritos al mejor precio!","publisher":{"@id":"https:\/\/lubrimas.pe\/tienda\/#organization"},"potentialAction":[{"@type":"SearchAction","target":{"@type":"EntryPoint","urlTemplate":"https:\/\/lubrimas.pe\/tienda\/?s={search_term_string}"},"query-input":{"@type":"PropertyValueSpecification","valueRequired":true,"valueName":"search_term_string"}}],"inLanguage":"es"},{"@type":"Organization","@id":"https:\/\/lubrimas.pe\/tienda\/#organization","name":"Lubrimas.pe","url":"https:\/\/lubrimas.pe\/tienda\/","logo":{"@type":"ImageObject","inLanguage":"es","@id":"https:\/\/lubrimas.pe\/tienda\/#\/schema\/logo\/image\/","url":"https:\/\/lubrimas.pe\/tienda\/wp-content\/uploads\/sites\/3\/2022\/07\/BANNERS-PROMO-CYBER-WOW-LUBRIMASPE-2022-07.webp","contentUrl":"https:\/\/lubrimas.pe\/tienda\/wp-content\/uploads\/sites\/3\/2022\/07\/BANNERS-PROMO-CYBER-WOW-LUBRIMASPE-2022-07.webp","width":500,"height":752,"caption":"Lubrimas.pe"},"image":{"@id":"https:\/\/lubrimas.pe\/tienda\/#\/schema\/logo\/image\/"}}]}},"_links":{"self":[{"href":"https:\/\/lubrimas.pe\/tienda\/wp-json\/wp\/v2\/product\/530","targetHints":{"allow":["GET"]}}],"collection":[{"href":"https:\/\/lubrimas.pe\/tienda\/wp-json\/wp\/v2\/product"}],"about":[{"href":"https:\/\/lubrimas.pe\/tienda\/wp-json\/wp\/v2\/types\/product"}],"wp:featuredmedia":[{"embeddable":true,"href":"https:\/\/lubrimas.pe\/tienda\/wp-json\/wp\/v2\/media\/12830"}],"wp:attachment":[{"href":"https:\/\/lubrimas.pe\/tienda\/wp-json\/wp\/v2\/media?parent=530"}],"wp:term":[{"taxonomy":"product_brand","embeddable":true,"href":"https:\/\/lubrimas.pe\/tienda\/wp-json\/wp\/v2\/product_brand?post=530"},{"taxonomy":"product_cat","embeddable":true,"href":"https:\/\/lubrimas.pe\/tienda\/wp-json\/wp\/v2\/product_cat?post=530"},{"taxonomy":"product_tag","embeddable":true,"href":"https:\/\/lubrimas.pe\/tienda\/wp-json\/wp\/v2\/product_tag?post=530"}],"curies":[{"name":"wp","href":"https:\/\/api.w.org\/{rel}","templated":true}]}}