{"id":533,"date":"2022-01-19T20:33:09","date_gmt":"2022-01-19T20:33:09","guid":{"rendered":"https:\/\/lubrimas.pe\/tienda\/?post_type=product&#038;p=533"},"modified":"2024-04-04T17:02:19","modified_gmt":"2024-04-04T22:02:19","slug":"liqui-moly-hypoid-getriebeol-sae-80w90-gl5","status":"publish","type":"product","link":"https:\/\/lubrimas.pe\/tienda\/aceite-de-caja\/liqui-moly-hypoid-getriebeol-sae-80w90-gl5\/","title":{"rendered":"LIQUI MOLY HYPOID-GETRIEBE\u00d6L SAE 80W90 GL5 &#8211; Aceite Mineral"},"content":{"rendered":"<p><strong>LIQUI MOLY SAE 80W90 GL5<\/strong> es un aceite mineral para engranajes hipoides. Para veh\u00edculos con tecnolog\u00eda de cambio m\u00e1s antigua. Garantiza un funcionamiento perfecto de los grupos incluso en las condiciones de servicio m\u00e1s duras y con grandes oscilaciones de temperatura. Proporciona una pel\u00edcula lubricante estable. Ofrece una elevada seguridad de lubricaci\u00f3n y una protecci\u00f3n \u00f3ptima contra el desgaste. Excelente comportamiento viscosidad-temperatura.<\/p>\n<blockquote><p>LM 4406, LM-4406, LM4406, LIQUIMOLY, LIQUI MOLY, ADITIVOS LUBRICANTES ALEMANES<\/p><\/blockquote>\n","protected":false},"excerpt":{"rendered":"<p>LIQUI MOLY SAE 80W90 GL5 es un aceite mineral para engranajes hipoides. Para veh\u00edculos con tecnolog\u00eda de cambio m\u00e1s antigua. Garantiza un funcionamiento perfecto de los grupos incluso en las<\/p>\n","protected":false},"featured_media":11560,"template":"","meta":[],"product_brand":[],"product_cat":[27,28],"product_tag":[31,23,21,24,25,19],"class_list":{"0":"post-533","1":"product","2":"type-product","3":"status-publish","4":"has-post-thumbnail","6":"product_cat-aceite-de-caja","7":"product_cat-caja-manual-mecanica","8":"product_tag-80w90","9":"product_tag-aditivos-lubricantes-alemanes","10":"product_tag-automotriz","11":"product_tag-liqui-moly","12":"product_tag-liquimoly","13":"product_tag-lubricantes","14":"pa_engranaje-gl-5","15":"pa_grado-80w90","16":"pa_marca-liquimoly","18":"first","19":"outofstock","20":"sale","21":"shipping-taxable","22":"purchasable","23":"product-type-variable","24":"has-default-attributes"},"yoast_head":"<!-- This site is optimized with the Yoast SEO plugin v27.4 - https:\/\/yoast.com\/product\/yoast-seo-wordpress\/ -->\n<title>LIQUI MOLY HYPOID-GETRIEBE\u00d6L SAE 80W90 GL5 - Aceite Mineral | \ud83d\udea8 NUEVO! EN Lubrimas.pe | Tienda Online<\/title>\n<meta name=\"description\" content=\"LIQUIMOLY SAE 80W90 GL5 es un aceite mineral para veh\u00edculos con tecnolog\u00eda de cambio m\u00e1s antigua. Funciona incluso en las condiciones m\u00e1s duras.\" \/>\n<meta name=\"robots\" content=\"index, follow, max-snippet:-1, max-image-preview:large, max-video-preview:-1\" \/>\n<link rel=\"canonical\" href=\"https:\/\/lubrimas.pe\/tienda\/aceite-de-caja\/liqui-moly-hypoid-getriebeol-sae-80w90-gl5\/\" \/>\n<meta property=\"og:locale\" content=\"es_ES\" \/>\n<meta property=\"og:type\" content=\"article\" \/>\n<meta property=\"og:title\" content=\"LIQUI MOLY HYPOID-GETRIEBE\u00d6L SAE 80W90 GL5 - Aceite Mineral | \ud83d\udea8 NUEVO! EN Lubrimas.pe | Tienda Online\" \/>\n<meta property=\"og:description\" content=\"LIQUIMOLY SAE 80W90 GL5 es un aceite mineral para veh\u00edculos con tecnolog\u00eda de cambio m\u00e1s antigua. Funciona incluso en las condiciones m\u00e1s duras.\" \/>\n<meta property=\"og:url\" content=\"https:\/\/lubrimas.pe\/tienda\/aceite-de-caja\/liqui-moly-hypoid-getriebeol-sae-80w90-gl5\/\" \/>\n<meta property=\"og:site_name\" content=\"Lubrimas.pe | Tienda Online\" \/>\n<meta property=\"article:modified_time\" content=\"2024-04-04T22:02:19+00:00\" \/>\n<meta property=\"og:image\" content=\"https:\/\/lubrimas.pe\/tienda\/wp-content\/uploads\/sites\/3\/2022\/01\/lubrimasperu-aceite-liquimoly-hypoid-sae-80w90-quartogalon-1lt-losolivos-lima-peru.webp\" \/>\n\t<meta property=\"og:image:width\" content=\"850\" \/>\n\t<meta property=\"og:image:height\" content=\"1000\" \/>\n\t<meta property=\"og:image:type\" content=\"image\/webp\" \/>\n<meta name=\"twitter:card\" content=\"summary_large_image\" \/>\n<meta name=\"twitter:label1\" content=\"Tiempo de lectura\" \/>\n\t<meta name=\"twitter:data1\" content=\"1 minuto\" \/>\n<script type=\"application\/ld+json\" class=\"yoast-schema-graph\">{\"@context\":\"https:\\\/\\\/schema.org\",\"@graph\":[{\"@type\":[\"WebPage\",\"ItemPage\"],\"@id\":\"https:\\\/\\\/lubrimas.pe\\\/tienda\\\/aceite-de-caja\\\/liqui-moly-hypoid-getriebeol-sae-80w90-gl5\\\/\",\"url\":\"https:\\\/\\\/lubrimas.pe\\\/tienda\\\/aceite-de-caja\\\/liqui-moly-hypoid-getriebeol-sae-80w90-gl5\\\/\",\"name\":\"LIQUI MOLY HYPOID-GETRIEBE\u00d6L SAE 80W90 GL5 - Aceite Mineral | \ud83d\udea8 NUEVO! EN Lubrimas.pe | Tienda Online\",\"isPartOf\":{\"@id\":\"https:\\\/\\\/lubrimas.pe\\\/tienda\\\/#website\"},\"primaryImageOfPage\":{\"@id\":\"https:\\\/\\\/lubrimas.pe\\\/tienda\\\/aceite-de-caja\\\/liqui-moly-hypoid-getriebeol-sae-80w90-gl5\\\/#primaryimage\"},\"image\":{\"@id\":\"https:\\\/\\\/lubrimas.pe\\\/tienda\\\/aceite-de-caja\\\/liqui-moly-hypoid-getriebeol-sae-80w90-gl5\\\/#primaryimage\"},\"thumbnailUrl\":\"https:\\\/\\\/lubrimas.pe\\\/tienda\\\/wp-content\\\/uploads\\\/sites\\\/3\\\/2022\\\/01\\\/lubrimasperu-aceite-liquimoly-hypoid-sae-80w90-quartogalon-1lt-losolivos-lima-peru.webp\",\"datePublished\":\"2022-01-19T20:33:09+00:00\",\"dateModified\":\"2024-04-04T22:02:19+00:00\",\"description\":\"LIQUIMOLY SAE 80W90 GL5 es un aceite mineral para veh\u00edculos con tecnolog\u00eda de cambio m\u00e1s antigua. Funciona incluso en las condiciones m\u00e1s duras.\",\"breadcrumb\":{\"@id\":\"https:\\\/\\\/lubrimas.pe\\\/tienda\\\/aceite-de-caja\\\/liqui-moly-hypoid-getriebeol-sae-80w90-gl5\\\/#breadcrumb\"},\"inLanguage\":\"es\",\"potentialAction\":[{\"@type\":\"ReadAction\",\"target\":[\"https:\\\/\\\/lubrimas.pe\\\/tienda\\\/aceite-de-caja\\\/liqui-moly-hypoid-getriebeol-sae-80w90-gl5\\\/\"]}]},{\"@type\":\"ImageObject\",\"inLanguage\":\"es\",\"@id\":\"https:\\\/\\\/lubrimas.pe\\\/tienda\\\/aceite-de-caja\\\/liqui-moly-hypoid-getriebeol-sae-80w90-gl5\\\/#primaryimage\",\"url\":\"https:\\\/\\\/lubrimas.pe\\\/tienda\\\/wp-content\\\/uploads\\\/sites\\\/3\\\/2022\\\/01\\\/lubrimasperu-aceite-liquimoly-hypoid-sae-80w90-quartogalon-1lt-losolivos-lima-peru.webp\",\"contentUrl\":\"https:\\\/\\\/lubrimas.pe\\\/tienda\\\/wp-content\\\/uploads\\\/sites\\\/3\\\/2022\\\/01\\\/lubrimasperu-aceite-liquimoly-hypoid-sae-80w90-quartogalon-1lt-losolivos-lima-peru.webp\",\"width\":850,\"height\":1000},{\"@type\":\"BreadcrumbList\",\"@id\":\"https:\\\/\\\/lubrimas.pe\\\/tienda\\\/aceite-de-caja\\\/liqui-moly-hypoid-getriebeol-sae-80w90-gl5\\\/#breadcrumb\",\"itemListElement\":[{\"@type\":\"ListItem\",\"position\":1,\"name\":\"Portada\",\"item\":\"https:\\\/\\\/lubrimas.pe\\\/tienda\\\/\"},{\"@type\":\"ListItem\",\"position\":2,\"name\":\"Cat\u00e1logo\",\"item\":\"https:\\\/\\\/lubrimas.pe\\\/tienda\\\/productos\\\/\"},{\"@type\":\"ListItem\",\"position\":3,\"name\":\"LIQUI MOLY HYPOID-GETRIEBE\u00d6L SAE 80W90 GL5 &#8211; Aceite Mineral\"}]},{\"@type\":\"WebSite\",\"@id\":\"https:\\\/\\\/lubrimas.pe\\\/tienda\\\/#website\",\"url\":\"https:\\\/\\\/lubrimas.pe\\\/tienda\\\/\",\"name\":\"Lubrimas.pe | Tienda Online\",\"description\":\"Tus lubricantes favoritos al mejor precio!\",\"publisher\":{\"@id\":\"https:\\\/\\\/lubrimas.pe\\\/tienda\\\/#organization\"},\"potentialAction\":[{\"@type\":\"SearchAction\",\"target\":{\"@type\":\"EntryPoint\",\"urlTemplate\":\"https:\\\/\\\/lubrimas.pe\\\/tienda\\\/?s={search_term_string}\"},\"query-input\":{\"@type\":\"PropertyValueSpecification\",\"valueRequired\":true,\"valueName\":\"search_term_string\"}}],\"inLanguage\":\"es\"},{\"@type\":\"Organization\",\"@id\":\"https:\\\/\\\/lubrimas.pe\\\/tienda\\\/#organization\",\"name\":\"Lubrimas.pe\",\"url\":\"https:\\\/\\\/lubrimas.pe\\\/tienda\\\/\",\"logo\":{\"@type\":\"ImageObject\",\"inLanguage\":\"es\",\"@id\":\"https:\\\/\\\/lubrimas.pe\\\/tienda\\\/#\\\/schema\\\/logo\\\/image\\\/\",\"url\":\"https:\\\/\\\/lubrimas.pe\\\/tienda\\\/wp-content\\\/uploads\\\/sites\\\/3\\\/2022\\\/07\\\/BANNERS-PROMO-CYBER-WOW-LUBRIMASPE-2022-07.webp\",\"contentUrl\":\"https:\\\/\\\/lubrimas.pe\\\/tienda\\\/wp-content\\\/uploads\\\/sites\\\/3\\\/2022\\\/07\\\/BANNERS-PROMO-CYBER-WOW-LUBRIMASPE-2022-07.webp\",\"width\":500,\"height\":752,\"caption\":\"Lubrimas.pe\"},\"image\":{\"@id\":\"https:\\\/\\\/lubrimas.pe\\\/tienda\\\/#\\\/schema\\\/logo\\\/image\\\/\"}}]}<\/script>\n<!-- \/ Yoast SEO plugin. -->","yoast_head_json":{"title":"LIQUI MOLY HYPOID-GETRIEBE\u00d6L SAE 80W90 GL5 - Aceite Mineral | \ud83d\udea8 NUEVO! EN Lubrimas.pe | Tienda Online","description":"LIQUIMOLY SAE 80W90 GL5 es un aceite mineral para veh\u00edculos con tecnolog\u00eda de cambio m\u00e1s antigua. Funciona incluso en las condiciones m\u00e1s duras.","robots":{"index":"index","follow":"follow","max-snippet":"max-snippet:-1","max-image-preview":"max-image-preview:large","max-video-preview":"max-video-preview:-1"},"canonical":"https:\/\/lubrimas.pe\/tienda\/aceite-de-caja\/liqui-moly-hypoid-getriebeol-sae-80w90-gl5\/","og_locale":"es_ES","og_type":"article","og_title":"LIQUI MOLY HYPOID-GETRIEBE\u00d6L SAE 80W90 GL5 - Aceite Mineral | \ud83d\udea8 NUEVO! EN Lubrimas.pe | Tienda Online","og_description":"LIQUIMOLY SAE 80W90 GL5 es un aceite mineral para veh\u00edculos con tecnolog\u00eda de cambio m\u00e1s antigua. Funciona incluso en las condiciones m\u00e1s duras.","og_url":"https:\/\/lubrimas.pe\/tienda\/aceite-de-caja\/liqui-moly-hypoid-getriebeol-sae-80w90-gl5\/","og_site_name":"Lubrimas.pe | Tienda Online","article_modified_time":"2024-04-04T22:02:19+00:00","og_image":[{"width":850,"height":1000,"url":"https:\/\/lubrimas.pe\/tienda\/wp-content\/uploads\/sites\/3\/2022\/01\/lubrimasperu-aceite-liquimoly-hypoid-sae-80w90-quartogalon-1lt-losolivos-lima-peru.webp","type":"image\/webp"}],"twitter_card":"summary_large_image","twitter_misc":{"Tiempo de lectura":"1 minuto"},"schema":{"@context":"https:\/\/schema.org","@graph":[{"@type":["WebPage","ItemPage"],"@id":"https:\/\/lubrimas.pe\/tienda\/aceite-de-caja\/liqui-moly-hypoid-getriebeol-sae-80w90-gl5\/","url":"https:\/\/lubrimas.pe\/tienda\/aceite-de-caja\/liqui-moly-hypoid-getriebeol-sae-80w90-gl5\/","name":"LIQUI MOLY HYPOID-GETRIEBE\u00d6L SAE 80W90 GL5 - Aceite Mineral | \ud83d\udea8 NUEVO! EN Lubrimas.pe | Tienda Online","isPartOf":{"@id":"https:\/\/lubrimas.pe\/tienda\/#website"},"primaryImageOfPage":{"@id":"https:\/\/lubrimas.pe\/tienda\/aceite-de-caja\/liqui-moly-hypoid-getriebeol-sae-80w90-gl5\/#primaryimage"},"image":{"@id":"https:\/\/lubrimas.pe\/tienda\/aceite-de-caja\/liqui-moly-hypoid-getriebeol-sae-80w90-gl5\/#primaryimage"},"thumbnailUrl":"https:\/\/lubrimas.pe\/tienda\/wp-content\/uploads\/sites\/3\/2022\/01\/lubrimasperu-aceite-liquimoly-hypoid-sae-80w90-quartogalon-1lt-losolivos-lima-peru.webp","datePublished":"2022-01-19T20:33:09+00:00","dateModified":"2024-04-04T22:02:19+00:00","description":"LIQUIMOLY SAE 80W90 GL5 es un aceite mineral para veh\u00edculos con tecnolog\u00eda de cambio m\u00e1s antigua. Funciona incluso en las condiciones m\u00e1s duras.","breadcrumb":{"@id":"https:\/\/lubrimas.pe\/tienda\/aceite-de-caja\/liqui-moly-hypoid-getriebeol-sae-80w90-gl5\/#breadcrumb"},"inLanguage":"es","potentialAction":[{"@type":"ReadAction","target":["https:\/\/lubrimas.pe\/tienda\/aceite-de-caja\/liqui-moly-hypoid-getriebeol-sae-80w90-gl5\/"]}]},{"@type":"ImageObject","inLanguage":"es","@id":"https:\/\/lubrimas.pe\/tienda\/aceite-de-caja\/liqui-moly-hypoid-getriebeol-sae-80w90-gl5\/#primaryimage","url":"https:\/\/lubrimas.pe\/tienda\/wp-content\/uploads\/sites\/3\/2022\/01\/lubrimasperu-aceite-liquimoly-hypoid-sae-80w90-quartogalon-1lt-losolivos-lima-peru.webp","contentUrl":"https:\/\/lubrimas.pe\/tienda\/wp-content\/uploads\/sites\/3\/2022\/01\/lubrimasperu-aceite-liquimoly-hypoid-sae-80w90-quartogalon-1lt-losolivos-lima-peru.webp","width":850,"height":1000},{"@type":"BreadcrumbList","@id":"https:\/\/lubrimas.pe\/tienda\/aceite-de-caja\/liqui-moly-hypoid-getriebeol-sae-80w90-gl5\/#breadcrumb","itemListElement":[{"@type":"ListItem","position":1,"name":"Portada","item":"https:\/\/lubrimas.pe\/tienda\/"},{"@type":"ListItem","position":2,"name":"Cat\u00e1logo","item":"https:\/\/lubrimas.pe\/tienda\/productos\/"},{"@type":"ListItem","position":3,"name":"LIQUI MOLY HYPOID-GETRIEBE\u00d6L SAE 80W90 GL5 &#8211; Aceite Mineral"}]},{"@type":"WebSite","@id":"https:\/\/lubrimas.pe\/tienda\/#website","url":"https:\/\/lubrimas.pe\/tienda\/","name":"Lubrimas.pe | Tienda Online","description":"Tus lubricantes favoritos al mejor precio!","publisher":{"@id":"https:\/\/lubrimas.pe\/tienda\/#organization"},"potentialAction":[{"@type":"SearchAction","target":{"@type":"EntryPoint","urlTemplate":"https:\/\/lubrimas.pe\/tienda\/?s={search_term_string}"},"query-input":{"@type":"PropertyValueSpecification","valueRequired":true,"valueName":"search_term_string"}}],"inLanguage":"es"},{"@type":"Organization","@id":"https:\/\/lubrimas.pe\/tienda\/#organization","name":"Lubrimas.pe","url":"https:\/\/lubrimas.pe\/tienda\/","logo":{"@type":"ImageObject","inLanguage":"es","@id":"https:\/\/lubrimas.pe\/tienda\/#\/schema\/logo\/image\/","url":"https:\/\/lubrimas.pe\/tienda\/wp-content\/uploads\/sites\/3\/2022\/07\/BANNERS-PROMO-CYBER-WOW-LUBRIMASPE-2022-07.webp","contentUrl":"https:\/\/lubrimas.pe\/tienda\/wp-content\/uploads\/sites\/3\/2022\/07\/BANNERS-PROMO-CYBER-WOW-LUBRIMASPE-2022-07.webp","width":500,"height":752,"caption":"Lubrimas.pe"},"image":{"@id":"https:\/\/lubrimas.pe\/tienda\/#\/schema\/logo\/image\/"}}]}},"_links":{"self":[{"href":"https:\/\/lubrimas.pe\/tienda\/wp-json\/wp\/v2\/product\/533","targetHints":{"allow":["GET"]}}],"collection":[{"href":"https:\/\/lubrimas.pe\/tienda\/wp-json\/wp\/v2\/product"}],"about":[{"href":"https:\/\/lubrimas.pe\/tienda\/wp-json\/wp\/v2\/types\/product"}],"wp:featuredmedia":[{"embeddable":true,"href":"https:\/\/lubrimas.pe\/tienda\/wp-json\/wp\/v2\/media\/11560"}],"wp:attachment":[{"href":"https:\/\/lubrimas.pe\/tienda\/wp-json\/wp\/v2\/media?parent=533"}],"wp:term":[{"taxonomy":"product_brand","embeddable":true,"href":"https:\/\/lubrimas.pe\/tienda\/wp-json\/wp\/v2\/product_brand?post=533"},{"taxonomy":"product_cat","embeddable":true,"href":"https:\/\/lubrimas.pe\/tienda\/wp-json\/wp\/v2\/product_cat?post=533"},{"taxonomy":"product_tag","embeddable":true,"href":"https:\/\/lubrimas.pe\/tienda\/wp-json\/wp\/v2\/product_tag?post=533"}],"curies":[{"name":"wp","href":"https:\/\/api.w.org\/{rel}","templated":true}]}}