{"id":552,"date":"2022-01-19T20:33:29","date_gmt":"2022-01-19T20:33:29","guid":{"rendered":"https:\/\/lubrimas.pe\/tienda\/?post_type=product&#038;p=552"},"modified":"2022-08-04T14:21:27","modified_gmt":"2022-08-04T19:21:27","slug":"lys-lf-9","status":"publish","type":"product","link":"https:\/\/lubrimas.pe\/tienda\/filtros\/lys-lf-9\/","title":{"rendered":"LYS LF-9"},"content":{"rendered":"<div class=\"col-sm-8\">\n<div class=\"row\"><\/div>\n<\/div>\n<div class=\"col-sm-4\">\n<table id=\"Table1\">\n<tbody>\n<tr>\n<td>Sensor<\/td>\n<td id=\"Td11\"><\/td>\n<td>Micronaje<\/td>\n<td id=\"Td12\"><span id=\"lblMicronaje\">13 micras al 50%<\/span><\/td>\n<\/tr>\n<tr id=\"tr_equiv\">\n<td>Equivalencias<\/td>\n<td id=\"Td17\" colspan=\"3\"><span id=\"lblEquivalencias\">NISSAN 15208-13210. FRAM PH2825 PUROLATOR(Peru) PER-64 FLEETGUARD LF781. LUBER-FINER: PH561. SAKURA C7929<\/span><\/td>\n<\/tr>\n<\/tbody>\n<\/table>\n<\/div>\n<div id=\"divAplicaciones\" class=\"col-12\"><strong><label><u>Resumen de aplicaciones:<\/u><\/label>\u00a0<\/strong><span id=\"lblResumenApp\">NISSAN: Urvan E20 2.0L motor H20 a\u00f1o 1981, 2.0L motor SD22 a\u00f1o 1984, 2.3L motor SD23 a\u00f1o 1985; Vanette 1.5L motor J15; Caball; Civilian Clipper C-340. NISSAN DATSUN: Stanza 1.5L motor J15 a\u00f1o 1976-1980, 1.6L motor J16 a\u00f1o 1981-1983, 2.4L motor Z24 a\u00f1o 1979-1982; Camioneta MDL-620; MDL-720. SUBARU: Auto 1300; 1600; 1800; DL; GL a\u00f1o 1975-1979. TOYOTA: Corona 1.5L motor 5K a\u00f1o 1986; Starlet 1.3L motor 4K-C a\u00f1o 1981-1982, 1.3L motor 4K-E a\u00f1o 1983-1984; Celica a\u00f1o 1971-1974.<\/span><\/div>\n","protected":false},"excerpt":{"rendered":"<p>Sensor Micronaje 13 micras al 50% Equivalencias NISSAN 15208-13210. FRAM PH2825 PUROLATOR(Peru) PER-64 FLEETGUARD LF781. LUBER-FINER: PH561. SAKURA C7929 Resumen de aplicaciones:\u00a0NISSAN: Urvan E20 2.0L motor H20 a\u00f1o 1981, 2.0L<\/p>\n","protected":false},"featured_media":11685,"template":"","meta":[],"product_brand":[],"product_cat":[62,63],"product_tag":[],"class_list":{"0":"post-552","1":"product","2":"type-product","3":"status-publish","4":"has-post-thumbnail","6":"product_cat-filtros","7":"product_cat-filtros-de-aceite","8":"pa_marca-lys","10":"first","11":"instock","12":"shipping-taxable","13":"purchasable","14":"product-type-simple"},"yoast_head":"<!-- This site is optimized with the Yoast SEO plugin v27.4 - https:\/\/yoast.com\/product\/yoast-seo-wordpress\/ -->\n<title>LYS LF-9 | Lubrimas.pe | Tienda Online<\/title>\n<meta name=\"robots\" content=\"index, follow, max-snippet:-1, max-image-preview:large, max-video-preview:-1\" \/>\n<link rel=\"canonical\" href=\"https:\/\/lubrimas.pe\/tienda\/filtros\/lys-lf-9\/\" \/>\n<meta property=\"og:locale\" content=\"es_ES\" \/>\n<meta property=\"og:type\" content=\"article\" \/>\n<meta property=\"og:title\" content=\"LYS LF-9 | Lubrimas.pe | Tienda Online\" \/>\n<meta property=\"og:description\" content=\"Sensor Micronaje 13 micras al 50% Equivalencias NISSAN 15208-13210. FRAM PH2825 PUROLATOR(Peru) PER-64 FLEETGUARD LF781. LUBER-FINER: PH561. SAKURA C7929 Resumen de aplicaciones:\u00a0NISSAN: Urvan E20 2.0L motor H20 a\u00f1o 1981, 2.0L\" \/>\n<meta property=\"og:url\" content=\"https:\/\/lubrimas.pe\/tienda\/filtros\/lys-lf-9\/\" \/>\n<meta property=\"og:site_name\" content=\"Lubrimas.pe | Tienda Online\" \/>\n<meta property=\"article:modified_time\" content=\"2022-08-04T19:21:27+00:00\" \/>\n<meta property=\"og:image\" content=\"https:\/\/lubrimas.pe\/tienda\/wp-content\/uploads\/sites\/3\/2022\/01\/lubrimasperu-fltro-aceite-lys-lf9-losolivos-lima-peru.webp\" \/>\n\t<meta property=\"og:image:width\" content=\"850\" \/>\n\t<meta property=\"og:image:height\" content=\"1000\" \/>\n\t<meta property=\"og:image:type\" content=\"image\/webp\" \/>\n<meta name=\"twitter:card\" content=\"summary_large_image\" \/>\n<meta name=\"twitter:label1\" content=\"Tiempo de lectura\" \/>\n\t<meta name=\"twitter:data1\" content=\"1 minuto\" \/>\n<script type=\"application\/ld+json\" class=\"yoast-schema-graph\">{\"@context\":\"https:\\\/\\\/schema.org\",\"@graph\":[{\"@type\":[\"WebPage\",\"ItemPage\"],\"@id\":\"https:\\\/\\\/lubrimas.pe\\\/tienda\\\/filtros\\\/lys-lf-9\\\/\",\"url\":\"https:\\\/\\\/lubrimas.pe\\\/tienda\\\/filtros\\\/lys-lf-9\\\/\",\"name\":\"LYS LF-9 | Lubrimas.pe | Tienda Online\",\"isPartOf\":{\"@id\":\"https:\\\/\\\/lubrimas.pe\\\/tienda\\\/#website\"},\"primaryImageOfPage\":{\"@id\":\"https:\\\/\\\/lubrimas.pe\\\/tienda\\\/filtros\\\/lys-lf-9\\\/#primaryimage\"},\"image\":{\"@id\":\"https:\\\/\\\/lubrimas.pe\\\/tienda\\\/filtros\\\/lys-lf-9\\\/#primaryimage\"},\"thumbnailUrl\":\"https:\\\/\\\/lubrimas.pe\\\/tienda\\\/wp-content\\\/uploads\\\/sites\\\/3\\\/2022\\\/01\\\/lubrimasperu-fltro-aceite-lys-lf9-losolivos-lima-peru.webp\",\"datePublished\":\"2022-01-19T20:33:29+00:00\",\"dateModified\":\"2022-08-04T19:21:27+00:00\",\"breadcrumb\":{\"@id\":\"https:\\\/\\\/lubrimas.pe\\\/tienda\\\/filtros\\\/lys-lf-9\\\/#breadcrumb\"},\"inLanguage\":\"es\",\"potentialAction\":[{\"@type\":\"ReadAction\",\"target\":[\"https:\\\/\\\/lubrimas.pe\\\/tienda\\\/filtros\\\/lys-lf-9\\\/\"]}]},{\"@type\":\"ImageObject\",\"inLanguage\":\"es\",\"@id\":\"https:\\\/\\\/lubrimas.pe\\\/tienda\\\/filtros\\\/lys-lf-9\\\/#primaryimage\",\"url\":\"https:\\\/\\\/lubrimas.pe\\\/tienda\\\/wp-content\\\/uploads\\\/sites\\\/3\\\/2022\\\/01\\\/lubrimasperu-fltro-aceite-lys-lf9-losolivos-lima-peru.webp\",\"contentUrl\":\"https:\\\/\\\/lubrimas.pe\\\/tienda\\\/wp-content\\\/uploads\\\/sites\\\/3\\\/2022\\\/01\\\/lubrimasperu-fltro-aceite-lys-lf9-losolivos-lima-peru.webp\",\"width\":850,\"height\":1000},{\"@type\":\"BreadcrumbList\",\"@id\":\"https:\\\/\\\/lubrimas.pe\\\/tienda\\\/filtros\\\/lys-lf-9\\\/#breadcrumb\",\"itemListElement\":[{\"@type\":\"ListItem\",\"position\":1,\"name\":\"Portada\",\"item\":\"https:\\\/\\\/lubrimas.pe\\\/tienda\\\/\"},{\"@type\":\"ListItem\",\"position\":2,\"name\":\"Cat\u00e1logo\",\"item\":\"https:\\\/\\\/lubrimas.pe\\\/tienda\\\/productos\\\/\"},{\"@type\":\"ListItem\",\"position\":3,\"name\":\"LYS LF-9\"}]},{\"@type\":\"WebSite\",\"@id\":\"https:\\\/\\\/lubrimas.pe\\\/tienda\\\/#website\",\"url\":\"https:\\\/\\\/lubrimas.pe\\\/tienda\\\/\",\"name\":\"Lubrimas.pe | Tienda Online\",\"description\":\"Tus lubricantes favoritos al mejor precio!\",\"publisher\":{\"@id\":\"https:\\\/\\\/lubrimas.pe\\\/tienda\\\/#organization\"},\"potentialAction\":[{\"@type\":\"SearchAction\",\"target\":{\"@type\":\"EntryPoint\",\"urlTemplate\":\"https:\\\/\\\/lubrimas.pe\\\/tienda\\\/?s={search_term_string}\"},\"query-input\":{\"@type\":\"PropertyValueSpecification\",\"valueRequired\":true,\"valueName\":\"search_term_string\"}}],\"inLanguage\":\"es\"},{\"@type\":\"Organization\",\"@id\":\"https:\\\/\\\/lubrimas.pe\\\/tienda\\\/#organization\",\"name\":\"Lubrimas.pe\",\"url\":\"https:\\\/\\\/lubrimas.pe\\\/tienda\\\/\",\"logo\":{\"@type\":\"ImageObject\",\"inLanguage\":\"es\",\"@id\":\"https:\\\/\\\/lubrimas.pe\\\/tienda\\\/#\\\/schema\\\/logo\\\/image\\\/\",\"url\":\"https:\\\/\\\/lubrimas.pe\\\/tienda\\\/wp-content\\\/uploads\\\/sites\\\/3\\\/2022\\\/07\\\/BANNERS-PROMO-CYBER-WOW-LUBRIMASPE-2022-07.webp\",\"contentUrl\":\"https:\\\/\\\/lubrimas.pe\\\/tienda\\\/wp-content\\\/uploads\\\/sites\\\/3\\\/2022\\\/07\\\/BANNERS-PROMO-CYBER-WOW-LUBRIMASPE-2022-07.webp\",\"width\":500,\"height\":752,\"caption\":\"Lubrimas.pe\"},\"image\":{\"@id\":\"https:\\\/\\\/lubrimas.pe\\\/tienda\\\/#\\\/schema\\\/logo\\\/image\\\/\"}}]}<\/script>\n<!-- \/ Yoast SEO plugin. -->","yoast_head_json":{"title":"LYS LF-9 | Lubrimas.pe | Tienda Online","robots":{"index":"index","follow":"follow","max-snippet":"max-snippet:-1","max-image-preview":"max-image-preview:large","max-video-preview":"max-video-preview:-1"},"canonical":"https:\/\/lubrimas.pe\/tienda\/filtros\/lys-lf-9\/","og_locale":"es_ES","og_type":"article","og_title":"LYS LF-9 | Lubrimas.pe | Tienda Online","og_description":"Sensor Micronaje 13 micras al 50% Equivalencias NISSAN 15208-13210. FRAM PH2825 PUROLATOR(Peru) PER-64 FLEETGUARD LF781. LUBER-FINER: PH561. SAKURA C7929 Resumen de aplicaciones:\u00a0NISSAN: Urvan E20 2.0L motor H20 a\u00f1o 1981, 2.0L","og_url":"https:\/\/lubrimas.pe\/tienda\/filtros\/lys-lf-9\/","og_site_name":"Lubrimas.pe | Tienda Online","article_modified_time":"2022-08-04T19:21:27+00:00","og_image":[{"width":850,"height":1000,"url":"https:\/\/lubrimas.pe\/tienda\/wp-content\/uploads\/sites\/3\/2022\/01\/lubrimasperu-fltro-aceite-lys-lf9-losolivos-lima-peru.webp","type":"image\/webp"}],"twitter_card":"summary_large_image","twitter_misc":{"Tiempo de lectura":"1 minuto"},"schema":{"@context":"https:\/\/schema.org","@graph":[{"@type":["WebPage","ItemPage"],"@id":"https:\/\/lubrimas.pe\/tienda\/filtros\/lys-lf-9\/","url":"https:\/\/lubrimas.pe\/tienda\/filtros\/lys-lf-9\/","name":"LYS LF-9 | Lubrimas.pe | Tienda Online","isPartOf":{"@id":"https:\/\/lubrimas.pe\/tienda\/#website"},"primaryImageOfPage":{"@id":"https:\/\/lubrimas.pe\/tienda\/filtros\/lys-lf-9\/#primaryimage"},"image":{"@id":"https:\/\/lubrimas.pe\/tienda\/filtros\/lys-lf-9\/#primaryimage"},"thumbnailUrl":"https:\/\/lubrimas.pe\/tienda\/wp-content\/uploads\/sites\/3\/2022\/01\/lubrimasperu-fltro-aceite-lys-lf9-losolivos-lima-peru.webp","datePublished":"2022-01-19T20:33:29+00:00","dateModified":"2022-08-04T19:21:27+00:00","breadcrumb":{"@id":"https:\/\/lubrimas.pe\/tienda\/filtros\/lys-lf-9\/#breadcrumb"},"inLanguage":"es","potentialAction":[{"@type":"ReadAction","target":["https:\/\/lubrimas.pe\/tienda\/filtros\/lys-lf-9\/"]}]},{"@type":"ImageObject","inLanguage":"es","@id":"https:\/\/lubrimas.pe\/tienda\/filtros\/lys-lf-9\/#primaryimage","url":"https:\/\/lubrimas.pe\/tienda\/wp-content\/uploads\/sites\/3\/2022\/01\/lubrimasperu-fltro-aceite-lys-lf9-losolivos-lima-peru.webp","contentUrl":"https:\/\/lubrimas.pe\/tienda\/wp-content\/uploads\/sites\/3\/2022\/01\/lubrimasperu-fltro-aceite-lys-lf9-losolivos-lima-peru.webp","width":850,"height":1000},{"@type":"BreadcrumbList","@id":"https:\/\/lubrimas.pe\/tienda\/filtros\/lys-lf-9\/#breadcrumb","itemListElement":[{"@type":"ListItem","position":1,"name":"Portada","item":"https:\/\/lubrimas.pe\/tienda\/"},{"@type":"ListItem","position":2,"name":"Cat\u00e1logo","item":"https:\/\/lubrimas.pe\/tienda\/productos\/"},{"@type":"ListItem","position":3,"name":"LYS LF-9"}]},{"@type":"WebSite","@id":"https:\/\/lubrimas.pe\/tienda\/#website","url":"https:\/\/lubrimas.pe\/tienda\/","name":"Lubrimas.pe | Tienda Online","description":"Tus lubricantes favoritos al mejor precio!","publisher":{"@id":"https:\/\/lubrimas.pe\/tienda\/#organization"},"potentialAction":[{"@type":"SearchAction","target":{"@type":"EntryPoint","urlTemplate":"https:\/\/lubrimas.pe\/tienda\/?s={search_term_string}"},"query-input":{"@type":"PropertyValueSpecification","valueRequired":true,"valueName":"search_term_string"}}],"inLanguage":"es"},{"@type":"Organization","@id":"https:\/\/lubrimas.pe\/tienda\/#organization","name":"Lubrimas.pe","url":"https:\/\/lubrimas.pe\/tienda\/","logo":{"@type":"ImageObject","inLanguage":"es","@id":"https:\/\/lubrimas.pe\/tienda\/#\/schema\/logo\/image\/","url":"https:\/\/lubrimas.pe\/tienda\/wp-content\/uploads\/sites\/3\/2022\/07\/BANNERS-PROMO-CYBER-WOW-LUBRIMASPE-2022-07.webp","contentUrl":"https:\/\/lubrimas.pe\/tienda\/wp-content\/uploads\/sites\/3\/2022\/07\/BANNERS-PROMO-CYBER-WOW-LUBRIMASPE-2022-07.webp","width":500,"height":752,"caption":"Lubrimas.pe"},"image":{"@id":"https:\/\/lubrimas.pe\/tienda\/#\/schema\/logo\/image\/"}}]}},"_links":{"self":[{"href":"https:\/\/lubrimas.pe\/tienda\/wp-json\/wp\/v2\/product\/552","targetHints":{"allow":["GET"]}}],"collection":[{"href":"https:\/\/lubrimas.pe\/tienda\/wp-json\/wp\/v2\/product"}],"about":[{"href":"https:\/\/lubrimas.pe\/tienda\/wp-json\/wp\/v2\/types\/product"}],"wp:featuredmedia":[{"embeddable":true,"href":"https:\/\/lubrimas.pe\/tienda\/wp-json\/wp\/v2\/media\/11685"}],"wp:attachment":[{"href":"https:\/\/lubrimas.pe\/tienda\/wp-json\/wp\/v2\/media?parent=552"}],"wp:term":[{"taxonomy":"product_brand","embeddable":true,"href":"https:\/\/lubrimas.pe\/tienda\/wp-json\/wp\/v2\/product_brand?post=552"},{"taxonomy":"product_cat","embeddable":true,"href":"https:\/\/lubrimas.pe\/tienda\/wp-json\/wp\/v2\/product_cat?post=552"},{"taxonomy":"product_tag","embeddable":true,"href":"https:\/\/lubrimas.pe\/tienda\/wp-json\/wp\/v2\/product_tag?post=552"}],"curies":[{"name":"wp","href":"https:\/\/api.w.org\/{rel}","templated":true}]}}