{"id":586,"date":"2022-01-19T20:33:51","date_gmt":"2022-01-19T20:33:51","guid":{"rendered":"https:\/\/lubrimas.pe\/tienda\/?post_type=product&#038;p=586"},"modified":"2023-12-18T15:18:28","modified_gmt":"2023-12-18T20:18:28","slug":"renault-clio-logan-sandero-oem-7701070525","status":"publish","type":"product","link":"https:\/\/lubrimas.pe\/tienda\/filtros\/renault-clio-logan-sandero-oem-7701070525\/","title":{"rendered":"RENAULT CLIO-LOGAN-SANDERO OEM 7701070525"},"content":{"rendered":"<p>Las im\u00e1genes de producto son referenciales.<\/p>\n<p><strong>La marca del filtro est\u00e1 sujeta a variaciones de stock.<\/strong><\/p>\n<table>\n<tbody>\n<tr>\n<td><strong>Largo(mm)<\/strong><\/td>\n<td>296.00<\/td>\n<td><strong>Alto(mm)<\/strong><\/td>\n<td>92.5<\/td>\n<\/tr>\n<tr>\n<td><strong>Di\u00e1metro Ext.<\/strong><\/td>\n<td>260.00<\/td>\n<td><strong>Di\u00e1metro Int.<\/strong><\/td>\n<td>200.00<\/td>\n<\/tr>\n<\/tbody>\n<\/table>\n<h4><strong>APLICACIONES<\/strong><\/h4>\n<hr \/>\n<table>\n<tbody>\n<tr>\n<td width=\"123\"><strong>RENAULT<\/strong><\/td>\n<td width=\"246\">LOGAN 1.6L MOTOR K7M800 2005-2010<\/td>\n<\/tr>\n<tr>\n<td width=\"123\"><strong>\u00a0<\/strong><\/td>\n<td width=\"246\">CLIO II 1.4L MOTOR E7J780 2006<\/td>\n<\/tr>\n<tr>\n<td width=\"123\"><strong>\u00a0<\/strong><\/td>\n<td width=\"246\">KANGOO I 1.4L MOTOR E7J634\/635 2008<\/td>\n<\/tr>\n<tr>\n<td width=\"123\"><strong>\u00a0<\/strong><\/td>\n<td width=\"246\">SANDERO 14.L,1.6L MOTOR 7J710 2008<\/td>\n<\/tr>\n<tr>\n<td width=\"123\"><strong>\u00a0<\/strong><\/td>\n<td width=\"246\">MEGANE I E7J624 2003<\/td>\n<\/tr>\n<\/tbody>\n<\/table>\n<h4><strong>EQUIVALENCIAS<\/strong><\/h4>\n<hr \/>\n<table>\n<tbody>\n<tr>\n<td width=\"141\"><strong>SEINECA<\/strong><\/td>\n<td width=\"227\">SAF-5-5710<\/td>\n<\/tr>\n<tr>\n<td width=\"141\"><strong>PUROLATOR<\/strong><\/td>\n<td width=\"227\">LX 994<\/td>\n<\/tr>\n<tr>\n<td width=\"141\"><strong>SAKURA<\/strong><\/td>\n<td width=\"227\">A-25940<\/td>\n<\/tr>\n<tr>\n<td width=\"141\"><strong>LYS<\/strong><\/td>\n<td width=\"227\">C 26721<\/td>\n<\/tr>\n<tr>\n<td width=\"141\"><strong>DARUMA<\/strong><\/td>\n<td width=\"227\">DA-645<\/td>\n<\/tr>\n<\/tbody>\n<\/table>\n<p>&nbsp;<\/p>\n","protected":false},"excerpt":{"rendered":"<p>Las im\u00e1genes de producto son referenciales. La marca del filtro est\u00e1 sujeta a variaciones de stock. Largo(mm) 296.00 Alto(mm) 92.5 Di\u00e1metro Ext. 260.00 Di\u00e1metro Int. 200.00 APLICACIONES RENAULT LOGAN 1.6L<\/p>\n","protected":false},"featured_media":11645,"template":"","meta":[],"product_brand":[],"product_cat":[64,62],"product_tag":[],"class_list":{"0":"post-586","1":"product","2":"type-product","3":"status-publish","4":"has-post-thumbnail","6":"product_cat-filtro-de-aire","7":"product_cat-filtros","9":"first","10":"instock","11":"shipping-taxable","12":"purchasable","13":"product-type-simple"},"yoast_head":"<!-- This site is optimized with the Yoast SEO plugin v27.4 - https:\/\/yoast.com\/product\/yoast-seo-wordpress\/ -->\n<title>RENAULT CLIO-LOGAN-SANDERO OEM 7701070525 | Lubrimas.pe | Tienda Online<\/title>\n<meta name=\"robots\" content=\"index, follow, max-snippet:-1, max-image-preview:large, max-video-preview:-1\" \/>\n<link rel=\"canonical\" href=\"https:\/\/lubrimas.pe\/tienda\/filtros\/renault-clio-logan-sandero-oem-7701070525\/\" \/>\n<meta property=\"og:locale\" content=\"es_ES\" \/>\n<meta property=\"og:type\" content=\"article\" \/>\n<meta property=\"og:title\" content=\"RENAULT CLIO-LOGAN-SANDERO OEM 7701070525 | Lubrimas.pe | Tienda Online\" \/>\n<meta property=\"og:description\" content=\"Las im\u00e1genes de producto son referenciales. La marca del filtro est\u00e1 sujeta a variaciones de stock. Largo(mm) 296.00 Alto(mm) 92.5 Di\u00e1metro Ext. 260.00 Di\u00e1metro Int. 200.00 APLICACIONES RENAULT LOGAN 1.6L\" \/>\n<meta property=\"og:url\" content=\"https:\/\/lubrimas.pe\/tienda\/filtros\/renault-clio-logan-sandero-oem-7701070525\/\" \/>\n<meta property=\"og:site_name\" content=\"Lubrimas.pe | Tienda Online\" \/>\n<meta property=\"article:modified_time\" content=\"2023-12-18T20:18:28+00:00\" \/>\n<meta property=\"og:image\" content=\"https:\/\/lubrimas.pe\/tienda\/wp-content\/uploads\/sites\/3\/2022\/01\/lubrimasperu_filtros_aire_7701070525_losolivos_limaperu.webp\" \/>\n\t<meta property=\"og:image:width\" content=\"850\" \/>\n\t<meta property=\"og:image:height\" content=\"1000\" \/>\n\t<meta property=\"og:image:type\" content=\"image\/webp\" \/>\n<meta name=\"twitter:card\" content=\"summary_large_image\" \/>\n<script type=\"application\/ld+json\" class=\"yoast-schema-graph\">{\"@context\":\"https:\\\/\\\/schema.org\",\"@graph\":[{\"@type\":[\"WebPage\",\"ItemPage\"],\"@id\":\"https:\\\/\\\/lubrimas.pe\\\/tienda\\\/filtros\\\/renault-clio-logan-sandero-oem-7701070525\\\/\",\"url\":\"https:\\\/\\\/lubrimas.pe\\\/tienda\\\/filtros\\\/renault-clio-logan-sandero-oem-7701070525\\\/\",\"name\":\"RENAULT CLIO-LOGAN-SANDERO OEM 7701070525 | Lubrimas.pe | Tienda Online\",\"isPartOf\":{\"@id\":\"https:\\\/\\\/lubrimas.pe\\\/tienda\\\/#website\"},\"primaryImageOfPage\":{\"@id\":\"https:\\\/\\\/lubrimas.pe\\\/tienda\\\/filtros\\\/renault-clio-logan-sandero-oem-7701070525\\\/#primaryimage\"},\"image\":{\"@id\":\"https:\\\/\\\/lubrimas.pe\\\/tienda\\\/filtros\\\/renault-clio-logan-sandero-oem-7701070525\\\/#primaryimage\"},\"thumbnailUrl\":\"https:\\\/\\\/lubrimas.pe\\\/tienda\\\/wp-content\\\/uploads\\\/sites\\\/3\\\/2022\\\/01\\\/lubrimasperu_filtros_aire_7701070525_losolivos_limaperu.webp\",\"datePublished\":\"2022-01-19T20:33:51+00:00\",\"dateModified\":\"2023-12-18T20:18:28+00:00\",\"breadcrumb\":{\"@id\":\"https:\\\/\\\/lubrimas.pe\\\/tienda\\\/filtros\\\/renault-clio-logan-sandero-oem-7701070525\\\/#breadcrumb\"},\"inLanguage\":\"es\",\"potentialAction\":[{\"@type\":\"ReadAction\",\"target\":[\"https:\\\/\\\/lubrimas.pe\\\/tienda\\\/filtros\\\/renault-clio-logan-sandero-oem-7701070525\\\/\"]}]},{\"@type\":\"ImageObject\",\"inLanguage\":\"es\",\"@id\":\"https:\\\/\\\/lubrimas.pe\\\/tienda\\\/filtros\\\/renault-clio-logan-sandero-oem-7701070525\\\/#primaryimage\",\"url\":\"https:\\\/\\\/lubrimas.pe\\\/tienda\\\/wp-content\\\/uploads\\\/sites\\\/3\\\/2022\\\/01\\\/lubrimasperu_filtros_aire_7701070525_losolivos_limaperu.webp\",\"contentUrl\":\"https:\\\/\\\/lubrimas.pe\\\/tienda\\\/wp-content\\\/uploads\\\/sites\\\/3\\\/2022\\\/01\\\/lubrimasperu_filtros_aire_7701070525_losolivos_limaperu.webp\",\"width\":850,\"height\":1000},{\"@type\":\"BreadcrumbList\",\"@id\":\"https:\\\/\\\/lubrimas.pe\\\/tienda\\\/filtros\\\/renault-clio-logan-sandero-oem-7701070525\\\/#breadcrumb\",\"itemListElement\":[{\"@type\":\"ListItem\",\"position\":1,\"name\":\"Portada\",\"item\":\"https:\\\/\\\/lubrimas.pe\\\/tienda\\\/\"},{\"@type\":\"ListItem\",\"position\":2,\"name\":\"Cat\u00e1logo\",\"item\":\"https:\\\/\\\/lubrimas.pe\\\/tienda\\\/productos\\\/\"},{\"@type\":\"ListItem\",\"position\":3,\"name\":\"RENAULT CLIO-LOGAN-SANDERO OEM 7701070525\"}]},{\"@type\":\"WebSite\",\"@id\":\"https:\\\/\\\/lubrimas.pe\\\/tienda\\\/#website\",\"url\":\"https:\\\/\\\/lubrimas.pe\\\/tienda\\\/\",\"name\":\"Lubrimas.pe | Tienda Online\",\"description\":\"Tus lubricantes favoritos al mejor precio!\",\"publisher\":{\"@id\":\"https:\\\/\\\/lubrimas.pe\\\/tienda\\\/#organization\"},\"potentialAction\":[{\"@type\":\"SearchAction\",\"target\":{\"@type\":\"EntryPoint\",\"urlTemplate\":\"https:\\\/\\\/lubrimas.pe\\\/tienda\\\/?s={search_term_string}\"},\"query-input\":{\"@type\":\"PropertyValueSpecification\",\"valueRequired\":true,\"valueName\":\"search_term_string\"}}],\"inLanguage\":\"es\"},{\"@type\":\"Organization\",\"@id\":\"https:\\\/\\\/lubrimas.pe\\\/tienda\\\/#organization\",\"name\":\"Lubrimas.pe\",\"url\":\"https:\\\/\\\/lubrimas.pe\\\/tienda\\\/\",\"logo\":{\"@type\":\"ImageObject\",\"inLanguage\":\"es\",\"@id\":\"https:\\\/\\\/lubrimas.pe\\\/tienda\\\/#\\\/schema\\\/logo\\\/image\\\/\",\"url\":\"https:\\\/\\\/lubrimas.pe\\\/tienda\\\/wp-content\\\/uploads\\\/sites\\\/3\\\/2022\\\/07\\\/BANNERS-PROMO-CYBER-WOW-LUBRIMASPE-2022-07.webp\",\"contentUrl\":\"https:\\\/\\\/lubrimas.pe\\\/tienda\\\/wp-content\\\/uploads\\\/sites\\\/3\\\/2022\\\/07\\\/BANNERS-PROMO-CYBER-WOW-LUBRIMASPE-2022-07.webp\",\"width\":500,\"height\":752,\"caption\":\"Lubrimas.pe\"},\"image\":{\"@id\":\"https:\\\/\\\/lubrimas.pe\\\/tienda\\\/#\\\/schema\\\/logo\\\/image\\\/\"}}]}<\/script>\n<!-- \/ Yoast SEO plugin. -->","yoast_head_json":{"title":"RENAULT CLIO-LOGAN-SANDERO OEM 7701070525 | Lubrimas.pe | Tienda Online","robots":{"index":"index","follow":"follow","max-snippet":"max-snippet:-1","max-image-preview":"max-image-preview:large","max-video-preview":"max-video-preview:-1"},"canonical":"https:\/\/lubrimas.pe\/tienda\/filtros\/renault-clio-logan-sandero-oem-7701070525\/","og_locale":"es_ES","og_type":"article","og_title":"RENAULT CLIO-LOGAN-SANDERO OEM 7701070525 | Lubrimas.pe | Tienda Online","og_description":"Las im\u00e1genes de producto son referenciales. La marca del filtro est\u00e1 sujeta a variaciones de stock. Largo(mm) 296.00 Alto(mm) 92.5 Di\u00e1metro Ext. 260.00 Di\u00e1metro Int. 200.00 APLICACIONES RENAULT LOGAN 1.6L","og_url":"https:\/\/lubrimas.pe\/tienda\/filtros\/renault-clio-logan-sandero-oem-7701070525\/","og_site_name":"Lubrimas.pe | Tienda Online","article_modified_time":"2023-12-18T20:18:28+00:00","og_image":[{"width":850,"height":1000,"url":"https:\/\/lubrimas.pe\/tienda\/wp-content\/uploads\/sites\/3\/2022\/01\/lubrimasperu_filtros_aire_7701070525_losolivos_limaperu.webp","type":"image\/webp"}],"twitter_card":"summary_large_image","schema":{"@context":"https:\/\/schema.org","@graph":[{"@type":["WebPage","ItemPage"],"@id":"https:\/\/lubrimas.pe\/tienda\/filtros\/renault-clio-logan-sandero-oem-7701070525\/","url":"https:\/\/lubrimas.pe\/tienda\/filtros\/renault-clio-logan-sandero-oem-7701070525\/","name":"RENAULT CLIO-LOGAN-SANDERO OEM 7701070525 | Lubrimas.pe | Tienda Online","isPartOf":{"@id":"https:\/\/lubrimas.pe\/tienda\/#website"},"primaryImageOfPage":{"@id":"https:\/\/lubrimas.pe\/tienda\/filtros\/renault-clio-logan-sandero-oem-7701070525\/#primaryimage"},"image":{"@id":"https:\/\/lubrimas.pe\/tienda\/filtros\/renault-clio-logan-sandero-oem-7701070525\/#primaryimage"},"thumbnailUrl":"https:\/\/lubrimas.pe\/tienda\/wp-content\/uploads\/sites\/3\/2022\/01\/lubrimasperu_filtros_aire_7701070525_losolivos_limaperu.webp","datePublished":"2022-01-19T20:33:51+00:00","dateModified":"2023-12-18T20:18:28+00:00","breadcrumb":{"@id":"https:\/\/lubrimas.pe\/tienda\/filtros\/renault-clio-logan-sandero-oem-7701070525\/#breadcrumb"},"inLanguage":"es","potentialAction":[{"@type":"ReadAction","target":["https:\/\/lubrimas.pe\/tienda\/filtros\/renault-clio-logan-sandero-oem-7701070525\/"]}]},{"@type":"ImageObject","inLanguage":"es","@id":"https:\/\/lubrimas.pe\/tienda\/filtros\/renault-clio-logan-sandero-oem-7701070525\/#primaryimage","url":"https:\/\/lubrimas.pe\/tienda\/wp-content\/uploads\/sites\/3\/2022\/01\/lubrimasperu_filtros_aire_7701070525_losolivos_limaperu.webp","contentUrl":"https:\/\/lubrimas.pe\/tienda\/wp-content\/uploads\/sites\/3\/2022\/01\/lubrimasperu_filtros_aire_7701070525_losolivos_limaperu.webp","width":850,"height":1000},{"@type":"BreadcrumbList","@id":"https:\/\/lubrimas.pe\/tienda\/filtros\/renault-clio-logan-sandero-oem-7701070525\/#breadcrumb","itemListElement":[{"@type":"ListItem","position":1,"name":"Portada","item":"https:\/\/lubrimas.pe\/tienda\/"},{"@type":"ListItem","position":2,"name":"Cat\u00e1logo","item":"https:\/\/lubrimas.pe\/tienda\/productos\/"},{"@type":"ListItem","position":3,"name":"RENAULT CLIO-LOGAN-SANDERO OEM 7701070525"}]},{"@type":"WebSite","@id":"https:\/\/lubrimas.pe\/tienda\/#website","url":"https:\/\/lubrimas.pe\/tienda\/","name":"Lubrimas.pe | Tienda Online","description":"Tus lubricantes favoritos al mejor precio!","publisher":{"@id":"https:\/\/lubrimas.pe\/tienda\/#organization"},"potentialAction":[{"@type":"SearchAction","target":{"@type":"EntryPoint","urlTemplate":"https:\/\/lubrimas.pe\/tienda\/?s={search_term_string}"},"query-input":{"@type":"PropertyValueSpecification","valueRequired":true,"valueName":"search_term_string"}}],"inLanguage":"es"},{"@type":"Organization","@id":"https:\/\/lubrimas.pe\/tienda\/#organization","name":"Lubrimas.pe","url":"https:\/\/lubrimas.pe\/tienda\/","logo":{"@type":"ImageObject","inLanguage":"es","@id":"https:\/\/lubrimas.pe\/tienda\/#\/schema\/logo\/image\/","url":"https:\/\/lubrimas.pe\/tienda\/wp-content\/uploads\/sites\/3\/2022\/07\/BANNERS-PROMO-CYBER-WOW-LUBRIMASPE-2022-07.webp","contentUrl":"https:\/\/lubrimas.pe\/tienda\/wp-content\/uploads\/sites\/3\/2022\/07\/BANNERS-PROMO-CYBER-WOW-LUBRIMASPE-2022-07.webp","width":500,"height":752,"caption":"Lubrimas.pe"},"image":{"@id":"https:\/\/lubrimas.pe\/tienda\/#\/schema\/logo\/image\/"}}]}},"_links":{"self":[{"href":"https:\/\/lubrimas.pe\/tienda\/wp-json\/wp\/v2\/product\/586","targetHints":{"allow":["GET"]}}],"collection":[{"href":"https:\/\/lubrimas.pe\/tienda\/wp-json\/wp\/v2\/product"}],"about":[{"href":"https:\/\/lubrimas.pe\/tienda\/wp-json\/wp\/v2\/types\/product"}],"wp:featuredmedia":[{"embeddable":true,"href":"https:\/\/lubrimas.pe\/tienda\/wp-json\/wp\/v2\/media\/11645"}],"wp:attachment":[{"href":"https:\/\/lubrimas.pe\/tienda\/wp-json\/wp\/v2\/media?parent=586"}],"wp:term":[{"taxonomy":"product_brand","embeddable":true,"href":"https:\/\/lubrimas.pe\/tienda\/wp-json\/wp\/v2\/product_brand?post=586"},{"taxonomy":"product_cat","embeddable":true,"href":"https:\/\/lubrimas.pe\/tienda\/wp-json\/wp\/v2\/product_cat?post=586"},{"taxonomy":"product_tag","embeddable":true,"href":"https:\/\/lubrimas.pe\/tienda\/wp-json\/wp\/v2\/product_tag?post=586"}],"curies":[{"name":"wp","href":"https:\/\/api.w.org\/{rel}","templated":true}]}}