{"id":620,"date":"2022-01-19T20:34:13","date_gmt":"2022-01-19T20:34:13","guid":{"rendered":"https:\/\/lubrimas.pe\/tienda\/?post_type=product&#038;p=620"},"modified":"2026-01-09T10:58:07","modified_gmt":"2026-01-09T15:58:07","slug":"mobil-delvac-15w40-mx-esp-api-ck-4","status":"publish","type":"product","link":"https:\/\/lubrimas.pe\/tienda\/aceite-de-motor\/mobil-delvac-15w40-mx-esp-api-ck-4\/","title":{"rendered":"MOBIL DELVAC MODERN 15W40 FULL PROTECTION API CK-4 &#8211; Aceite para motores a diesel"},"content":{"rendered":"<p><strong data-start=\"95\" data-end=\"149\">Mobil Delvac Modern SAE 15W40 Full Protection CK-4<\/strong> es un avanzado aceite para motores di\u00e9sel que ayuda a prolongar la vida \u00fatil del motor, permiti\u00e9ndole operar su negocio con confianza. Este producto cumple o excede los requisitos de los fabricantes de equipo original (OEM) y ofrece un alto desempe\u00f1o en aplicaciones tanto dentro como fuera de carretera.<\/p>\n<h5>CARACTER\u00cdSTICAS PRINCIPALES<\/h5>\n<ul>\n<li data-start=\"497\" data-end=\"628\">\n<p data-start=\"499\" data-end=\"628\">Dise\u00f1ado para prolongar la vida \u00fatil del motor, manteniendo su desempe\u00f1o en aplicaciones severas tanto \u201con-road\u201d como \u201coff-road\u201d.<\/p>\n<\/li>\n<li data-start=\"629\" data-end=\"724\">\n<p data-start=\"631\" data-end=\"724\">F\u00f3rmula de baja ceniza para proteger los sistemas de postratamiento de gases (DPF, DOC, SCR).<\/p>\n<\/li>\n<li data-start=\"725\" data-end=\"839\">\n<p data-start=\"727\" data-end=\"839\">Buen arranque en fr\u00edo gracias a su fluidez, y compatibilidad con empaquetaduras y sellos para larga durabilidad.<\/p>\n<\/li>\n<li data-start=\"840\" data-end=\"934\">\n<p data-start=\"842\" data-end=\"934\">Alta estabilidad a la oxidaci\u00f3n, excelente retenci\u00f3n de TBN y control del consumo de aceite.<\/p>\n<\/li>\n<\/ul>\n<h5>APLICACIONES<\/h5>\n<p>Mobil Delvac Modern 15W40 Full Protection CK-4 est\u00e1 formulado para ofrecer un desempe\u00f1o prolongado hasta en un 50% m\u00e1s all\u00e1 que los intervalos de cambio de aceite recomendados por el fabricante del equipo original1. Esta formulaci\u00f3n con tecnolog\u00eda sint\u00e9tica de propiedad exclusiva ofrece hasta un promedio de un 50% m\u00e1s de protecci\u00f3n contra el desgaste que la requerida en las pruebas de motores API CK-4, una estabilidad de oxidaci\u00f3n sobresaliente y una retenci\u00f3n de TBN extraordinaria.<br data-start=\"1449\" data-end=\"1452\" \/>Mobil Delvac Modern 15W40 Full Protection tambi\u00e9n proporciona una extraordinaria resistencia al consumo de aceite, la oxidaci\u00f3n, el desgaste corrosivo y abrasivo, y los dep\u00f3sitos a altas temperaturas.<\/p>\n<h5>APROBACIONES \/ ESPECIFICACIONES<\/h5>\n<p>API CK-4, API SN, Caterpillar ECF-3, Cummins CES 20086\/20081, Mack EOS-4.5, Volvo VDS-4.5 y Renault RLD-3.<\/p>\n","protected":false},"excerpt":{"rendered":"<p>Mobil Delvac Modern SAE 15W40 Full Protection CK-4 es un avanzado aceite para motores di\u00e9sel que ayuda a prolongar la vida \u00fatil del motor, permiti\u00e9ndole operar su negocio con confianza.<\/p>\n","protected":false},"featured_media":15171,"template":"","meta":[],"product_brand":[],"product_cat":[16,26],"product_tag":[],"class_list":{"0":"post-620","1":"product","2":"type-product","3":"status-publish","4":"has-post-thumbnail","6":"product_cat-aceite-de-motor","7":"product_cat-motor-diesel","8":"pa_grado-15w40","9":"pa_marca-mobil","11":"first","12":"instock","13":"sale","14":"shipping-taxable","15":"purchasable","16":"product-type-variable"},"yoast_head":"<!-- This site is optimized with the Yoast SEO plugin v27.1.1 - https:\/\/yoast.com\/product\/yoast-seo-wordpress\/ -->\n<title>MOBIL DELVAC MODERN 15W40 FULL PROTECTION API CK-4 - Aceite para motores a diesel | Lubrimas.pe | Tienda Online<\/title>\n<meta name=\"robots\" content=\"index, follow, max-snippet:-1, max-image-preview:large, max-video-preview:-1\" \/>\n<link rel=\"canonical\" href=\"https:\/\/lubrimas.pe\/tienda\/aceite-de-motor\/mobil-delvac-15w40-mx-esp-api-ck-4\/\" \/>\n<meta property=\"og:locale\" content=\"es_ES\" \/>\n<meta property=\"og:type\" content=\"article\" \/>\n<meta property=\"og:title\" content=\"MOBIL DELVAC MODERN 15W40 FULL PROTECTION API CK-4 - Aceite para motores a diesel | Lubrimas.pe | Tienda Online\" \/>\n<meta property=\"og:description\" content=\"Mobil Delvac Modern SAE 15W40 Full Protection CK-4 es un avanzado aceite para motores di\u00e9sel que ayuda a prolongar la vida \u00fatil del motor, permiti\u00e9ndole operar su negocio con confianza.\" \/>\n<meta property=\"og:url\" content=\"https:\/\/lubrimas.pe\/tienda\/aceite-de-motor\/mobil-delvac-15w40-mx-esp-api-ck-4\/\" \/>\n<meta property=\"og:site_name\" content=\"Lubrimas.pe | Tienda Online\" \/>\n<meta property=\"article:modified_time\" content=\"2026-01-09T15:58:07+00:00\" \/>\n<meta property=\"og:image\" content=\"https:\/\/lubrimas.pe\/tienda\/wp-content\/uploads\/sites\/3\/2022\/01\/MOBIL-DELVAC-15W40-FULL-PROTECTION-4L.webp\" \/>\n\t<meta property=\"og:image:width\" content=\"1771\" \/>\n\t<meta property=\"og:image:height\" content=\"2083\" \/>\n\t<meta property=\"og:image:type\" content=\"image\/webp\" \/>\n<meta name=\"twitter:card\" content=\"summary_large_image\" \/>\n<meta name=\"twitter:label1\" content=\"Tiempo de lectura\" \/>\n\t<meta name=\"twitter:data1\" content=\"1 minuto\" \/>\n<script type=\"application\/ld+json\" class=\"yoast-schema-graph\">{\"@context\":\"https:\/\/schema.org\",\"@graph\":[{\"@type\":[\"WebPage\",\"ItemPage\"],\"@id\":\"https:\/\/lubrimas.pe\/tienda\/aceite-de-motor\/mobil-delvac-15w40-mx-esp-api-ck-4\/\",\"url\":\"https:\/\/lubrimas.pe\/tienda\/aceite-de-motor\/mobil-delvac-15w40-mx-esp-api-ck-4\/\",\"name\":\"MOBIL DELVAC MODERN 15W40 FULL PROTECTION API CK-4 - Aceite para motores a diesel | Lubrimas.pe | Tienda Online\",\"isPartOf\":{\"@id\":\"https:\/\/lubrimas.pe\/tienda\/#website\"},\"primaryImageOfPage\":{\"@id\":\"https:\/\/lubrimas.pe\/tienda\/aceite-de-motor\/mobil-delvac-15w40-mx-esp-api-ck-4\/#primaryimage\"},\"image\":{\"@id\":\"https:\/\/lubrimas.pe\/tienda\/aceite-de-motor\/mobil-delvac-15w40-mx-esp-api-ck-4\/#primaryimage\"},\"thumbnailUrl\":\"https:\/\/lubrimas.pe\/tienda\/wp-content\/uploads\/sites\/3\/2022\/01\/MOBIL-DELVAC-15W40-FULL-PROTECTION-4L.webp\",\"datePublished\":\"2022-01-19T20:34:13+00:00\",\"dateModified\":\"2026-01-09T15:58:07+00:00\",\"breadcrumb\":{\"@id\":\"https:\/\/lubrimas.pe\/tienda\/aceite-de-motor\/mobil-delvac-15w40-mx-esp-api-ck-4\/#breadcrumb\"},\"inLanguage\":\"es\",\"potentialAction\":[{\"@type\":\"ReadAction\",\"target\":[\"https:\/\/lubrimas.pe\/tienda\/aceite-de-motor\/mobil-delvac-15w40-mx-esp-api-ck-4\/\"]}]},{\"@type\":\"ImageObject\",\"inLanguage\":\"es\",\"@id\":\"https:\/\/lubrimas.pe\/tienda\/aceite-de-motor\/mobil-delvac-15w40-mx-esp-api-ck-4\/#primaryimage\",\"url\":\"https:\/\/lubrimas.pe\/tienda\/wp-content\/uploads\/sites\/3\/2022\/01\/MOBIL-DELVAC-15W40-FULL-PROTECTION-4L.webp\",\"contentUrl\":\"https:\/\/lubrimas.pe\/tienda\/wp-content\/uploads\/sites\/3\/2022\/01\/MOBIL-DELVAC-15W40-FULL-PROTECTION-4L.webp\",\"width\":1771,\"height\":2083},{\"@type\":\"BreadcrumbList\",\"@id\":\"https:\/\/lubrimas.pe\/tienda\/aceite-de-motor\/mobil-delvac-15w40-mx-esp-api-ck-4\/#breadcrumb\",\"itemListElement\":[{\"@type\":\"ListItem\",\"position\":1,\"name\":\"Portada\",\"item\":\"https:\/\/lubrimas.pe\/tienda\/\"},{\"@type\":\"ListItem\",\"position\":2,\"name\":\"Cat\u00e1logo\",\"item\":\"https:\/\/lubrimas.pe\/tienda\/productos\/\"},{\"@type\":\"ListItem\",\"position\":3,\"name\":\"MOBIL DELVAC MODERN 15W40 FULL PROTECTION API CK-4 &#8211; Aceite para motores a diesel\"}]},{\"@type\":\"WebSite\",\"@id\":\"https:\/\/lubrimas.pe\/tienda\/#website\",\"url\":\"https:\/\/lubrimas.pe\/tienda\/\",\"name\":\"Lubrimas.pe | Tienda Online\",\"description\":\"Tus lubricantes favoritos al mejor precio!\",\"publisher\":{\"@id\":\"https:\/\/lubrimas.pe\/tienda\/#organization\"},\"potentialAction\":[{\"@type\":\"SearchAction\",\"target\":{\"@type\":\"EntryPoint\",\"urlTemplate\":\"https:\/\/lubrimas.pe\/tienda\/?s={search_term_string}\"},\"query-input\":{\"@type\":\"PropertyValueSpecification\",\"valueRequired\":true,\"valueName\":\"search_term_string\"}}],\"inLanguage\":\"es\"},{\"@type\":\"Organization\",\"@id\":\"https:\/\/lubrimas.pe\/tienda\/#organization\",\"name\":\"Lubrimas.pe\",\"url\":\"https:\/\/lubrimas.pe\/tienda\/\",\"logo\":{\"@type\":\"ImageObject\",\"inLanguage\":\"es\",\"@id\":\"https:\/\/lubrimas.pe\/tienda\/#\/schema\/logo\/image\/\",\"url\":\"https:\/\/lubrimas.pe\/tienda\/wp-content\/uploads\/sites\/3\/2022\/07\/BANNERS-PROMO-CYBER-WOW-LUBRIMASPE-2022-07.webp\",\"contentUrl\":\"https:\/\/lubrimas.pe\/tienda\/wp-content\/uploads\/sites\/3\/2022\/07\/BANNERS-PROMO-CYBER-WOW-LUBRIMASPE-2022-07.webp\",\"width\":500,\"height\":752,\"caption\":\"Lubrimas.pe\"},\"image\":{\"@id\":\"https:\/\/lubrimas.pe\/tienda\/#\/schema\/logo\/image\/\"}}]}<\/script>\n<!-- \/ Yoast SEO plugin. -->","yoast_head_json":{"title":"MOBIL DELVAC MODERN 15W40 FULL PROTECTION API CK-4 - Aceite para motores a diesel | Lubrimas.pe | Tienda Online","robots":{"index":"index","follow":"follow","max-snippet":"max-snippet:-1","max-image-preview":"max-image-preview:large","max-video-preview":"max-video-preview:-1"},"canonical":"https:\/\/lubrimas.pe\/tienda\/aceite-de-motor\/mobil-delvac-15w40-mx-esp-api-ck-4\/","og_locale":"es_ES","og_type":"article","og_title":"MOBIL DELVAC MODERN 15W40 FULL PROTECTION API CK-4 - Aceite para motores a diesel | Lubrimas.pe | Tienda Online","og_description":"Mobil Delvac Modern SAE 15W40 Full Protection CK-4 es un avanzado aceite para motores di\u00e9sel que ayuda a prolongar la vida \u00fatil del motor, permiti\u00e9ndole operar su negocio con confianza.","og_url":"https:\/\/lubrimas.pe\/tienda\/aceite-de-motor\/mobil-delvac-15w40-mx-esp-api-ck-4\/","og_site_name":"Lubrimas.pe | Tienda Online","article_modified_time":"2026-01-09T15:58:07+00:00","og_image":[{"width":1771,"height":2083,"url":"https:\/\/lubrimas.pe\/tienda\/wp-content\/uploads\/sites\/3\/2022\/01\/MOBIL-DELVAC-15W40-FULL-PROTECTION-4L.webp","type":"image\/webp"}],"twitter_card":"summary_large_image","twitter_misc":{"Tiempo de lectura":"1 minuto"},"schema":{"@context":"https:\/\/schema.org","@graph":[{"@type":["WebPage","ItemPage"],"@id":"https:\/\/lubrimas.pe\/tienda\/aceite-de-motor\/mobil-delvac-15w40-mx-esp-api-ck-4\/","url":"https:\/\/lubrimas.pe\/tienda\/aceite-de-motor\/mobil-delvac-15w40-mx-esp-api-ck-4\/","name":"MOBIL DELVAC MODERN 15W40 FULL PROTECTION API CK-4 - Aceite para motores a diesel | Lubrimas.pe | Tienda Online","isPartOf":{"@id":"https:\/\/lubrimas.pe\/tienda\/#website"},"primaryImageOfPage":{"@id":"https:\/\/lubrimas.pe\/tienda\/aceite-de-motor\/mobil-delvac-15w40-mx-esp-api-ck-4\/#primaryimage"},"image":{"@id":"https:\/\/lubrimas.pe\/tienda\/aceite-de-motor\/mobil-delvac-15w40-mx-esp-api-ck-4\/#primaryimage"},"thumbnailUrl":"https:\/\/lubrimas.pe\/tienda\/wp-content\/uploads\/sites\/3\/2022\/01\/MOBIL-DELVAC-15W40-FULL-PROTECTION-4L.webp","datePublished":"2022-01-19T20:34:13+00:00","dateModified":"2026-01-09T15:58:07+00:00","breadcrumb":{"@id":"https:\/\/lubrimas.pe\/tienda\/aceite-de-motor\/mobil-delvac-15w40-mx-esp-api-ck-4\/#breadcrumb"},"inLanguage":"es","potentialAction":[{"@type":"ReadAction","target":["https:\/\/lubrimas.pe\/tienda\/aceite-de-motor\/mobil-delvac-15w40-mx-esp-api-ck-4\/"]}]},{"@type":"ImageObject","inLanguage":"es","@id":"https:\/\/lubrimas.pe\/tienda\/aceite-de-motor\/mobil-delvac-15w40-mx-esp-api-ck-4\/#primaryimage","url":"https:\/\/lubrimas.pe\/tienda\/wp-content\/uploads\/sites\/3\/2022\/01\/MOBIL-DELVAC-15W40-FULL-PROTECTION-4L.webp","contentUrl":"https:\/\/lubrimas.pe\/tienda\/wp-content\/uploads\/sites\/3\/2022\/01\/MOBIL-DELVAC-15W40-FULL-PROTECTION-4L.webp","width":1771,"height":2083},{"@type":"BreadcrumbList","@id":"https:\/\/lubrimas.pe\/tienda\/aceite-de-motor\/mobil-delvac-15w40-mx-esp-api-ck-4\/#breadcrumb","itemListElement":[{"@type":"ListItem","position":1,"name":"Portada","item":"https:\/\/lubrimas.pe\/tienda\/"},{"@type":"ListItem","position":2,"name":"Cat\u00e1logo","item":"https:\/\/lubrimas.pe\/tienda\/productos\/"},{"@type":"ListItem","position":3,"name":"MOBIL DELVAC MODERN 15W40 FULL PROTECTION API CK-4 &#8211; Aceite para motores a diesel"}]},{"@type":"WebSite","@id":"https:\/\/lubrimas.pe\/tienda\/#website","url":"https:\/\/lubrimas.pe\/tienda\/","name":"Lubrimas.pe | Tienda Online","description":"Tus lubricantes favoritos al mejor precio!","publisher":{"@id":"https:\/\/lubrimas.pe\/tienda\/#organization"},"potentialAction":[{"@type":"SearchAction","target":{"@type":"EntryPoint","urlTemplate":"https:\/\/lubrimas.pe\/tienda\/?s={search_term_string}"},"query-input":{"@type":"PropertyValueSpecification","valueRequired":true,"valueName":"search_term_string"}}],"inLanguage":"es"},{"@type":"Organization","@id":"https:\/\/lubrimas.pe\/tienda\/#organization","name":"Lubrimas.pe","url":"https:\/\/lubrimas.pe\/tienda\/","logo":{"@type":"ImageObject","inLanguage":"es","@id":"https:\/\/lubrimas.pe\/tienda\/#\/schema\/logo\/image\/","url":"https:\/\/lubrimas.pe\/tienda\/wp-content\/uploads\/sites\/3\/2022\/07\/BANNERS-PROMO-CYBER-WOW-LUBRIMASPE-2022-07.webp","contentUrl":"https:\/\/lubrimas.pe\/tienda\/wp-content\/uploads\/sites\/3\/2022\/07\/BANNERS-PROMO-CYBER-WOW-LUBRIMASPE-2022-07.webp","width":500,"height":752,"caption":"Lubrimas.pe"},"image":{"@id":"https:\/\/lubrimas.pe\/tienda\/#\/schema\/logo\/image\/"}}]}},"_links":{"self":[{"href":"https:\/\/lubrimas.pe\/tienda\/wp-json\/wp\/v2\/product\/620","targetHints":{"allow":["GET"]}}],"collection":[{"href":"https:\/\/lubrimas.pe\/tienda\/wp-json\/wp\/v2\/product"}],"about":[{"href":"https:\/\/lubrimas.pe\/tienda\/wp-json\/wp\/v2\/types\/product"}],"wp:featuredmedia":[{"embeddable":true,"href":"https:\/\/lubrimas.pe\/tienda\/wp-json\/wp\/v2\/media\/15171"}],"wp:attachment":[{"href":"https:\/\/lubrimas.pe\/tienda\/wp-json\/wp\/v2\/media?parent=620"}],"wp:term":[{"taxonomy":"product_brand","embeddable":true,"href":"https:\/\/lubrimas.pe\/tienda\/wp-json\/wp\/v2\/product_brand?post=620"},{"taxonomy":"product_cat","embeddable":true,"href":"https:\/\/lubrimas.pe\/tienda\/wp-json\/wp\/v2\/product_cat?post=620"},{"taxonomy":"product_tag","embeddable":true,"href":"https:\/\/lubrimas.pe\/tienda\/wp-json\/wp\/v2\/product_tag?post=620"}],"curies":[{"name":"wp","href":"https:\/\/api.w.org\/{rel}","templated":true}]}}