{"id":628,"date":"2022-01-19T20:34:14","date_gmt":"2022-01-19T20:34:14","guid":{"rendered":"https:\/\/lubrimas.pe\/tienda\/?post_type=product&#038;p=628"},"modified":"2026-01-07T10:21:34","modified_gmt":"2026-01-07T15:21:34","slug":"motul-8100-5w-30-ex-clean-efe","status":"publish","type":"product","link":"https:\/\/lubrimas.pe\/tienda\/aceite-de-motor\/motul-8100-5w-30-ex-clean-efe\/","title":{"rendered":"MOTUL 8100 5W30 X-CLEAN EFE C2\/C3 &#8211; Aceite Full Sint\u00e9tico"},"content":{"rendered":"<p><strong>MOTUL 8100 5W30 X-CLEAN EFE C2\/C3<\/strong> es un lubricante 100% sint\u00e9tico de altas prestaciones, <strong>alta protecci\u00f3n<\/strong>\u00a0a la vez que proporciona\u00a0<strong>econom\u00eda de combustible<\/strong>. Aprobado por BMW, GM-Opel, MERCEDES y VW para sus muy elevadas exigencias en econom\u00eda de combustible.<br \/>\nEspecialmente dise\u00f1ado para los veh\u00edculos de \u00faltima generaci\u00f3n, equipados con motores gasolina o di\u00e9sel, atmosf\u00e9rico o turbo, inyecci\u00f3n indirecta o directa, que respondan a las normas anti contaminantes Euro 4, 5 o 6, que exigen un aceite con norma ACEA C3, es decir alta viscosidad HTHS (&gt;3.5 mPa.s) y &#8220;Mid SAPS&#8221;, un contenido reducido en Cenizas Sulfatadas (\u2264 0.8%), Fosforo (\u22650.07 &#8211; \u2264 0.09 %) y Azufre (\u2264 0.3%), y ACEA C2, es decir baja fricci\u00f3n, bajo HTHS (\u2265 2.9\u00a0 mPa.s) y &#8220;Mid SAPS&#8221;.<br \/>\nRecomendado donde se preconice un lubricante &#8220;Fuel Economy&#8221; seg\u00fan norma ACEA C2.<br \/>\nCompatible con catalizadores (CAT) y filtros de part\u00edculas (FAP).<br \/>\nCiertos motores no pueden usar este tipo de aceites; antes de su utilizaci\u00f3n confirmar con el manual de mantenimiento del veh\u00edculo.<\/p>\n<h5><strong>RECOMENDACIONES<\/strong><\/h5>\n<p>Mantenimientos: Seg\u00fan la recomendaci\u00f3n del fabricante y adaptada a su propia utilizaci\u00f3n. No puede mezclarse con aceites que NO respondan a las normas ACEA C2 o C3. Antes de su utilizaci\u00f3n en caso de duda, verificar siempre el manual de mantenimiento del veh\u00edculo.<\/p>\n<h5><strong>APROBACIONES \/ ESPECIFICACIONES OEM<\/strong><\/h5>\n<p>NORMAS: ACEA C2\/C3 , API SERVICE SN<\/p>\n<p>HOMOLOGACIONES: BMW LL-04 GENERAL MOTORS GM dexos2\u2122 (reemplaza GM-LL-A-025 &amp; GM-LL-B-025) bajo n\u00b0 D20247HE011 MERCEDES-BENZ MB-Approval 229.52 OPEL OV 040 1547 &#8211; D30 VAUXHALL OV 040 1547 &#8211; D30 VW 505 00 505 01<\/p>\n<p>PRESTACIONES: FIAT 9.55535-S1, FIAT 9.55535-S3<\/p>\n<p>RECOMENDACIONES: HONDA, HYUNDAI, KIA, MITSUBISHI, NISSAN, SSANGYONG, SUBARU, SUZUKI, TOYOTA<\/p>\n<h5><strong>INFORMACI\u00d3N ADICIONAL<\/strong><\/h5>\n<div class=\"aditional-info-tecnical-lp\"><a href=\"https:\/\/azupim01.motul.com\/media\/motulData\/DO\/base\/8100_x-clean_5w30_es_es_motul_20201222.pdf\" target=\"_blank\" rel=\"noopener\">FICHA T\u00c9CNICA<\/a><br \/>\n<a href=\"https:\/\/www.motul.com\/co\/es\/products\/8100-x-clean-efe-5w30\" target=\"_blank\" rel=\"noopener\">SITIO OFICIAL<\/a><\/div>\n<p>&nbsp;<\/p>\n<blockquote>\n<div>XCLEAN, X-CLEAN, X CLEAN, EX CLIN<\/div>\n<\/blockquote>\n","protected":false},"excerpt":{"rendered":"<p>MOTUL 8100 5W30 X-CLEAN EFE C2\/C3 es un lubricante 100% sint\u00e9tico de altas prestaciones, alta protecci\u00f3n\u00a0a la vez que proporciona\u00a0econom\u00eda de combustible. Aprobado por BMW, GM-Opel, MERCEDES y VW para<\/p>\n","protected":false},"featured_media":15191,"template":"","meta":[],"product_brand":[],"product_cat":[16,22],"product_tag":[],"class_list":{"0":"post-628","1":"product","2":"type-product","3":"status-publish","4":"has-post-thumbnail","6":"product_cat-aceite-de-motor","7":"product_cat-motor-gasolina-gas","8":"pa_grado-5w30","9":"pa_marca-motul","11":"first","12":"instock","13":"sale","14":"shipping-taxable","15":"purchasable","16":"product-type-variable","17":"has-default-attributes"},"yoast_head":"<!-- This site is optimized with the Yoast SEO plugin v27.1.1 - https:\/\/yoast.com\/product\/yoast-seo-wordpress\/ -->\n<title>MOTUL 8100 5W30 X-CLEAN EFE C2\/C3 - Aceite Full Sint\u00e9tico | Lubrimas.pe | Tienda Online<\/title>\n<meta name=\"robots\" content=\"index, follow, max-snippet:-1, max-image-preview:large, max-video-preview:-1\" \/>\n<link rel=\"canonical\" href=\"https:\/\/lubrimas.pe\/tienda\/aceite-de-motor\/motul-8100-5w-30-ex-clean-efe\/\" \/>\n<meta property=\"og:locale\" content=\"es_ES\" \/>\n<meta property=\"og:type\" content=\"article\" \/>\n<meta property=\"og:title\" content=\"MOTUL 8100 5W30 X-CLEAN EFE C2\/C3 - Aceite Full Sint\u00e9tico | Lubrimas.pe | Tienda Online\" \/>\n<meta property=\"og:description\" content=\"MOTUL 8100 5W30 X-CLEAN EFE C2\/C3 es un lubricante 100% sint\u00e9tico de altas prestaciones, alta protecci\u00f3n\u00a0a la vez que proporciona\u00a0econom\u00eda de combustible. Aprobado por BMW, GM-Opel, MERCEDES y VW para\" \/>\n<meta property=\"og:url\" content=\"https:\/\/lubrimas.pe\/tienda\/aceite-de-motor\/motul-8100-5w-30-ex-clean-efe\/\" \/>\n<meta property=\"og:site_name\" content=\"Lubrimas.pe | Tienda Online\" \/>\n<meta property=\"article:modified_time\" content=\"2026-01-07T15:21:34+00:00\" \/>\n<meta property=\"og:image\" content=\"https:\/\/lubrimas.pe\/tienda\/wp-content\/uploads\/sites\/3\/2022\/01\/MOTUL-8100-5W30-X-CLEAN-EFE-C2-C3-5L.webp\" \/>\n\t<meta property=\"og:image:width\" content=\"1771\" \/>\n\t<meta property=\"og:image:height\" content=\"2083\" \/>\n\t<meta property=\"og:image:type\" content=\"image\/webp\" \/>\n<meta name=\"twitter:card\" content=\"summary_large_image\" \/>\n<meta name=\"twitter:label1\" content=\"Tiempo de lectura\" \/>\n\t<meta name=\"twitter:data1\" content=\"1 minuto\" \/>\n<script type=\"application\/ld+json\" class=\"yoast-schema-graph\">{\"@context\":\"https:\/\/schema.org\",\"@graph\":[{\"@type\":[\"WebPage\",\"ItemPage\"],\"@id\":\"https:\/\/lubrimas.pe\/tienda\/aceite-de-motor\/motul-8100-5w-30-ex-clean-efe\/\",\"url\":\"https:\/\/lubrimas.pe\/tienda\/aceite-de-motor\/motul-8100-5w-30-ex-clean-efe\/\",\"name\":\"MOTUL 8100 5W30 X-CLEAN EFE C2\/C3 - Aceite Full Sint\u00e9tico | Lubrimas.pe | Tienda Online\",\"isPartOf\":{\"@id\":\"https:\/\/lubrimas.pe\/tienda\/#website\"},\"primaryImageOfPage\":{\"@id\":\"https:\/\/lubrimas.pe\/tienda\/aceite-de-motor\/motul-8100-5w-30-ex-clean-efe\/#primaryimage\"},\"image\":{\"@id\":\"https:\/\/lubrimas.pe\/tienda\/aceite-de-motor\/motul-8100-5w-30-ex-clean-efe\/#primaryimage\"},\"thumbnailUrl\":\"https:\/\/lubrimas.pe\/tienda\/wp-content\/uploads\/sites\/3\/2022\/01\/MOTUL-8100-5W30-X-CLEAN-EFE-C2-C3-5L.webp\",\"datePublished\":\"2022-01-19T20:34:14+00:00\",\"dateModified\":\"2026-01-07T15:21:34+00:00\",\"breadcrumb\":{\"@id\":\"https:\/\/lubrimas.pe\/tienda\/aceite-de-motor\/motul-8100-5w-30-ex-clean-efe\/#breadcrumb\"},\"inLanguage\":\"es\",\"potentialAction\":[{\"@type\":\"ReadAction\",\"target\":[\"https:\/\/lubrimas.pe\/tienda\/aceite-de-motor\/motul-8100-5w-30-ex-clean-efe\/\"]}]},{\"@type\":\"ImageObject\",\"inLanguage\":\"es\",\"@id\":\"https:\/\/lubrimas.pe\/tienda\/aceite-de-motor\/motul-8100-5w-30-ex-clean-efe\/#primaryimage\",\"url\":\"https:\/\/lubrimas.pe\/tienda\/wp-content\/uploads\/sites\/3\/2022\/01\/MOTUL-8100-5W30-X-CLEAN-EFE-C2-C3-5L.webp\",\"contentUrl\":\"https:\/\/lubrimas.pe\/tienda\/wp-content\/uploads\/sites\/3\/2022\/01\/MOTUL-8100-5W30-X-CLEAN-EFE-C2-C3-5L.webp\",\"width\":1771,\"height\":2083},{\"@type\":\"BreadcrumbList\",\"@id\":\"https:\/\/lubrimas.pe\/tienda\/aceite-de-motor\/motul-8100-5w-30-ex-clean-efe\/#breadcrumb\",\"itemListElement\":[{\"@type\":\"ListItem\",\"position\":1,\"name\":\"Portada\",\"item\":\"https:\/\/lubrimas.pe\/tienda\/\"},{\"@type\":\"ListItem\",\"position\":2,\"name\":\"Cat\u00e1logo\",\"item\":\"https:\/\/lubrimas.pe\/tienda\/productos\/\"},{\"@type\":\"ListItem\",\"position\":3,\"name\":\"MOTUL 8100 5W30 X-CLEAN EFE C2\/C3 &#8211; Aceite Full Sint\u00e9tico\"}]},{\"@type\":\"WebSite\",\"@id\":\"https:\/\/lubrimas.pe\/tienda\/#website\",\"url\":\"https:\/\/lubrimas.pe\/tienda\/\",\"name\":\"Lubrimas.pe | Tienda Online\",\"description\":\"Tus lubricantes favoritos al mejor precio!\",\"publisher\":{\"@id\":\"https:\/\/lubrimas.pe\/tienda\/#organization\"},\"potentialAction\":[{\"@type\":\"SearchAction\",\"target\":{\"@type\":\"EntryPoint\",\"urlTemplate\":\"https:\/\/lubrimas.pe\/tienda\/?s={search_term_string}\"},\"query-input\":{\"@type\":\"PropertyValueSpecification\",\"valueRequired\":true,\"valueName\":\"search_term_string\"}}],\"inLanguage\":\"es\"},{\"@type\":\"Organization\",\"@id\":\"https:\/\/lubrimas.pe\/tienda\/#organization\",\"name\":\"Lubrimas.pe\",\"url\":\"https:\/\/lubrimas.pe\/tienda\/\",\"logo\":{\"@type\":\"ImageObject\",\"inLanguage\":\"es\",\"@id\":\"https:\/\/lubrimas.pe\/tienda\/#\/schema\/logo\/image\/\",\"url\":\"https:\/\/lubrimas.pe\/tienda\/wp-content\/uploads\/sites\/3\/2022\/07\/BANNERS-PROMO-CYBER-WOW-LUBRIMASPE-2022-07.webp\",\"contentUrl\":\"https:\/\/lubrimas.pe\/tienda\/wp-content\/uploads\/sites\/3\/2022\/07\/BANNERS-PROMO-CYBER-WOW-LUBRIMASPE-2022-07.webp\",\"width\":500,\"height\":752,\"caption\":\"Lubrimas.pe\"},\"image\":{\"@id\":\"https:\/\/lubrimas.pe\/tienda\/#\/schema\/logo\/image\/\"}}]}<\/script>\n<!-- \/ Yoast SEO plugin. -->","yoast_head_json":{"title":"MOTUL 8100 5W30 X-CLEAN EFE C2\/C3 - Aceite Full Sint\u00e9tico | Lubrimas.pe | Tienda Online","robots":{"index":"index","follow":"follow","max-snippet":"max-snippet:-1","max-image-preview":"max-image-preview:large","max-video-preview":"max-video-preview:-1"},"canonical":"https:\/\/lubrimas.pe\/tienda\/aceite-de-motor\/motul-8100-5w-30-ex-clean-efe\/","og_locale":"es_ES","og_type":"article","og_title":"MOTUL 8100 5W30 X-CLEAN EFE C2\/C3 - Aceite Full Sint\u00e9tico | Lubrimas.pe | Tienda Online","og_description":"MOTUL 8100 5W30 X-CLEAN EFE C2\/C3 es un lubricante 100% sint\u00e9tico de altas prestaciones, alta protecci\u00f3n\u00a0a la vez que proporciona\u00a0econom\u00eda de combustible. Aprobado por BMW, GM-Opel, MERCEDES y VW para","og_url":"https:\/\/lubrimas.pe\/tienda\/aceite-de-motor\/motul-8100-5w-30-ex-clean-efe\/","og_site_name":"Lubrimas.pe | Tienda Online","article_modified_time":"2026-01-07T15:21:34+00:00","og_image":[{"width":1771,"height":2083,"url":"https:\/\/lubrimas.pe\/tienda\/wp-content\/uploads\/sites\/3\/2022\/01\/MOTUL-8100-5W30-X-CLEAN-EFE-C2-C3-5L.webp","type":"image\/webp"}],"twitter_card":"summary_large_image","twitter_misc":{"Tiempo de lectura":"1 minuto"},"schema":{"@context":"https:\/\/schema.org","@graph":[{"@type":["WebPage","ItemPage"],"@id":"https:\/\/lubrimas.pe\/tienda\/aceite-de-motor\/motul-8100-5w-30-ex-clean-efe\/","url":"https:\/\/lubrimas.pe\/tienda\/aceite-de-motor\/motul-8100-5w-30-ex-clean-efe\/","name":"MOTUL 8100 5W30 X-CLEAN EFE C2\/C3 - Aceite Full Sint\u00e9tico | Lubrimas.pe | Tienda Online","isPartOf":{"@id":"https:\/\/lubrimas.pe\/tienda\/#website"},"primaryImageOfPage":{"@id":"https:\/\/lubrimas.pe\/tienda\/aceite-de-motor\/motul-8100-5w-30-ex-clean-efe\/#primaryimage"},"image":{"@id":"https:\/\/lubrimas.pe\/tienda\/aceite-de-motor\/motul-8100-5w-30-ex-clean-efe\/#primaryimage"},"thumbnailUrl":"https:\/\/lubrimas.pe\/tienda\/wp-content\/uploads\/sites\/3\/2022\/01\/MOTUL-8100-5W30-X-CLEAN-EFE-C2-C3-5L.webp","datePublished":"2022-01-19T20:34:14+00:00","dateModified":"2026-01-07T15:21:34+00:00","breadcrumb":{"@id":"https:\/\/lubrimas.pe\/tienda\/aceite-de-motor\/motul-8100-5w-30-ex-clean-efe\/#breadcrumb"},"inLanguage":"es","potentialAction":[{"@type":"ReadAction","target":["https:\/\/lubrimas.pe\/tienda\/aceite-de-motor\/motul-8100-5w-30-ex-clean-efe\/"]}]},{"@type":"ImageObject","inLanguage":"es","@id":"https:\/\/lubrimas.pe\/tienda\/aceite-de-motor\/motul-8100-5w-30-ex-clean-efe\/#primaryimage","url":"https:\/\/lubrimas.pe\/tienda\/wp-content\/uploads\/sites\/3\/2022\/01\/MOTUL-8100-5W30-X-CLEAN-EFE-C2-C3-5L.webp","contentUrl":"https:\/\/lubrimas.pe\/tienda\/wp-content\/uploads\/sites\/3\/2022\/01\/MOTUL-8100-5W30-X-CLEAN-EFE-C2-C3-5L.webp","width":1771,"height":2083},{"@type":"BreadcrumbList","@id":"https:\/\/lubrimas.pe\/tienda\/aceite-de-motor\/motul-8100-5w-30-ex-clean-efe\/#breadcrumb","itemListElement":[{"@type":"ListItem","position":1,"name":"Portada","item":"https:\/\/lubrimas.pe\/tienda\/"},{"@type":"ListItem","position":2,"name":"Cat\u00e1logo","item":"https:\/\/lubrimas.pe\/tienda\/productos\/"},{"@type":"ListItem","position":3,"name":"MOTUL 8100 5W30 X-CLEAN EFE C2\/C3 &#8211; Aceite Full Sint\u00e9tico"}]},{"@type":"WebSite","@id":"https:\/\/lubrimas.pe\/tienda\/#website","url":"https:\/\/lubrimas.pe\/tienda\/","name":"Lubrimas.pe | Tienda Online","description":"Tus lubricantes favoritos al mejor precio!","publisher":{"@id":"https:\/\/lubrimas.pe\/tienda\/#organization"},"potentialAction":[{"@type":"SearchAction","target":{"@type":"EntryPoint","urlTemplate":"https:\/\/lubrimas.pe\/tienda\/?s={search_term_string}"},"query-input":{"@type":"PropertyValueSpecification","valueRequired":true,"valueName":"search_term_string"}}],"inLanguage":"es"},{"@type":"Organization","@id":"https:\/\/lubrimas.pe\/tienda\/#organization","name":"Lubrimas.pe","url":"https:\/\/lubrimas.pe\/tienda\/","logo":{"@type":"ImageObject","inLanguage":"es","@id":"https:\/\/lubrimas.pe\/tienda\/#\/schema\/logo\/image\/","url":"https:\/\/lubrimas.pe\/tienda\/wp-content\/uploads\/sites\/3\/2022\/07\/BANNERS-PROMO-CYBER-WOW-LUBRIMASPE-2022-07.webp","contentUrl":"https:\/\/lubrimas.pe\/tienda\/wp-content\/uploads\/sites\/3\/2022\/07\/BANNERS-PROMO-CYBER-WOW-LUBRIMASPE-2022-07.webp","width":500,"height":752,"caption":"Lubrimas.pe"},"image":{"@id":"https:\/\/lubrimas.pe\/tienda\/#\/schema\/logo\/image\/"}}]}},"_links":{"self":[{"href":"https:\/\/lubrimas.pe\/tienda\/wp-json\/wp\/v2\/product\/628","targetHints":{"allow":["GET"]}}],"collection":[{"href":"https:\/\/lubrimas.pe\/tienda\/wp-json\/wp\/v2\/product"}],"about":[{"href":"https:\/\/lubrimas.pe\/tienda\/wp-json\/wp\/v2\/types\/product"}],"wp:featuredmedia":[{"embeddable":true,"href":"https:\/\/lubrimas.pe\/tienda\/wp-json\/wp\/v2\/media\/15191"}],"wp:attachment":[{"href":"https:\/\/lubrimas.pe\/tienda\/wp-json\/wp\/v2\/media?parent=628"}],"wp:term":[{"taxonomy":"product_brand","embeddable":true,"href":"https:\/\/lubrimas.pe\/tienda\/wp-json\/wp\/v2\/product_brand?post=628"},{"taxonomy":"product_cat","embeddable":true,"href":"https:\/\/lubrimas.pe\/tienda\/wp-json\/wp\/v2\/product_cat?post=628"},{"taxonomy":"product_tag","embeddable":true,"href":"https:\/\/lubrimas.pe\/tienda\/wp-json\/wp\/v2\/product_tag?post=628"}],"curies":[{"name":"wp","href":"https:\/\/api.w.org\/{rel}","templated":true}]}}