{"id":633,"date":"2022-01-19T20:34:14","date_gmt":"2022-01-19T20:34:14","guid":{"rendered":"https:\/\/lubrimas.pe\/tienda\/?post_type=product&#038;p=633"},"modified":"2026-01-07T10:12:48","modified_gmt":"2026-01-07T15:12:48","slug":"motul-2100-protect-10w30","status":"publish","type":"product","link":"https:\/\/lubrimas.pe\/tienda\/aceite-de-motor\/motul-2100-protect-10w30\/","title":{"rendered":"MOTUL 4100 PROTECT 10W30 &#8211; Aceite Semi Sint\u00e9tico"},"content":{"rendered":"<p><strong>MOTUL 2100 PROTECT 10W30<\/strong> es un lubricante con bases Technosynthese\u00ae para todos los motores di\u00e9sel y gasolina con o sin turbocompresor que requieran viscosidad SAE 10W-30<br \/>\nRecomendable para todos los motores de gasolina con sistemas de inyecci\u00f3n y convertidores catal\u00edticos, as\u00ed como para motores di\u00e9sel atmosf\u00e9ricos y sobrealimentados de inyecci\u00f3n indirecta. Apto para ser usado junto con todos los combustibles comerciales. Para todas las aplicaciones de uso en carretera, fuera de ella, ciudad y autopista. Especialmente dise\u00f1ado para responder a las exigencias de fabricantes como Toyota, Kia, Nissan donde las especificaciones de este producto se ajusten a sus recomendaciones.<\/p>\n<h5>CARACTER\u00cdSTICAS PRINCIPALES<\/h5>\n<p>La combinaci\u00f3n de niveles API CG-4 \/ API SL previene contra la formaci\u00f3n de barnices y lodos; excelente gesti\u00f3n del holl\u00edn y la materia carbonosa hacia el filtro, incluso utilizando combustibles de baja calidad y en motores que poseen muchas horas de trabajo. Reduce el riesgo de bloqueo de los anillos (segmentos de pist\u00f3n). Prestaciones lubricantes incrementadas para proteger el motor en condiciones muy severas de trabajo. Elevado poder detergente y dispersante para mantener limpio el circuito de lubricaci\u00f3n durante los largos periodos de mantenimiento requeridos por los fabricantes. Excelentes propiedades antioxidantes, anticorrosivas y antiespumantes.<\/p>\n<h5><strong>INFORMACI\u00d3N ADICIONAL<\/strong><\/h5>\n<div class=\"aditional-info-tecnical-lp\"><a href=\"https:\/\/azupim01.motul.com\/media\/motulData\/DO\/base\/2100_PROTECT__10W30_es_ES_motul_20210327.pdf\" target=\"_blank\" rel=\"noopener\">FICHA T\u00c9CNICA<\/a><br \/>\n<a href=\"https:\/\/www.motul.com\/co\/es\/products\/2100-protect-10w30\" target=\"_blank\" rel=\"noopener\">SITIO OFICIAL<\/a><\/div>\n","protected":false},"excerpt":{"rendered":"<p>MOTUL 2100 PROTECT 10W30 es un lubricante con bases Technosynthese\u00ae para todos los motores di\u00e9sel y gasolina con o sin turbocompresor que requieran viscosidad SAE 10W-30 Recomendable para todos los<\/p>\n","protected":false},"featured_media":15194,"template":"","meta":[],"product_brand":[],"product_cat":[16,22],"product_tag":[],"class_list":{"0":"post-633","1":"product","2":"type-product","3":"status-publish","4":"has-post-thumbnail","6":"product_cat-aceite-de-motor","7":"product_cat-motor-gasolina-gas","8":"pa_grado-10w30","9":"pa_marca-motul","11":"first","12":"instock","13":"shipping-taxable","14":"purchasable","15":"product-type-variable","16":"has-default-attributes"},"yoast_head":"<!-- This site is optimized with the Yoast SEO plugin v27.4 - https:\/\/yoast.com\/product\/yoast-seo-wordpress\/ -->\n<title>MOTUL 4100 PROTECT 10W30 - Aceite Semi Sint\u00e9tico | Lubrimas.pe | Tienda Online<\/title>\n<meta name=\"robots\" content=\"index, follow, max-snippet:-1, max-image-preview:large, max-video-preview:-1\" \/>\n<link rel=\"canonical\" href=\"https:\/\/lubrimas.pe\/tienda\/aceite-de-motor\/motul-2100-protect-10w30\/\" \/>\n<meta property=\"og:locale\" content=\"es_ES\" \/>\n<meta property=\"og:type\" content=\"article\" \/>\n<meta property=\"og:title\" content=\"MOTUL 4100 PROTECT 10W30 - Aceite Semi Sint\u00e9tico | Lubrimas.pe | Tienda Online\" \/>\n<meta property=\"og:description\" content=\"MOTUL 2100 PROTECT 10W30 es un lubricante con bases Technosynthese\u00ae para todos los motores di\u00e9sel y gasolina con o sin turbocompresor que requieran viscosidad SAE 10W-30 Recomendable para todos los\" \/>\n<meta property=\"og:url\" content=\"https:\/\/lubrimas.pe\/tienda\/aceite-de-motor\/motul-2100-protect-10w30\/\" \/>\n<meta property=\"og:site_name\" content=\"Lubrimas.pe | Tienda Online\" \/>\n<meta property=\"article:modified_time\" content=\"2026-01-07T15:12:48+00:00\" \/>\n<meta property=\"og:image\" content=\"https:\/\/lubrimas.pe\/tienda\/wp-content\/uploads\/sites\/3\/2022\/07\/motul-4100-protect-10w30-4L.jpg\" \/>\n\t<meta property=\"og:image:width\" content=\"1771\" \/>\n\t<meta property=\"og:image:height\" content=\"2083\" \/>\n\t<meta property=\"og:image:type\" content=\"image\/jpeg\" \/>\n<meta name=\"twitter:card\" content=\"summary_large_image\" \/>\n<meta name=\"twitter:label1\" content=\"Tiempo de lectura\" \/>\n\t<meta name=\"twitter:data1\" content=\"1 minuto\" \/>\n<script type=\"application\/ld+json\" class=\"yoast-schema-graph\">{\"@context\":\"https:\\\/\\\/schema.org\",\"@graph\":[{\"@type\":[\"WebPage\",\"ItemPage\"],\"@id\":\"https:\\\/\\\/lubrimas.pe\\\/tienda\\\/aceite-de-motor\\\/motul-2100-protect-10w30\\\/\",\"url\":\"https:\\\/\\\/lubrimas.pe\\\/tienda\\\/aceite-de-motor\\\/motul-2100-protect-10w30\\\/\",\"name\":\"MOTUL 4100 PROTECT 10W30 - Aceite Semi Sint\u00e9tico | Lubrimas.pe | Tienda Online\",\"isPartOf\":{\"@id\":\"https:\\\/\\\/lubrimas.pe\\\/tienda\\\/#website\"},\"primaryImageOfPage\":{\"@id\":\"https:\\\/\\\/lubrimas.pe\\\/tienda\\\/aceite-de-motor\\\/motul-2100-protect-10w30\\\/#primaryimage\"},\"image\":{\"@id\":\"https:\\\/\\\/lubrimas.pe\\\/tienda\\\/aceite-de-motor\\\/motul-2100-protect-10w30\\\/#primaryimage\"},\"thumbnailUrl\":\"https:\\\/\\\/lubrimas.pe\\\/tienda\\\/wp-content\\\/uploads\\\/sites\\\/3\\\/2022\\\/07\\\/motul-4100-protect-10w30-4L.jpg\",\"datePublished\":\"2022-01-19T20:34:14+00:00\",\"dateModified\":\"2026-01-07T15:12:48+00:00\",\"breadcrumb\":{\"@id\":\"https:\\\/\\\/lubrimas.pe\\\/tienda\\\/aceite-de-motor\\\/motul-2100-protect-10w30\\\/#breadcrumb\"},\"inLanguage\":\"es\",\"potentialAction\":[{\"@type\":\"ReadAction\",\"target\":[\"https:\\\/\\\/lubrimas.pe\\\/tienda\\\/aceite-de-motor\\\/motul-2100-protect-10w30\\\/\"]}]},{\"@type\":\"ImageObject\",\"inLanguage\":\"es\",\"@id\":\"https:\\\/\\\/lubrimas.pe\\\/tienda\\\/aceite-de-motor\\\/motul-2100-protect-10w30\\\/#primaryimage\",\"url\":\"https:\\\/\\\/lubrimas.pe\\\/tienda\\\/wp-content\\\/uploads\\\/sites\\\/3\\\/2022\\\/07\\\/motul-4100-protect-10w30-4L.jpg\",\"contentUrl\":\"https:\\\/\\\/lubrimas.pe\\\/tienda\\\/wp-content\\\/uploads\\\/sites\\\/3\\\/2022\\\/07\\\/motul-4100-protect-10w30-4L.jpg\",\"width\":1771,\"height\":2083},{\"@type\":\"BreadcrumbList\",\"@id\":\"https:\\\/\\\/lubrimas.pe\\\/tienda\\\/aceite-de-motor\\\/motul-2100-protect-10w30\\\/#breadcrumb\",\"itemListElement\":[{\"@type\":\"ListItem\",\"position\":1,\"name\":\"Portada\",\"item\":\"https:\\\/\\\/lubrimas.pe\\\/tienda\\\/\"},{\"@type\":\"ListItem\",\"position\":2,\"name\":\"Cat\u00e1logo\",\"item\":\"https:\\\/\\\/lubrimas.pe\\\/tienda\\\/productos\\\/\"},{\"@type\":\"ListItem\",\"position\":3,\"name\":\"MOTUL 4100 PROTECT 10W30 &#8211; Aceite Semi Sint\u00e9tico\"}]},{\"@type\":\"WebSite\",\"@id\":\"https:\\\/\\\/lubrimas.pe\\\/tienda\\\/#website\",\"url\":\"https:\\\/\\\/lubrimas.pe\\\/tienda\\\/\",\"name\":\"Lubrimas.pe | Tienda Online\",\"description\":\"Tus lubricantes favoritos al mejor precio!\",\"publisher\":{\"@id\":\"https:\\\/\\\/lubrimas.pe\\\/tienda\\\/#organization\"},\"potentialAction\":[{\"@type\":\"SearchAction\",\"target\":{\"@type\":\"EntryPoint\",\"urlTemplate\":\"https:\\\/\\\/lubrimas.pe\\\/tienda\\\/?s={search_term_string}\"},\"query-input\":{\"@type\":\"PropertyValueSpecification\",\"valueRequired\":true,\"valueName\":\"search_term_string\"}}],\"inLanguage\":\"es\"},{\"@type\":\"Organization\",\"@id\":\"https:\\\/\\\/lubrimas.pe\\\/tienda\\\/#organization\",\"name\":\"Lubrimas.pe\",\"url\":\"https:\\\/\\\/lubrimas.pe\\\/tienda\\\/\",\"logo\":{\"@type\":\"ImageObject\",\"inLanguage\":\"es\",\"@id\":\"https:\\\/\\\/lubrimas.pe\\\/tienda\\\/#\\\/schema\\\/logo\\\/image\\\/\",\"url\":\"https:\\\/\\\/lubrimas.pe\\\/tienda\\\/wp-content\\\/uploads\\\/sites\\\/3\\\/2022\\\/07\\\/BANNERS-PROMO-CYBER-WOW-LUBRIMASPE-2022-07.webp\",\"contentUrl\":\"https:\\\/\\\/lubrimas.pe\\\/tienda\\\/wp-content\\\/uploads\\\/sites\\\/3\\\/2022\\\/07\\\/BANNERS-PROMO-CYBER-WOW-LUBRIMASPE-2022-07.webp\",\"width\":500,\"height\":752,\"caption\":\"Lubrimas.pe\"},\"image\":{\"@id\":\"https:\\\/\\\/lubrimas.pe\\\/tienda\\\/#\\\/schema\\\/logo\\\/image\\\/\"}}]}<\/script>\n<!-- \/ Yoast SEO plugin. -->","yoast_head_json":{"title":"MOTUL 4100 PROTECT 10W30 - Aceite Semi Sint\u00e9tico | Lubrimas.pe | Tienda Online","robots":{"index":"index","follow":"follow","max-snippet":"max-snippet:-1","max-image-preview":"max-image-preview:large","max-video-preview":"max-video-preview:-1"},"canonical":"https:\/\/lubrimas.pe\/tienda\/aceite-de-motor\/motul-2100-protect-10w30\/","og_locale":"es_ES","og_type":"article","og_title":"MOTUL 4100 PROTECT 10W30 - Aceite Semi Sint\u00e9tico | Lubrimas.pe | Tienda Online","og_description":"MOTUL 2100 PROTECT 10W30 es un lubricante con bases Technosynthese\u00ae para todos los motores di\u00e9sel y gasolina con o sin turbocompresor que requieran viscosidad SAE 10W-30 Recomendable para todos los","og_url":"https:\/\/lubrimas.pe\/tienda\/aceite-de-motor\/motul-2100-protect-10w30\/","og_site_name":"Lubrimas.pe | Tienda Online","article_modified_time":"2026-01-07T15:12:48+00:00","og_image":[{"width":1771,"height":2083,"url":"https:\/\/lubrimas.pe\/tienda\/wp-content\/uploads\/sites\/3\/2022\/07\/motul-4100-protect-10w30-4L.jpg","type":"image\/jpeg"}],"twitter_card":"summary_large_image","twitter_misc":{"Tiempo de lectura":"1 minuto"},"schema":{"@context":"https:\/\/schema.org","@graph":[{"@type":["WebPage","ItemPage"],"@id":"https:\/\/lubrimas.pe\/tienda\/aceite-de-motor\/motul-2100-protect-10w30\/","url":"https:\/\/lubrimas.pe\/tienda\/aceite-de-motor\/motul-2100-protect-10w30\/","name":"MOTUL 4100 PROTECT 10W30 - Aceite Semi Sint\u00e9tico | Lubrimas.pe | Tienda Online","isPartOf":{"@id":"https:\/\/lubrimas.pe\/tienda\/#website"},"primaryImageOfPage":{"@id":"https:\/\/lubrimas.pe\/tienda\/aceite-de-motor\/motul-2100-protect-10w30\/#primaryimage"},"image":{"@id":"https:\/\/lubrimas.pe\/tienda\/aceite-de-motor\/motul-2100-protect-10w30\/#primaryimage"},"thumbnailUrl":"https:\/\/lubrimas.pe\/tienda\/wp-content\/uploads\/sites\/3\/2022\/07\/motul-4100-protect-10w30-4L.jpg","datePublished":"2022-01-19T20:34:14+00:00","dateModified":"2026-01-07T15:12:48+00:00","breadcrumb":{"@id":"https:\/\/lubrimas.pe\/tienda\/aceite-de-motor\/motul-2100-protect-10w30\/#breadcrumb"},"inLanguage":"es","potentialAction":[{"@type":"ReadAction","target":["https:\/\/lubrimas.pe\/tienda\/aceite-de-motor\/motul-2100-protect-10w30\/"]}]},{"@type":"ImageObject","inLanguage":"es","@id":"https:\/\/lubrimas.pe\/tienda\/aceite-de-motor\/motul-2100-protect-10w30\/#primaryimage","url":"https:\/\/lubrimas.pe\/tienda\/wp-content\/uploads\/sites\/3\/2022\/07\/motul-4100-protect-10w30-4L.jpg","contentUrl":"https:\/\/lubrimas.pe\/tienda\/wp-content\/uploads\/sites\/3\/2022\/07\/motul-4100-protect-10w30-4L.jpg","width":1771,"height":2083},{"@type":"BreadcrumbList","@id":"https:\/\/lubrimas.pe\/tienda\/aceite-de-motor\/motul-2100-protect-10w30\/#breadcrumb","itemListElement":[{"@type":"ListItem","position":1,"name":"Portada","item":"https:\/\/lubrimas.pe\/tienda\/"},{"@type":"ListItem","position":2,"name":"Cat\u00e1logo","item":"https:\/\/lubrimas.pe\/tienda\/productos\/"},{"@type":"ListItem","position":3,"name":"MOTUL 4100 PROTECT 10W30 &#8211; Aceite Semi Sint\u00e9tico"}]},{"@type":"WebSite","@id":"https:\/\/lubrimas.pe\/tienda\/#website","url":"https:\/\/lubrimas.pe\/tienda\/","name":"Lubrimas.pe | Tienda Online","description":"Tus lubricantes favoritos al mejor precio!","publisher":{"@id":"https:\/\/lubrimas.pe\/tienda\/#organization"},"potentialAction":[{"@type":"SearchAction","target":{"@type":"EntryPoint","urlTemplate":"https:\/\/lubrimas.pe\/tienda\/?s={search_term_string}"},"query-input":{"@type":"PropertyValueSpecification","valueRequired":true,"valueName":"search_term_string"}}],"inLanguage":"es"},{"@type":"Organization","@id":"https:\/\/lubrimas.pe\/tienda\/#organization","name":"Lubrimas.pe","url":"https:\/\/lubrimas.pe\/tienda\/","logo":{"@type":"ImageObject","inLanguage":"es","@id":"https:\/\/lubrimas.pe\/tienda\/#\/schema\/logo\/image\/","url":"https:\/\/lubrimas.pe\/tienda\/wp-content\/uploads\/sites\/3\/2022\/07\/BANNERS-PROMO-CYBER-WOW-LUBRIMASPE-2022-07.webp","contentUrl":"https:\/\/lubrimas.pe\/tienda\/wp-content\/uploads\/sites\/3\/2022\/07\/BANNERS-PROMO-CYBER-WOW-LUBRIMASPE-2022-07.webp","width":500,"height":752,"caption":"Lubrimas.pe"},"image":{"@id":"https:\/\/lubrimas.pe\/tienda\/#\/schema\/logo\/image\/"}}]}},"_links":{"self":[{"href":"https:\/\/lubrimas.pe\/tienda\/wp-json\/wp\/v2\/product\/633","targetHints":{"allow":["GET"]}}],"collection":[{"href":"https:\/\/lubrimas.pe\/tienda\/wp-json\/wp\/v2\/product"}],"about":[{"href":"https:\/\/lubrimas.pe\/tienda\/wp-json\/wp\/v2\/types\/product"}],"wp:featuredmedia":[{"embeddable":true,"href":"https:\/\/lubrimas.pe\/tienda\/wp-json\/wp\/v2\/media\/15194"}],"wp:attachment":[{"href":"https:\/\/lubrimas.pe\/tienda\/wp-json\/wp\/v2\/media?parent=633"}],"wp:term":[{"taxonomy":"product_brand","embeddable":true,"href":"https:\/\/lubrimas.pe\/tienda\/wp-json\/wp\/v2\/product_brand?post=633"},{"taxonomy":"product_cat","embeddable":true,"href":"https:\/\/lubrimas.pe\/tienda\/wp-json\/wp\/v2\/product_cat?post=633"},{"taxonomy":"product_tag","embeddable":true,"href":"https:\/\/lubrimas.pe\/tienda\/wp-json\/wp\/v2\/product_tag?post=633"}],"curies":[{"name":"wp","href":"https:\/\/api.w.org\/{rel}","templated":true}]}}