{"id":635,"date":"2022-01-19T20:34:14","date_gmt":"2022-01-19T20:34:14","guid":{"rendered":"https:\/\/lubrimas.pe\/tienda\/?post_type=product&#038;p=635"},"modified":"2024-04-08T12:32:34","modified_gmt":"2024-04-08T17:32:34","slug":"bkr5ekb-11-juego-de-4-unidades","status":"publish","type":"product","link":"https:\/\/lubrimas.pe\/tienda\/bujias\/bkr5ekb-11-juego-de-4-unidades\/","title":{"rendered":"BKR5EKB-11 ( JUEGO DE 4 UNIDADES )"},"content":{"rendered":"<p><strong>NGK BKR5EKB-11 \/ BKR5EKB11<\/strong> \/ 3967 Buj\u00eda Standard reemplaza OE019 RC10DMC K16TR11 ( 3967 )<\/p>\n<p>Este es el caballo de batalla, el enchufe que est\u00e1 en el coraz\u00f3n de los motores que funcionan sin problemas en todo el mundo.<\/p>\n<ul>\n<li>Calidad OEM<\/li>\n<li>Proceso de sellado de triple junta<\/li>\n<li>Rendimiento consistente<\/li>\n<li>Enchufe de elecci\u00f3n en millones de veh\u00edculos<\/li>\n<\/ul>\n<p>DIMENSIONES DE LA CAJA<\/p>\n<ul>\n<li>Altura (mm): 85<\/li>\n<li>Ancho (mm): 24<\/li>\n<\/ul>\n","protected":false},"excerpt":{"rendered":"<p>NGK BKR5EKB-11 \/ BKR5EKB11 \/ 3967 Buj\u00eda Standard reemplaza OE019 RC10DMC K16TR11 ( 3967 ) Este es el caballo de batalla, el enchufe que est\u00e1 en el coraz\u00f3n de los<\/p>\n","protected":false},"featured_media":11434,"template":"","meta":[],"product_brand":[],"product_cat":[65],"product_tag":[],"class_list":{"0":"post-635","1":"product","2":"type-product","3":"status-publish","4":"has-post-thumbnail","6":"product_cat-bujias","7":"pa_marca-ngk","9":"first","10":"instock","11":"sale","12":"shipping-taxable","13":"purchasable","14":"product-type-variable","15":"has-default-attributes"},"yoast_head":"<!-- This site is optimized with the Yoast SEO plugin v27.1.1 - https:\/\/yoast.com\/product\/yoast-seo-wordpress\/ -->\n<title>BKR5EKB-11 ( JUEGO DE 4 UNIDADES ) | Lubrimas.pe | Tienda Online<\/title>\n<meta name=\"robots\" content=\"index, follow, max-snippet:-1, max-image-preview:large, max-video-preview:-1\" \/>\n<link rel=\"canonical\" href=\"https:\/\/lubrimas.pe\/tienda\/bujias\/bkr5ekb-11-juego-de-4-unidades\/\" \/>\n<meta property=\"og:locale\" content=\"es_ES\" \/>\n<meta property=\"og:type\" content=\"article\" \/>\n<meta property=\"og:title\" content=\"BKR5EKB-11 ( JUEGO DE 4 UNIDADES ) | Lubrimas.pe | Tienda Online\" \/>\n<meta property=\"og:description\" content=\"NGK BKR5EKB-11 \/ BKR5EKB11 \/ 3967 Buj\u00eda Standard reemplaza OE019 RC10DMC K16TR11 ( 3967 ) Este es el caballo de batalla, el enchufe que est\u00e1 en el coraz\u00f3n de los\" \/>\n<meta property=\"og:url\" content=\"https:\/\/lubrimas.pe\/tienda\/bujias\/bkr5ekb-11-juego-de-4-unidades\/\" \/>\n<meta property=\"og:site_name\" content=\"Lubrimas.pe | Tienda Online\" \/>\n<meta property=\"article:modified_time\" content=\"2024-04-08T17:32:34+00:00\" \/>\n<meta property=\"og:image\" content=\"https:\/\/lubrimas.pe\/tienda\/wp-content\/uploads\/sites\/3\/2022\/01\/lubrimas_pe-lubrimasperu-bujia-ngk-bkr5e-11-losolivos-lima-peru.webp\" \/>\n\t<meta property=\"og:image:width\" content=\"850\" \/>\n\t<meta property=\"og:image:height\" content=\"1000\" \/>\n\t<meta property=\"og:image:type\" content=\"image\/webp\" \/>\n<meta name=\"twitter:card\" content=\"summary_large_image\" \/>\n<meta name=\"twitter:label1\" content=\"Tiempo de lectura\" \/>\n\t<meta name=\"twitter:data1\" content=\"1 minuto\" \/>\n<script type=\"application\/ld+json\" class=\"yoast-schema-graph\">{\"@context\":\"https:\/\/schema.org\",\"@graph\":[{\"@type\":[\"WebPage\",\"ItemPage\"],\"@id\":\"https:\/\/lubrimas.pe\/tienda\/bujias\/bkr5ekb-11-juego-de-4-unidades\/\",\"url\":\"https:\/\/lubrimas.pe\/tienda\/bujias\/bkr5ekb-11-juego-de-4-unidades\/\",\"name\":\"BKR5EKB-11 ( JUEGO DE 4 UNIDADES ) | Lubrimas.pe | Tienda Online\",\"isPartOf\":{\"@id\":\"https:\/\/lubrimas.pe\/tienda\/#website\"},\"primaryImageOfPage\":{\"@id\":\"https:\/\/lubrimas.pe\/tienda\/bujias\/bkr5ekb-11-juego-de-4-unidades\/#primaryimage\"},\"image\":{\"@id\":\"https:\/\/lubrimas.pe\/tienda\/bujias\/bkr5ekb-11-juego-de-4-unidades\/#primaryimage\"},\"thumbnailUrl\":\"https:\/\/lubrimas.pe\/tienda\/wp-content\/uploads\/sites\/3\/2022\/01\/lubrimas_pe-lubrimasperu-bujia-ngk-bkr5e-11-losolivos-lima-peru.webp\",\"datePublished\":\"2022-01-19T20:34:14+00:00\",\"dateModified\":\"2024-04-08T17:32:34+00:00\",\"breadcrumb\":{\"@id\":\"https:\/\/lubrimas.pe\/tienda\/bujias\/bkr5ekb-11-juego-de-4-unidades\/#breadcrumb\"},\"inLanguage\":\"es\",\"potentialAction\":[{\"@type\":\"ReadAction\",\"target\":[\"https:\/\/lubrimas.pe\/tienda\/bujias\/bkr5ekb-11-juego-de-4-unidades\/\"]}]},{\"@type\":\"ImageObject\",\"inLanguage\":\"es\",\"@id\":\"https:\/\/lubrimas.pe\/tienda\/bujias\/bkr5ekb-11-juego-de-4-unidades\/#primaryimage\",\"url\":\"https:\/\/lubrimas.pe\/tienda\/wp-content\/uploads\/sites\/3\/2022\/01\/lubrimas_pe-lubrimasperu-bujia-ngk-bkr5e-11-losolivos-lima-peru.webp\",\"contentUrl\":\"https:\/\/lubrimas.pe\/tienda\/wp-content\/uploads\/sites\/3\/2022\/01\/lubrimas_pe-lubrimasperu-bujia-ngk-bkr5e-11-losolivos-lima-peru.webp\",\"width\":850,\"height\":1000},{\"@type\":\"BreadcrumbList\",\"@id\":\"https:\/\/lubrimas.pe\/tienda\/bujias\/bkr5ekb-11-juego-de-4-unidades\/#breadcrumb\",\"itemListElement\":[{\"@type\":\"ListItem\",\"position\":1,\"name\":\"Portada\",\"item\":\"https:\/\/lubrimas.pe\/tienda\/\"},{\"@type\":\"ListItem\",\"position\":2,\"name\":\"Cat\u00e1logo\",\"item\":\"https:\/\/lubrimas.pe\/tienda\/productos\/\"},{\"@type\":\"ListItem\",\"position\":3,\"name\":\"BKR5EKB-11 ( JUEGO DE 4 UNIDADES )\"}]},{\"@type\":\"WebSite\",\"@id\":\"https:\/\/lubrimas.pe\/tienda\/#website\",\"url\":\"https:\/\/lubrimas.pe\/tienda\/\",\"name\":\"Lubrimas.pe | Tienda Online\",\"description\":\"Tus lubricantes favoritos al mejor precio!\",\"publisher\":{\"@id\":\"https:\/\/lubrimas.pe\/tienda\/#organization\"},\"potentialAction\":[{\"@type\":\"SearchAction\",\"target\":{\"@type\":\"EntryPoint\",\"urlTemplate\":\"https:\/\/lubrimas.pe\/tienda\/?s={search_term_string}\"},\"query-input\":{\"@type\":\"PropertyValueSpecification\",\"valueRequired\":true,\"valueName\":\"search_term_string\"}}],\"inLanguage\":\"es\"},{\"@type\":\"Organization\",\"@id\":\"https:\/\/lubrimas.pe\/tienda\/#organization\",\"name\":\"Lubrimas.pe\",\"url\":\"https:\/\/lubrimas.pe\/tienda\/\",\"logo\":{\"@type\":\"ImageObject\",\"inLanguage\":\"es\",\"@id\":\"https:\/\/lubrimas.pe\/tienda\/#\/schema\/logo\/image\/\",\"url\":\"https:\/\/lubrimas.pe\/tienda\/wp-content\/uploads\/sites\/3\/2022\/07\/BANNERS-PROMO-CYBER-WOW-LUBRIMASPE-2022-07.webp\",\"contentUrl\":\"https:\/\/lubrimas.pe\/tienda\/wp-content\/uploads\/sites\/3\/2022\/07\/BANNERS-PROMO-CYBER-WOW-LUBRIMASPE-2022-07.webp\",\"width\":500,\"height\":752,\"caption\":\"Lubrimas.pe\"},\"image\":{\"@id\":\"https:\/\/lubrimas.pe\/tienda\/#\/schema\/logo\/image\/\"}}]}<\/script>\n<!-- \/ Yoast SEO plugin. -->","yoast_head_json":{"title":"BKR5EKB-11 ( JUEGO DE 4 UNIDADES ) | Lubrimas.pe | Tienda Online","robots":{"index":"index","follow":"follow","max-snippet":"max-snippet:-1","max-image-preview":"max-image-preview:large","max-video-preview":"max-video-preview:-1"},"canonical":"https:\/\/lubrimas.pe\/tienda\/bujias\/bkr5ekb-11-juego-de-4-unidades\/","og_locale":"es_ES","og_type":"article","og_title":"BKR5EKB-11 ( JUEGO DE 4 UNIDADES ) | Lubrimas.pe | Tienda Online","og_description":"NGK BKR5EKB-11 \/ BKR5EKB11 \/ 3967 Buj\u00eda Standard reemplaza OE019 RC10DMC K16TR11 ( 3967 ) Este es el caballo de batalla, el enchufe que est\u00e1 en el coraz\u00f3n de los","og_url":"https:\/\/lubrimas.pe\/tienda\/bujias\/bkr5ekb-11-juego-de-4-unidades\/","og_site_name":"Lubrimas.pe | Tienda Online","article_modified_time":"2024-04-08T17:32:34+00:00","og_image":[{"width":850,"height":1000,"url":"https:\/\/lubrimas.pe\/tienda\/wp-content\/uploads\/sites\/3\/2022\/01\/lubrimas_pe-lubrimasperu-bujia-ngk-bkr5e-11-losolivos-lima-peru.webp","type":"image\/webp"}],"twitter_card":"summary_large_image","twitter_misc":{"Tiempo de lectura":"1 minuto"},"schema":{"@context":"https:\/\/schema.org","@graph":[{"@type":["WebPage","ItemPage"],"@id":"https:\/\/lubrimas.pe\/tienda\/bujias\/bkr5ekb-11-juego-de-4-unidades\/","url":"https:\/\/lubrimas.pe\/tienda\/bujias\/bkr5ekb-11-juego-de-4-unidades\/","name":"BKR5EKB-11 ( JUEGO DE 4 UNIDADES ) | Lubrimas.pe | Tienda Online","isPartOf":{"@id":"https:\/\/lubrimas.pe\/tienda\/#website"},"primaryImageOfPage":{"@id":"https:\/\/lubrimas.pe\/tienda\/bujias\/bkr5ekb-11-juego-de-4-unidades\/#primaryimage"},"image":{"@id":"https:\/\/lubrimas.pe\/tienda\/bujias\/bkr5ekb-11-juego-de-4-unidades\/#primaryimage"},"thumbnailUrl":"https:\/\/lubrimas.pe\/tienda\/wp-content\/uploads\/sites\/3\/2022\/01\/lubrimas_pe-lubrimasperu-bujia-ngk-bkr5e-11-losolivos-lima-peru.webp","datePublished":"2022-01-19T20:34:14+00:00","dateModified":"2024-04-08T17:32:34+00:00","breadcrumb":{"@id":"https:\/\/lubrimas.pe\/tienda\/bujias\/bkr5ekb-11-juego-de-4-unidades\/#breadcrumb"},"inLanguage":"es","potentialAction":[{"@type":"ReadAction","target":["https:\/\/lubrimas.pe\/tienda\/bujias\/bkr5ekb-11-juego-de-4-unidades\/"]}]},{"@type":"ImageObject","inLanguage":"es","@id":"https:\/\/lubrimas.pe\/tienda\/bujias\/bkr5ekb-11-juego-de-4-unidades\/#primaryimage","url":"https:\/\/lubrimas.pe\/tienda\/wp-content\/uploads\/sites\/3\/2022\/01\/lubrimas_pe-lubrimasperu-bujia-ngk-bkr5e-11-losolivos-lima-peru.webp","contentUrl":"https:\/\/lubrimas.pe\/tienda\/wp-content\/uploads\/sites\/3\/2022\/01\/lubrimas_pe-lubrimasperu-bujia-ngk-bkr5e-11-losolivos-lima-peru.webp","width":850,"height":1000},{"@type":"BreadcrumbList","@id":"https:\/\/lubrimas.pe\/tienda\/bujias\/bkr5ekb-11-juego-de-4-unidades\/#breadcrumb","itemListElement":[{"@type":"ListItem","position":1,"name":"Portada","item":"https:\/\/lubrimas.pe\/tienda\/"},{"@type":"ListItem","position":2,"name":"Cat\u00e1logo","item":"https:\/\/lubrimas.pe\/tienda\/productos\/"},{"@type":"ListItem","position":3,"name":"BKR5EKB-11 ( JUEGO DE 4 UNIDADES )"}]},{"@type":"WebSite","@id":"https:\/\/lubrimas.pe\/tienda\/#website","url":"https:\/\/lubrimas.pe\/tienda\/","name":"Lubrimas.pe | Tienda Online","description":"Tus lubricantes favoritos al mejor precio!","publisher":{"@id":"https:\/\/lubrimas.pe\/tienda\/#organization"},"potentialAction":[{"@type":"SearchAction","target":{"@type":"EntryPoint","urlTemplate":"https:\/\/lubrimas.pe\/tienda\/?s={search_term_string}"},"query-input":{"@type":"PropertyValueSpecification","valueRequired":true,"valueName":"search_term_string"}}],"inLanguage":"es"},{"@type":"Organization","@id":"https:\/\/lubrimas.pe\/tienda\/#organization","name":"Lubrimas.pe","url":"https:\/\/lubrimas.pe\/tienda\/","logo":{"@type":"ImageObject","inLanguage":"es","@id":"https:\/\/lubrimas.pe\/tienda\/#\/schema\/logo\/image\/","url":"https:\/\/lubrimas.pe\/tienda\/wp-content\/uploads\/sites\/3\/2022\/07\/BANNERS-PROMO-CYBER-WOW-LUBRIMASPE-2022-07.webp","contentUrl":"https:\/\/lubrimas.pe\/tienda\/wp-content\/uploads\/sites\/3\/2022\/07\/BANNERS-PROMO-CYBER-WOW-LUBRIMASPE-2022-07.webp","width":500,"height":752,"caption":"Lubrimas.pe"},"image":{"@id":"https:\/\/lubrimas.pe\/tienda\/#\/schema\/logo\/image\/"}}]}},"_links":{"self":[{"href":"https:\/\/lubrimas.pe\/tienda\/wp-json\/wp\/v2\/product\/635","targetHints":{"allow":["GET"]}}],"collection":[{"href":"https:\/\/lubrimas.pe\/tienda\/wp-json\/wp\/v2\/product"}],"about":[{"href":"https:\/\/lubrimas.pe\/tienda\/wp-json\/wp\/v2\/types\/product"}],"wp:featuredmedia":[{"embeddable":true,"href":"https:\/\/lubrimas.pe\/tienda\/wp-json\/wp\/v2\/media\/11434"}],"wp:attachment":[{"href":"https:\/\/lubrimas.pe\/tienda\/wp-json\/wp\/v2\/media?parent=635"}],"wp:term":[{"taxonomy":"product_brand","embeddable":true,"href":"https:\/\/lubrimas.pe\/tienda\/wp-json\/wp\/v2\/product_brand?post=635"},{"taxonomy":"product_cat","embeddable":true,"href":"https:\/\/lubrimas.pe\/tienda\/wp-json\/wp\/v2\/product_cat?post=635"},{"taxonomy":"product_tag","embeddable":true,"href":"https:\/\/lubrimas.pe\/tienda\/wp-json\/wp\/v2\/product_tag?post=635"}],"curies":[{"name":"wp","href":"https:\/\/api.w.org\/{rel}","templated":true}]}}