{"id":646,"date":"2022-01-19T20:34:24","date_gmt":"2022-01-19T20:34:24","guid":{"rendered":"https:\/\/lubrimas.pe\/tienda\/?post_type=product&#038;p=646"},"modified":"2025-09-25T16:11:50","modified_gmt":"2025-09-25T21:11:50","slug":"liqui-moly-synthoil-high-tech-5w40","status":"publish","type":"product","link":"https:\/\/lubrimas.pe\/tienda\/aceite-de-motor\/liqui-moly-synthoil-high-tech-5w40\/","title":{"rendered":"LIQUI MOLY SYNTHOIL HIGH TECH 5W40 &#8211; Aceite de Motor"},"content":{"rendered":"<p><strong>LIQUI MOLY SYNTHOIL HIGH TECH 5W40<\/strong> Proporciona una pel\u00edcula lubricante estable. Aceite antifricci\u00f3n sint\u00e9tico para motores. Reduce el consumo de aceite. Garantiza un rendimiento m\u00e1ximo incluso en caso de intervalos de cambio de aceite prolongados. Proporciona una presi\u00f3n de aceite \u00f3ptima en todas las condiciones de servicio. Gracias a su r\u00e1pida lubricaci\u00f3n, el motor estar\u00e1 protegido perfectamente contra el desgaste durante la fase de arranque y calentamiento.<\/p>\n<blockquote><p>LM1855, LM-1855, LM 1855, LM2194, LM-2194, LM 2194, LM1856, LM-1856, LM 1856, LIQUIMOLY, LIQUI MOLY, ADITIVOS LUBRICANTES ALEMANES<\/p><\/blockquote>\n","protected":false},"excerpt":{"rendered":"<p>LIQUI MOLY SYNTHOIL HIGH TECH 5W40 Proporciona una pel\u00edcula lubricante estable. Aceite antifricci\u00f3n sint\u00e9tico para motores. Reduce el consumo de aceite. Garantiza un rendimiento m\u00e1ximo incluso en caso de intervalos<\/p>\n","protected":false},"featured_media":11550,"template":"","meta":[],"product_brand":[],"product_cat":[16,22],"product_tag":[23,24,25],"class_list":{"0":"post-646","1":"product","2":"type-product","3":"status-publish","4":"has-post-thumbnail","6":"product_cat-aceite-de-motor","7":"product_cat-motor-gasolina-gas","8":"product_tag-aditivos-lubricantes-alemanes","9":"product_tag-liqui-moly","10":"product_tag-liquimoly","11":"pa_grado-5w40","12":"pa_marca-liquimoly","13":"pa_ofertas-cyber","15":"first","16":"instock","17":"shipping-taxable","18":"purchasable","19":"product-type-variable","20":"has-default-attributes"},"yoast_head":"<!-- This site is optimized with the Yoast SEO plugin v27.4 - https:\/\/yoast.com\/product\/yoast-seo-wordpress\/ -->\n<title>LIQUI MOLY SYNTHOIL HIGH TECH 5W40 - Aceite de Motor | Lubrimas.pe | Tienda Online<\/title>\n<meta name=\"description\" content=\"LIQUI MOLY 5W40 SYNTHOIL HIGH TECH le garantiza un rendimiento m\u00e1ximo incluso en caso de intervalos de cambio de aceite prolongados.\" \/>\n<meta name=\"robots\" content=\"index, follow, max-snippet:-1, max-image-preview:large, max-video-preview:-1\" \/>\n<link rel=\"canonical\" href=\"https:\/\/lubrimas.pe\/tienda\/aceite-de-motor\/liqui-moly-synthoil-high-tech-5w40\/\" \/>\n<meta property=\"og:locale\" content=\"es_ES\" \/>\n<meta property=\"og:type\" content=\"article\" \/>\n<meta property=\"og:title\" content=\"LIQUI MOLY SYNTHOIL HIGH TECH 5W40 - Aceite de Motor | Lubrimas.pe | Tienda Online\" \/>\n<meta property=\"og:description\" content=\"LIQUI MOLY 5W40 SYNTHOIL HIGH TECH le garantiza un rendimiento m\u00e1ximo incluso en caso de intervalos de cambio de aceite prolongados.\" \/>\n<meta property=\"og:url\" content=\"https:\/\/lubrimas.pe\/tienda\/aceite-de-motor\/liqui-moly-synthoil-high-tech-5w40\/\" \/>\n<meta property=\"og:site_name\" content=\"Lubrimas.pe | Tienda Online\" \/>\n<meta property=\"article:modified_time\" content=\"2025-09-25T21:11:50+00:00\" \/>\n<meta property=\"og:image\" content=\"https:\/\/lubrimas.pe\/tienda\/wp-content\/uploads\/sites\/3\/2022\/02\/lubrimas_pe-lubrimasperu_com-liqui-moly-synthoil-high-tech-5w40-5l-galon-aceite-de-motor-lima-peru-los-olivos.webp\" \/>\n\t<meta property=\"og:image:width\" content=\"850\" \/>\n\t<meta property=\"og:image:height\" content=\"1000\" \/>\n\t<meta property=\"og:image:type\" content=\"image\/webp\" \/>\n<meta name=\"twitter:card\" content=\"summary_large_image\" \/>\n<meta name=\"twitter:label1\" content=\"Tiempo de lectura\" \/>\n\t<meta name=\"twitter:data1\" content=\"1 minuto\" \/>\n<script type=\"application\/ld+json\" class=\"yoast-schema-graph\">{\"@context\":\"https:\\\/\\\/schema.org\",\"@graph\":[{\"@type\":[\"WebPage\",\"ItemPage\"],\"@id\":\"https:\\\/\\\/lubrimas.pe\\\/tienda\\\/aceite-de-motor\\\/liqui-moly-synthoil-high-tech-5w40\\\/\",\"url\":\"https:\\\/\\\/lubrimas.pe\\\/tienda\\\/aceite-de-motor\\\/liqui-moly-synthoil-high-tech-5w40\\\/\",\"name\":\"LIQUI MOLY SYNTHOIL HIGH TECH 5W40 - Aceite de Motor | Lubrimas.pe | Tienda Online\",\"isPartOf\":{\"@id\":\"https:\\\/\\\/lubrimas.pe\\\/tienda\\\/#website\"},\"primaryImageOfPage\":{\"@id\":\"https:\\\/\\\/lubrimas.pe\\\/tienda\\\/aceite-de-motor\\\/liqui-moly-synthoil-high-tech-5w40\\\/#primaryimage\"},\"image\":{\"@id\":\"https:\\\/\\\/lubrimas.pe\\\/tienda\\\/aceite-de-motor\\\/liqui-moly-synthoil-high-tech-5w40\\\/#primaryimage\"},\"thumbnailUrl\":\"https:\\\/\\\/lubrimas.pe\\\/tienda\\\/wp-content\\\/uploads\\\/sites\\\/3\\\/2022\\\/02\\\/lubrimas_pe-lubrimasperu_com-liqui-moly-synthoil-high-tech-5w40-5l-galon-aceite-de-motor-lima-peru-los-olivos.webp\",\"datePublished\":\"2022-01-19T20:34:24+00:00\",\"dateModified\":\"2025-09-25T21:11:50+00:00\",\"description\":\"LIQUI MOLY 5W40 SYNTHOIL HIGH TECH le garantiza un rendimiento m\u00e1ximo incluso en caso de intervalos de cambio de aceite prolongados.\",\"breadcrumb\":{\"@id\":\"https:\\\/\\\/lubrimas.pe\\\/tienda\\\/aceite-de-motor\\\/liqui-moly-synthoil-high-tech-5w40\\\/#breadcrumb\"},\"inLanguage\":\"es\",\"potentialAction\":[{\"@type\":\"ReadAction\",\"target\":[\"https:\\\/\\\/lubrimas.pe\\\/tienda\\\/aceite-de-motor\\\/liqui-moly-synthoil-high-tech-5w40\\\/\"]}]},{\"@type\":\"ImageObject\",\"inLanguage\":\"es\",\"@id\":\"https:\\\/\\\/lubrimas.pe\\\/tienda\\\/aceite-de-motor\\\/liqui-moly-synthoil-high-tech-5w40\\\/#primaryimage\",\"url\":\"https:\\\/\\\/lubrimas.pe\\\/tienda\\\/wp-content\\\/uploads\\\/sites\\\/3\\\/2022\\\/02\\\/lubrimas_pe-lubrimasperu_com-liqui-moly-synthoil-high-tech-5w40-5l-galon-aceite-de-motor-lima-peru-los-olivos.webp\",\"contentUrl\":\"https:\\\/\\\/lubrimas.pe\\\/tienda\\\/wp-content\\\/uploads\\\/sites\\\/3\\\/2022\\\/02\\\/lubrimas_pe-lubrimasperu_com-liqui-moly-synthoil-high-tech-5w40-5l-galon-aceite-de-motor-lima-peru-los-olivos.webp\",\"width\":850,\"height\":1000,\"caption\":\"LIQUI MOLY SYNTHOIL HIGH TECH 5W40\"},{\"@type\":\"BreadcrumbList\",\"@id\":\"https:\\\/\\\/lubrimas.pe\\\/tienda\\\/aceite-de-motor\\\/liqui-moly-synthoil-high-tech-5w40\\\/#breadcrumb\",\"itemListElement\":[{\"@type\":\"ListItem\",\"position\":1,\"name\":\"Portada\",\"item\":\"https:\\\/\\\/lubrimas.pe\\\/tienda\\\/\"},{\"@type\":\"ListItem\",\"position\":2,\"name\":\"Cat\u00e1logo\",\"item\":\"https:\\\/\\\/lubrimas.pe\\\/tienda\\\/productos\\\/\"},{\"@type\":\"ListItem\",\"position\":3,\"name\":\"LIQUI MOLY SYNTHOIL HIGH TECH 5W40 &#8211; Aceite de Motor\"}]},{\"@type\":\"WebSite\",\"@id\":\"https:\\\/\\\/lubrimas.pe\\\/tienda\\\/#website\",\"url\":\"https:\\\/\\\/lubrimas.pe\\\/tienda\\\/\",\"name\":\"Lubrimas.pe | Tienda Online\",\"description\":\"Tus lubricantes favoritos al mejor precio!\",\"publisher\":{\"@id\":\"https:\\\/\\\/lubrimas.pe\\\/tienda\\\/#organization\"},\"potentialAction\":[{\"@type\":\"SearchAction\",\"target\":{\"@type\":\"EntryPoint\",\"urlTemplate\":\"https:\\\/\\\/lubrimas.pe\\\/tienda\\\/?s={search_term_string}\"},\"query-input\":{\"@type\":\"PropertyValueSpecification\",\"valueRequired\":true,\"valueName\":\"search_term_string\"}}],\"inLanguage\":\"es\"},{\"@type\":\"Organization\",\"@id\":\"https:\\\/\\\/lubrimas.pe\\\/tienda\\\/#organization\",\"name\":\"Lubrimas.pe\",\"url\":\"https:\\\/\\\/lubrimas.pe\\\/tienda\\\/\",\"logo\":{\"@type\":\"ImageObject\",\"inLanguage\":\"es\",\"@id\":\"https:\\\/\\\/lubrimas.pe\\\/tienda\\\/#\\\/schema\\\/logo\\\/image\\\/\",\"url\":\"https:\\\/\\\/lubrimas.pe\\\/tienda\\\/wp-content\\\/uploads\\\/sites\\\/3\\\/2022\\\/07\\\/BANNERS-PROMO-CYBER-WOW-LUBRIMASPE-2022-07.webp\",\"contentUrl\":\"https:\\\/\\\/lubrimas.pe\\\/tienda\\\/wp-content\\\/uploads\\\/sites\\\/3\\\/2022\\\/07\\\/BANNERS-PROMO-CYBER-WOW-LUBRIMASPE-2022-07.webp\",\"width\":500,\"height\":752,\"caption\":\"Lubrimas.pe\"},\"image\":{\"@id\":\"https:\\\/\\\/lubrimas.pe\\\/tienda\\\/#\\\/schema\\\/logo\\\/image\\\/\"}}]}<\/script>\n<!-- \/ Yoast SEO plugin. -->","yoast_head_json":{"title":"LIQUI MOLY SYNTHOIL HIGH TECH 5W40 - Aceite de Motor | Lubrimas.pe | Tienda Online","description":"LIQUI MOLY 5W40 SYNTHOIL HIGH TECH le garantiza un rendimiento m\u00e1ximo incluso en caso de intervalos de cambio de aceite prolongados.","robots":{"index":"index","follow":"follow","max-snippet":"max-snippet:-1","max-image-preview":"max-image-preview:large","max-video-preview":"max-video-preview:-1"},"canonical":"https:\/\/lubrimas.pe\/tienda\/aceite-de-motor\/liqui-moly-synthoil-high-tech-5w40\/","og_locale":"es_ES","og_type":"article","og_title":"LIQUI MOLY SYNTHOIL HIGH TECH 5W40 - Aceite de Motor | Lubrimas.pe | Tienda Online","og_description":"LIQUI MOLY 5W40 SYNTHOIL HIGH TECH le garantiza un rendimiento m\u00e1ximo incluso en caso de intervalos de cambio de aceite prolongados.","og_url":"https:\/\/lubrimas.pe\/tienda\/aceite-de-motor\/liqui-moly-synthoil-high-tech-5w40\/","og_site_name":"Lubrimas.pe | Tienda Online","article_modified_time":"2025-09-25T21:11:50+00:00","og_image":[{"width":850,"height":1000,"url":"https:\/\/lubrimas.pe\/tienda\/wp-content\/uploads\/sites\/3\/2022\/02\/lubrimas_pe-lubrimasperu_com-liqui-moly-synthoil-high-tech-5w40-5l-galon-aceite-de-motor-lima-peru-los-olivos.webp","type":"image\/webp"}],"twitter_card":"summary_large_image","twitter_misc":{"Tiempo de lectura":"1 minuto"},"schema":{"@context":"https:\/\/schema.org","@graph":[{"@type":["WebPage","ItemPage"],"@id":"https:\/\/lubrimas.pe\/tienda\/aceite-de-motor\/liqui-moly-synthoil-high-tech-5w40\/","url":"https:\/\/lubrimas.pe\/tienda\/aceite-de-motor\/liqui-moly-synthoil-high-tech-5w40\/","name":"LIQUI MOLY SYNTHOIL HIGH TECH 5W40 - Aceite de Motor | Lubrimas.pe | Tienda Online","isPartOf":{"@id":"https:\/\/lubrimas.pe\/tienda\/#website"},"primaryImageOfPage":{"@id":"https:\/\/lubrimas.pe\/tienda\/aceite-de-motor\/liqui-moly-synthoil-high-tech-5w40\/#primaryimage"},"image":{"@id":"https:\/\/lubrimas.pe\/tienda\/aceite-de-motor\/liqui-moly-synthoil-high-tech-5w40\/#primaryimage"},"thumbnailUrl":"https:\/\/lubrimas.pe\/tienda\/wp-content\/uploads\/sites\/3\/2022\/02\/lubrimas_pe-lubrimasperu_com-liqui-moly-synthoil-high-tech-5w40-5l-galon-aceite-de-motor-lima-peru-los-olivos.webp","datePublished":"2022-01-19T20:34:24+00:00","dateModified":"2025-09-25T21:11:50+00:00","description":"LIQUI MOLY 5W40 SYNTHOIL HIGH TECH le garantiza un rendimiento m\u00e1ximo incluso en caso de intervalos de cambio de aceite prolongados.","breadcrumb":{"@id":"https:\/\/lubrimas.pe\/tienda\/aceite-de-motor\/liqui-moly-synthoil-high-tech-5w40\/#breadcrumb"},"inLanguage":"es","potentialAction":[{"@type":"ReadAction","target":["https:\/\/lubrimas.pe\/tienda\/aceite-de-motor\/liqui-moly-synthoil-high-tech-5w40\/"]}]},{"@type":"ImageObject","inLanguage":"es","@id":"https:\/\/lubrimas.pe\/tienda\/aceite-de-motor\/liqui-moly-synthoil-high-tech-5w40\/#primaryimage","url":"https:\/\/lubrimas.pe\/tienda\/wp-content\/uploads\/sites\/3\/2022\/02\/lubrimas_pe-lubrimasperu_com-liqui-moly-synthoil-high-tech-5w40-5l-galon-aceite-de-motor-lima-peru-los-olivos.webp","contentUrl":"https:\/\/lubrimas.pe\/tienda\/wp-content\/uploads\/sites\/3\/2022\/02\/lubrimas_pe-lubrimasperu_com-liqui-moly-synthoil-high-tech-5w40-5l-galon-aceite-de-motor-lima-peru-los-olivos.webp","width":850,"height":1000,"caption":"LIQUI MOLY SYNTHOIL HIGH TECH 5W40"},{"@type":"BreadcrumbList","@id":"https:\/\/lubrimas.pe\/tienda\/aceite-de-motor\/liqui-moly-synthoil-high-tech-5w40\/#breadcrumb","itemListElement":[{"@type":"ListItem","position":1,"name":"Portada","item":"https:\/\/lubrimas.pe\/tienda\/"},{"@type":"ListItem","position":2,"name":"Cat\u00e1logo","item":"https:\/\/lubrimas.pe\/tienda\/productos\/"},{"@type":"ListItem","position":3,"name":"LIQUI MOLY SYNTHOIL HIGH TECH 5W40 &#8211; Aceite de Motor"}]},{"@type":"WebSite","@id":"https:\/\/lubrimas.pe\/tienda\/#website","url":"https:\/\/lubrimas.pe\/tienda\/","name":"Lubrimas.pe | Tienda Online","description":"Tus lubricantes favoritos al mejor precio!","publisher":{"@id":"https:\/\/lubrimas.pe\/tienda\/#organization"},"potentialAction":[{"@type":"SearchAction","target":{"@type":"EntryPoint","urlTemplate":"https:\/\/lubrimas.pe\/tienda\/?s={search_term_string}"},"query-input":{"@type":"PropertyValueSpecification","valueRequired":true,"valueName":"search_term_string"}}],"inLanguage":"es"},{"@type":"Organization","@id":"https:\/\/lubrimas.pe\/tienda\/#organization","name":"Lubrimas.pe","url":"https:\/\/lubrimas.pe\/tienda\/","logo":{"@type":"ImageObject","inLanguage":"es","@id":"https:\/\/lubrimas.pe\/tienda\/#\/schema\/logo\/image\/","url":"https:\/\/lubrimas.pe\/tienda\/wp-content\/uploads\/sites\/3\/2022\/07\/BANNERS-PROMO-CYBER-WOW-LUBRIMASPE-2022-07.webp","contentUrl":"https:\/\/lubrimas.pe\/tienda\/wp-content\/uploads\/sites\/3\/2022\/07\/BANNERS-PROMO-CYBER-WOW-LUBRIMASPE-2022-07.webp","width":500,"height":752,"caption":"Lubrimas.pe"},"image":{"@id":"https:\/\/lubrimas.pe\/tienda\/#\/schema\/logo\/image\/"}}]}},"_links":{"self":[{"href":"https:\/\/lubrimas.pe\/tienda\/wp-json\/wp\/v2\/product\/646","targetHints":{"allow":["GET"]}}],"collection":[{"href":"https:\/\/lubrimas.pe\/tienda\/wp-json\/wp\/v2\/product"}],"about":[{"href":"https:\/\/lubrimas.pe\/tienda\/wp-json\/wp\/v2\/types\/product"}],"wp:featuredmedia":[{"embeddable":true,"href":"https:\/\/lubrimas.pe\/tienda\/wp-json\/wp\/v2\/media\/11550"}],"wp:attachment":[{"href":"https:\/\/lubrimas.pe\/tienda\/wp-json\/wp\/v2\/media?parent=646"}],"wp:term":[{"taxonomy":"product_brand","embeddable":true,"href":"https:\/\/lubrimas.pe\/tienda\/wp-json\/wp\/v2\/product_brand?post=646"},{"taxonomy":"product_cat","embeddable":true,"href":"https:\/\/lubrimas.pe\/tienda\/wp-json\/wp\/v2\/product_cat?post=646"},{"taxonomy":"product_tag","embeddable":true,"href":"https:\/\/lubrimas.pe\/tienda\/wp-json\/wp\/v2\/product_tag?post=646"}],"curies":[{"name":"wp","href":"https:\/\/api.w.org\/{rel}","templated":true}]}}