{"id":663,"date":"2022-01-19T20:34:26","date_gmt":"2022-01-19T20:34:26","guid":{"rendered":"https:\/\/lubrimas.pe\/tienda\/?post_type=product&#038;p=663"},"modified":"2025-11-28T12:45:36","modified_gmt":"2025-11-28T17:45:36","slug":"motul-multi-dctf-1l","status":"publish","type":"product","link":"https:\/\/lubrimas.pe\/tienda\/aceite-de-caja\/motul-multi-dctf-1l\/","title":{"rendered":"MOTUL MULTI DCTF &#8211; 1L"},"content":{"rendered":"<p><strong>MOTUL MULTI DCTF <\/strong>es un Lubricante Technosynthese de altas prestaciones dise\u00f1ado para las cajas de velocidades autom\u00e1ticas y transmisiones automatizadas de doble embrague del tipo DCT (Dual Cluth Transmission).<br \/>\nRecomendado para la mayor\u00eda de veh\u00edculos equipados con cajas DCT e includo &#8220;Dry&#8221; DCT (doble embrague en seco) y &#8220;Wet&#8221; DCT (doble embrague sumergido).<\/p>\n<p>&nbsp;<\/p>\n","protected":false},"excerpt":{"rendered":"<p>MOTUL MULTI DCTF es un Lubricante Technosynthese de altas prestaciones dise\u00f1ado para las cajas de velocidades autom\u00e1ticas y transmisiones automatizadas de doble embrague del tipo DCT (Dual Cluth Transmission). Recomendado<\/p>\n","protected":false},"featured_media":14960,"template":"","meta":[],"product_brand":[],"product_cat":[27,32,28],"product_tag":[],"class_list":{"0":"post-663","1":"product","2":"type-product","3":"status-publish","4":"has-post-thumbnail","6":"product_cat-aceite-de-caja","7":"product_cat-caja-automatica","8":"product_cat-caja-manual-mecanica","9":"pa_marca-motul","10":"pa_transmision-atf","11":"pa_transmision-multi-atf","13":"first","14":"instock","15":"shipping-taxable","16":"purchasable","17":"product-type-variable","18":"has-default-attributes"},"yoast_head":"<!-- This site is optimized with the Yoast SEO plugin v27.5 - https:\/\/yoast.com\/product\/yoast-seo-wordpress\/ -->\n<title>MOTUL MULTI DCTF - 1L | Lubrimas.pe | Tienda Online<\/title>\n<meta name=\"description\" content=\"MOTUL MULTI DCTF - 1L es un fluido 100% Sint\u00e9tico especialmente dise\u00f1ado para todas las cajas de velocidades Autom\u00e1ticas modernas.\" \/>\n<meta name=\"robots\" content=\"index, follow, max-snippet:-1, max-image-preview:large, max-video-preview:-1\" \/>\n<link rel=\"canonical\" href=\"https:\/\/lubrimas.pe\/tienda\/aceite-de-caja\/motul-multi-dctf-1l\/\" \/>\n<meta property=\"og:locale\" content=\"es_ES\" \/>\n<meta property=\"og:type\" content=\"article\" \/>\n<meta property=\"og:title\" content=\"MOTUL MULTI DCTF - 1L | Lubrimas.pe | Tienda Online\" \/>\n<meta property=\"og:description\" content=\"MOTUL MULTI DCTF - 1L es un fluido 100% Sint\u00e9tico especialmente dise\u00f1ado para todas las cajas de velocidades Autom\u00e1ticas modernas.\" \/>\n<meta property=\"og:url\" content=\"https:\/\/lubrimas.pe\/tienda\/aceite-de-caja\/motul-multi-dctf-1l\/\" \/>\n<meta property=\"og:site_name\" content=\"Lubrimas.pe | Tienda Online\" \/>\n<meta property=\"article:modified_time\" content=\"2025-11-28T17:45:36+00:00\" \/>\n<meta property=\"og:image\" content=\"https:\/\/lubrimas.pe\/tienda\/wp-content\/uploads\/sites\/3\/2022\/01\/MOTUL-MULTI-DCTF.webp\" \/>\n\t<meta property=\"og:image:width\" content=\"850\" \/>\n\t<meta property=\"og:image:height\" content=\"1000\" \/>\n\t<meta property=\"og:image:type\" content=\"image\/webp\" \/>\n<meta name=\"twitter:card\" content=\"summary_large_image\" \/>\n<meta name=\"twitter:label1\" content=\"Tiempo de lectura\" \/>\n\t<meta name=\"twitter:data1\" content=\"1 minuto\" \/>\n<script type=\"application\/ld+json\" class=\"yoast-schema-graph\">{\"@context\":\"https:\\\/\\\/schema.org\",\"@graph\":[{\"@type\":[\"WebPage\",\"ItemPage\"],\"@id\":\"https:\\\/\\\/lubrimas.pe\\\/tienda\\\/aceite-de-caja\\\/motul-multi-dctf-1l\\\/\",\"url\":\"https:\\\/\\\/lubrimas.pe\\\/tienda\\\/aceite-de-caja\\\/motul-multi-dctf-1l\\\/\",\"name\":\"MOTUL MULTI DCTF - 1L | Lubrimas.pe | Tienda Online\",\"isPartOf\":{\"@id\":\"https:\\\/\\\/lubrimas.pe\\\/tienda\\\/#website\"},\"primaryImageOfPage\":{\"@id\":\"https:\\\/\\\/lubrimas.pe\\\/tienda\\\/aceite-de-caja\\\/motul-multi-dctf-1l\\\/#primaryimage\"},\"image\":{\"@id\":\"https:\\\/\\\/lubrimas.pe\\\/tienda\\\/aceite-de-caja\\\/motul-multi-dctf-1l\\\/#primaryimage\"},\"thumbnailUrl\":\"https:\\\/\\\/lubrimas.pe\\\/tienda\\\/wp-content\\\/uploads\\\/sites\\\/3\\\/2022\\\/01\\\/MOTUL-MULTI-DCTF.webp\",\"datePublished\":\"2022-01-19T20:34:26+00:00\",\"dateModified\":\"2025-11-28T17:45:36+00:00\",\"description\":\"MOTUL MULTI DCTF - 1L es un fluido 100% Sint\u00e9tico especialmente dise\u00f1ado para todas las cajas de velocidades Autom\u00e1ticas modernas.\",\"breadcrumb\":{\"@id\":\"https:\\\/\\\/lubrimas.pe\\\/tienda\\\/aceite-de-caja\\\/motul-multi-dctf-1l\\\/#breadcrumb\"},\"inLanguage\":\"es\",\"potentialAction\":[{\"@type\":\"ReadAction\",\"target\":[\"https:\\\/\\\/lubrimas.pe\\\/tienda\\\/aceite-de-caja\\\/motul-multi-dctf-1l\\\/\"]}]},{\"@type\":\"ImageObject\",\"inLanguage\":\"es\",\"@id\":\"https:\\\/\\\/lubrimas.pe\\\/tienda\\\/aceite-de-caja\\\/motul-multi-dctf-1l\\\/#primaryimage\",\"url\":\"https:\\\/\\\/lubrimas.pe\\\/tienda\\\/wp-content\\\/uploads\\\/sites\\\/3\\\/2022\\\/01\\\/MOTUL-MULTI-DCTF.webp\",\"contentUrl\":\"https:\\\/\\\/lubrimas.pe\\\/tienda\\\/wp-content\\\/uploads\\\/sites\\\/3\\\/2022\\\/01\\\/MOTUL-MULTI-DCTF.webp\",\"width\":850,\"height\":1000},{\"@type\":\"BreadcrumbList\",\"@id\":\"https:\\\/\\\/lubrimas.pe\\\/tienda\\\/aceite-de-caja\\\/motul-multi-dctf-1l\\\/#breadcrumb\",\"itemListElement\":[{\"@type\":\"ListItem\",\"position\":1,\"name\":\"Portada\",\"item\":\"https:\\\/\\\/lubrimas.pe\\\/tienda\\\/\"},{\"@type\":\"ListItem\",\"position\":2,\"name\":\"Cat\u00e1logo\",\"item\":\"https:\\\/\\\/lubrimas.pe\\\/tienda\\\/productos\\\/\"},{\"@type\":\"ListItem\",\"position\":3,\"name\":\"MOTUL MULTI DCTF &#8211; 1L\"}]},{\"@type\":\"WebSite\",\"@id\":\"https:\\\/\\\/lubrimas.pe\\\/tienda\\\/#website\",\"url\":\"https:\\\/\\\/lubrimas.pe\\\/tienda\\\/\",\"name\":\"Lubrimas.pe | Tienda Online\",\"description\":\"Tus lubricantes favoritos al mejor precio!\",\"publisher\":{\"@id\":\"https:\\\/\\\/lubrimas.pe\\\/tienda\\\/#organization\"},\"potentialAction\":[{\"@type\":\"SearchAction\",\"target\":{\"@type\":\"EntryPoint\",\"urlTemplate\":\"https:\\\/\\\/lubrimas.pe\\\/tienda\\\/?s={search_term_string}\"},\"query-input\":{\"@type\":\"PropertyValueSpecification\",\"valueRequired\":true,\"valueName\":\"search_term_string\"}}],\"inLanguage\":\"es\"},{\"@type\":\"Organization\",\"@id\":\"https:\\\/\\\/lubrimas.pe\\\/tienda\\\/#organization\",\"name\":\"Lubrimas.pe\",\"url\":\"https:\\\/\\\/lubrimas.pe\\\/tienda\\\/\",\"logo\":{\"@type\":\"ImageObject\",\"inLanguage\":\"es\",\"@id\":\"https:\\\/\\\/lubrimas.pe\\\/tienda\\\/#\\\/schema\\\/logo\\\/image\\\/\",\"url\":\"https:\\\/\\\/lubrimas.pe\\\/tienda\\\/wp-content\\\/uploads\\\/sites\\\/3\\\/2022\\\/07\\\/BANNERS-PROMO-CYBER-WOW-LUBRIMASPE-2022-07.webp\",\"contentUrl\":\"https:\\\/\\\/lubrimas.pe\\\/tienda\\\/wp-content\\\/uploads\\\/sites\\\/3\\\/2022\\\/07\\\/BANNERS-PROMO-CYBER-WOW-LUBRIMASPE-2022-07.webp\",\"width\":500,\"height\":752,\"caption\":\"Lubrimas.pe\"},\"image\":{\"@id\":\"https:\\\/\\\/lubrimas.pe\\\/tienda\\\/#\\\/schema\\\/logo\\\/image\\\/\"}}]}<\/script>\n<!-- \/ Yoast SEO plugin. -->","yoast_head_json":{"title":"MOTUL MULTI DCTF - 1L | Lubrimas.pe | Tienda Online","description":"MOTUL MULTI DCTF - 1L es un fluido 100% Sint\u00e9tico especialmente dise\u00f1ado para todas las cajas de velocidades Autom\u00e1ticas modernas.","robots":{"index":"index","follow":"follow","max-snippet":"max-snippet:-1","max-image-preview":"max-image-preview:large","max-video-preview":"max-video-preview:-1"},"canonical":"https:\/\/lubrimas.pe\/tienda\/aceite-de-caja\/motul-multi-dctf-1l\/","og_locale":"es_ES","og_type":"article","og_title":"MOTUL MULTI DCTF - 1L | Lubrimas.pe | Tienda Online","og_description":"MOTUL MULTI DCTF - 1L es un fluido 100% Sint\u00e9tico especialmente dise\u00f1ado para todas las cajas de velocidades Autom\u00e1ticas modernas.","og_url":"https:\/\/lubrimas.pe\/tienda\/aceite-de-caja\/motul-multi-dctf-1l\/","og_site_name":"Lubrimas.pe | Tienda Online","article_modified_time":"2025-11-28T17:45:36+00:00","og_image":[{"width":850,"height":1000,"url":"https:\/\/lubrimas.pe\/tienda\/wp-content\/uploads\/sites\/3\/2022\/01\/MOTUL-MULTI-DCTF.webp","type":"image\/webp"}],"twitter_card":"summary_large_image","twitter_misc":{"Tiempo de lectura":"1 minuto"},"schema":{"@context":"https:\/\/schema.org","@graph":[{"@type":["WebPage","ItemPage"],"@id":"https:\/\/lubrimas.pe\/tienda\/aceite-de-caja\/motul-multi-dctf-1l\/","url":"https:\/\/lubrimas.pe\/tienda\/aceite-de-caja\/motul-multi-dctf-1l\/","name":"MOTUL MULTI DCTF - 1L | Lubrimas.pe | Tienda Online","isPartOf":{"@id":"https:\/\/lubrimas.pe\/tienda\/#website"},"primaryImageOfPage":{"@id":"https:\/\/lubrimas.pe\/tienda\/aceite-de-caja\/motul-multi-dctf-1l\/#primaryimage"},"image":{"@id":"https:\/\/lubrimas.pe\/tienda\/aceite-de-caja\/motul-multi-dctf-1l\/#primaryimage"},"thumbnailUrl":"https:\/\/lubrimas.pe\/tienda\/wp-content\/uploads\/sites\/3\/2022\/01\/MOTUL-MULTI-DCTF.webp","datePublished":"2022-01-19T20:34:26+00:00","dateModified":"2025-11-28T17:45:36+00:00","description":"MOTUL MULTI DCTF - 1L es un fluido 100% Sint\u00e9tico especialmente dise\u00f1ado para todas las cajas de velocidades Autom\u00e1ticas modernas.","breadcrumb":{"@id":"https:\/\/lubrimas.pe\/tienda\/aceite-de-caja\/motul-multi-dctf-1l\/#breadcrumb"},"inLanguage":"es","potentialAction":[{"@type":"ReadAction","target":["https:\/\/lubrimas.pe\/tienda\/aceite-de-caja\/motul-multi-dctf-1l\/"]}]},{"@type":"ImageObject","inLanguage":"es","@id":"https:\/\/lubrimas.pe\/tienda\/aceite-de-caja\/motul-multi-dctf-1l\/#primaryimage","url":"https:\/\/lubrimas.pe\/tienda\/wp-content\/uploads\/sites\/3\/2022\/01\/MOTUL-MULTI-DCTF.webp","contentUrl":"https:\/\/lubrimas.pe\/tienda\/wp-content\/uploads\/sites\/3\/2022\/01\/MOTUL-MULTI-DCTF.webp","width":850,"height":1000},{"@type":"BreadcrumbList","@id":"https:\/\/lubrimas.pe\/tienda\/aceite-de-caja\/motul-multi-dctf-1l\/#breadcrumb","itemListElement":[{"@type":"ListItem","position":1,"name":"Portada","item":"https:\/\/lubrimas.pe\/tienda\/"},{"@type":"ListItem","position":2,"name":"Cat\u00e1logo","item":"https:\/\/lubrimas.pe\/tienda\/productos\/"},{"@type":"ListItem","position":3,"name":"MOTUL MULTI DCTF &#8211; 1L"}]},{"@type":"WebSite","@id":"https:\/\/lubrimas.pe\/tienda\/#website","url":"https:\/\/lubrimas.pe\/tienda\/","name":"Lubrimas.pe | Tienda Online","description":"Tus lubricantes favoritos al mejor precio!","publisher":{"@id":"https:\/\/lubrimas.pe\/tienda\/#organization"},"potentialAction":[{"@type":"SearchAction","target":{"@type":"EntryPoint","urlTemplate":"https:\/\/lubrimas.pe\/tienda\/?s={search_term_string}"},"query-input":{"@type":"PropertyValueSpecification","valueRequired":true,"valueName":"search_term_string"}}],"inLanguage":"es"},{"@type":"Organization","@id":"https:\/\/lubrimas.pe\/tienda\/#organization","name":"Lubrimas.pe","url":"https:\/\/lubrimas.pe\/tienda\/","logo":{"@type":"ImageObject","inLanguage":"es","@id":"https:\/\/lubrimas.pe\/tienda\/#\/schema\/logo\/image\/","url":"https:\/\/lubrimas.pe\/tienda\/wp-content\/uploads\/sites\/3\/2022\/07\/BANNERS-PROMO-CYBER-WOW-LUBRIMASPE-2022-07.webp","contentUrl":"https:\/\/lubrimas.pe\/tienda\/wp-content\/uploads\/sites\/3\/2022\/07\/BANNERS-PROMO-CYBER-WOW-LUBRIMASPE-2022-07.webp","width":500,"height":752,"caption":"Lubrimas.pe"},"image":{"@id":"https:\/\/lubrimas.pe\/tienda\/#\/schema\/logo\/image\/"}}]}},"_links":{"self":[{"href":"https:\/\/lubrimas.pe\/tienda\/wp-json\/wp\/v2\/product\/663","targetHints":{"allow":["GET"]}}],"collection":[{"href":"https:\/\/lubrimas.pe\/tienda\/wp-json\/wp\/v2\/product"}],"about":[{"href":"https:\/\/lubrimas.pe\/tienda\/wp-json\/wp\/v2\/types\/product"}],"wp:featuredmedia":[{"embeddable":true,"href":"https:\/\/lubrimas.pe\/tienda\/wp-json\/wp\/v2\/media\/14960"}],"wp:attachment":[{"href":"https:\/\/lubrimas.pe\/tienda\/wp-json\/wp\/v2\/media?parent=663"}],"wp:term":[{"taxonomy":"product_brand","embeddable":true,"href":"https:\/\/lubrimas.pe\/tienda\/wp-json\/wp\/v2\/product_brand?post=663"},{"taxonomy":"product_cat","embeddable":true,"href":"https:\/\/lubrimas.pe\/tienda\/wp-json\/wp\/v2\/product_cat?post=663"},{"taxonomy":"product_tag","embeddable":true,"href":"https:\/\/lubrimas.pe\/tienda\/wp-json\/wp\/v2\/product_tag?post=663"}],"curies":[{"name":"wp","href":"https:\/\/api.w.org\/{rel}","templated":true}]}}