{"id":665,"date":"2022-01-19T20:34:26","date_gmt":"2022-01-20T01:34:26","guid":{"rendered":"https:\/\/lubrimas.pe\/tienda\/?post_type=product&#038;p=665"},"modified":"2025-12-03T16:25:43","modified_gmt":"2025-12-03T21:25:43","slug":"liqui-moly-ceratec","status":"publish","type":"product","link":"https:\/\/lubrimas.pe\/tienda\/aditivos\/liqui-moly-ceratec\/","title":{"rendered":"LIQUI MOLY CERA TEC &#8211; Aditivo de protecci\u00f3n antidesgaste"},"content":{"rendered":"<div class=\"accordion-content\"><strong>LIQUI MOLY CERA TEC<\/strong> es un producto de protecci\u00f3n antidesgaste de alta tecnolog\u00eda con part\u00edculas de cer\u00e1mica que se puede mezclar con todos los aceites de uso corriente. CERA TEC reduce la fricci\u00f3n y el desgaste gracias a la alt\u00edsima resistencia qu\u00edmica y t\u00e9rmica de los compuestos de la cer\u00e1mica. Evita el contacto directo del metal con el metal y prolonga la vida \u00fatil de los grupos. Su efecto antifricci\u00f3n reduce el consumo de combustible en los motores de gasolina y di\u00e9sel. Protecci\u00f3n antidesgaste para mo to res, transmisiones, bombas y compre sores. CERA TEC se a\u00f1ade al aceite correspondiente y es auto mezclante. Cantidad suficiente para 5 litros de volumen de aceite. De acci\u00f3n prolongada para 50.000 km. No apto para la utilizaci\u00f3n con em bragues en ba\u00f1o de aceite.<\/div>\n<div>\n<p>&nbsp;<\/p>\n<blockquote><p><strong>LM3721, LM-3721, LM 3721<\/strong>, LIQUIMOLY, LIQUI MOLY, ADTIVOS LUBRICANTES ALEMANES, CERATEC, CERA TEC, LM3721, LM-3721, LM 3721, ANTIDESGASTE, ANTI DESGASTE, ANTIFRICCI\u00d3N, ANTI FRICTIVO, ANTIFRICTIVO, MOLICRAFT<\/p><\/blockquote>\n<\/div>\n","protected":false},"excerpt":{"rendered":"<p>LIQUI MOLY CERA TEC es un producto de protecci\u00f3n antidesgaste de alta tecnolog\u00eda con part\u00edculas de cer\u00e1mica que se puede mezclar con todos los aceites de uso corriente. CERA TEC<\/p>\n","protected":false},"featured_media":11556,"template":"","meta":[],"product_brand":[],"product_cat":[152],"product_tag":[24,25],"class_list":{"0":"post-665","1":"product","2":"type-product","3":"status-publish","4":"has-post-thumbnail","6":"product_cat-aditivos","7":"product_tag-liqui-moly","8":"product_tag-liquimoly","9":"pa_marca-liquimoly","10":"pa_ofertas-cyber","12":"first","13":"instock","14":"shipping-taxable","15":"purchasable","16":"product-type-variable","17":"has-default-attributes"},"yoast_head":"<!-- This site is optimized with the Yoast SEO plugin v27.4 - https:\/\/yoast.com\/product\/yoast-seo-wordpress\/ -->\n<title>LIQUI MOLY CERA TEC - Aditivo de protecci\u00f3n antidesgaste | LUBRIMAS PERU<\/title>\n<meta name=\"description\" content=\"Elimina los dep\u00f3sitos del sistema de inyecci\u00f3n di\u00e9sel y la c\u00e1mara de combusti\u00f3n y evita que se vuelvan a formar.\" \/>\n<meta name=\"robots\" content=\"index, follow, max-snippet:-1, max-image-preview:large, max-video-preview:-1\" \/>\n<link rel=\"canonical\" href=\"https:\/\/lubrimas.pe\/tienda\/aditivos\/liqui-moly-ceratec\/\" \/>\n<meta property=\"og:locale\" content=\"es_ES\" \/>\n<meta property=\"og:type\" content=\"article\" \/>\n<meta property=\"og:title\" content=\"LIQUI MOLY CERA TEC - Aditivo de protecci\u00f3n antidesgaste | LUBRIMAS PERU\" \/>\n<meta property=\"og:description\" content=\"Elimina los dep\u00f3sitos del sistema de inyecci\u00f3n di\u00e9sel y la c\u00e1mara de combusti\u00f3n y evita que se vuelvan a formar.\" \/>\n<meta property=\"og:url\" content=\"https:\/\/lubrimas.pe\/tienda\/aditivos\/liqui-moly-ceratec\/\" \/>\n<meta property=\"og:site_name\" content=\"Lubrimas.pe | Tienda Online\" \/>\n<meta property=\"article:modified_time\" content=\"2025-12-03T21:25:43+00:00\" \/>\n<meta property=\"og:image\" content=\"https:\/\/lubrimas.pe\/tienda\/wp-content\/uploads\/sites\/3\/2022\/01\/lubrimas_pe-lubrimasperu_com-liqui-moly-aditivo-motor-limpieza-ceratec-lima-peru-los-olivos.webp\" \/>\n\t<meta property=\"og:image:width\" content=\"850\" \/>\n\t<meta property=\"og:image:height\" content=\"1000\" \/>\n\t<meta property=\"og:image:type\" content=\"image\/webp\" \/>\n<meta name=\"twitter:card\" content=\"summary_large_image\" \/>\n<meta name=\"twitter:label1\" content=\"Tiempo de lectura\" \/>\n\t<meta name=\"twitter:data1\" content=\"1 minuto\" \/>\n<script type=\"application\/ld+json\" class=\"yoast-schema-graph\">{\"@context\":\"https:\\\/\\\/schema.org\",\"@graph\":[{\"@type\":[\"WebPage\",\"ItemPage\"],\"@id\":\"https:\\\/\\\/lubrimas.pe\\\/tienda\\\/aditivos\\\/liqui-moly-ceratec\\\/\",\"url\":\"https:\\\/\\\/lubrimas.pe\\\/tienda\\\/aditivos\\\/liqui-moly-ceratec\\\/\",\"name\":\"LIQUI MOLY CERA TEC - Aditivo de protecci\u00f3n antidesgaste | LUBRIMAS PERU\",\"isPartOf\":{\"@id\":\"https:\\\/\\\/lubrimas.pe\\\/tienda\\\/#website\"},\"primaryImageOfPage\":{\"@id\":\"https:\\\/\\\/lubrimas.pe\\\/tienda\\\/aditivos\\\/liqui-moly-ceratec\\\/#primaryimage\"},\"image\":{\"@id\":\"https:\\\/\\\/lubrimas.pe\\\/tienda\\\/aditivos\\\/liqui-moly-ceratec\\\/#primaryimage\"},\"thumbnailUrl\":\"https:\\\/\\\/lubrimas.pe\\\/tienda\\\/wp-content\\\/uploads\\\/sites\\\/3\\\/2022\\\/01\\\/lubrimas_pe-lubrimasperu_com-liqui-moly-aditivo-motor-limpieza-ceratec-lima-peru-los-olivos.webp\",\"datePublished\":\"2022-01-20T01:34:26+00:00\",\"dateModified\":\"2025-12-03T21:25:43+00:00\",\"description\":\"Elimina los dep\u00f3sitos del sistema de inyecci\u00f3n di\u00e9sel y la c\u00e1mara de combusti\u00f3n y evita que se vuelvan a formar.\",\"breadcrumb\":{\"@id\":\"https:\\\/\\\/lubrimas.pe\\\/tienda\\\/aditivos\\\/liqui-moly-ceratec\\\/#breadcrumb\"},\"inLanguage\":\"es\",\"potentialAction\":[{\"@type\":\"ReadAction\",\"target\":[\"https:\\\/\\\/lubrimas.pe\\\/tienda\\\/aditivos\\\/liqui-moly-ceratec\\\/\"]}]},{\"@type\":\"ImageObject\",\"inLanguage\":\"es\",\"@id\":\"https:\\\/\\\/lubrimas.pe\\\/tienda\\\/aditivos\\\/liqui-moly-ceratec\\\/#primaryimage\",\"url\":\"https:\\\/\\\/lubrimas.pe\\\/tienda\\\/wp-content\\\/uploads\\\/sites\\\/3\\\/2022\\\/01\\\/lubrimas_pe-lubrimasperu_com-liqui-moly-aditivo-motor-limpieza-ceratec-lima-peru-los-olivos.webp\",\"contentUrl\":\"https:\\\/\\\/lubrimas.pe\\\/tienda\\\/wp-content\\\/uploads\\\/sites\\\/3\\\/2022\\\/01\\\/lubrimas_pe-lubrimasperu_com-liqui-moly-aditivo-motor-limpieza-ceratec-lima-peru-los-olivos.webp\",\"width\":850,\"height\":1000},{\"@type\":\"BreadcrumbList\",\"@id\":\"https:\\\/\\\/lubrimas.pe\\\/tienda\\\/aditivos\\\/liqui-moly-ceratec\\\/#breadcrumb\",\"itemListElement\":[{\"@type\":\"ListItem\",\"position\":1,\"name\":\"Portada\",\"item\":\"https:\\\/\\\/lubrimas.pe\\\/tienda\\\/\"},{\"@type\":\"ListItem\",\"position\":2,\"name\":\"Cat\u00e1logo\",\"item\":\"https:\\\/\\\/lubrimas.pe\\\/tienda\\\/productos\\\/\"},{\"@type\":\"ListItem\",\"position\":3,\"name\":\"LIQUI MOLY CERA TEC &#8211; Aditivo de protecci\u00f3n antidesgaste\"}]},{\"@type\":\"WebSite\",\"@id\":\"https:\\\/\\\/lubrimas.pe\\\/tienda\\\/#website\",\"url\":\"https:\\\/\\\/lubrimas.pe\\\/tienda\\\/\",\"name\":\"Lubrimas.pe | Tienda Online\",\"description\":\"Tus lubricantes favoritos al mejor precio!\",\"publisher\":{\"@id\":\"https:\\\/\\\/lubrimas.pe\\\/tienda\\\/#organization\"},\"potentialAction\":[{\"@type\":\"SearchAction\",\"target\":{\"@type\":\"EntryPoint\",\"urlTemplate\":\"https:\\\/\\\/lubrimas.pe\\\/tienda\\\/?s={search_term_string}\"},\"query-input\":{\"@type\":\"PropertyValueSpecification\",\"valueRequired\":true,\"valueName\":\"search_term_string\"}}],\"inLanguage\":\"es\"},{\"@type\":\"Organization\",\"@id\":\"https:\\\/\\\/lubrimas.pe\\\/tienda\\\/#organization\",\"name\":\"Lubrimas.pe\",\"url\":\"https:\\\/\\\/lubrimas.pe\\\/tienda\\\/\",\"logo\":{\"@type\":\"ImageObject\",\"inLanguage\":\"es\",\"@id\":\"https:\\\/\\\/lubrimas.pe\\\/tienda\\\/#\\\/schema\\\/logo\\\/image\\\/\",\"url\":\"https:\\\/\\\/lubrimas.pe\\\/tienda\\\/wp-content\\\/uploads\\\/sites\\\/3\\\/2022\\\/07\\\/BANNERS-PROMO-CYBER-WOW-LUBRIMASPE-2022-07.webp\",\"contentUrl\":\"https:\\\/\\\/lubrimas.pe\\\/tienda\\\/wp-content\\\/uploads\\\/sites\\\/3\\\/2022\\\/07\\\/BANNERS-PROMO-CYBER-WOW-LUBRIMASPE-2022-07.webp\",\"width\":500,\"height\":752,\"caption\":\"Lubrimas.pe\"},\"image\":{\"@id\":\"https:\\\/\\\/lubrimas.pe\\\/tienda\\\/#\\\/schema\\\/logo\\\/image\\\/\"}}]}<\/script>\n<!-- \/ Yoast SEO plugin. -->","yoast_head_json":{"title":"LIQUI MOLY CERA TEC - Aditivo de protecci\u00f3n antidesgaste | LUBRIMAS PERU","description":"Elimina los dep\u00f3sitos del sistema de inyecci\u00f3n di\u00e9sel y la c\u00e1mara de combusti\u00f3n y evita que se vuelvan a formar.","robots":{"index":"index","follow":"follow","max-snippet":"max-snippet:-1","max-image-preview":"max-image-preview:large","max-video-preview":"max-video-preview:-1"},"canonical":"https:\/\/lubrimas.pe\/tienda\/aditivos\/liqui-moly-ceratec\/","og_locale":"es_ES","og_type":"article","og_title":"LIQUI MOLY CERA TEC - Aditivo de protecci\u00f3n antidesgaste | LUBRIMAS PERU","og_description":"Elimina los dep\u00f3sitos del sistema de inyecci\u00f3n di\u00e9sel y la c\u00e1mara de combusti\u00f3n y evita que se vuelvan a formar.","og_url":"https:\/\/lubrimas.pe\/tienda\/aditivos\/liqui-moly-ceratec\/","og_site_name":"Lubrimas.pe | Tienda Online","article_modified_time":"2025-12-03T21:25:43+00:00","og_image":[{"width":850,"height":1000,"url":"https:\/\/lubrimas.pe\/tienda\/wp-content\/uploads\/sites\/3\/2022\/01\/lubrimas_pe-lubrimasperu_com-liqui-moly-aditivo-motor-limpieza-ceratec-lima-peru-los-olivos.webp","type":"image\/webp"}],"twitter_card":"summary_large_image","twitter_misc":{"Tiempo de lectura":"1 minuto"},"schema":{"@context":"https:\/\/schema.org","@graph":[{"@type":["WebPage","ItemPage"],"@id":"https:\/\/lubrimas.pe\/tienda\/aditivos\/liqui-moly-ceratec\/","url":"https:\/\/lubrimas.pe\/tienda\/aditivos\/liqui-moly-ceratec\/","name":"LIQUI MOLY CERA TEC - Aditivo de protecci\u00f3n antidesgaste | LUBRIMAS PERU","isPartOf":{"@id":"https:\/\/lubrimas.pe\/tienda\/#website"},"primaryImageOfPage":{"@id":"https:\/\/lubrimas.pe\/tienda\/aditivos\/liqui-moly-ceratec\/#primaryimage"},"image":{"@id":"https:\/\/lubrimas.pe\/tienda\/aditivos\/liqui-moly-ceratec\/#primaryimage"},"thumbnailUrl":"https:\/\/lubrimas.pe\/tienda\/wp-content\/uploads\/sites\/3\/2022\/01\/lubrimas_pe-lubrimasperu_com-liqui-moly-aditivo-motor-limpieza-ceratec-lima-peru-los-olivos.webp","datePublished":"2022-01-20T01:34:26+00:00","dateModified":"2025-12-03T21:25:43+00:00","description":"Elimina los dep\u00f3sitos del sistema de inyecci\u00f3n di\u00e9sel y la c\u00e1mara de combusti\u00f3n y evita que se vuelvan a formar.","breadcrumb":{"@id":"https:\/\/lubrimas.pe\/tienda\/aditivos\/liqui-moly-ceratec\/#breadcrumb"},"inLanguage":"es","potentialAction":[{"@type":"ReadAction","target":["https:\/\/lubrimas.pe\/tienda\/aditivos\/liqui-moly-ceratec\/"]}]},{"@type":"ImageObject","inLanguage":"es","@id":"https:\/\/lubrimas.pe\/tienda\/aditivos\/liqui-moly-ceratec\/#primaryimage","url":"https:\/\/lubrimas.pe\/tienda\/wp-content\/uploads\/sites\/3\/2022\/01\/lubrimas_pe-lubrimasperu_com-liqui-moly-aditivo-motor-limpieza-ceratec-lima-peru-los-olivos.webp","contentUrl":"https:\/\/lubrimas.pe\/tienda\/wp-content\/uploads\/sites\/3\/2022\/01\/lubrimas_pe-lubrimasperu_com-liqui-moly-aditivo-motor-limpieza-ceratec-lima-peru-los-olivos.webp","width":850,"height":1000},{"@type":"BreadcrumbList","@id":"https:\/\/lubrimas.pe\/tienda\/aditivos\/liqui-moly-ceratec\/#breadcrumb","itemListElement":[{"@type":"ListItem","position":1,"name":"Portada","item":"https:\/\/lubrimas.pe\/tienda\/"},{"@type":"ListItem","position":2,"name":"Cat\u00e1logo","item":"https:\/\/lubrimas.pe\/tienda\/productos\/"},{"@type":"ListItem","position":3,"name":"LIQUI MOLY CERA TEC &#8211; Aditivo de protecci\u00f3n antidesgaste"}]},{"@type":"WebSite","@id":"https:\/\/lubrimas.pe\/tienda\/#website","url":"https:\/\/lubrimas.pe\/tienda\/","name":"Lubrimas.pe | Tienda Online","description":"Tus lubricantes favoritos al mejor precio!","publisher":{"@id":"https:\/\/lubrimas.pe\/tienda\/#organization"},"potentialAction":[{"@type":"SearchAction","target":{"@type":"EntryPoint","urlTemplate":"https:\/\/lubrimas.pe\/tienda\/?s={search_term_string}"},"query-input":{"@type":"PropertyValueSpecification","valueRequired":true,"valueName":"search_term_string"}}],"inLanguage":"es"},{"@type":"Organization","@id":"https:\/\/lubrimas.pe\/tienda\/#organization","name":"Lubrimas.pe","url":"https:\/\/lubrimas.pe\/tienda\/","logo":{"@type":"ImageObject","inLanguage":"es","@id":"https:\/\/lubrimas.pe\/tienda\/#\/schema\/logo\/image\/","url":"https:\/\/lubrimas.pe\/tienda\/wp-content\/uploads\/sites\/3\/2022\/07\/BANNERS-PROMO-CYBER-WOW-LUBRIMASPE-2022-07.webp","contentUrl":"https:\/\/lubrimas.pe\/tienda\/wp-content\/uploads\/sites\/3\/2022\/07\/BANNERS-PROMO-CYBER-WOW-LUBRIMASPE-2022-07.webp","width":500,"height":752,"caption":"Lubrimas.pe"},"image":{"@id":"https:\/\/lubrimas.pe\/tienda\/#\/schema\/logo\/image\/"}}]}},"_links":{"self":[{"href":"https:\/\/lubrimas.pe\/tienda\/wp-json\/wp\/v2\/product\/665","targetHints":{"allow":["GET"]}}],"collection":[{"href":"https:\/\/lubrimas.pe\/tienda\/wp-json\/wp\/v2\/product"}],"about":[{"href":"https:\/\/lubrimas.pe\/tienda\/wp-json\/wp\/v2\/types\/product"}],"wp:featuredmedia":[{"embeddable":true,"href":"https:\/\/lubrimas.pe\/tienda\/wp-json\/wp\/v2\/media\/11556"}],"wp:attachment":[{"href":"https:\/\/lubrimas.pe\/tienda\/wp-json\/wp\/v2\/media?parent=665"}],"wp:term":[{"taxonomy":"product_brand","embeddable":true,"href":"https:\/\/lubrimas.pe\/tienda\/wp-json\/wp\/v2\/product_brand?post=665"},{"taxonomy":"product_cat","embeddable":true,"href":"https:\/\/lubrimas.pe\/tienda\/wp-json\/wp\/v2\/product_cat?post=665"},{"taxonomy":"product_tag","embeddable":true,"href":"https:\/\/lubrimas.pe\/tienda\/wp-json\/wp\/v2\/product_tag?post=665"}],"curies":[{"name":"wp","href":"https:\/\/api.w.org\/{rel}","templated":true}]}}