{"id":677,"date":"2022-01-19T20:34:48","date_gmt":"2022-01-19T20:34:48","guid":{"rendered":"https:\/\/lubrimas.pe\/tienda\/?post_type=product&#038;p=677"},"modified":"2026-04-09T12:15:21","modified_gmt":"2026-04-09T17:15:21","slug":"liqui-moly-special-tec-aa-0w20","status":"publish","type":"product","link":"https:\/\/lubrimas.pe\/tienda\/aceite-de-motor\/liqui-moly-special-tec-aa-0w20\/","title":{"rendered":"LIQUI MOLY SPECIAL TEC AA 0W20 &#8211; Aceite de Motor"},"content":{"rendered":"<p><strong>LIQUI MOLY SPECIAL TEC AA 0W20<\/strong> es un a<span class=\"value\">ceite de motor antifricci\u00f3n moderno de m\u00e1xima categor\u00eda especialmente desarrollado para el uso durante todo el a\u00f1o en veh\u00edculos asi\u00e1ticos y americanos. La combinaci\u00f3n de aceites b\u00e1sicos no convencionales seg\u00fan la tecnolog\u00eda sint\u00e9tica y los \u00faltimos aditivos garantiza un aceite del motor que protege de forma excelente contra el desgaste, disminuye el consumo de combustible y de aceite, mantiene limpio el motor y le proporciona una r\u00e1pida lubricaci\u00f3n.<\/span><\/p>\n<p><span class=\"value\">LIQUI MOLY SPECIAL TEC AA 0W20 es ideal para motores de gasolina modernos asi\u00e1ticos y americanos. Especialmente apto para intervalos largos de cambio de aceite y altas exigencias al motor.<\/span><\/p>\n<h5><strong>CARACTER\u00cdSTICAS PRINCIPALES<\/strong><\/h5>\n<ul>\n<li class=\"value\">\u00f3ptima resistencia al envejecimiento<\/li>\n<li class=\"value\">presi\u00f3n de aceite \u00f3ptima bajo todas las condiciones de servicio<\/li>\n<li class=\"value\">r\u00e1pida alimentaci\u00f3n de aceite con temperaturas bajas<\/li>\n<li class=\"value\">probado en turbocompresores y catalizadores<\/li>\n<li class=\"value\">ahorra combustible y reduce las emisiones de contaminantes<\/li>\n<li>excelente limpieza del motor<\/li>\n<li>excelente protecci\u00f3n contra el desgaste<\/li>\n<li>excelente comportamiento t\u00e9rmico con altas y bajas temperaturas<\/li>\n<li>alta estabilidad de cizallamiento<\/li>\n<li>alta seguridad de lubricaci\u00f3n<\/li>\n<li>larga vida \u00fatil del motor<\/li>\n<li>funcionamiento suave del motor<\/li>\n<\/ul>\n<h5><strong style=\"color: #1f1f1f;\">APROBACIONES \/ ESPECIFICACIONES<\/strong><\/h5>\n<p class=\"mb-4\">API SP, ILSAC GF-6A<\/p>\n<div>\n<p><strong class=\"d-block mb-2\">Lubrimas.pe y Liqui Moly recomiendan este producto para veh\u00edculos con las siguientes especificaciones<\/strong>Chrysler MS-6395, Fiat 9.55535-CR1, Ford WSS-M2C 947-A, Ford WSS-M2C 947-B1, Ford WSS-M2C 962-A1, GM 6094 M, GM dexos1 Gen 3, Honda, Hyundai, Kia, Mazda, Mitsubishi Dia Queen, Nissan, Subaru, Toyota<\/p>\n<\/div>\n<blockquote><p>LM6738, LM-6738, LM 6738, LM9705, LM-9705, LM 9705, LIQUIMOLY, LIQUI MOLY, ADTIVOS LUBRICANTES ALEMANES<\/p><\/blockquote>\n","protected":false},"excerpt":{"rendered":"<p>LIQUI MOLY SPECIAL TEC AA 0W20 es un aceite de motor antifricci\u00f3n moderno de m\u00e1xima categor\u00eda especialmente desarrollado para el uso durante todo el a\u00f1o en veh\u00edculos asi\u00e1ticos y americanos.<\/p>\n","protected":false},"featured_media":11544,"template":"","meta":[],"product_brand":[],"product_cat":[16,22],"product_tag":[24,25],"class_list":{"0":"post-677","1":"product","2":"type-product","3":"status-publish","4":"has-post-thumbnail","6":"product_cat-aceite-de-motor","7":"product_cat-motor-gasolina-gas","8":"product_tag-liqui-moly","9":"product_tag-liquimoly","10":"pa_grado-0w20","11":"pa_marca-liquimoly","12":"pa_ofertas-cyber","14":"first","15":"instock","16":"shipping-taxable","17":"purchasable","18":"product-type-variable","19":"has-default-attributes"},"yoast_head":"<!-- This site is optimized with the Yoast SEO plugin v27.4 - https:\/\/yoast.com\/product\/yoast-seo-wordpress\/ -->\n<title>LIQUI MOLY SPECIAL TEC AA 0W20 - Aceite de Motor | Lubrimas.pe | Tienda Online<\/title>\n<meta name=\"description\" content=\"Proporciona una pel\u00edcula lubricante estable. Aceite antifricci\u00f3n sint\u00e9tico para motores. Aplicable en Motores Gasolina - Gas\" \/>\n<meta name=\"robots\" content=\"index, follow, max-snippet:-1, max-image-preview:large, max-video-preview:-1\" \/>\n<link rel=\"canonical\" href=\"https:\/\/lubrimas.pe\/tienda\/aceite-de-motor\/liqui-moly-special-tec-aa-0w20\/\" \/>\n<meta property=\"og:locale\" content=\"es_ES\" \/>\n<meta property=\"og:type\" content=\"article\" \/>\n<meta property=\"og:title\" content=\"LIQUI MOLY SPECIAL TEC AA 0W20 - Aceite de Motor | Lubrimas.pe | Tienda Online\" \/>\n<meta property=\"og:description\" content=\"Proporciona una pel\u00edcula lubricante estable. Aceite antifricci\u00f3n sint\u00e9tico para motores. Aplicable en Motores Gasolina - Gas\" \/>\n<meta property=\"og:url\" content=\"https:\/\/lubrimas.pe\/tienda\/aceite-de-motor\/liqui-moly-special-tec-aa-0w20\/\" \/>\n<meta property=\"og:site_name\" content=\"Lubrimas.pe | Tienda Online\" \/>\n<meta property=\"article:modified_time\" content=\"2026-04-09T17:15:21+00:00\" \/>\n<meta property=\"og:image\" content=\"https:\/\/lubrimas.pe\/tienda\/wp-content\/uploads\/sites\/3\/2022\/02\/lubrimas_pe-lubrimasperu_com-liqui-moly-special-tec-aa-0w20-4l-galon-aceite-de-motor-lima-peru-los-olivos.webp\" \/>\n\t<meta property=\"og:image:width\" content=\"850\" \/>\n\t<meta property=\"og:image:height\" content=\"1000\" \/>\n\t<meta property=\"og:image:type\" content=\"image\/webp\" \/>\n<meta name=\"twitter:card\" content=\"summary_large_image\" \/>\n<meta name=\"twitter:label1\" content=\"Tiempo de lectura\" \/>\n\t<meta name=\"twitter:data1\" content=\"1 minuto\" \/>\n<script type=\"application\/ld+json\" class=\"yoast-schema-graph\">{\"@context\":\"https:\\\/\\\/schema.org\",\"@graph\":[{\"@type\":[\"WebPage\",\"ItemPage\"],\"@id\":\"https:\\\/\\\/lubrimas.pe\\\/tienda\\\/aceite-de-motor\\\/liqui-moly-special-tec-aa-0w20\\\/\",\"url\":\"https:\\\/\\\/lubrimas.pe\\\/tienda\\\/aceite-de-motor\\\/liqui-moly-special-tec-aa-0w20\\\/\",\"name\":\"LIQUI MOLY SPECIAL TEC AA 0W20 - Aceite de Motor | Lubrimas.pe | Tienda Online\",\"isPartOf\":{\"@id\":\"https:\\\/\\\/lubrimas.pe\\\/tienda\\\/#website\"},\"primaryImageOfPage\":{\"@id\":\"https:\\\/\\\/lubrimas.pe\\\/tienda\\\/aceite-de-motor\\\/liqui-moly-special-tec-aa-0w20\\\/#primaryimage\"},\"image\":{\"@id\":\"https:\\\/\\\/lubrimas.pe\\\/tienda\\\/aceite-de-motor\\\/liqui-moly-special-tec-aa-0w20\\\/#primaryimage\"},\"thumbnailUrl\":\"https:\\\/\\\/lubrimas.pe\\\/tienda\\\/wp-content\\\/uploads\\\/sites\\\/3\\\/2022\\\/02\\\/lubrimas_pe-lubrimasperu_com-liqui-moly-special-tec-aa-0w20-4l-galon-aceite-de-motor-lima-peru-los-olivos.webp\",\"datePublished\":\"2022-01-19T20:34:48+00:00\",\"dateModified\":\"2026-04-09T17:15:21+00:00\",\"description\":\"Proporciona una pel\u00edcula lubricante estable. Aceite antifricci\u00f3n sint\u00e9tico para motores. Aplicable en Motores Gasolina - Gas\",\"breadcrumb\":{\"@id\":\"https:\\\/\\\/lubrimas.pe\\\/tienda\\\/aceite-de-motor\\\/liqui-moly-special-tec-aa-0w20\\\/#breadcrumb\"},\"inLanguage\":\"es\",\"potentialAction\":[{\"@type\":\"ReadAction\",\"target\":[\"https:\\\/\\\/lubrimas.pe\\\/tienda\\\/aceite-de-motor\\\/liqui-moly-special-tec-aa-0w20\\\/\"]}]},{\"@type\":\"ImageObject\",\"inLanguage\":\"es\",\"@id\":\"https:\\\/\\\/lubrimas.pe\\\/tienda\\\/aceite-de-motor\\\/liqui-moly-special-tec-aa-0w20\\\/#primaryimage\",\"url\":\"https:\\\/\\\/lubrimas.pe\\\/tienda\\\/wp-content\\\/uploads\\\/sites\\\/3\\\/2022\\\/02\\\/lubrimas_pe-lubrimasperu_com-liqui-moly-special-tec-aa-0w20-4l-galon-aceite-de-motor-lima-peru-los-olivos.webp\",\"contentUrl\":\"https:\\\/\\\/lubrimas.pe\\\/tienda\\\/wp-content\\\/uploads\\\/sites\\\/3\\\/2022\\\/02\\\/lubrimas_pe-lubrimasperu_com-liqui-moly-special-tec-aa-0w20-4l-galon-aceite-de-motor-lima-peru-los-olivos.webp\",\"width\":850,\"height\":1000},{\"@type\":\"BreadcrumbList\",\"@id\":\"https:\\\/\\\/lubrimas.pe\\\/tienda\\\/aceite-de-motor\\\/liqui-moly-special-tec-aa-0w20\\\/#breadcrumb\",\"itemListElement\":[{\"@type\":\"ListItem\",\"position\":1,\"name\":\"Portada\",\"item\":\"https:\\\/\\\/lubrimas.pe\\\/tienda\\\/\"},{\"@type\":\"ListItem\",\"position\":2,\"name\":\"Cat\u00e1logo\",\"item\":\"https:\\\/\\\/lubrimas.pe\\\/tienda\\\/productos\\\/\"},{\"@type\":\"ListItem\",\"position\":3,\"name\":\"LIQUI MOLY SPECIAL TEC AA 0W20 &#8211; Aceite de Motor\"}]},{\"@type\":\"WebSite\",\"@id\":\"https:\\\/\\\/lubrimas.pe\\\/tienda\\\/#website\",\"url\":\"https:\\\/\\\/lubrimas.pe\\\/tienda\\\/\",\"name\":\"Lubrimas.pe | Tienda Online\",\"description\":\"Tus lubricantes favoritos al mejor precio!\",\"publisher\":{\"@id\":\"https:\\\/\\\/lubrimas.pe\\\/tienda\\\/#organization\"},\"potentialAction\":[{\"@type\":\"SearchAction\",\"target\":{\"@type\":\"EntryPoint\",\"urlTemplate\":\"https:\\\/\\\/lubrimas.pe\\\/tienda\\\/?s={search_term_string}\"},\"query-input\":{\"@type\":\"PropertyValueSpecification\",\"valueRequired\":true,\"valueName\":\"search_term_string\"}}],\"inLanguage\":\"es\"},{\"@type\":\"Organization\",\"@id\":\"https:\\\/\\\/lubrimas.pe\\\/tienda\\\/#organization\",\"name\":\"Lubrimas.pe\",\"url\":\"https:\\\/\\\/lubrimas.pe\\\/tienda\\\/\",\"logo\":{\"@type\":\"ImageObject\",\"inLanguage\":\"es\",\"@id\":\"https:\\\/\\\/lubrimas.pe\\\/tienda\\\/#\\\/schema\\\/logo\\\/image\\\/\",\"url\":\"https:\\\/\\\/lubrimas.pe\\\/tienda\\\/wp-content\\\/uploads\\\/sites\\\/3\\\/2022\\\/07\\\/BANNERS-PROMO-CYBER-WOW-LUBRIMASPE-2022-07.webp\",\"contentUrl\":\"https:\\\/\\\/lubrimas.pe\\\/tienda\\\/wp-content\\\/uploads\\\/sites\\\/3\\\/2022\\\/07\\\/BANNERS-PROMO-CYBER-WOW-LUBRIMASPE-2022-07.webp\",\"width\":500,\"height\":752,\"caption\":\"Lubrimas.pe\"},\"image\":{\"@id\":\"https:\\\/\\\/lubrimas.pe\\\/tienda\\\/#\\\/schema\\\/logo\\\/image\\\/\"}}]}<\/script>\n<!-- \/ Yoast SEO plugin. -->","yoast_head_json":{"title":"LIQUI MOLY SPECIAL TEC AA 0W20 - Aceite de Motor | Lubrimas.pe | Tienda Online","description":"Proporciona una pel\u00edcula lubricante estable. Aceite antifricci\u00f3n sint\u00e9tico para motores. Aplicable en Motores Gasolina - Gas","robots":{"index":"index","follow":"follow","max-snippet":"max-snippet:-1","max-image-preview":"max-image-preview:large","max-video-preview":"max-video-preview:-1"},"canonical":"https:\/\/lubrimas.pe\/tienda\/aceite-de-motor\/liqui-moly-special-tec-aa-0w20\/","og_locale":"es_ES","og_type":"article","og_title":"LIQUI MOLY SPECIAL TEC AA 0W20 - Aceite de Motor | Lubrimas.pe | Tienda Online","og_description":"Proporciona una pel\u00edcula lubricante estable. Aceite antifricci\u00f3n sint\u00e9tico para motores. Aplicable en Motores Gasolina - Gas","og_url":"https:\/\/lubrimas.pe\/tienda\/aceite-de-motor\/liqui-moly-special-tec-aa-0w20\/","og_site_name":"Lubrimas.pe | Tienda Online","article_modified_time":"2026-04-09T17:15:21+00:00","og_image":[{"width":850,"height":1000,"url":"https:\/\/lubrimas.pe\/tienda\/wp-content\/uploads\/sites\/3\/2022\/02\/lubrimas_pe-lubrimasperu_com-liqui-moly-special-tec-aa-0w20-4l-galon-aceite-de-motor-lima-peru-los-olivos.webp","type":"image\/webp"}],"twitter_card":"summary_large_image","twitter_misc":{"Tiempo de lectura":"1 minuto"},"schema":{"@context":"https:\/\/schema.org","@graph":[{"@type":["WebPage","ItemPage"],"@id":"https:\/\/lubrimas.pe\/tienda\/aceite-de-motor\/liqui-moly-special-tec-aa-0w20\/","url":"https:\/\/lubrimas.pe\/tienda\/aceite-de-motor\/liqui-moly-special-tec-aa-0w20\/","name":"LIQUI MOLY SPECIAL TEC AA 0W20 - Aceite de Motor | Lubrimas.pe | Tienda Online","isPartOf":{"@id":"https:\/\/lubrimas.pe\/tienda\/#website"},"primaryImageOfPage":{"@id":"https:\/\/lubrimas.pe\/tienda\/aceite-de-motor\/liqui-moly-special-tec-aa-0w20\/#primaryimage"},"image":{"@id":"https:\/\/lubrimas.pe\/tienda\/aceite-de-motor\/liqui-moly-special-tec-aa-0w20\/#primaryimage"},"thumbnailUrl":"https:\/\/lubrimas.pe\/tienda\/wp-content\/uploads\/sites\/3\/2022\/02\/lubrimas_pe-lubrimasperu_com-liqui-moly-special-tec-aa-0w20-4l-galon-aceite-de-motor-lima-peru-los-olivos.webp","datePublished":"2022-01-19T20:34:48+00:00","dateModified":"2026-04-09T17:15:21+00:00","description":"Proporciona una pel\u00edcula lubricante estable. Aceite antifricci\u00f3n sint\u00e9tico para motores. Aplicable en Motores Gasolina - Gas","breadcrumb":{"@id":"https:\/\/lubrimas.pe\/tienda\/aceite-de-motor\/liqui-moly-special-tec-aa-0w20\/#breadcrumb"},"inLanguage":"es","potentialAction":[{"@type":"ReadAction","target":["https:\/\/lubrimas.pe\/tienda\/aceite-de-motor\/liqui-moly-special-tec-aa-0w20\/"]}]},{"@type":"ImageObject","inLanguage":"es","@id":"https:\/\/lubrimas.pe\/tienda\/aceite-de-motor\/liqui-moly-special-tec-aa-0w20\/#primaryimage","url":"https:\/\/lubrimas.pe\/tienda\/wp-content\/uploads\/sites\/3\/2022\/02\/lubrimas_pe-lubrimasperu_com-liqui-moly-special-tec-aa-0w20-4l-galon-aceite-de-motor-lima-peru-los-olivos.webp","contentUrl":"https:\/\/lubrimas.pe\/tienda\/wp-content\/uploads\/sites\/3\/2022\/02\/lubrimas_pe-lubrimasperu_com-liqui-moly-special-tec-aa-0w20-4l-galon-aceite-de-motor-lima-peru-los-olivos.webp","width":850,"height":1000},{"@type":"BreadcrumbList","@id":"https:\/\/lubrimas.pe\/tienda\/aceite-de-motor\/liqui-moly-special-tec-aa-0w20\/#breadcrumb","itemListElement":[{"@type":"ListItem","position":1,"name":"Portada","item":"https:\/\/lubrimas.pe\/tienda\/"},{"@type":"ListItem","position":2,"name":"Cat\u00e1logo","item":"https:\/\/lubrimas.pe\/tienda\/productos\/"},{"@type":"ListItem","position":3,"name":"LIQUI MOLY SPECIAL TEC AA 0W20 &#8211; Aceite de Motor"}]},{"@type":"WebSite","@id":"https:\/\/lubrimas.pe\/tienda\/#website","url":"https:\/\/lubrimas.pe\/tienda\/","name":"Lubrimas.pe | Tienda Online","description":"Tus lubricantes favoritos al mejor precio!","publisher":{"@id":"https:\/\/lubrimas.pe\/tienda\/#organization"},"potentialAction":[{"@type":"SearchAction","target":{"@type":"EntryPoint","urlTemplate":"https:\/\/lubrimas.pe\/tienda\/?s={search_term_string}"},"query-input":{"@type":"PropertyValueSpecification","valueRequired":true,"valueName":"search_term_string"}}],"inLanguage":"es"},{"@type":"Organization","@id":"https:\/\/lubrimas.pe\/tienda\/#organization","name":"Lubrimas.pe","url":"https:\/\/lubrimas.pe\/tienda\/","logo":{"@type":"ImageObject","inLanguage":"es","@id":"https:\/\/lubrimas.pe\/tienda\/#\/schema\/logo\/image\/","url":"https:\/\/lubrimas.pe\/tienda\/wp-content\/uploads\/sites\/3\/2022\/07\/BANNERS-PROMO-CYBER-WOW-LUBRIMASPE-2022-07.webp","contentUrl":"https:\/\/lubrimas.pe\/tienda\/wp-content\/uploads\/sites\/3\/2022\/07\/BANNERS-PROMO-CYBER-WOW-LUBRIMASPE-2022-07.webp","width":500,"height":752,"caption":"Lubrimas.pe"},"image":{"@id":"https:\/\/lubrimas.pe\/tienda\/#\/schema\/logo\/image\/"}}]}},"_links":{"self":[{"href":"https:\/\/lubrimas.pe\/tienda\/wp-json\/wp\/v2\/product\/677","targetHints":{"allow":["GET"]}}],"collection":[{"href":"https:\/\/lubrimas.pe\/tienda\/wp-json\/wp\/v2\/product"}],"about":[{"href":"https:\/\/lubrimas.pe\/tienda\/wp-json\/wp\/v2\/types\/product"}],"wp:featuredmedia":[{"embeddable":true,"href":"https:\/\/lubrimas.pe\/tienda\/wp-json\/wp\/v2\/media\/11544"}],"wp:attachment":[{"href":"https:\/\/lubrimas.pe\/tienda\/wp-json\/wp\/v2\/media?parent=677"}],"wp:term":[{"taxonomy":"product_brand","embeddable":true,"href":"https:\/\/lubrimas.pe\/tienda\/wp-json\/wp\/v2\/product_brand?post=677"},{"taxonomy":"product_cat","embeddable":true,"href":"https:\/\/lubrimas.pe\/tienda\/wp-json\/wp\/v2\/product_cat?post=677"},{"taxonomy":"product_tag","embeddable":true,"href":"https:\/\/lubrimas.pe\/tienda\/wp-json\/wp\/v2\/product_tag?post=677"}],"curies":[{"name":"wp","href":"https:\/\/api.w.org\/{rel}","templated":true}]}}