{"id":684,"date":"2022-01-19T20:34:49","date_gmt":"2022-01-19T20:34:49","guid":{"rendered":"https:\/\/lubrimas.pe\/tienda\/?post_type=product&#038;p=684"},"modified":"2026-01-06T11:29:58","modified_gmt":"2026-01-06T16:29:58","slug":"shell-helix-ultra-5w40-100-sintetico","status":"publish","type":"product","link":"https:\/\/lubrimas.pe\/tienda\/aceite-de-motor\/shell-helix-ultra-5w40-100-sintetico\/","title":{"rendered":"SHELL HELIX ULTRA 5W40 100% SINT\u00c9TICO"},"content":{"rendered":"<p>Shell Helix Ultra 5W-40 proporciona:<\/p>\n<ul>\n<li>Protecci\u00f3n sin igual frente a los lodos: ning\u00fan otro aceite puede mantener el motor tan limpio.\u00a0<sup>1\u00a0<\/sup><\/li>\n<li>Excepcional protecci\u00f3n y limpieza, incluso con los intervalos de cambio de aceite m\u00e1s largos recomendados por el fabricante.<\/li>\n<li>Est\u00e1 autorizado por numerosos fabricantes de veh\u00edculos de altas prestaciones y es el \u00fanico aceite de motor que usan en Ferrari.<\/li>\n<\/ul>\n<p>Especificaciones: API SN\/CF; ACEA A3\/B3, A3\/B4; BMW LL-01; aprobaci\u00f3n MB 229.5, 226.5; VW 502.00\/505.00; Porsche A40; Renault RN0700, RN0710; PSA B71 2296, Ferrari. Cumple los requisitos de Fiat 9.55535-Z2 y Chrysler MS-10725.<\/p>\n<p>&nbsp;<\/p>\n","protected":false},"excerpt":{"rendered":"<p>Shell Helix Ultra 5W-40 proporciona: Protecci\u00f3n sin igual frente a los lodos: ning\u00fan otro aceite puede mantener el motor tan limpio.\u00a01\u00a0 Excepcional protecci\u00f3n y limpieza, incluso con los intervalos de<\/p>\n","protected":false},"featured_media":11632,"template":"","meta":[],"product_brand":[],"product_cat":[16,22],"product_tag":[],"class_list":{"0":"post-684","1":"product","2":"type-product","3":"status-publish","4":"has-post-thumbnail","6":"product_cat-aceite-de-motor","7":"product_cat-motor-gasolina-gas","8":"pa_grado-5w30","9":"pa_marca-shell","11":"first","12":"instock","13":"shipping-taxable","14":"purchasable","15":"product-type-variable","16":"has-default-attributes"},"yoast_head":"<!-- This site is optimized with the Yoast SEO plugin v27.1.1 - https:\/\/yoast.com\/product\/yoast-seo-wordpress\/ -->\n<title>SHELL HELIX ULTRA 5W40 100% SINT\u00c9TICO | Lubrimas.pe | Tienda Online<\/title>\n<meta name=\"robots\" content=\"index, follow, max-snippet:-1, max-image-preview:large, max-video-preview:-1\" \/>\n<link rel=\"canonical\" href=\"https:\/\/lubrimas.pe\/tienda\/aceite-de-motor\/shell-helix-ultra-5w40-100-sintetico\/\" \/>\n<meta property=\"og:locale\" content=\"es_ES\" \/>\n<meta property=\"og:type\" content=\"article\" \/>\n<meta property=\"og:title\" content=\"SHELL HELIX ULTRA 5W40 100% SINT\u00c9TICO | Lubrimas.pe | Tienda Online\" \/>\n<meta property=\"og:description\" content=\"Shell Helix Ultra 5W-40 proporciona: Protecci\u00f3n sin igual frente a los lodos: ning\u00fan otro aceite puede mantener el motor tan limpio.\u00a01\u00a0 Excepcional protecci\u00f3n y limpieza, incluso con los intervalos de\" \/>\n<meta property=\"og:url\" content=\"https:\/\/lubrimas.pe\/tienda\/aceite-de-motor\/shell-helix-ultra-5w40-100-sintetico\/\" \/>\n<meta property=\"og:site_name\" content=\"Lubrimas.pe | Tienda Online\" \/>\n<meta property=\"article:modified_time\" content=\"2026-01-06T16:29:58+00:00\" \/>\n<meta property=\"og:image\" content=\"https:\/\/lubrimas.pe\/tienda\/wp-content\/uploads\/sites\/3\/2022\/02\/lubrimas_pe_lubrimasperu-aceite-de-motor-lubricante-shell-helix-ultra-5w40-galon-losolivos-lima-peru.webp\" \/>\n\t<meta property=\"og:image:width\" content=\"850\" \/>\n\t<meta property=\"og:image:height\" content=\"1000\" \/>\n\t<meta property=\"og:image:type\" content=\"image\/webp\" \/>\n<meta name=\"twitter:card\" content=\"summary_large_image\" \/>\n<meta name=\"twitter:label1\" content=\"Tiempo de lectura\" \/>\n\t<meta name=\"twitter:data1\" content=\"1 minuto\" \/>\n<script type=\"application\/ld+json\" class=\"yoast-schema-graph\">{\"@context\":\"https:\/\/schema.org\",\"@graph\":[{\"@type\":[\"WebPage\",\"ItemPage\"],\"@id\":\"https:\/\/lubrimas.pe\/tienda\/aceite-de-motor\/shell-helix-ultra-5w40-100-sintetico\/\",\"url\":\"https:\/\/lubrimas.pe\/tienda\/aceite-de-motor\/shell-helix-ultra-5w40-100-sintetico\/\",\"name\":\"SHELL HELIX ULTRA 5W40 100% SINT\u00c9TICO | Lubrimas.pe | Tienda Online\",\"isPartOf\":{\"@id\":\"https:\/\/lubrimas.pe\/tienda\/#website\"},\"primaryImageOfPage\":{\"@id\":\"https:\/\/lubrimas.pe\/tienda\/aceite-de-motor\/shell-helix-ultra-5w40-100-sintetico\/#primaryimage\"},\"image\":{\"@id\":\"https:\/\/lubrimas.pe\/tienda\/aceite-de-motor\/shell-helix-ultra-5w40-100-sintetico\/#primaryimage\"},\"thumbnailUrl\":\"https:\/\/lubrimas.pe\/tienda\/wp-content\/uploads\/sites\/3\/2022\/02\/lubrimas_pe_lubrimasperu-aceite-de-motor-lubricante-shell-helix-ultra-5w40-galon-losolivos-lima-peru.webp\",\"datePublished\":\"2022-01-19T20:34:49+00:00\",\"dateModified\":\"2026-01-06T16:29:58+00:00\",\"breadcrumb\":{\"@id\":\"https:\/\/lubrimas.pe\/tienda\/aceite-de-motor\/shell-helix-ultra-5w40-100-sintetico\/#breadcrumb\"},\"inLanguage\":\"es\",\"potentialAction\":[{\"@type\":\"ReadAction\",\"target\":[\"https:\/\/lubrimas.pe\/tienda\/aceite-de-motor\/shell-helix-ultra-5w40-100-sintetico\/\"]}]},{\"@type\":\"ImageObject\",\"inLanguage\":\"es\",\"@id\":\"https:\/\/lubrimas.pe\/tienda\/aceite-de-motor\/shell-helix-ultra-5w40-100-sintetico\/#primaryimage\",\"url\":\"https:\/\/lubrimas.pe\/tienda\/wp-content\/uploads\/sites\/3\/2022\/02\/lubrimas_pe_lubrimasperu-aceite-de-motor-lubricante-shell-helix-ultra-5w40-galon-losolivos-lima-peru.webp\",\"contentUrl\":\"https:\/\/lubrimas.pe\/tienda\/wp-content\/uploads\/sites\/3\/2022\/02\/lubrimas_pe_lubrimasperu-aceite-de-motor-lubricante-shell-helix-ultra-5w40-galon-losolivos-lima-peru.webp\",\"width\":850,\"height\":1000},{\"@type\":\"BreadcrumbList\",\"@id\":\"https:\/\/lubrimas.pe\/tienda\/aceite-de-motor\/shell-helix-ultra-5w40-100-sintetico\/#breadcrumb\",\"itemListElement\":[{\"@type\":\"ListItem\",\"position\":1,\"name\":\"Portada\",\"item\":\"https:\/\/lubrimas.pe\/tienda\/\"},{\"@type\":\"ListItem\",\"position\":2,\"name\":\"Cat\u00e1logo\",\"item\":\"https:\/\/lubrimas.pe\/tienda\/productos\/\"},{\"@type\":\"ListItem\",\"position\":3,\"name\":\"SHELL HELIX ULTRA 5W40 100% SINT\u00c9TICO\"}]},{\"@type\":\"WebSite\",\"@id\":\"https:\/\/lubrimas.pe\/tienda\/#website\",\"url\":\"https:\/\/lubrimas.pe\/tienda\/\",\"name\":\"Lubrimas.pe | Tienda Online\",\"description\":\"Tus lubricantes favoritos al mejor precio!\",\"publisher\":{\"@id\":\"https:\/\/lubrimas.pe\/tienda\/#organization\"},\"potentialAction\":[{\"@type\":\"SearchAction\",\"target\":{\"@type\":\"EntryPoint\",\"urlTemplate\":\"https:\/\/lubrimas.pe\/tienda\/?s={search_term_string}\"},\"query-input\":{\"@type\":\"PropertyValueSpecification\",\"valueRequired\":true,\"valueName\":\"search_term_string\"}}],\"inLanguage\":\"es\"},{\"@type\":\"Organization\",\"@id\":\"https:\/\/lubrimas.pe\/tienda\/#organization\",\"name\":\"Lubrimas.pe\",\"url\":\"https:\/\/lubrimas.pe\/tienda\/\",\"logo\":{\"@type\":\"ImageObject\",\"inLanguage\":\"es\",\"@id\":\"https:\/\/lubrimas.pe\/tienda\/#\/schema\/logo\/image\/\",\"url\":\"https:\/\/lubrimas.pe\/tienda\/wp-content\/uploads\/sites\/3\/2022\/07\/BANNERS-PROMO-CYBER-WOW-LUBRIMASPE-2022-07.webp\",\"contentUrl\":\"https:\/\/lubrimas.pe\/tienda\/wp-content\/uploads\/sites\/3\/2022\/07\/BANNERS-PROMO-CYBER-WOW-LUBRIMASPE-2022-07.webp\",\"width\":500,\"height\":752,\"caption\":\"Lubrimas.pe\"},\"image\":{\"@id\":\"https:\/\/lubrimas.pe\/tienda\/#\/schema\/logo\/image\/\"}}]}<\/script>\n<!-- \/ Yoast SEO plugin. -->","yoast_head_json":{"title":"SHELL HELIX ULTRA 5W40 100% SINT\u00c9TICO | Lubrimas.pe | Tienda Online","robots":{"index":"index","follow":"follow","max-snippet":"max-snippet:-1","max-image-preview":"max-image-preview:large","max-video-preview":"max-video-preview:-1"},"canonical":"https:\/\/lubrimas.pe\/tienda\/aceite-de-motor\/shell-helix-ultra-5w40-100-sintetico\/","og_locale":"es_ES","og_type":"article","og_title":"SHELL HELIX ULTRA 5W40 100% SINT\u00c9TICO | Lubrimas.pe | Tienda Online","og_description":"Shell Helix Ultra 5W-40 proporciona: Protecci\u00f3n sin igual frente a los lodos: ning\u00fan otro aceite puede mantener el motor tan limpio.\u00a01\u00a0 Excepcional protecci\u00f3n y limpieza, incluso con los intervalos de","og_url":"https:\/\/lubrimas.pe\/tienda\/aceite-de-motor\/shell-helix-ultra-5w40-100-sintetico\/","og_site_name":"Lubrimas.pe | Tienda Online","article_modified_time":"2026-01-06T16:29:58+00:00","og_image":[{"width":850,"height":1000,"url":"https:\/\/lubrimas.pe\/tienda\/wp-content\/uploads\/sites\/3\/2022\/02\/lubrimas_pe_lubrimasperu-aceite-de-motor-lubricante-shell-helix-ultra-5w40-galon-losolivos-lima-peru.webp","type":"image\/webp"}],"twitter_card":"summary_large_image","twitter_misc":{"Tiempo de lectura":"1 minuto"},"schema":{"@context":"https:\/\/schema.org","@graph":[{"@type":["WebPage","ItemPage"],"@id":"https:\/\/lubrimas.pe\/tienda\/aceite-de-motor\/shell-helix-ultra-5w40-100-sintetico\/","url":"https:\/\/lubrimas.pe\/tienda\/aceite-de-motor\/shell-helix-ultra-5w40-100-sintetico\/","name":"SHELL HELIX ULTRA 5W40 100% SINT\u00c9TICO | Lubrimas.pe | Tienda Online","isPartOf":{"@id":"https:\/\/lubrimas.pe\/tienda\/#website"},"primaryImageOfPage":{"@id":"https:\/\/lubrimas.pe\/tienda\/aceite-de-motor\/shell-helix-ultra-5w40-100-sintetico\/#primaryimage"},"image":{"@id":"https:\/\/lubrimas.pe\/tienda\/aceite-de-motor\/shell-helix-ultra-5w40-100-sintetico\/#primaryimage"},"thumbnailUrl":"https:\/\/lubrimas.pe\/tienda\/wp-content\/uploads\/sites\/3\/2022\/02\/lubrimas_pe_lubrimasperu-aceite-de-motor-lubricante-shell-helix-ultra-5w40-galon-losolivos-lima-peru.webp","datePublished":"2022-01-19T20:34:49+00:00","dateModified":"2026-01-06T16:29:58+00:00","breadcrumb":{"@id":"https:\/\/lubrimas.pe\/tienda\/aceite-de-motor\/shell-helix-ultra-5w40-100-sintetico\/#breadcrumb"},"inLanguage":"es","potentialAction":[{"@type":"ReadAction","target":["https:\/\/lubrimas.pe\/tienda\/aceite-de-motor\/shell-helix-ultra-5w40-100-sintetico\/"]}]},{"@type":"ImageObject","inLanguage":"es","@id":"https:\/\/lubrimas.pe\/tienda\/aceite-de-motor\/shell-helix-ultra-5w40-100-sintetico\/#primaryimage","url":"https:\/\/lubrimas.pe\/tienda\/wp-content\/uploads\/sites\/3\/2022\/02\/lubrimas_pe_lubrimasperu-aceite-de-motor-lubricante-shell-helix-ultra-5w40-galon-losolivos-lima-peru.webp","contentUrl":"https:\/\/lubrimas.pe\/tienda\/wp-content\/uploads\/sites\/3\/2022\/02\/lubrimas_pe_lubrimasperu-aceite-de-motor-lubricante-shell-helix-ultra-5w40-galon-losolivos-lima-peru.webp","width":850,"height":1000},{"@type":"BreadcrumbList","@id":"https:\/\/lubrimas.pe\/tienda\/aceite-de-motor\/shell-helix-ultra-5w40-100-sintetico\/#breadcrumb","itemListElement":[{"@type":"ListItem","position":1,"name":"Portada","item":"https:\/\/lubrimas.pe\/tienda\/"},{"@type":"ListItem","position":2,"name":"Cat\u00e1logo","item":"https:\/\/lubrimas.pe\/tienda\/productos\/"},{"@type":"ListItem","position":3,"name":"SHELL HELIX ULTRA 5W40 100% SINT\u00c9TICO"}]},{"@type":"WebSite","@id":"https:\/\/lubrimas.pe\/tienda\/#website","url":"https:\/\/lubrimas.pe\/tienda\/","name":"Lubrimas.pe | Tienda Online","description":"Tus lubricantes favoritos al mejor precio!","publisher":{"@id":"https:\/\/lubrimas.pe\/tienda\/#organization"},"potentialAction":[{"@type":"SearchAction","target":{"@type":"EntryPoint","urlTemplate":"https:\/\/lubrimas.pe\/tienda\/?s={search_term_string}"},"query-input":{"@type":"PropertyValueSpecification","valueRequired":true,"valueName":"search_term_string"}}],"inLanguage":"es"},{"@type":"Organization","@id":"https:\/\/lubrimas.pe\/tienda\/#organization","name":"Lubrimas.pe","url":"https:\/\/lubrimas.pe\/tienda\/","logo":{"@type":"ImageObject","inLanguage":"es","@id":"https:\/\/lubrimas.pe\/tienda\/#\/schema\/logo\/image\/","url":"https:\/\/lubrimas.pe\/tienda\/wp-content\/uploads\/sites\/3\/2022\/07\/BANNERS-PROMO-CYBER-WOW-LUBRIMASPE-2022-07.webp","contentUrl":"https:\/\/lubrimas.pe\/tienda\/wp-content\/uploads\/sites\/3\/2022\/07\/BANNERS-PROMO-CYBER-WOW-LUBRIMASPE-2022-07.webp","width":500,"height":752,"caption":"Lubrimas.pe"},"image":{"@id":"https:\/\/lubrimas.pe\/tienda\/#\/schema\/logo\/image\/"}}]}},"_links":{"self":[{"href":"https:\/\/lubrimas.pe\/tienda\/wp-json\/wp\/v2\/product\/684","targetHints":{"allow":["GET"]}}],"collection":[{"href":"https:\/\/lubrimas.pe\/tienda\/wp-json\/wp\/v2\/product"}],"about":[{"href":"https:\/\/lubrimas.pe\/tienda\/wp-json\/wp\/v2\/types\/product"}],"wp:featuredmedia":[{"embeddable":true,"href":"https:\/\/lubrimas.pe\/tienda\/wp-json\/wp\/v2\/media\/11632"}],"wp:attachment":[{"href":"https:\/\/lubrimas.pe\/tienda\/wp-json\/wp\/v2\/media?parent=684"}],"wp:term":[{"taxonomy":"product_brand","embeddable":true,"href":"https:\/\/lubrimas.pe\/tienda\/wp-json\/wp\/v2\/product_brand?post=684"},{"taxonomy":"product_cat","embeddable":true,"href":"https:\/\/lubrimas.pe\/tienda\/wp-json\/wp\/v2\/product_cat?post=684"},{"taxonomy":"product_tag","embeddable":true,"href":"https:\/\/lubrimas.pe\/tienda\/wp-json\/wp\/v2\/product_tag?post=684"}],"curies":[{"name":"wp","href":"https:\/\/api.w.org\/{rel}","templated":true}]}}