{"id":686,"date":"2022-01-19T20:34:49","date_gmt":"2022-01-19T20:34:49","guid":{"rendered":"https:\/\/lubrimas.pe\/tienda\/?post_type=product&#038;p=686"},"modified":"2024-11-29T13:58:14","modified_gmt":"2024-11-29T18:58:14","slug":"liqui-moly-anti-congelante-kfs-12","status":"publish","type":"product","link":"https:\/\/lubrimas.pe\/tienda\/refrigerantes\/liqui-moly-anti-congelante-kfs-12\/","title":{"rendered":"REFRIGERANTE LIQUI MOLY K\u00fchlerfrostschutz KFS 12+ \/ Anti-congelante"},"content":{"rendered":"<div class=\"std\">\n<p><strong>LIQUI MOLY K\u00dcHLERFROSTSCHUTZ KFS 12+<\/strong>\u00a0es un agente protector para radiador a base de etilenglicol. Combinaci\u00f3n de agentes activos con paquete de inhibidores OAT especialmente desarrollado para los modernos motores de aluminio de alto rendimiento. Proporciona una excelente protecci\u00f3n contra congelaci\u00f3n, corrosi\u00f3n y sobrecalentamiento. No contiene aminas, nitritos, fosfatos, boratos ni silicatos. Asegura el funcionamiento del veh\u00edculo durante todo el a\u00f1o cuando se utiliza con una determinada relaci\u00f3n de mezcla con agua.<\/p>\n<h5><strong>APLICACI\u00d3N \/ RECOMENDACIONES DE USO<\/strong><\/h5>\n<p>Limpiar el sistema de refrigeraci\u00f3n con el <strong><a href=\"https:\/\/lubrimas.pe\/tienda\/aditivos\/liqui-moly-kuler-reiniger-liquido-de-limpieza-de-radiador\/\">LIMPIADOR DE RADIADOR DE LIQUI MOLY (LM2506)<\/a><\/strong>. A continuaci\u00f3n, vaciar y enjuagar con suficiente agua. Llenar con anticongelante KFS 12+ y agua seg\u00fan la tabla de mezclas y las prescripciones del fabricante. Para ello recomendamos agua destilada. En funci\u00f3n de la dureza y la calidad del agua, tambi\u00e9n es posible diluirlo con agua del grifo. Eliminaci\u00f3n en conformidad con las normas locales. Intervalos de cambio seg\u00fan las prescripciones del fabricante. Almacenar \u00fanicamente en estado sin diluir. Se puede mezclar con refrigerantes a base de etilenglicol.<\/p>\n<h5><strong>APROBACIONES \/ ESPECIFICACIONES<\/strong><\/h5>\n<p>ADE, ASTON MARTIN, <strong>AUDI TL-774 D (G12), AUDI TL-774 F = (G12+)<\/strong>, BEHR, BERGEN ENGINES 2.13.01, CASE NEW HOLLAND MAT 3624, CATERPILLAR \/ MAK, CATERPILLAR GCM34, CATERPILLAR MWM 0199-99-2091\/12, CHEVROLET, CLAAS, CUMMINS CES 14439, CUMMINS CES 14603, CUMMINS IS SERIES U N14, DAF74002, DETROIT DFS93K217, DEUTZ DQC CB-14, FENDT, FIAT 9.55523, FORD WSS-M97 B44-D, FOTON Q-FPT 2313005-2013, GREAT WALL, HITACHI, IRISBUS KAROSA, ISUZU, JAGUAR CMR 8229, JAGUAR \/ LAND ROVER STJLR.651.5003, JENBACHER TA 1000-2000, JOHN DEERE JDM H5, KOBELCO, KOMATSU 07.892 (2009), LAND ROVER, LANCIA 9.55523, LEYLAND TRUCKS DW03245403, LIEBHERR MD1-36-130, MACK 014 GS 17009, MAN 324 TYP SNF, MAN B&amp;G A\/S, MAN B&amp;W AG D36 5600, MAN DIESEL &amp; TURBO SE, MAZDA MEZ MN 121 D, MB 325.3, MITSUBISHI HEAVY INDUSTRY (MHI), MTU MTL 5048, OPEL\/GM GMW 3420, PROTON, RENAULT-NISSAN RENAULT RNUR 41-01-001\/&#8211;S TYPE D, RENAULT TRUCKS 41-01-001\/&#8211;S TYPE D, SAAB B040 1065, SANTANA MOTORS, SATURN, SEAT TL-774 D = G12, SEAT TL-774 F = G12+, SKODA TL-774 D = G12, SKODA TL-774 F = G12+, SKODA 61-0-0257, SUZUKI, TEDOM, THERMO KING, VALTRA, VAN HOOL, VAUXHALL GMW 3420, VOLKSWAGEN SEMT PIELSTICK, VOLKSWAGEN TL-774 D = G12, VOLKSWAGEN TL-774 F = G12+, VOLVO CONSTRUCTION, VOLVO PENTA, VOLVO TRUCKS, W\u00c4RTSILA 32-9011, W\u00c4RTSILA SAMC DIESEL DLP799861, WAUKESHA, YANMAR<\/p>\n<h5><strong>INFORMACI\u00d3N ADICIONAL<\/strong><\/h5>\n<div class=\"aditional-info-tecnical-lp\"><a href=\"https:\/\/lubrimas.pe\/tienda\/wp-content\/uploads\/sites\/3\/2022\/10\/FICHA-TECNICA-REFRIGERANTE-ANTICONGELANTE-LIQUIMOLY-KFS-12-VOLKSWAGEN-VW-G12-LUBRIMASPE-LOS-OLIVOS-LIMA-PERU.pdf\" target=\"_blank\" rel=\"noopener\">FICHA T\u00c9CNICA<\/a><br \/>\n<a href=\"https:\/\/www.liquimoly.pe\/productos\/kuhlerfrostschutz-kfs-12\/\" target=\"_blank\" rel=\"noopener\">SITIO OFICIAL<\/a><\/div>\n<p>&nbsp;<\/p>\n<blockquote><p><strong>LM21145, LM-21145, LM 21145, <\/strong>LIQUI MOLY ANTI-CONGELANTE KFS 12+, KFS12, VW, LIQUIMOLY, LIQUI MOLY, REFRIGERANTE PARA VW, VOLKSWAGEN, ANTICONGELANTE, VOLKSWAGEN, VW, REFRIGERANTE G12<\/p><\/blockquote>\n<\/div>\n<p><!--more--><\/p>\n","protected":false},"excerpt":{"rendered":"<p>LIQUI MOLY K\u00dcHLERFROSTSCHUTZ KFS 12+\u00a0es un agente protector para radiador a base de etilenglicol. Combinaci\u00f3n de agentes activos con paquete de inhibidores OAT especialmente desarrollado para los modernos motores de<\/p>\n","protected":false},"featured_media":11552,"template":"","meta":[],"product_brand":[],"product_cat":[38],"product_tag":[24,25],"class_list":{"0":"post-686","1":"product","2":"type-product","3":"status-publish","4":"has-post-thumbnail","6":"product_cat-refrigerantes","7":"product_tag-liqui-moly","8":"product_tag-liquimoly","9":"pa_concentrado-159","10":"pa_especificaciones-32-9011","11":"pa_especificaciones-41-01-001-s-type-d","12":"pa_especificaciones-audi-tl-774-d-g12","13":"pa_especificaciones-audi-tl-774-f-g12","14":"pa_especificaciones-bergen-engines-2-13-01","15":"pa_especificaciones-case-new-holland-mat-3624","16":"pa_especificaciones-caterpillar-gcm34","17":"pa_especificaciones-caterpillar-mwm-0199-99-2091-12","18":"pa_especificaciones-ces-14439","19":"pa_especificaciones-ces-14603","20":"pa_especificaciones-cummins-eng-std-ces14439","21":"pa_especificaciones-cummins-is-series-u-n14","22":"pa_especificaciones-daf74002","23":"pa_especificaciones-detroit-dfs93k217","24":"pa_especificaciones-deutz-dqc-cb-14","25":"pa_especificaciones-dlp799861","26":"pa_especificaciones-dw03245403","27":"pa_especificaciones-fiat-9-55523","28":"pa_especificaciones-ford-wss-m97-b44-d","29":"pa_especificaciones-ford-wss-m97b44-d","30":"pa_especificaciones-foton-q-fpt-2313005-2013","31":"pa_especificaciones-gmw-3420","32":"pa_especificaciones-jaguar-cmr-8229","33":"pa_especificaciones-jdm-h5","34":"pa_especificaciones-jenbacher-ta-1000-2000","35":"pa_especificaciones-komatsu-07-892-2009","36":"pa_especificaciones-lancia-9-55523","37":"pa_especificaciones-mack-014-gs-17009","38":"pa_especificaciones-man-324-typ-snf","39":"pa_especificaciones-man-bg-a-s","40":"pa_especificaciones-mb-325-3","41":"pa_especificaciones-md1-36-130","42":"pa_especificaciones-saab-b040-1065","43":"pa_especificaciones-stjlr-651-5003","44":"pa_marca-liquimoly","45":"pa_ofertas-cyber","47":"first","48":"instock","49":"shipping-taxable","50":"purchasable","51":"product-type-variable","52":"has-default-attributes"},"yoast_head":"<!-- This site is optimized with the Yoast SEO plugin v27.4 - https:\/\/yoast.com\/product\/yoast-seo-wordpress\/ -->\n<title>REFRIGERANTE LIQUI MOLY K\u00fchlerfrostschutz KFS 12+ \/ Anti-congelante | Lubrimas.pe | Tienda Online<\/title>\n<meta name=\"robots\" content=\"index, follow, max-snippet:-1, max-image-preview:large, max-video-preview:-1\" \/>\n<link rel=\"canonical\" href=\"https:\/\/lubrimas.pe\/tienda\/refrigerantes\/liqui-moly-anti-congelante-kfs-12\/\" \/>\n<meta property=\"og:locale\" content=\"es_ES\" \/>\n<meta property=\"og:type\" content=\"article\" \/>\n<meta property=\"og:title\" content=\"REFRIGERANTE LIQUI MOLY K\u00fchlerfrostschutz KFS 12+ \/ Anti-congelante | Lubrimas.pe | Tienda Online\" \/>\n<meta property=\"og:description\" content=\"LIQUI MOLY K\u00dcHLERFROSTSCHUTZ KFS 12+\u00a0es un agente protector para radiador a base de etilenglicol. Combinaci\u00f3n de agentes activos con paquete de inhibidores OAT especialmente desarrollado para los modernos motores de\" \/>\n<meta property=\"og:url\" content=\"https:\/\/lubrimas.pe\/tienda\/refrigerantes\/liqui-moly-anti-congelante-kfs-12\/\" \/>\n<meta property=\"og:site_name\" content=\"Lubrimas.pe | Tienda Online\" \/>\n<meta property=\"article:modified_time\" content=\"2024-11-29T18:58:14+00:00\" \/>\n<meta property=\"og:image\" content=\"https:\/\/lubrimas.pe\/tienda\/wp-content\/uploads\/sites\/3\/2022\/01\/lubrimas_pe-lubrimasperu_com-liqui-moly-g12-kfs12-refrigerante-lima-peru-los-olivos.webp\" \/>\n\t<meta property=\"og:image:width\" content=\"850\" \/>\n\t<meta property=\"og:image:height\" content=\"1000\" \/>\n\t<meta property=\"og:image:type\" content=\"image\/webp\" \/>\n<meta name=\"twitter:card\" content=\"summary_large_image\" \/>\n<meta name=\"twitter:label1\" content=\"Tiempo de lectura\" \/>\n\t<meta name=\"twitter:data1\" content=\"1 minuto\" \/>\n<script type=\"application\/ld+json\" class=\"yoast-schema-graph\">{\"@context\":\"https:\\\/\\\/schema.org\",\"@graph\":[{\"@type\":[\"WebPage\",\"ItemPage\"],\"@id\":\"https:\\\/\\\/lubrimas.pe\\\/tienda\\\/refrigerantes\\\/liqui-moly-anti-congelante-kfs-12\\\/\",\"url\":\"https:\\\/\\\/lubrimas.pe\\\/tienda\\\/refrigerantes\\\/liqui-moly-anti-congelante-kfs-12\\\/\",\"name\":\"REFRIGERANTE LIQUI MOLY K\u00fchlerfrostschutz KFS 12+ \\\/ Anti-congelante | Lubrimas.pe | Tienda Online\",\"isPartOf\":{\"@id\":\"https:\\\/\\\/lubrimas.pe\\\/tienda\\\/#website\"},\"primaryImageOfPage\":{\"@id\":\"https:\\\/\\\/lubrimas.pe\\\/tienda\\\/refrigerantes\\\/liqui-moly-anti-congelante-kfs-12\\\/#primaryimage\"},\"image\":{\"@id\":\"https:\\\/\\\/lubrimas.pe\\\/tienda\\\/refrigerantes\\\/liqui-moly-anti-congelante-kfs-12\\\/#primaryimage\"},\"thumbnailUrl\":\"https:\\\/\\\/lubrimas.pe\\\/tienda\\\/wp-content\\\/uploads\\\/sites\\\/3\\\/2022\\\/01\\\/lubrimas_pe-lubrimasperu_com-liqui-moly-g12-kfs12-refrigerante-lima-peru-los-olivos.webp\",\"datePublished\":\"2022-01-19T20:34:49+00:00\",\"dateModified\":\"2024-11-29T18:58:14+00:00\",\"breadcrumb\":{\"@id\":\"https:\\\/\\\/lubrimas.pe\\\/tienda\\\/refrigerantes\\\/liqui-moly-anti-congelante-kfs-12\\\/#breadcrumb\"},\"inLanguage\":\"es\",\"potentialAction\":[{\"@type\":\"ReadAction\",\"target\":[\"https:\\\/\\\/lubrimas.pe\\\/tienda\\\/refrigerantes\\\/liqui-moly-anti-congelante-kfs-12\\\/\"]}]},{\"@type\":\"ImageObject\",\"inLanguage\":\"es\",\"@id\":\"https:\\\/\\\/lubrimas.pe\\\/tienda\\\/refrigerantes\\\/liqui-moly-anti-congelante-kfs-12\\\/#primaryimage\",\"url\":\"https:\\\/\\\/lubrimas.pe\\\/tienda\\\/wp-content\\\/uploads\\\/sites\\\/3\\\/2022\\\/01\\\/lubrimas_pe-lubrimasperu_com-liqui-moly-g12-kfs12-refrigerante-lima-peru-los-olivos.webp\",\"contentUrl\":\"https:\\\/\\\/lubrimas.pe\\\/tienda\\\/wp-content\\\/uploads\\\/sites\\\/3\\\/2022\\\/01\\\/lubrimas_pe-lubrimasperu_com-liqui-moly-g12-kfs12-refrigerante-lima-peru-los-olivos.webp\",\"width\":850,\"height\":1000},{\"@type\":\"BreadcrumbList\",\"@id\":\"https:\\\/\\\/lubrimas.pe\\\/tienda\\\/refrigerantes\\\/liqui-moly-anti-congelante-kfs-12\\\/#breadcrumb\",\"itemListElement\":[{\"@type\":\"ListItem\",\"position\":1,\"name\":\"Portada\",\"item\":\"https:\\\/\\\/lubrimas.pe\\\/tienda\\\/\"},{\"@type\":\"ListItem\",\"position\":2,\"name\":\"Cat\u00e1logo\",\"item\":\"https:\\\/\\\/lubrimas.pe\\\/tienda\\\/productos\\\/\"},{\"@type\":\"ListItem\",\"position\":3,\"name\":\"REFRIGERANTE LIQUI MOLY K\u00fchlerfrostschutz KFS 12+ \\\/ Anti-congelante\"}]},{\"@type\":\"WebSite\",\"@id\":\"https:\\\/\\\/lubrimas.pe\\\/tienda\\\/#website\",\"url\":\"https:\\\/\\\/lubrimas.pe\\\/tienda\\\/\",\"name\":\"Lubrimas.pe | Tienda Online\",\"description\":\"Tus lubricantes favoritos al mejor precio!\",\"publisher\":{\"@id\":\"https:\\\/\\\/lubrimas.pe\\\/tienda\\\/#organization\"},\"potentialAction\":[{\"@type\":\"SearchAction\",\"target\":{\"@type\":\"EntryPoint\",\"urlTemplate\":\"https:\\\/\\\/lubrimas.pe\\\/tienda\\\/?s={search_term_string}\"},\"query-input\":{\"@type\":\"PropertyValueSpecification\",\"valueRequired\":true,\"valueName\":\"search_term_string\"}}],\"inLanguage\":\"es\"},{\"@type\":\"Organization\",\"@id\":\"https:\\\/\\\/lubrimas.pe\\\/tienda\\\/#organization\",\"name\":\"Lubrimas.pe\",\"url\":\"https:\\\/\\\/lubrimas.pe\\\/tienda\\\/\",\"logo\":{\"@type\":\"ImageObject\",\"inLanguage\":\"es\",\"@id\":\"https:\\\/\\\/lubrimas.pe\\\/tienda\\\/#\\\/schema\\\/logo\\\/image\\\/\",\"url\":\"https:\\\/\\\/lubrimas.pe\\\/tienda\\\/wp-content\\\/uploads\\\/sites\\\/3\\\/2022\\\/07\\\/BANNERS-PROMO-CYBER-WOW-LUBRIMASPE-2022-07.webp\",\"contentUrl\":\"https:\\\/\\\/lubrimas.pe\\\/tienda\\\/wp-content\\\/uploads\\\/sites\\\/3\\\/2022\\\/07\\\/BANNERS-PROMO-CYBER-WOW-LUBRIMASPE-2022-07.webp\",\"width\":500,\"height\":752,\"caption\":\"Lubrimas.pe\"},\"image\":{\"@id\":\"https:\\\/\\\/lubrimas.pe\\\/tienda\\\/#\\\/schema\\\/logo\\\/image\\\/\"}}]}<\/script>\n<!-- \/ Yoast SEO plugin. -->","yoast_head_json":{"title":"REFRIGERANTE LIQUI MOLY K\u00fchlerfrostschutz KFS 12+ \/ Anti-congelante | Lubrimas.pe | Tienda Online","robots":{"index":"index","follow":"follow","max-snippet":"max-snippet:-1","max-image-preview":"max-image-preview:large","max-video-preview":"max-video-preview:-1"},"canonical":"https:\/\/lubrimas.pe\/tienda\/refrigerantes\/liqui-moly-anti-congelante-kfs-12\/","og_locale":"es_ES","og_type":"article","og_title":"REFRIGERANTE LIQUI MOLY K\u00fchlerfrostschutz KFS 12+ \/ Anti-congelante | Lubrimas.pe | Tienda Online","og_description":"LIQUI MOLY K\u00dcHLERFROSTSCHUTZ KFS 12+\u00a0es un agente protector para radiador a base de etilenglicol. Combinaci\u00f3n de agentes activos con paquete de inhibidores OAT especialmente desarrollado para los modernos motores de","og_url":"https:\/\/lubrimas.pe\/tienda\/refrigerantes\/liqui-moly-anti-congelante-kfs-12\/","og_site_name":"Lubrimas.pe | Tienda Online","article_modified_time":"2024-11-29T18:58:14+00:00","og_image":[{"width":850,"height":1000,"url":"https:\/\/lubrimas.pe\/tienda\/wp-content\/uploads\/sites\/3\/2022\/01\/lubrimas_pe-lubrimasperu_com-liqui-moly-g12-kfs12-refrigerante-lima-peru-los-olivos.webp","type":"image\/webp"}],"twitter_card":"summary_large_image","twitter_misc":{"Tiempo de lectura":"1 minuto"},"schema":{"@context":"https:\/\/schema.org","@graph":[{"@type":["WebPage","ItemPage"],"@id":"https:\/\/lubrimas.pe\/tienda\/refrigerantes\/liqui-moly-anti-congelante-kfs-12\/","url":"https:\/\/lubrimas.pe\/tienda\/refrigerantes\/liqui-moly-anti-congelante-kfs-12\/","name":"REFRIGERANTE LIQUI MOLY K\u00fchlerfrostschutz KFS 12+ \/ Anti-congelante | Lubrimas.pe | Tienda Online","isPartOf":{"@id":"https:\/\/lubrimas.pe\/tienda\/#website"},"primaryImageOfPage":{"@id":"https:\/\/lubrimas.pe\/tienda\/refrigerantes\/liqui-moly-anti-congelante-kfs-12\/#primaryimage"},"image":{"@id":"https:\/\/lubrimas.pe\/tienda\/refrigerantes\/liqui-moly-anti-congelante-kfs-12\/#primaryimage"},"thumbnailUrl":"https:\/\/lubrimas.pe\/tienda\/wp-content\/uploads\/sites\/3\/2022\/01\/lubrimas_pe-lubrimasperu_com-liqui-moly-g12-kfs12-refrigerante-lima-peru-los-olivos.webp","datePublished":"2022-01-19T20:34:49+00:00","dateModified":"2024-11-29T18:58:14+00:00","breadcrumb":{"@id":"https:\/\/lubrimas.pe\/tienda\/refrigerantes\/liqui-moly-anti-congelante-kfs-12\/#breadcrumb"},"inLanguage":"es","potentialAction":[{"@type":"ReadAction","target":["https:\/\/lubrimas.pe\/tienda\/refrigerantes\/liqui-moly-anti-congelante-kfs-12\/"]}]},{"@type":"ImageObject","inLanguage":"es","@id":"https:\/\/lubrimas.pe\/tienda\/refrigerantes\/liqui-moly-anti-congelante-kfs-12\/#primaryimage","url":"https:\/\/lubrimas.pe\/tienda\/wp-content\/uploads\/sites\/3\/2022\/01\/lubrimas_pe-lubrimasperu_com-liqui-moly-g12-kfs12-refrigerante-lima-peru-los-olivos.webp","contentUrl":"https:\/\/lubrimas.pe\/tienda\/wp-content\/uploads\/sites\/3\/2022\/01\/lubrimas_pe-lubrimasperu_com-liqui-moly-g12-kfs12-refrigerante-lima-peru-los-olivos.webp","width":850,"height":1000},{"@type":"BreadcrumbList","@id":"https:\/\/lubrimas.pe\/tienda\/refrigerantes\/liqui-moly-anti-congelante-kfs-12\/#breadcrumb","itemListElement":[{"@type":"ListItem","position":1,"name":"Portada","item":"https:\/\/lubrimas.pe\/tienda\/"},{"@type":"ListItem","position":2,"name":"Cat\u00e1logo","item":"https:\/\/lubrimas.pe\/tienda\/productos\/"},{"@type":"ListItem","position":3,"name":"REFRIGERANTE LIQUI MOLY K\u00fchlerfrostschutz KFS 12+ \/ Anti-congelante"}]},{"@type":"WebSite","@id":"https:\/\/lubrimas.pe\/tienda\/#website","url":"https:\/\/lubrimas.pe\/tienda\/","name":"Lubrimas.pe | Tienda Online","description":"Tus lubricantes favoritos al mejor precio!","publisher":{"@id":"https:\/\/lubrimas.pe\/tienda\/#organization"},"potentialAction":[{"@type":"SearchAction","target":{"@type":"EntryPoint","urlTemplate":"https:\/\/lubrimas.pe\/tienda\/?s={search_term_string}"},"query-input":{"@type":"PropertyValueSpecification","valueRequired":true,"valueName":"search_term_string"}}],"inLanguage":"es"},{"@type":"Organization","@id":"https:\/\/lubrimas.pe\/tienda\/#organization","name":"Lubrimas.pe","url":"https:\/\/lubrimas.pe\/tienda\/","logo":{"@type":"ImageObject","inLanguage":"es","@id":"https:\/\/lubrimas.pe\/tienda\/#\/schema\/logo\/image\/","url":"https:\/\/lubrimas.pe\/tienda\/wp-content\/uploads\/sites\/3\/2022\/07\/BANNERS-PROMO-CYBER-WOW-LUBRIMASPE-2022-07.webp","contentUrl":"https:\/\/lubrimas.pe\/tienda\/wp-content\/uploads\/sites\/3\/2022\/07\/BANNERS-PROMO-CYBER-WOW-LUBRIMASPE-2022-07.webp","width":500,"height":752,"caption":"Lubrimas.pe"},"image":{"@id":"https:\/\/lubrimas.pe\/tienda\/#\/schema\/logo\/image\/"}}]}},"_links":{"self":[{"href":"https:\/\/lubrimas.pe\/tienda\/wp-json\/wp\/v2\/product\/686","targetHints":{"allow":["GET"]}}],"collection":[{"href":"https:\/\/lubrimas.pe\/tienda\/wp-json\/wp\/v2\/product"}],"about":[{"href":"https:\/\/lubrimas.pe\/tienda\/wp-json\/wp\/v2\/types\/product"}],"wp:featuredmedia":[{"embeddable":true,"href":"https:\/\/lubrimas.pe\/tienda\/wp-json\/wp\/v2\/media\/11552"}],"wp:attachment":[{"href":"https:\/\/lubrimas.pe\/tienda\/wp-json\/wp\/v2\/media?parent=686"}],"wp:term":[{"taxonomy":"product_brand","embeddable":true,"href":"https:\/\/lubrimas.pe\/tienda\/wp-json\/wp\/v2\/product_brand?post=686"},{"taxonomy":"product_cat","embeddable":true,"href":"https:\/\/lubrimas.pe\/tienda\/wp-json\/wp\/v2\/product_cat?post=686"},{"taxonomy":"product_tag","embeddable":true,"href":"https:\/\/lubrimas.pe\/tienda\/wp-json\/wp\/v2\/product_tag?post=686"}],"curies":[{"name":"wp","href":"https:\/\/api.w.org\/{rel}","templated":true}]}}