{"id":692,"date":"2022-01-19T20:34:50","date_gmt":"2022-01-19T20:34:50","guid":{"rendered":"https:\/\/lubrimas.pe\/tienda\/?post_type=product&#038;p=692"},"modified":"2022-07-22T14:17:29","modified_gmt":"2022-07-22T19:17:29","slug":"nissan-cvt-ns-3-original-oem-p-n-999mp-cv0ns3","status":"publish","type":"product","link":"https:\/\/lubrimas.pe\/tienda\/aceite-de-caja\/nissan-cvt-ns-3-original-oem-p-n-999mp-cv0ns3\/","title":{"rendered":"NISSAN CVT NS-3 &#8211; ORIGINAL OEM P\/N 999MP CV0NS3"},"content":{"rendered":"<p><strong>N\u00famero de pieza: <\/strong><span id=\"productTitle\" class=\"a-size-large product-title-word-break\">NS3-999MP-CV0NS3<\/span><\/p>\n<p><strong>Especificaciones para NS3<\/strong><\/p>\n<ul>\n<li>Muy buena capacidad lubricante incluso a bajas temperaturas en invierno.<\/li>\n<li>Un \u00edndice de viscosidad alto y estable<\/li>\n<li>Muy buena estabilidad a la oxidaci\u00f3n.<\/li>\n<li>Protecci\u00f3n contra la corrosi\u00f3n y la formaci\u00f3n de espuma.<\/li>\n<li>Buen coeficiente de fricci\u00f3n equilibrado<\/li>\n<li>Adecuado para los veh\u00edculos que requieran la siguiente especificaci\u00f3n: CVT NS-3<\/li>\n<\/ul>\n","protected":false},"excerpt":{"rendered":"<p>N\u00famero de pieza: NS3-999MP-CV0NS3 Especificaciones para NS3 Muy buena capacidad lubricante incluso a bajas temperaturas en invierno. Un \u00edndice de viscosidad alto y estable Muy buena estabilidad a la oxidaci\u00f3n.<\/p>\n","protected":false},"featured_media":11668,"template":"","meta":[],"product_brand":[],"product_cat":[27,32],"product_tag":[],"class_list":{"0":"post-692","1":"product","2":"type-product","3":"status-publish","4":"has-post-thumbnail","6":"product_cat-aceite-de-caja","7":"product_cat-caja-automatica","8":"pa_marca-nissan","9":"pa_transmision-cvt","10":"pa_transmision-ns-3","12":"first","13":"outofstock","14":"sale","15":"shipping-taxable","16":"purchasable","17":"product-type-variable","18":"has-default-attributes"},"yoast_head":"<!-- This site is optimized with the Yoast SEO plugin v27.1.1 - https:\/\/yoast.com\/product\/yoast-seo-wordpress\/ -->\n<title>NISSAN CVT NS-3 - ORIGINAL OEM P\/N 999MP CV0NS3 | Lubrimas.pe | Tienda Online<\/title>\n<meta name=\"robots\" content=\"index, follow, max-snippet:-1, max-image-preview:large, max-video-preview:-1\" \/>\n<link rel=\"canonical\" href=\"https:\/\/lubrimas.pe\/tienda\/aceite-de-caja\/nissan-cvt-ns-3-original-oem-p-n-999mp-cv0ns3\/\" \/>\n<meta property=\"og:locale\" content=\"es_ES\" \/>\n<meta property=\"og:type\" content=\"article\" \/>\n<meta property=\"og:title\" content=\"NISSAN CVT NS-3 - ORIGINAL OEM P\/N 999MP CV0NS3 | Lubrimas.pe | Tienda Online\" \/>\n<meta property=\"og:description\" content=\"N\u00famero de pieza: NS3-999MP-CV0NS3 Especificaciones para NS3 Muy buena capacidad lubricante incluso a bajas temperaturas en invierno. Un \u00edndice de viscosidad alto y estable Muy buena estabilidad a la oxidaci\u00f3n.\" \/>\n<meta property=\"og:url\" content=\"https:\/\/lubrimas.pe\/tienda\/aceite-de-caja\/nissan-cvt-ns-3-original-oem-p-n-999mp-cv0ns3\/\" \/>\n<meta property=\"og:site_name\" content=\"Lubrimas.pe | Tienda Online\" \/>\n<meta property=\"article:modified_time\" content=\"2022-07-22T19:17:29+00:00\" \/>\n<meta property=\"og:image\" content=\"https:\/\/lubrimas.pe\/tienda\/wp-content\/uploads\/sites\/3\/2022\/01\/lubrimasperu-aceite-caj-automatica-nissan-original-oem-cvt-automatica-ns-3-losolivos-lima-peru.webp\" \/>\n\t<meta property=\"og:image:width\" content=\"850\" \/>\n\t<meta property=\"og:image:height\" content=\"1000\" \/>\n\t<meta property=\"og:image:type\" content=\"image\/webp\" \/>\n<meta name=\"twitter:card\" content=\"summary_large_image\" \/>\n<meta name=\"twitter:label1\" content=\"Tiempo de lectura\" \/>\n\t<meta name=\"twitter:data1\" content=\"1 minuto\" \/>\n<script type=\"application\/ld+json\" class=\"yoast-schema-graph\">{\"@context\":\"https:\/\/schema.org\",\"@graph\":[{\"@type\":[\"WebPage\",\"ItemPage\"],\"@id\":\"https:\/\/lubrimas.pe\/tienda\/aceite-de-caja\/nissan-cvt-ns-3-original-oem-p-n-999mp-cv0ns3\/\",\"url\":\"https:\/\/lubrimas.pe\/tienda\/aceite-de-caja\/nissan-cvt-ns-3-original-oem-p-n-999mp-cv0ns3\/\",\"name\":\"NISSAN CVT NS-3 - ORIGINAL OEM P\/N 999MP CV0NS3 | Lubrimas.pe | Tienda Online\",\"isPartOf\":{\"@id\":\"https:\/\/lubrimas.pe\/tienda\/#website\"},\"primaryImageOfPage\":{\"@id\":\"https:\/\/lubrimas.pe\/tienda\/aceite-de-caja\/nissan-cvt-ns-3-original-oem-p-n-999mp-cv0ns3\/#primaryimage\"},\"image\":{\"@id\":\"https:\/\/lubrimas.pe\/tienda\/aceite-de-caja\/nissan-cvt-ns-3-original-oem-p-n-999mp-cv0ns3\/#primaryimage\"},\"thumbnailUrl\":\"https:\/\/lubrimas.pe\/tienda\/wp-content\/uploads\/sites\/3\/2022\/01\/lubrimasperu-aceite-caj-automatica-nissan-original-oem-cvt-automatica-ns-3-losolivos-lima-peru.webp\",\"datePublished\":\"2022-01-19T20:34:50+00:00\",\"dateModified\":\"2022-07-22T19:17:29+00:00\",\"breadcrumb\":{\"@id\":\"https:\/\/lubrimas.pe\/tienda\/aceite-de-caja\/nissan-cvt-ns-3-original-oem-p-n-999mp-cv0ns3\/#breadcrumb\"},\"inLanguage\":\"es\",\"potentialAction\":[{\"@type\":\"ReadAction\",\"target\":[\"https:\/\/lubrimas.pe\/tienda\/aceite-de-caja\/nissan-cvt-ns-3-original-oem-p-n-999mp-cv0ns3\/\"]}]},{\"@type\":\"ImageObject\",\"inLanguage\":\"es\",\"@id\":\"https:\/\/lubrimas.pe\/tienda\/aceite-de-caja\/nissan-cvt-ns-3-original-oem-p-n-999mp-cv0ns3\/#primaryimage\",\"url\":\"https:\/\/lubrimas.pe\/tienda\/wp-content\/uploads\/sites\/3\/2022\/01\/lubrimasperu-aceite-caj-automatica-nissan-original-oem-cvt-automatica-ns-3-losolivos-lima-peru.webp\",\"contentUrl\":\"https:\/\/lubrimas.pe\/tienda\/wp-content\/uploads\/sites\/3\/2022\/01\/lubrimasperu-aceite-caj-automatica-nissan-original-oem-cvt-automatica-ns-3-losolivos-lima-peru.webp\",\"width\":850,\"height\":1000},{\"@type\":\"BreadcrumbList\",\"@id\":\"https:\/\/lubrimas.pe\/tienda\/aceite-de-caja\/nissan-cvt-ns-3-original-oem-p-n-999mp-cv0ns3\/#breadcrumb\",\"itemListElement\":[{\"@type\":\"ListItem\",\"position\":1,\"name\":\"Portada\",\"item\":\"https:\/\/lubrimas.pe\/tienda\/\"},{\"@type\":\"ListItem\",\"position\":2,\"name\":\"Cat\u00e1logo\",\"item\":\"https:\/\/lubrimas.pe\/tienda\/productos\/\"},{\"@type\":\"ListItem\",\"position\":3,\"name\":\"NISSAN CVT NS-3 &#8211; ORIGINAL OEM P\/N 999MP CV0NS3\"}]},{\"@type\":\"WebSite\",\"@id\":\"https:\/\/lubrimas.pe\/tienda\/#website\",\"url\":\"https:\/\/lubrimas.pe\/tienda\/\",\"name\":\"Lubrimas.pe | Tienda Online\",\"description\":\"Tus lubricantes favoritos al mejor precio!\",\"publisher\":{\"@id\":\"https:\/\/lubrimas.pe\/tienda\/#organization\"},\"potentialAction\":[{\"@type\":\"SearchAction\",\"target\":{\"@type\":\"EntryPoint\",\"urlTemplate\":\"https:\/\/lubrimas.pe\/tienda\/?s={search_term_string}\"},\"query-input\":{\"@type\":\"PropertyValueSpecification\",\"valueRequired\":true,\"valueName\":\"search_term_string\"}}],\"inLanguage\":\"es\"},{\"@type\":\"Organization\",\"@id\":\"https:\/\/lubrimas.pe\/tienda\/#organization\",\"name\":\"Lubrimas.pe\",\"url\":\"https:\/\/lubrimas.pe\/tienda\/\",\"logo\":{\"@type\":\"ImageObject\",\"inLanguage\":\"es\",\"@id\":\"https:\/\/lubrimas.pe\/tienda\/#\/schema\/logo\/image\/\",\"url\":\"https:\/\/lubrimas.pe\/tienda\/wp-content\/uploads\/sites\/3\/2022\/07\/BANNERS-PROMO-CYBER-WOW-LUBRIMASPE-2022-07.webp\",\"contentUrl\":\"https:\/\/lubrimas.pe\/tienda\/wp-content\/uploads\/sites\/3\/2022\/07\/BANNERS-PROMO-CYBER-WOW-LUBRIMASPE-2022-07.webp\",\"width\":500,\"height\":752,\"caption\":\"Lubrimas.pe\"},\"image\":{\"@id\":\"https:\/\/lubrimas.pe\/tienda\/#\/schema\/logo\/image\/\"}}]}<\/script>\n<!-- \/ Yoast SEO plugin. -->","yoast_head_json":{"title":"NISSAN CVT NS-3 - ORIGINAL OEM P\/N 999MP CV0NS3 | Lubrimas.pe | Tienda Online","robots":{"index":"index","follow":"follow","max-snippet":"max-snippet:-1","max-image-preview":"max-image-preview:large","max-video-preview":"max-video-preview:-1"},"canonical":"https:\/\/lubrimas.pe\/tienda\/aceite-de-caja\/nissan-cvt-ns-3-original-oem-p-n-999mp-cv0ns3\/","og_locale":"es_ES","og_type":"article","og_title":"NISSAN CVT NS-3 - ORIGINAL OEM P\/N 999MP CV0NS3 | Lubrimas.pe | Tienda Online","og_description":"N\u00famero de pieza: NS3-999MP-CV0NS3 Especificaciones para NS3 Muy buena capacidad lubricante incluso a bajas temperaturas en invierno. Un \u00edndice de viscosidad alto y estable Muy buena estabilidad a la oxidaci\u00f3n.","og_url":"https:\/\/lubrimas.pe\/tienda\/aceite-de-caja\/nissan-cvt-ns-3-original-oem-p-n-999mp-cv0ns3\/","og_site_name":"Lubrimas.pe | Tienda Online","article_modified_time":"2022-07-22T19:17:29+00:00","og_image":[{"width":850,"height":1000,"url":"https:\/\/lubrimas.pe\/tienda\/wp-content\/uploads\/sites\/3\/2022\/01\/lubrimasperu-aceite-caj-automatica-nissan-original-oem-cvt-automatica-ns-3-losolivos-lima-peru.webp","type":"image\/webp"}],"twitter_card":"summary_large_image","twitter_misc":{"Tiempo de lectura":"1 minuto"},"schema":{"@context":"https:\/\/schema.org","@graph":[{"@type":["WebPage","ItemPage"],"@id":"https:\/\/lubrimas.pe\/tienda\/aceite-de-caja\/nissan-cvt-ns-3-original-oem-p-n-999mp-cv0ns3\/","url":"https:\/\/lubrimas.pe\/tienda\/aceite-de-caja\/nissan-cvt-ns-3-original-oem-p-n-999mp-cv0ns3\/","name":"NISSAN CVT NS-3 - ORIGINAL OEM P\/N 999MP CV0NS3 | Lubrimas.pe | Tienda Online","isPartOf":{"@id":"https:\/\/lubrimas.pe\/tienda\/#website"},"primaryImageOfPage":{"@id":"https:\/\/lubrimas.pe\/tienda\/aceite-de-caja\/nissan-cvt-ns-3-original-oem-p-n-999mp-cv0ns3\/#primaryimage"},"image":{"@id":"https:\/\/lubrimas.pe\/tienda\/aceite-de-caja\/nissan-cvt-ns-3-original-oem-p-n-999mp-cv0ns3\/#primaryimage"},"thumbnailUrl":"https:\/\/lubrimas.pe\/tienda\/wp-content\/uploads\/sites\/3\/2022\/01\/lubrimasperu-aceite-caj-automatica-nissan-original-oem-cvt-automatica-ns-3-losolivos-lima-peru.webp","datePublished":"2022-01-19T20:34:50+00:00","dateModified":"2022-07-22T19:17:29+00:00","breadcrumb":{"@id":"https:\/\/lubrimas.pe\/tienda\/aceite-de-caja\/nissan-cvt-ns-3-original-oem-p-n-999mp-cv0ns3\/#breadcrumb"},"inLanguage":"es","potentialAction":[{"@type":"ReadAction","target":["https:\/\/lubrimas.pe\/tienda\/aceite-de-caja\/nissan-cvt-ns-3-original-oem-p-n-999mp-cv0ns3\/"]}]},{"@type":"ImageObject","inLanguage":"es","@id":"https:\/\/lubrimas.pe\/tienda\/aceite-de-caja\/nissan-cvt-ns-3-original-oem-p-n-999mp-cv0ns3\/#primaryimage","url":"https:\/\/lubrimas.pe\/tienda\/wp-content\/uploads\/sites\/3\/2022\/01\/lubrimasperu-aceite-caj-automatica-nissan-original-oem-cvt-automatica-ns-3-losolivos-lima-peru.webp","contentUrl":"https:\/\/lubrimas.pe\/tienda\/wp-content\/uploads\/sites\/3\/2022\/01\/lubrimasperu-aceite-caj-automatica-nissan-original-oem-cvt-automatica-ns-3-losolivos-lima-peru.webp","width":850,"height":1000},{"@type":"BreadcrumbList","@id":"https:\/\/lubrimas.pe\/tienda\/aceite-de-caja\/nissan-cvt-ns-3-original-oem-p-n-999mp-cv0ns3\/#breadcrumb","itemListElement":[{"@type":"ListItem","position":1,"name":"Portada","item":"https:\/\/lubrimas.pe\/tienda\/"},{"@type":"ListItem","position":2,"name":"Cat\u00e1logo","item":"https:\/\/lubrimas.pe\/tienda\/productos\/"},{"@type":"ListItem","position":3,"name":"NISSAN CVT NS-3 &#8211; ORIGINAL OEM P\/N 999MP CV0NS3"}]},{"@type":"WebSite","@id":"https:\/\/lubrimas.pe\/tienda\/#website","url":"https:\/\/lubrimas.pe\/tienda\/","name":"Lubrimas.pe | Tienda Online","description":"Tus lubricantes favoritos al mejor precio!","publisher":{"@id":"https:\/\/lubrimas.pe\/tienda\/#organization"},"potentialAction":[{"@type":"SearchAction","target":{"@type":"EntryPoint","urlTemplate":"https:\/\/lubrimas.pe\/tienda\/?s={search_term_string}"},"query-input":{"@type":"PropertyValueSpecification","valueRequired":true,"valueName":"search_term_string"}}],"inLanguage":"es"},{"@type":"Organization","@id":"https:\/\/lubrimas.pe\/tienda\/#organization","name":"Lubrimas.pe","url":"https:\/\/lubrimas.pe\/tienda\/","logo":{"@type":"ImageObject","inLanguage":"es","@id":"https:\/\/lubrimas.pe\/tienda\/#\/schema\/logo\/image\/","url":"https:\/\/lubrimas.pe\/tienda\/wp-content\/uploads\/sites\/3\/2022\/07\/BANNERS-PROMO-CYBER-WOW-LUBRIMASPE-2022-07.webp","contentUrl":"https:\/\/lubrimas.pe\/tienda\/wp-content\/uploads\/sites\/3\/2022\/07\/BANNERS-PROMO-CYBER-WOW-LUBRIMASPE-2022-07.webp","width":500,"height":752,"caption":"Lubrimas.pe"},"image":{"@id":"https:\/\/lubrimas.pe\/tienda\/#\/schema\/logo\/image\/"}}]}},"_links":{"self":[{"href":"https:\/\/lubrimas.pe\/tienda\/wp-json\/wp\/v2\/product\/692","targetHints":{"allow":["GET"]}}],"collection":[{"href":"https:\/\/lubrimas.pe\/tienda\/wp-json\/wp\/v2\/product"}],"about":[{"href":"https:\/\/lubrimas.pe\/tienda\/wp-json\/wp\/v2\/types\/product"}],"wp:featuredmedia":[{"embeddable":true,"href":"https:\/\/lubrimas.pe\/tienda\/wp-json\/wp\/v2\/media\/11668"}],"wp:attachment":[{"href":"https:\/\/lubrimas.pe\/tienda\/wp-json\/wp\/v2\/media?parent=692"}],"wp:term":[{"taxonomy":"product_brand","embeddable":true,"href":"https:\/\/lubrimas.pe\/tienda\/wp-json\/wp\/v2\/product_brand?post=692"},{"taxonomy":"product_cat","embeddable":true,"href":"https:\/\/lubrimas.pe\/tienda\/wp-json\/wp\/v2\/product_cat?post=692"},{"taxonomy":"product_tag","embeddable":true,"href":"https:\/\/lubrimas.pe\/tienda\/wp-json\/wp\/v2\/product_tag?post=692"}],"curies":[{"name":"wp","href":"https:\/\/api.w.org\/{rel}","templated":true}]}}