{"id":695,"date":"2022-01-19T20:34:50","date_gmt":"2022-01-19T20:34:50","guid":{"rendered":"https:\/\/lubrimas.pe\/tienda\/?post_type=product&#038;p=695"},"modified":"2023-07-26T14:30:38","modified_gmt":"2023-07-26T19:30:38","slug":"motul-atf-vi-dexron-vi","status":"publish","type":"product","link":"https:\/\/lubrimas.pe\/tienda\/aceite-de-caja\/motul-atf-vi-dexron-vi\/","title":{"rendered":"MOTUL ATF VI (DEXRON VI) &#8211; Lubricante sint\u00e9tico de alta calidad"},"content":{"rendered":"<p><strong>MOTUL ATF VI<\/strong> es un lubricante altas prestaciones 100% sint\u00e9tico de baja viscosidad, especialmente dise\u00f1ada para las cajas autom\u00e1ticas modernas (modo manual o secuencial, control electr\u00f3nico&#8230;) equipos con sistema de acopladores viscosos, exigiendo al fluido que responda con la norma DEXRON VI. Particularmente adaptado para las cajas de velocidades autom\u00e1ticas, cajas de transferencias y direcciones asistidas de los fabricantes Americanos GM, FORD, CHRYSLER\u2026, Asi\u00e1ticos HONDA, HYUNDAI, KIA, ISUZU, MITSUBISHI, NISSAN, TOYOTA,&#8230; o Europeos FORD, OPEL,\u2026 Recomendado as\u00ed mismo para las cajas de velocidades autom\u00e1ticas de anterior generaci\u00f3n, convertidores de acoplamiento, direcciones asistidas y sistemas hidr\u00e1ulicos o mec\u00e1nicos, donde las normas DEXRON III H o DEXRON II D sean exigidas. Antes de su utilizaci\u00f3n, siempre verificar con el manual de mantenimiento del veh\u00edculo.<\/p>\n<h5><strong>CARACTER\u00cdSTICAS<\/strong><\/h5>\n<p>MOTUL ATF VI es un producto 100% sint\u00e9tico de elevadas prestaciones que supera las exigencias DEXRON III y MERCON convencionales.<\/p>\n<p>Gracias a su formulaci\u00f3n exclusiva y dedicada, ATF VI:<\/p>\n<ul>\n<li>Permite reducir el consumo de combustible de veh\u00edculos equipados con cajas de velocidades autom\u00e1ticas reduciendo las fricciones sobre los engranajes epicicloidales.<\/li>\n<li>Mejora el funcionamiento de las cajas de velocidades autom\u00e1ticas en frio.<\/li>\n<li>Cajas de velocidades m\u00e1s reactivas, cambio de velocidades m\u00e1s r\u00e1pido y suave.<\/li>\n<li>Evita la &#8220;VIBRACI\u00d3N&#8221; del embrague y volante motor por la mejora de fricci\u00f3n del acoplador (deslizamiento uniforme y limitado) de la turbina.<\/li>\n<li>Protege el conjunto de todos engranajes, cada vez m\u00e1s compactos y m\u00e1s cargados.<\/li>\n<li>Aceite de larga duraci\u00f3n con una mayor resistencia a la oxidaci\u00f3n y una pel\u00edcula lubricante m\u00e1s estable a altas temperaturas.<\/li>\n<li>Anti-desgaste.<\/li>\n<li>Anti-corrosi\u00f3n.<\/li>\n<li>Anti-espuma.<\/li>\n<\/ul>\n<h5><strong>APROBACIONES \/ ESPECIFICACIONES OEM<\/strong><\/h5>\n<p>AUDI G 052 533, VW G 052 533, BMW ATF6, CITRO\u00cbN AW-1, CITRO\u00cbN AW-2, DS (CAPSA) AW-2, PEUGEOT AW-2, CITRO\u00cbN 8 &amp; 9 SPEED ATF, DS (CAPSA) 8 &amp; 9 SPEED ATF, PEUGEOT 8 &amp; 9 SPEED ATF, CITRO\u00cbN 68818925AA\/AB, DS (CAPSA) 68818925AA\/AB, PEUGEOT 68818925AA\/AB, CITRO\u00cbN 68043742AA, DS (CAPSA) 68043742AA, PEUGEOT 68043742AA, CITRO\u00cbN 05127382, DS (CAPSA) 05127382, PEUGEOT 05127382, DS (CAPSA) AW-1, PEUGEOT AW-1, GENERAL MOTORS 19256039, HONDA 08200-9008, HONDA 08200-9016-A, ACURA 08200-9016A, ZF ZF ZF LIFEGUARD 9, NISSAN 999MP-MPT10P, MERCEDES-BENZ P\/N 0029890603, JASO 1A, MITSUBISHI MZ320775, GENERAL MOTORS DEX HP, CHRYSLER DEXRON VI AUTOMATIC TRANSMISSION FLUID, CHRYSLER MS 90030-A5, DAIMLER DEXRON VI AUTOMATIC TRANSMISSION FLUID, MOPAR PARTS 68218925AA, PETRONAS LUBRICANTS TUTELA TRANSMISSION AS8, ISUZU WSI, ISUZU BESCO ATF III, FORD MERCON LV, FORD XT-6-QSP (SP), FORD WSS-M2C922-A1, FORD WSS-M2C949-A, FIAT 9.55550-AV5 FOR ZF AUTOMATIC GEARBOX WITH 8 AND 9 SPEED, NISSAN MATIC P, SUZUKI MATIC S, MITSUBISHI DIAMOND QUEEN ATF-PA, MITSUBISHI 4030401, MITSUBISHI ATF-J3, HYUNDAI SP4-M1, KIA SP4-M1, HYUNDAI SPH-IV, KIA SPH-IV, HYUNDAI WS, KIA WS, HYUNDAI NWS-9638, KIA NWS-9638, BMW 883 22 5 A28 F03 (ATF8), NISSAN MATIC W, BMW 83 22 2 305 396 (ATF2), BMW 83 22 2 305 397, BMW 83 22 2 413 477 (ATF7), MINI BMW 83 22 2 413 477 (ATF7), BRILLIANCE ATF PTF-1, PSA GROUPE AW-1, AISIN AW-1, AISIN ATF-0WS (EXCEPT CVTS), AISIN AW-2, SAAB 93 165 147, HONDA HONDA TYPE 3.0, VOLVO 31 256 774, VOLVO 31 256 775, GENERAL MOTORS AW-1, ZF ZF ZF AA01 500 001, TOYOTA ATF FZ, SUBARU ATF-WS, MERCEDES-BENZ MB 236.12, GENERAL MOTORS GM DEXRON ULV ATF, DAIMLER MS 9602, BMW 83 22 2 355 599, BMW 83 22 2 355 601, BMW 83 22 2 163 514, BMW 83 22 2 289 720, JASO M315, JALOS CLASS 1A-LV, ISUZU SCS, AUDI G 053 001, AUDI G 053 001 A2, AUDI G 060 540 A2, VW G 060 540 A2, VW G 053 001, GENERAL MOTORS GMW16974, GENERAL MOTORS WS, GENERAL MOTORS 88863400, GENERAL MOTORS 88863401, MAZDA MERCON LV, HONDA 08266-99907, HONDA 08266-9904, CHRYSLER DEXRON\u00ae-VI AUTOMATIC TRANSMISSION FLUID, ACURA ATF Z1 (EXCEPT CVTS), HONDA ATF Z1 (EXCEPT CVTS), ACURA ATF DW-1 (EXCEPT CVTS), HONDA ATF DW-1 (EXCEPT CVTS), ACURA 08200-9008A, ACURA 08200-9009A, ACURA 08266-99964, AUDI G 055 005, VW G 055 005, AUDI G 055 162, VW G 055 162, AUDI G 060 162, VW G 060 162, AUDI G 055 540, VW G 055 540, BENTLEY PY112995PA, BMW ATF 3+, BMW L12108, BMW 83 22 0 142 516, BMW 83 22 2 152 426, BMW 83 22 9 400 275, BMW 83 22 9 407 738, BMW 83 22 0 397 114, BMW 83 22 0 403 248, BMW 83 22 0 403 249, BMW 83 22 0 432 807, BMW 83 22 9 407 858, BMW 83 22 9 407 859, CHRYSLER ATF+3, CHRYSLER ATF+4, DAIMLER ATF+4, DAIMLER ATF+3, CHRYSLER MS 9602, CHRYSLER 68157995AA, DAIMLER 68157995AA, CHRYSLER 68157995AB, DAIMLER 68157995AB, CHRYSLER 68218057CA, DAIMLER 68218057CA, CHRYSLER 68218058CA, DAIMLER 68218058CA, CHRYSLER 68218054CA, DAIMLER 68218054CA, CHRYSLER 68218925AA, DAIMLER 68218925AA, CHRYSLER SP IV AUTOMATIC TRANSMISSION FLUID, DAIMLER SP IV AUTOMATIC TRANSMISSION FLUID, CHRYSLER 68171866AA, DAIMLER 68171866AA, DAIMLER 68171869AA, CHRYSLER 68171869AA, DAIMLER DEXRON\u00ae-VI AUTOMATIC TRANSMISSION FLUID, CHRYSLER 68043742AB, DAIMLER 68043742AB, FORD MERCON ULV, FORD XT-10-QLVC, GENERAL MOTORS GM DEXRON VI, GENERAL MOTORS GM DEXRON III H, GENERAL MOTORS GM DEXRON II D, GENERAL MOTORS 9986153, GENERAL MOTORS 9986333, GENERAL MOTORS 88861003, GENERAL MOTORS 88861004, GENERAL MOTORS GM DEXRON HP ATF, GENERAL MOTORS GMW16444, GENERAL MOTORS GM 1940184, GENERAL MOTORS GM 93165414, HONDA 082000-9001, HONDA 08200-9005, HONDA 08200-9017, HONDA ATF-11, HONDA B2618-OLE-025, HONDA ATF-TYPE 3.1, KIA SP-IV, HYUNDAI SP-IV, HYUNDAI SP-IV M, KIA SP-IV M, HYUNDAI SP-IV-RR, KIA SP-IV-RR, HYUNDAI 040000C90SG, HYUNDAI 00232-1904, HYUNDAI 04500-00115, INFINITI MATIC S, NISSAN MATIC S, INFINITI MATIC K, NISSAN MATIC K, NISSAN MATIC J, INFINITI MATIC J, NISSAN MATIC D, INFINITI MATIC D, JAGUAR JAGUAR FLUID 8432, JAGUAR 02JDE 26444, LAND ROVER TYK500050, LAND ROVER LR023289, LAND ROVER LR023288, LEXUS ATF WS, TOYOTA ATF WS, LEXUS ATF TYPE T-IV, TOYOTA ATF TYPE T-IV, LEXUS JWS 3324, TOYOTA JWS 3324, TOYOTA NWS 9638, LEXUS NWS 9638, LEXUS 00289-ATFWS, TOYOTA 00289-ATFWS, TOYOTA 08886-02303, LEXUS 08886-02303, LEXUS 08886-02305, TOYOTA 08886-02305, LEXUS 08886-80803, TOYOTA 08886-80803, MASERATI 231603, MASERATI M-1375.4, MAZDA ATF FZ, MAZDA 0000-77-122E-01, MERCEDES-BENZ MB 236.14, MERCEDES-BENZ MB 236.41, MERCEDES-BENZ A 001 989 45 03, MERCEDES-BENZ A 001 989 68 03, MERCEDES-BENZ A 001 989 77 03, MERCEDES-BENZ A 001 989 78 03, MITSUBISHI DIAMOND ATF SP II, MITSUBISHI SP III, MITSUBISHI ATF-MA1, MITSUBISHI ATF SP-IV, MITSUBISHI ATF SPH-IV, MITSUBISHI MZ320762, NISSAN KLE24-00002, NISSAN 999MP-MTS00P, PORSCHE 000 043 304 00, PSA GROUPE RP 9734 R7 FOR EAT6 TRANSMISSIONS, PEUGEOT RP 9734 R7 FOR EAT6 TRANSMISSIONS, CITRO\u00cbN RP 9734 R7 FOR EAT6 TRANSMISSIONS, DS (CAPSA) RP 9734 R7 FOR EAT6 TRANSMISSIONS, SSANGYONG DSIH 5M-66 MATERIAL SPECIFICATION REV 3, ALLISON TRANSMISSION C-4, ZF ZF ZF M-1375.4, SHELL M-1375.4, ZF ZF ZF M-1375.5, SHELL M-1375.5, SHELL M-1375.6, ZF ZF ZF M-1375.6, ZF ZF ZF TE-ML 11, AML 4G4319A509 \/ AA \/ S, FUCHS ATF 3292, FUCHS ATF 4400, FUCHS ATF 6000 SL, SHELL L-12108, ZF ZF ZF LIFEGUARD 6, ZF ZF ZF LIFEGUARD 6 PLUS, ZF ZF ZF LIFEGUARD 8, ZF ZF ZF S671 090 255, ZF ZF ZF S671 090 281, ZF ZF ZF S671 090 312<\/p>\n<h5><strong>INFORMACI\u00d3N ADICIONAL<\/strong><\/h5>\n<div class=\"aditional-info-tecnical-lp\"><a href=\"https:\/\/azupim01.motul.com\/media\/motulData\/DO\/base\/ATF_VI_es_ES_motul_19280_20210726.pdf\" target=\"_blank\" rel=\"noopener\">FICHA T\u00c9CNICA<\/a><br \/>\n<a href=\"https:\/\/www.motul.com\/ar\/es\/products\/atf-vi\" target=\"_blank\" rel=\"noopener\">SITIO OFICIAL<\/a><\/div>\n<p>&nbsp;<\/p>\n<blockquote><p>HIDROLINA, FLUIDO, LIQUIDO, PARA, DE, TRANSMISION AUTM\u00c1TICA, CAJA, ATF VI, DEXRON VI, 6<\/p><\/blockquote>\n<p>&nbsp;<\/p>\n","protected":false},"excerpt":{"rendered":"<p>MOTUL ATF VI es un lubricante altas prestaciones 100% sint\u00e9tico de baja viscosidad, especialmente dise\u00f1ada para las cajas autom\u00e1ticas modernas (modo manual o secuencial, control electr\u00f3nico&#8230;) equipos con sistema de<\/p>\n","protected":false},"featured_media":11747,"template":"","meta":[],"product_brand":[],"product_cat":[27,32],"product_tag":[],"class_list":{"0":"post-695","1":"product","2":"type-product","3":"status-publish","4":"has-post-thumbnail","6":"product_cat-aceite-de-caja","7":"product_cat-caja-automatica","8":"pa_marca-motul","9":"pa_transmision-atf","10":"pa_transmision-multi-atf","12":"first","13":"instock","14":"sale","15":"shipping-taxable","16":"purchasable","17":"product-type-variable","18":"has-default-attributes"},"yoast_head":"<!-- This site is optimized with the Yoast SEO plugin v27.4 - https:\/\/yoast.com\/product\/yoast-seo-wordpress\/ -->\n<title>MOTUL ATF VI (DEXRON VI) - Lubricante sint\u00e9tico de alta calidad | Lubrimas.pe | Tienda Online<\/title>\n<meta name=\"description\" content=\"MOTUL ATF VI (DEXRON VI) - Lubricante sint\u00e9tico de alta calidad es un fluido 100% Sint\u00e9tico especialmente dise\u00f1ado para todas las cajas de velocidades Autom\u00e1ticas modernas.\" \/>\n<meta name=\"robots\" content=\"index, follow, max-snippet:-1, max-image-preview:large, max-video-preview:-1\" \/>\n<link rel=\"canonical\" href=\"https:\/\/lubrimas.pe\/tienda\/aceite-de-caja\/motul-atf-vi-dexron-vi\/\" \/>\n<meta property=\"og:locale\" content=\"es_ES\" \/>\n<meta property=\"og:type\" content=\"article\" \/>\n<meta property=\"og:title\" content=\"MOTUL ATF VI (DEXRON VI) - Lubricante sint\u00e9tico de alta calidad | Lubrimas.pe | Tienda Online\" \/>\n<meta property=\"og:description\" content=\"MOTUL ATF VI (DEXRON VI) - Lubricante sint\u00e9tico de alta calidad es un fluido 100% Sint\u00e9tico especialmente dise\u00f1ado para todas las cajas de velocidades Autom\u00e1ticas modernas.\" \/>\n<meta property=\"og:url\" content=\"https:\/\/lubrimas.pe\/tienda\/aceite-de-caja\/motul-atf-vi-dexron-vi\/\" \/>\n<meta property=\"og:site_name\" content=\"Lubrimas.pe | Tienda Online\" \/>\n<meta property=\"article:modified_time\" content=\"2023-07-26T19:30:38+00:00\" \/>\n<meta property=\"og:image\" content=\"https:\/\/lubrimas.pe\/tienda\/wp-content\/uploads\/sites\/3\/2022\/01\/lubrimasperu-aceite-transmision-automatica-motul-atf-vi-hidrolina-quarto-peru-delivery-degalon-1lt-losolivos-lima-peru.webp\" \/>\n\t<meta property=\"og:image:width\" content=\"850\" \/>\n\t<meta property=\"og:image:height\" content=\"1000\" \/>\n\t<meta property=\"og:image:type\" content=\"image\/webp\" \/>\n<meta name=\"twitter:card\" content=\"summary_large_image\" \/>\n<meta name=\"twitter:label1\" content=\"Tiempo de lectura\" \/>\n\t<meta name=\"twitter:data1\" content=\"1 minuto\" \/>\n<script type=\"application\/ld+json\" class=\"yoast-schema-graph\">{\"@context\":\"https:\\\/\\\/schema.org\",\"@graph\":[{\"@type\":[\"WebPage\",\"ItemPage\"],\"@id\":\"https:\\\/\\\/lubrimas.pe\\\/tienda\\\/aceite-de-caja\\\/motul-atf-vi-dexron-vi\\\/\",\"url\":\"https:\\\/\\\/lubrimas.pe\\\/tienda\\\/aceite-de-caja\\\/motul-atf-vi-dexron-vi\\\/\",\"name\":\"MOTUL ATF VI (DEXRON VI) - Lubricante sint\u00e9tico de alta calidad | Lubrimas.pe | Tienda Online\",\"isPartOf\":{\"@id\":\"https:\\\/\\\/lubrimas.pe\\\/tienda\\\/#website\"},\"primaryImageOfPage\":{\"@id\":\"https:\\\/\\\/lubrimas.pe\\\/tienda\\\/aceite-de-caja\\\/motul-atf-vi-dexron-vi\\\/#primaryimage\"},\"image\":{\"@id\":\"https:\\\/\\\/lubrimas.pe\\\/tienda\\\/aceite-de-caja\\\/motul-atf-vi-dexron-vi\\\/#primaryimage\"},\"thumbnailUrl\":\"https:\\\/\\\/lubrimas.pe\\\/tienda\\\/wp-content\\\/uploads\\\/sites\\\/3\\\/2022\\\/01\\\/lubrimasperu-aceite-transmision-automatica-motul-atf-vi-hidrolina-quarto-peru-delivery-degalon-1lt-losolivos-lima-peru.webp\",\"datePublished\":\"2022-01-19T20:34:50+00:00\",\"dateModified\":\"2023-07-26T19:30:38+00:00\",\"description\":\"MOTUL ATF VI (DEXRON VI) - Lubricante sint\u00e9tico de alta calidad es un fluido 100% Sint\u00e9tico especialmente dise\u00f1ado para todas las cajas de velocidades Autom\u00e1ticas modernas.\",\"breadcrumb\":{\"@id\":\"https:\\\/\\\/lubrimas.pe\\\/tienda\\\/aceite-de-caja\\\/motul-atf-vi-dexron-vi\\\/#breadcrumb\"},\"inLanguage\":\"es\",\"potentialAction\":[{\"@type\":\"ReadAction\",\"target\":[\"https:\\\/\\\/lubrimas.pe\\\/tienda\\\/aceite-de-caja\\\/motul-atf-vi-dexron-vi\\\/\"]}]},{\"@type\":\"ImageObject\",\"inLanguage\":\"es\",\"@id\":\"https:\\\/\\\/lubrimas.pe\\\/tienda\\\/aceite-de-caja\\\/motul-atf-vi-dexron-vi\\\/#primaryimage\",\"url\":\"https:\\\/\\\/lubrimas.pe\\\/tienda\\\/wp-content\\\/uploads\\\/sites\\\/3\\\/2022\\\/01\\\/lubrimasperu-aceite-transmision-automatica-motul-atf-vi-hidrolina-quarto-peru-delivery-degalon-1lt-losolivos-lima-peru.webp\",\"contentUrl\":\"https:\\\/\\\/lubrimas.pe\\\/tienda\\\/wp-content\\\/uploads\\\/sites\\\/3\\\/2022\\\/01\\\/lubrimasperu-aceite-transmision-automatica-motul-atf-vi-hidrolina-quarto-peru-delivery-degalon-1lt-losolivos-lima-peru.webp\",\"width\":850,\"height\":1000},{\"@type\":\"BreadcrumbList\",\"@id\":\"https:\\\/\\\/lubrimas.pe\\\/tienda\\\/aceite-de-caja\\\/motul-atf-vi-dexron-vi\\\/#breadcrumb\",\"itemListElement\":[{\"@type\":\"ListItem\",\"position\":1,\"name\":\"Portada\",\"item\":\"https:\\\/\\\/lubrimas.pe\\\/tienda\\\/\"},{\"@type\":\"ListItem\",\"position\":2,\"name\":\"Cat\u00e1logo\",\"item\":\"https:\\\/\\\/lubrimas.pe\\\/tienda\\\/productos\\\/\"},{\"@type\":\"ListItem\",\"position\":3,\"name\":\"MOTUL ATF VI (DEXRON VI) &#8211; Lubricante sint\u00e9tico de alta calidad\"}]},{\"@type\":\"WebSite\",\"@id\":\"https:\\\/\\\/lubrimas.pe\\\/tienda\\\/#website\",\"url\":\"https:\\\/\\\/lubrimas.pe\\\/tienda\\\/\",\"name\":\"Lubrimas.pe | Tienda Online\",\"description\":\"Tus lubricantes favoritos al mejor precio!\",\"publisher\":{\"@id\":\"https:\\\/\\\/lubrimas.pe\\\/tienda\\\/#organization\"},\"potentialAction\":[{\"@type\":\"SearchAction\",\"target\":{\"@type\":\"EntryPoint\",\"urlTemplate\":\"https:\\\/\\\/lubrimas.pe\\\/tienda\\\/?s={search_term_string}\"},\"query-input\":{\"@type\":\"PropertyValueSpecification\",\"valueRequired\":true,\"valueName\":\"search_term_string\"}}],\"inLanguage\":\"es\"},{\"@type\":\"Organization\",\"@id\":\"https:\\\/\\\/lubrimas.pe\\\/tienda\\\/#organization\",\"name\":\"Lubrimas.pe\",\"url\":\"https:\\\/\\\/lubrimas.pe\\\/tienda\\\/\",\"logo\":{\"@type\":\"ImageObject\",\"inLanguage\":\"es\",\"@id\":\"https:\\\/\\\/lubrimas.pe\\\/tienda\\\/#\\\/schema\\\/logo\\\/image\\\/\",\"url\":\"https:\\\/\\\/lubrimas.pe\\\/tienda\\\/wp-content\\\/uploads\\\/sites\\\/3\\\/2022\\\/07\\\/BANNERS-PROMO-CYBER-WOW-LUBRIMASPE-2022-07.webp\",\"contentUrl\":\"https:\\\/\\\/lubrimas.pe\\\/tienda\\\/wp-content\\\/uploads\\\/sites\\\/3\\\/2022\\\/07\\\/BANNERS-PROMO-CYBER-WOW-LUBRIMASPE-2022-07.webp\",\"width\":500,\"height\":752,\"caption\":\"Lubrimas.pe\"},\"image\":{\"@id\":\"https:\\\/\\\/lubrimas.pe\\\/tienda\\\/#\\\/schema\\\/logo\\\/image\\\/\"}}]}<\/script>\n<!-- \/ Yoast SEO plugin. -->","yoast_head_json":{"title":"MOTUL ATF VI (DEXRON VI) - Lubricante sint\u00e9tico de alta calidad | Lubrimas.pe | Tienda Online","description":"MOTUL ATF VI (DEXRON VI) - Lubricante sint\u00e9tico de alta calidad es un fluido 100% Sint\u00e9tico especialmente dise\u00f1ado para todas las cajas de velocidades Autom\u00e1ticas modernas.","robots":{"index":"index","follow":"follow","max-snippet":"max-snippet:-1","max-image-preview":"max-image-preview:large","max-video-preview":"max-video-preview:-1"},"canonical":"https:\/\/lubrimas.pe\/tienda\/aceite-de-caja\/motul-atf-vi-dexron-vi\/","og_locale":"es_ES","og_type":"article","og_title":"MOTUL ATF VI (DEXRON VI) - Lubricante sint\u00e9tico de alta calidad | Lubrimas.pe | Tienda Online","og_description":"MOTUL ATF VI (DEXRON VI) - Lubricante sint\u00e9tico de alta calidad es un fluido 100% Sint\u00e9tico especialmente dise\u00f1ado para todas las cajas de velocidades Autom\u00e1ticas modernas.","og_url":"https:\/\/lubrimas.pe\/tienda\/aceite-de-caja\/motul-atf-vi-dexron-vi\/","og_site_name":"Lubrimas.pe | Tienda Online","article_modified_time":"2023-07-26T19:30:38+00:00","og_image":[{"width":850,"height":1000,"url":"https:\/\/lubrimas.pe\/tienda\/wp-content\/uploads\/sites\/3\/2022\/01\/lubrimasperu-aceite-transmision-automatica-motul-atf-vi-hidrolina-quarto-peru-delivery-degalon-1lt-losolivos-lima-peru.webp","type":"image\/webp"}],"twitter_card":"summary_large_image","twitter_misc":{"Tiempo de lectura":"1 minuto"},"schema":{"@context":"https:\/\/schema.org","@graph":[{"@type":["WebPage","ItemPage"],"@id":"https:\/\/lubrimas.pe\/tienda\/aceite-de-caja\/motul-atf-vi-dexron-vi\/","url":"https:\/\/lubrimas.pe\/tienda\/aceite-de-caja\/motul-atf-vi-dexron-vi\/","name":"MOTUL ATF VI (DEXRON VI) - Lubricante sint\u00e9tico de alta calidad | Lubrimas.pe | Tienda Online","isPartOf":{"@id":"https:\/\/lubrimas.pe\/tienda\/#website"},"primaryImageOfPage":{"@id":"https:\/\/lubrimas.pe\/tienda\/aceite-de-caja\/motul-atf-vi-dexron-vi\/#primaryimage"},"image":{"@id":"https:\/\/lubrimas.pe\/tienda\/aceite-de-caja\/motul-atf-vi-dexron-vi\/#primaryimage"},"thumbnailUrl":"https:\/\/lubrimas.pe\/tienda\/wp-content\/uploads\/sites\/3\/2022\/01\/lubrimasperu-aceite-transmision-automatica-motul-atf-vi-hidrolina-quarto-peru-delivery-degalon-1lt-losolivos-lima-peru.webp","datePublished":"2022-01-19T20:34:50+00:00","dateModified":"2023-07-26T19:30:38+00:00","description":"MOTUL ATF VI (DEXRON VI) - Lubricante sint\u00e9tico de alta calidad es un fluido 100% Sint\u00e9tico especialmente dise\u00f1ado para todas las cajas de velocidades Autom\u00e1ticas modernas.","breadcrumb":{"@id":"https:\/\/lubrimas.pe\/tienda\/aceite-de-caja\/motul-atf-vi-dexron-vi\/#breadcrumb"},"inLanguage":"es","potentialAction":[{"@type":"ReadAction","target":["https:\/\/lubrimas.pe\/tienda\/aceite-de-caja\/motul-atf-vi-dexron-vi\/"]}]},{"@type":"ImageObject","inLanguage":"es","@id":"https:\/\/lubrimas.pe\/tienda\/aceite-de-caja\/motul-atf-vi-dexron-vi\/#primaryimage","url":"https:\/\/lubrimas.pe\/tienda\/wp-content\/uploads\/sites\/3\/2022\/01\/lubrimasperu-aceite-transmision-automatica-motul-atf-vi-hidrolina-quarto-peru-delivery-degalon-1lt-losolivos-lima-peru.webp","contentUrl":"https:\/\/lubrimas.pe\/tienda\/wp-content\/uploads\/sites\/3\/2022\/01\/lubrimasperu-aceite-transmision-automatica-motul-atf-vi-hidrolina-quarto-peru-delivery-degalon-1lt-losolivos-lima-peru.webp","width":850,"height":1000},{"@type":"BreadcrumbList","@id":"https:\/\/lubrimas.pe\/tienda\/aceite-de-caja\/motul-atf-vi-dexron-vi\/#breadcrumb","itemListElement":[{"@type":"ListItem","position":1,"name":"Portada","item":"https:\/\/lubrimas.pe\/tienda\/"},{"@type":"ListItem","position":2,"name":"Cat\u00e1logo","item":"https:\/\/lubrimas.pe\/tienda\/productos\/"},{"@type":"ListItem","position":3,"name":"MOTUL ATF VI (DEXRON VI) &#8211; Lubricante sint\u00e9tico de alta calidad"}]},{"@type":"WebSite","@id":"https:\/\/lubrimas.pe\/tienda\/#website","url":"https:\/\/lubrimas.pe\/tienda\/","name":"Lubrimas.pe | Tienda Online","description":"Tus lubricantes favoritos al mejor precio!","publisher":{"@id":"https:\/\/lubrimas.pe\/tienda\/#organization"},"potentialAction":[{"@type":"SearchAction","target":{"@type":"EntryPoint","urlTemplate":"https:\/\/lubrimas.pe\/tienda\/?s={search_term_string}"},"query-input":{"@type":"PropertyValueSpecification","valueRequired":true,"valueName":"search_term_string"}}],"inLanguage":"es"},{"@type":"Organization","@id":"https:\/\/lubrimas.pe\/tienda\/#organization","name":"Lubrimas.pe","url":"https:\/\/lubrimas.pe\/tienda\/","logo":{"@type":"ImageObject","inLanguage":"es","@id":"https:\/\/lubrimas.pe\/tienda\/#\/schema\/logo\/image\/","url":"https:\/\/lubrimas.pe\/tienda\/wp-content\/uploads\/sites\/3\/2022\/07\/BANNERS-PROMO-CYBER-WOW-LUBRIMASPE-2022-07.webp","contentUrl":"https:\/\/lubrimas.pe\/tienda\/wp-content\/uploads\/sites\/3\/2022\/07\/BANNERS-PROMO-CYBER-WOW-LUBRIMASPE-2022-07.webp","width":500,"height":752,"caption":"Lubrimas.pe"},"image":{"@id":"https:\/\/lubrimas.pe\/tienda\/#\/schema\/logo\/image\/"}}]}},"_links":{"self":[{"href":"https:\/\/lubrimas.pe\/tienda\/wp-json\/wp\/v2\/product\/695","targetHints":{"allow":["GET"]}}],"collection":[{"href":"https:\/\/lubrimas.pe\/tienda\/wp-json\/wp\/v2\/product"}],"about":[{"href":"https:\/\/lubrimas.pe\/tienda\/wp-json\/wp\/v2\/types\/product"}],"wp:featuredmedia":[{"embeddable":true,"href":"https:\/\/lubrimas.pe\/tienda\/wp-json\/wp\/v2\/media\/11747"}],"wp:attachment":[{"href":"https:\/\/lubrimas.pe\/tienda\/wp-json\/wp\/v2\/media?parent=695"}],"wp:term":[{"taxonomy":"product_brand","embeddable":true,"href":"https:\/\/lubrimas.pe\/tienda\/wp-json\/wp\/v2\/product_brand?post=695"},{"taxonomy":"product_cat","embeddable":true,"href":"https:\/\/lubrimas.pe\/tienda\/wp-json\/wp\/v2\/product_cat?post=695"},{"taxonomy":"product_tag","embeddable":true,"href":"https:\/\/lubrimas.pe\/tienda\/wp-json\/wp\/v2\/product_tag?post=695"}],"curies":[{"name":"wp","href":"https:\/\/api.w.org\/{rel}","templated":true}]}}