{"id":697,"date":"2023-08-12T10:00:09","date_gmt":"2023-08-12T15:00:09","guid":{"rendered":"https:\/\/lubrimas.pe\/tienda\/?post_type=product&#038;p=697"},"modified":"2025-10-31T09:32:05","modified_gmt":"2025-10-31T14:32:05","slug":"acdelco-sae-5w30-supreme-plus-sintetico-dexos","status":"publish","type":"product","link":"https:\/\/lubrimas.pe\/tienda\/motor-gasolina-gas\/acdelco-sae-5w30-supreme-plus-sintetico-dexos\/","title":{"rendered":"ACDELCO SAE 5W30 SUPREME PLUS SINT\u00c9TICO + DEXOS 1 &#8211; Aceite de Motor"},"content":{"rendered":"<div>\n<p><b>ACDELCO SAE 5W30 SUPREME PLUS API SP DEXOS 1 GEN 3 <\/b>cumple con la especificaci\u00f3n GMW17332. Es un aceite sint\u00e9tico formulado para proporcionar protecci\u00f3n contra el desgaste en altas o bajas temperaturas de funcionamiento en veh\u00edculos que requieren un aceite sint\u00e9tico para motor. El grado SAE 5W-30 est\u00e1 licenciado bajo la especificaci\u00f3n dexos1 Gen 3 y excede los requerimientos de API SP Conservaci\u00f3n de Energia e ILSAC GF-6A.<\/p>\n<p>Se recomienda para motores a gasolina de cuatro tiempos, autom\u00f3viles de pasajeros, veh\u00edculos utilitarios (SUVS) y camiones ligeros que requieran un aceite sint\u00e9tico API SP con grado de viscosidad SAE 5W-30.<\/p>\n<p>Aceite Original para veh\u00edculos CHEVROLET, cuenta con API SP y tambi\u00e9n con ILSAC GF-6A , <strong>OEM: 98553988, 98553989<\/strong><\/p>\n<\/div>\n<p>&nbsp;<\/p>\n","protected":false},"excerpt":{"rendered":"<p>ACDELCO SAE 5W30 SUPREME PLUS API SP DEXOS 1 GEN 3 cumple con la especificaci\u00f3n GMW17332. Es un aceite sint\u00e9tico formulado para proporcionar protecci\u00f3n contra el desgaste en altas o<\/p>\n","protected":false},"featured_media":14842,"template":"","meta":[],"product_brand":[],"product_cat":[16,22],"product_tag":[39,55,21,67,68,69,19,70,35],"class_list":{"0":"post-697","1":"product","2":"type-product","3":"status-publish","4":"has-post-thumbnail","6":"product_cat-aceite-de-motor","7":"product_cat-motor-gasolina-gas","8":"product_tag-5w30","9":"product_tag-aceite","10":"product_tag-automotriz","11":"product_tag-chevrolet","12":"product_tag-dexos","13":"product_tag-gm","14":"product_tag-lubricantes","15":"product_tag-original","16":"product_tag-sintetico","17":"pa_especificaciones-ilsac-gf-6a","18":"pa_grado-5w30","19":"pa_marca-acdelco","20":"pa_ofertas-cyber","22":"first","23":"instock","24":"featured","25":"shipping-taxable","26":"purchasable","27":"product-type-variable","28":"has-default-attributes"},"yoast_head":"<!-- This site is optimized with the Yoast SEO plugin v27.4 - https:\/\/yoast.com\/product\/yoast-seo-wordpress\/ -->\n<title>ACDELCO 5W30 SUPREME PLUS | Lubrimas.pe | Tienda Online<\/title>\n<meta name=\"description\" content=\"ACDelco SAE 5W30 Supreme Plus con especificaci\u00f3n DEXOS de GM, aceite original para veh\u00edculos CHEVROLET, OEM: 95633176\" \/>\n<meta name=\"robots\" content=\"index, follow, max-snippet:-1, max-image-preview:large, max-video-preview:-1\" \/>\n<link rel=\"canonical\" href=\"https:\/\/lubrimas.pe\/tienda\/motor-gasolina-gas\/acdelco-sae-5w30-supreme-plus-sintetico-dexos\/\" \/>\n<meta property=\"og:locale\" content=\"es_ES\" \/>\n<meta property=\"og:type\" content=\"article\" \/>\n<meta property=\"og:title\" content=\"ACDELCO 5W30 SUPREME PLUS | Lubrimas.pe | Tienda Online\" \/>\n<meta property=\"og:description\" content=\"ACDelco SAE 5W30 Supreme Plus con especificaci\u00f3n DEXOS de GM, aceite original para veh\u00edculos CHEVROLET, OEM: 95633176\" \/>\n<meta property=\"og:url\" content=\"https:\/\/lubrimas.pe\/tienda\/motor-gasolina-gas\/acdelco-sae-5w30-supreme-plus-sintetico-dexos\/\" \/>\n<meta property=\"og:site_name\" content=\"Lubrimas.pe | Tienda Online\" \/>\n<meta property=\"article:modified_time\" content=\"2025-10-31T14:32:05+00:00\" \/>\n<meta property=\"og:image\" content=\"https:\/\/lubrimas.pe\/tienda\/wp-content\/uploads\/sites\/3\/2023\/08\/acdelco-5w30-dexos-1-gen-3-1-galon.webp\" \/>\n\t<meta property=\"og:image:width\" content=\"850\" \/>\n\t<meta property=\"og:image:height\" content=\"1000\" \/>\n\t<meta property=\"og:image:type\" content=\"image\/webp\" \/>\n<meta name=\"twitter:card\" content=\"summary_large_image\" \/>\n<meta name=\"twitter:label1\" content=\"Tiempo de lectura\" \/>\n\t<meta name=\"twitter:data1\" content=\"1 minuto\" \/>\n<script type=\"application\/ld+json\" class=\"yoast-schema-graph\">{\"@context\":\"https:\\\/\\\/schema.org\",\"@graph\":[{\"@type\":[\"WebPage\",\"ItemPage\"],\"@id\":\"https:\\\/\\\/lubrimas.pe\\\/tienda\\\/motor-gasolina-gas\\\/acdelco-sae-5w30-supreme-plus-sintetico-dexos\\\/\",\"url\":\"https:\\\/\\\/lubrimas.pe\\\/tienda\\\/motor-gasolina-gas\\\/acdelco-sae-5w30-supreme-plus-sintetico-dexos\\\/\",\"name\":\"ACDELCO 5W30 SUPREME PLUS | Lubrimas.pe | Tienda Online\",\"isPartOf\":{\"@id\":\"https:\\\/\\\/lubrimas.pe\\\/tienda\\\/#website\"},\"primaryImageOfPage\":{\"@id\":\"https:\\\/\\\/lubrimas.pe\\\/tienda\\\/motor-gasolina-gas\\\/acdelco-sae-5w30-supreme-plus-sintetico-dexos\\\/#primaryimage\"},\"image\":{\"@id\":\"https:\\\/\\\/lubrimas.pe\\\/tienda\\\/motor-gasolina-gas\\\/acdelco-sae-5w30-supreme-plus-sintetico-dexos\\\/#primaryimage\"},\"thumbnailUrl\":\"https:\\\/\\\/lubrimas.pe\\\/tienda\\\/wp-content\\\/uploads\\\/sites\\\/3\\\/2023\\\/08\\\/acdelco-5w30-dexos-1-gen-3-1-galon.webp\",\"datePublished\":\"2023-08-12T15:00:09+00:00\",\"dateModified\":\"2025-10-31T14:32:05+00:00\",\"description\":\"ACDelco SAE 5W30 Supreme Plus con especificaci\u00f3n DEXOS de GM, aceite original para veh\u00edculos CHEVROLET, OEM: 95633176\",\"breadcrumb\":{\"@id\":\"https:\\\/\\\/lubrimas.pe\\\/tienda\\\/motor-gasolina-gas\\\/acdelco-sae-5w30-supreme-plus-sintetico-dexos\\\/#breadcrumb\"},\"inLanguage\":\"es\",\"potentialAction\":[{\"@type\":\"ReadAction\",\"target\":[\"https:\\\/\\\/lubrimas.pe\\\/tienda\\\/motor-gasolina-gas\\\/acdelco-sae-5w30-supreme-plus-sintetico-dexos\\\/\"]}]},{\"@type\":\"ImageObject\",\"inLanguage\":\"es\",\"@id\":\"https:\\\/\\\/lubrimas.pe\\\/tienda\\\/motor-gasolina-gas\\\/acdelco-sae-5w30-supreme-plus-sintetico-dexos\\\/#primaryimage\",\"url\":\"https:\\\/\\\/lubrimas.pe\\\/tienda\\\/wp-content\\\/uploads\\\/sites\\\/3\\\/2023\\\/08\\\/acdelco-5w30-dexos-1-gen-3-1-galon.webp\",\"contentUrl\":\"https:\\\/\\\/lubrimas.pe\\\/tienda\\\/wp-content\\\/uploads\\\/sites\\\/3\\\/2023\\\/08\\\/acdelco-5w30-dexos-1-gen-3-1-galon.webp\",\"width\":850,\"height\":1000},{\"@type\":\"BreadcrumbList\",\"@id\":\"https:\\\/\\\/lubrimas.pe\\\/tienda\\\/motor-gasolina-gas\\\/acdelco-sae-5w30-supreme-plus-sintetico-dexos\\\/#breadcrumb\",\"itemListElement\":[{\"@type\":\"ListItem\",\"position\":1,\"name\":\"Portada\",\"item\":\"https:\\\/\\\/lubrimas.pe\\\/tienda\\\/\"},{\"@type\":\"ListItem\",\"position\":2,\"name\":\"Cat\u00e1logo\",\"item\":\"https:\\\/\\\/lubrimas.pe\\\/tienda\\\/productos\\\/\"},{\"@type\":\"ListItem\",\"position\":3,\"name\":\"ACDELCO SAE 5W30 SUPREME PLUS SINT\u00c9TICO + DEXOS 1 &#8211; Aceite de Motor\"}]},{\"@type\":\"WebSite\",\"@id\":\"https:\\\/\\\/lubrimas.pe\\\/tienda\\\/#website\",\"url\":\"https:\\\/\\\/lubrimas.pe\\\/tienda\\\/\",\"name\":\"Lubrimas.pe | Tienda Online\",\"description\":\"Tus lubricantes favoritos al mejor precio!\",\"publisher\":{\"@id\":\"https:\\\/\\\/lubrimas.pe\\\/tienda\\\/#organization\"},\"potentialAction\":[{\"@type\":\"SearchAction\",\"target\":{\"@type\":\"EntryPoint\",\"urlTemplate\":\"https:\\\/\\\/lubrimas.pe\\\/tienda\\\/?s={search_term_string}\"},\"query-input\":{\"@type\":\"PropertyValueSpecification\",\"valueRequired\":true,\"valueName\":\"search_term_string\"}}],\"inLanguage\":\"es\"},{\"@type\":\"Organization\",\"@id\":\"https:\\\/\\\/lubrimas.pe\\\/tienda\\\/#organization\",\"name\":\"Lubrimas.pe\",\"url\":\"https:\\\/\\\/lubrimas.pe\\\/tienda\\\/\",\"logo\":{\"@type\":\"ImageObject\",\"inLanguage\":\"es\",\"@id\":\"https:\\\/\\\/lubrimas.pe\\\/tienda\\\/#\\\/schema\\\/logo\\\/image\\\/\",\"url\":\"https:\\\/\\\/lubrimas.pe\\\/tienda\\\/wp-content\\\/uploads\\\/sites\\\/3\\\/2022\\\/07\\\/BANNERS-PROMO-CYBER-WOW-LUBRIMASPE-2022-07.webp\",\"contentUrl\":\"https:\\\/\\\/lubrimas.pe\\\/tienda\\\/wp-content\\\/uploads\\\/sites\\\/3\\\/2022\\\/07\\\/BANNERS-PROMO-CYBER-WOW-LUBRIMASPE-2022-07.webp\",\"width\":500,\"height\":752,\"caption\":\"Lubrimas.pe\"},\"image\":{\"@id\":\"https:\\\/\\\/lubrimas.pe\\\/tienda\\\/#\\\/schema\\\/logo\\\/image\\\/\"}}]}<\/script>\n<!-- \/ Yoast SEO plugin. -->","yoast_head_json":{"title":"ACDELCO 5W30 SUPREME PLUS | Lubrimas.pe | Tienda Online","description":"ACDelco SAE 5W30 Supreme Plus con especificaci\u00f3n DEXOS de GM, aceite original para veh\u00edculos CHEVROLET, OEM: 95633176","robots":{"index":"index","follow":"follow","max-snippet":"max-snippet:-1","max-image-preview":"max-image-preview:large","max-video-preview":"max-video-preview:-1"},"canonical":"https:\/\/lubrimas.pe\/tienda\/motor-gasolina-gas\/acdelco-sae-5w30-supreme-plus-sintetico-dexos\/","og_locale":"es_ES","og_type":"article","og_title":"ACDELCO 5W30 SUPREME PLUS | Lubrimas.pe | Tienda Online","og_description":"ACDelco SAE 5W30 Supreme Plus con especificaci\u00f3n DEXOS de GM, aceite original para veh\u00edculos CHEVROLET, OEM: 95633176","og_url":"https:\/\/lubrimas.pe\/tienda\/motor-gasolina-gas\/acdelco-sae-5w30-supreme-plus-sintetico-dexos\/","og_site_name":"Lubrimas.pe | Tienda Online","article_modified_time":"2025-10-31T14:32:05+00:00","og_image":[{"width":850,"height":1000,"url":"https:\/\/lubrimas.pe\/tienda\/wp-content\/uploads\/sites\/3\/2023\/08\/acdelco-5w30-dexos-1-gen-3-1-galon.webp","type":"image\/webp"}],"twitter_card":"summary_large_image","twitter_misc":{"Tiempo de lectura":"1 minuto"},"schema":{"@context":"https:\/\/schema.org","@graph":[{"@type":["WebPage","ItemPage"],"@id":"https:\/\/lubrimas.pe\/tienda\/motor-gasolina-gas\/acdelco-sae-5w30-supreme-plus-sintetico-dexos\/","url":"https:\/\/lubrimas.pe\/tienda\/motor-gasolina-gas\/acdelco-sae-5w30-supreme-plus-sintetico-dexos\/","name":"ACDELCO 5W30 SUPREME PLUS | Lubrimas.pe | Tienda Online","isPartOf":{"@id":"https:\/\/lubrimas.pe\/tienda\/#website"},"primaryImageOfPage":{"@id":"https:\/\/lubrimas.pe\/tienda\/motor-gasolina-gas\/acdelco-sae-5w30-supreme-plus-sintetico-dexos\/#primaryimage"},"image":{"@id":"https:\/\/lubrimas.pe\/tienda\/motor-gasolina-gas\/acdelco-sae-5w30-supreme-plus-sintetico-dexos\/#primaryimage"},"thumbnailUrl":"https:\/\/lubrimas.pe\/tienda\/wp-content\/uploads\/sites\/3\/2023\/08\/acdelco-5w30-dexos-1-gen-3-1-galon.webp","datePublished":"2023-08-12T15:00:09+00:00","dateModified":"2025-10-31T14:32:05+00:00","description":"ACDelco SAE 5W30 Supreme Plus con especificaci\u00f3n DEXOS de GM, aceite original para veh\u00edculos CHEVROLET, OEM: 95633176","breadcrumb":{"@id":"https:\/\/lubrimas.pe\/tienda\/motor-gasolina-gas\/acdelco-sae-5w30-supreme-plus-sintetico-dexos\/#breadcrumb"},"inLanguage":"es","potentialAction":[{"@type":"ReadAction","target":["https:\/\/lubrimas.pe\/tienda\/motor-gasolina-gas\/acdelco-sae-5w30-supreme-plus-sintetico-dexos\/"]}]},{"@type":"ImageObject","inLanguage":"es","@id":"https:\/\/lubrimas.pe\/tienda\/motor-gasolina-gas\/acdelco-sae-5w30-supreme-plus-sintetico-dexos\/#primaryimage","url":"https:\/\/lubrimas.pe\/tienda\/wp-content\/uploads\/sites\/3\/2023\/08\/acdelco-5w30-dexos-1-gen-3-1-galon.webp","contentUrl":"https:\/\/lubrimas.pe\/tienda\/wp-content\/uploads\/sites\/3\/2023\/08\/acdelco-5w30-dexos-1-gen-3-1-galon.webp","width":850,"height":1000},{"@type":"BreadcrumbList","@id":"https:\/\/lubrimas.pe\/tienda\/motor-gasolina-gas\/acdelco-sae-5w30-supreme-plus-sintetico-dexos\/#breadcrumb","itemListElement":[{"@type":"ListItem","position":1,"name":"Portada","item":"https:\/\/lubrimas.pe\/tienda\/"},{"@type":"ListItem","position":2,"name":"Cat\u00e1logo","item":"https:\/\/lubrimas.pe\/tienda\/productos\/"},{"@type":"ListItem","position":3,"name":"ACDELCO SAE 5W30 SUPREME PLUS SINT\u00c9TICO + DEXOS 1 &#8211; Aceite de Motor"}]},{"@type":"WebSite","@id":"https:\/\/lubrimas.pe\/tienda\/#website","url":"https:\/\/lubrimas.pe\/tienda\/","name":"Lubrimas.pe | Tienda Online","description":"Tus lubricantes favoritos al mejor precio!","publisher":{"@id":"https:\/\/lubrimas.pe\/tienda\/#organization"},"potentialAction":[{"@type":"SearchAction","target":{"@type":"EntryPoint","urlTemplate":"https:\/\/lubrimas.pe\/tienda\/?s={search_term_string}"},"query-input":{"@type":"PropertyValueSpecification","valueRequired":true,"valueName":"search_term_string"}}],"inLanguage":"es"},{"@type":"Organization","@id":"https:\/\/lubrimas.pe\/tienda\/#organization","name":"Lubrimas.pe","url":"https:\/\/lubrimas.pe\/tienda\/","logo":{"@type":"ImageObject","inLanguage":"es","@id":"https:\/\/lubrimas.pe\/tienda\/#\/schema\/logo\/image\/","url":"https:\/\/lubrimas.pe\/tienda\/wp-content\/uploads\/sites\/3\/2022\/07\/BANNERS-PROMO-CYBER-WOW-LUBRIMASPE-2022-07.webp","contentUrl":"https:\/\/lubrimas.pe\/tienda\/wp-content\/uploads\/sites\/3\/2022\/07\/BANNERS-PROMO-CYBER-WOW-LUBRIMASPE-2022-07.webp","width":500,"height":752,"caption":"Lubrimas.pe"},"image":{"@id":"https:\/\/lubrimas.pe\/tienda\/#\/schema\/logo\/image\/"}}]}},"_links":{"self":[{"href":"https:\/\/lubrimas.pe\/tienda\/wp-json\/wp\/v2\/product\/697","targetHints":{"allow":["GET"]}}],"collection":[{"href":"https:\/\/lubrimas.pe\/tienda\/wp-json\/wp\/v2\/product"}],"about":[{"href":"https:\/\/lubrimas.pe\/tienda\/wp-json\/wp\/v2\/types\/product"}],"wp:featuredmedia":[{"embeddable":true,"href":"https:\/\/lubrimas.pe\/tienda\/wp-json\/wp\/v2\/media\/14842"}],"wp:attachment":[{"href":"https:\/\/lubrimas.pe\/tienda\/wp-json\/wp\/v2\/media?parent=697"}],"wp:term":[{"taxonomy":"product_brand","embeddable":true,"href":"https:\/\/lubrimas.pe\/tienda\/wp-json\/wp\/v2\/product_brand?post=697"},{"taxonomy":"product_cat","embeddable":true,"href":"https:\/\/lubrimas.pe\/tienda\/wp-json\/wp\/v2\/product_cat?post=697"},{"taxonomy":"product_tag","embeddable":true,"href":"https:\/\/lubrimas.pe\/tienda\/wp-json\/wp\/v2\/product_tag?post=697"}],"curies":[{"name":"wp","href":"https:\/\/api.w.org\/{rel}","templated":true}]}}